{"id":26493,"date":"2026-01-11T14:14:08","date_gmt":"2026-01-11T12:14:08","guid":{"rendered":"https:\/\/aivie.ch\/markkinoinnin-automaatio-webinaari\/"},"modified":"2026-01-11T14:14:15","modified_gmt":"2026-01-11T12:14:15","slug":"markkinoinnin-automaatio-webinaari","status":"publish","type":"page","link":"https:\/\/aivie.ch\/fi\/markkinoinnin-automaatio-webinaari\/","title":{"rendered":"Markkinoinnin automaatio Webinaari"},"content":{"rendered":"\n<div class=\"alignfull wp-block-ugb-columns ugb-columns ugb-6a1c680 ugb-columns--design-plain ugb-columns--columns-2 ugb-main-block ugb-main-block--inner-center ugb--has-block-background ugb--has-background-overlay\"><style>.ugb-6a1c680 > .ugb-inner-block > .ugb-block-content > .ugb-columns__item{grid-template-columns:0.88fr 1.12fr !important}.ugb-6a1c680.ugb-columns{background-image:url(https:\/\/cdn.aivie.ch\/media\/wp\/2021\/06\/19131702\/pattern-company-960w.png);background-position:top left;background-repeat:no-repeat;background-size:47% !important}.ugb-6a1c680.ugb-columns:before{opacity:0.5}<\/style><div class=\"ugb-inner-block ugb-inner-block--center\"><div class=\"ugb-block-content\"><div class=\"ugb-columns__item ugb-6a1c680-content-wrapper\">\n<div class=\"wp-block-ugb-column ugb-column ugb-08cc573 ugb-column--design-plain ugb-main-block\"><div class=\"ugb-inner-block\"><div class=\"ugb-block-content\"><div class=\"ugb-column__item ugb-08cc573-column-wrapper\"><div class=\"ugb-column__content-wrapper\">\n<figure class=\"wp-block-image size-full\"><img loading=\"lazy\" decoding=\"async\" width=\"1920\" height=\"1359\" src=\"https:\/\/cdn.aivie.ch\/media\/wp\/2022\/02\/22104952\/dona-watching-webinar-marketing-automation-tool-aivie-1920w.png\" alt=\"\" class=\"wp-image-5520\" title=\"\" srcset=\"https:\/\/cdn.aivie.ch\/media\/wp\/2022\/02\/22104952\/dona-watching-webinar-marketing-automation-tool-aivie-1920w.png 1920w, https:\/\/cdn.aivie.ch\/media\/wp\/2022\/02\/22104952\/dona-watching-webinar-marketing-automation-tool-aivie-1920w-960x680.png 960w, https:\/\/cdn.aivie.ch\/media\/wp\/2022\/02\/22104952\/dona-watching-webinar-marketing-automation-tool-aivie-1920w-768x544.png 768w, https:\/\/cdn.aivie.ch\/media\/wp\/2022\/02\/22104952\/dona-watching-webinar-marketing-automation-tool-aivie-1920w-1200x849.png 1200w, https:\/\/cdn.aivie.ch\/media\/wp\/2022\/02\/22104952\/dona-watching-webinar-marketing-automation-tool-aivie-1920w-480x340.png 480w, https:\/\/cdn.aivie.ch\/media\/wp\/2022\/02\/22104952\/dona-watching-webinar-marketing-automation-tool-aivie-1920w-600x425.png 600w\" sizes=\"auto, (max-width: 1920px) 100vw, 1920px\" \/><\/figure>\n<\/div><\/div><\/div><\/div><\/div>\n\n\n\n<div class=\"wp-block-ugb-column ugb-column ugb-b1ebd53 ugb-column--design-plain ugb-main-block\"><style>@media screen and (min-width:768px){.ugb-b1ebd53 > .ugb-inner-block > .ugb-block-content > *{justify-content:center}}.ugb-b1ebd53 > .ugb-inner-block > .ugb-block-content > *{justify-content:center !important}@media screen and (min-width:768px){.ugb-b1ebd53 > .ugb-inner-block > .ugb-block-content > *{padding-top:20px !important;padding-bottom:20px !important;padding-right:20px !important;padding-left:20px !important}}<\/style><div class=\"ugb-inner-block\"><div class=\"ugb-block-content\"><div class=\"ugb-column__item ugb-b1ebd53-column-wrapper\"><div class=\"ugb-column__content-wrapper\">\n<div class=\"wp-block-ugb-heading ugb-heading ugb-5a0a15d ugb-main-block\"><div class=\"ugb-inner-block\"><div class=\"ugb-block-content\"><h1 class=\"ugb-heading__title\">Ilmainen markkinoinnin automaation webinaari<\/h1><p class=\"ugb-heading__subtitle\">T\u00e4ss\u00e4 30 minuutin webinaarissa saat tietoa markkinoinnin automaation parhaista k\u00e4yt\u00e4nn\u00f6ist\u00e4. Saat tiet\u00e4\u00e4, mit\u00e4 onnistuneeseen markkinoinnin automaatiosuppiloon kuuluu ja miten voit k\u00e4ytt\u00e4\u00e4 sit\u00e4 Aivien kanssa. <\/p><\/div><\/div><\/div>\n\n\n\n<div class=\"aligncenter wp-block-ugb-container ugb-container ugb-7f9a818 ugb-container--v2 ugb-container--design-basic ugb-main-block\"><style>.ugb-7f9a818-wrapper.ugb-container__wrapper{background-color:#283e4c !important}.ugb-7f9a818-wrapper.ugb-container__wrapper:before{background-color:#283e4c !important}.ugb-7f9a818-content-wrapper > h1,.ugb-7f9a818-content-wrapper > h2,.ugb-7f9a818-content-wrapper > h3,.ugb-7f9a818-content-wrapper > h4,.ugb-7f9a818-content-wrapper > h5,.ugb-7f9a818-content-wrapper > h6{color:#ffffff}.ugb-7f9a818-content-wrapper > p,.ugb-7f9a818-content-wrapper > ol li,.ugb-7f9a818-content-wrapper > ul li{color:#ffffff}<\/style><div class=\"ugb-inner-block\"><div class=\"ugb-block-content\"><div class=\"ugb-container__wrapper ugb-7f9a818-wrapper\"><div class=\"ugb-container__side\"><div class=\"ugb-container__content-wrapper ugb-7f9a818-content-wrapper\">\n<h2 class=\"wp-block-heading has-white-color has-text-color has-link-color has-large-font-size wp-elements-aa0ee055b8c741bb1200f8585855ac3c\" id=\"h-marketing-automation-webinar\">Markkinoinnin automaatio Webinaari<\/h2>\n\n\n\n<div class=\"alignfull wp-block-ugb-icon-list ugb-icon-list ugb-0458c41 ugb-icon-list--v2 ugb-main-block ugb-main-block--inner-center ugb--has-block-background\"><style>.ugb-0458c41 li{color:#ffffff;--icon-size:8px !important}.ugb-0458c41 li::before{width:8px !important;height:8px !important;background-image:url('data:image\/svg+xml;base64,PHN2ZyBkYXRhLXByZWZpeD0iZmFzIiBkYXRhLWljb249ImNpcmNsZSIgY2xhc3M9InN2Zy1pbmxpbmUtLWZhIGZhLWNpcmNsZSBmYS13LTE2IiByb2xlPSJpbWciIHhtbG5zPSJodHRwOi8vd3d3LnczLm9yZy8yMDAwL3N2ZyIgdmlld0JveD0iMCAwIDUxMiA1MTIiIHN0eWxlPSJmaWxsOiAjZTYzMzEyICFpbXBvcnRhbnQ7IGNvbG9yOiAjZTYzMzEyICFpbXBvcnRhbnQiPjxwYXRoIGZpbGw9IiNlNjMzMTIiIGQ9Ik0yNTYgOEMxMTkgOCA4IDExOSA4IDI1NnMxMTEgMjQ4IDI0OCAyNDggMjQ4LTExMSAyNDgtMjQ4UzM5MyA4IDI1NiA4eiIgc3Ryb2tlPSIjZTYzMzEyIiBzdHlsZT0iZmlsbDogcmdiKDIzMCwgNTEsIDE4KTsgc3Ryb2tlOiByZ2IoMjMwLCA1MSwgMTgpOyIvPjwvc3ZnPg==')}.ugb-0458c41.ugb-icon-list ul{columns:1}.ugb-0458c41.ugb-icon-list{background-color:#283e4c}.ugb-0458c41{padding:0 !important}.ugb-0458c41.ugb-icon-list:before{background-color:#283e4c}<\/style><div class=\"ugb-inner-block ugb-inner-block--center\"><div class=\"ugb-block-content\"><ul><li>Dos &amp; don&#8217;ts markkinoinnin automaatiossa<\/li><li>Onnistuneiden kampanjoiden rakennuspalikat<\/li><li>Automatisoidut markkinointikampanjat<\/li><li>Kysymyksi\u00e4 ja vastauksia<\/li><\/ul><\/div><\/div><\/div>\n\n\n\n<div class=\"wp-block-ugb-button ugb-button-wrapper ugb-0f7f321 ugb-main-block\"><style>.ugb-0f7f321 .ugb-block-content{justify-content:center !important}.ugb-0f7f321 .ugb-button1:hover{background-color:;opacity:1}.ugb-0f7f321 .ugb-button1:before{content:\"\";background-image:linear-gradient(90deg,,)}.ugb-0f7f321 .ugb-inner-block{text-align:center}<\/style><div class=\"ugb-inner-block\"><div class=\"ugb-block-content\"><div class=\"ugb-button-container\"><a class=\"ugb-button1 ugb-button ugb-button--size-normal ugb-button--ghost-to-normal-effect ugb-button--design-ghost\" href=\"#join\" rel=\"\" title=\"\"><span class=\"ugb-button--inner\">Rekister\u00f6idy nyt<\/span><\/a><\/div><div class=\"ugb-button-container\"><a class=\"ugb-button2 ugb-button ugb-button--size-normal ugb-button--design-plain\" href=\"#webinar-details\" rel=\"\" title=\"\"><span class=\"ugb-button--inner\">tiedot<\/span><\/a><\/div><\/div><\/div><\/div>\n<\/div><\/div><\/div><\/div><\/div><\/div>\n<\/div><\/div><\/div><\/div><\/div>\n<\/div><\/div><\/div><\/div>\n\n<div class=\"alignfull wp-block-ugb-columns ugb-columns ugb-7f87984 ugb-columns--design-plain ugb-columns--columns-3 ugb-main-block ugb-main-block--inner-center ugb--has-block-background\" id=\"webinar-details\"><style>.ugb-7f87984 > .ugb-inner-block > .ugb-block-content > .ugb-columns__item{grid-template-columns:0.75fr 1.50fr 0.75fr !important}.ugb-7f87984.ugb-columns{background-color:#EFF0F1}.ugb-7f87984.ugb-columns:before{background-color:#EFF0F1}.ugb-7f87984 .ugb-block-title{color:#e63312}<\/style><div class=\"ugb-inner-block ugb-inner-block--center\"><h2 class=\"ugb-block-title ugb-block-title--with-subtitle\">Sis\u00e4lt\u00f6markkinoinnin automaatio Webinaari<\/h2><p class=\"ugb-block-description\">Webinaarissa saat nopean johdatuksen myyntisykleihin ja markkinointisuppiloihin. N\u00e4yt\u00e4mme, miten voit toteuttaa onnistuneita kampanjoita Aivien avulla. Voit esitt\u00e4\u00e4 kysymyksi\u00e4 ja saada suoria vastauksia markkinoinnin automaation asiantuntijoiltamme.  <\/p><div class=\"ugb-block-content\"><div class=\"ugb-columns__item ugb-7f87984-content-wrapper\">\n<div class=\"wp-block-ugb-column ugb-column ugb-267de64 ugb-column--design-plain ugb-main-block\"><div class=\"ugb-inner-block\"><div class=\"ugb-block-content\"><div class=\"ugb-column__item ugb-267de64-column-wrapper\"><div class=\"ugb-column__content-wrapper\">\n<h3 class=\"wp-block-heading\" id=\"h-was-steckt-drin\">Mit\u00e4 sis\u00e4ll\u00e4 on<\/h3>\n\n\n\n<div class=\"wp-block-ugb-icon-list ugb-icon-list ugb-5eba3f1 ugb-icon-list--v2 ugb-main-block\"><style>.ugb-5eba3f1 li{--icon-size:8px !important}.ugb-5eba3f1 li::before{width:8px !important;height:8px !important;background-image:url('data:image\/svg+xml;base64,PHN2ZyBkYXRhLXByZWZpeD0iZmFzIiBkYXRhLWljb249ImNpcmNsZSIgY2xhc3M9InN2Zy1pbmxpbmUtLWZhIGZhLWNpcmNsZSBmYS13LTE2IiByb2xlPSJpbWciIHhtbG5zPSJodHRwOi8vd3d3LnczLm9yZy8yMDAwL3N2ZyIgdmlld0JveD0iMCAwIDUxMiA1MTIiIHN0eWxlPSJmaWxsOiAjZTYzMzEyICFpbXBvcnRhbnQ7IGNvbG9yOiAjZTYzMzEyICFpbXBvcnRhbnQiPjxwYXRoIGZpbGw9IiNlNjMzMTIiIGQ9Ik0yNTYgOEMxMTkgOCA4IDExOSA4IDI1NnMxMTEgMjQ4IDI0OCAyNDggMjQ4LTExMSAyNDgtMjQ4UzM5MyA4IDI1NiA4eiIgc3Ryb2tlPSIjZTYzMzEyIiBzdHlsZT0iZmlsbDogcmdiKDIzMCwgNTEsIDE4KTsgc3Ryb2tlOiByZ2IoMjMwLCA1MSwgMTgpOyIvPjwvc3ZnPg==')}.ugb-5eba3f1.ugb-icon-list ul{columns:1}<\/style><div class=\"ugb-inner-block\"><div class=\"ugb-block-content\"><ul><li>Luo lomakkeita ja s\u00e4hk\u00f6posteja<\/li><li>Liidimagneetit ja aloitussivut<\/li><li>Yhteydenottosegmentit lyijyn pisteytyksen avulla<\/li><\/ul><\/div><\/div><\/div>\n<\/div><\/div><\/div><\/div><\/div>\n\n\n\n<div class=\"wp-block-ugb-column ugb-column ugb-a5e6ada ugb-column--design-plain ugb-main-block\"><div class=\"ugb-inner-block\"><div class=\"ugb-block-content\"><div class=\"ugb-column__item ugb-a5e6ada-column-wrapper\"><div class=\"ugb-column__content-wrapper\">\n<h3 class=\"wp-block-heading\" id=\"h-fur-wen\">Kenelle<\/h3>\n\n\n\n<div class=\"wp-block-ugb-icon-list ugb-icon-list ugb-7036262 ugb-icon-list--v2 ugb-main-block\"><style>.ugb-7036262 li{--icon-size:8px !important}.ugb-7036262 li::before{width:8px !important;height:8px !important;background-image:url('data:image\/svg+xml;base64,PHN2ZyBkYXRhLXByZWZpeD0iZmFzIiBkYXRhLWljb249ImNpcmNsZSIgY2xhc3M9InN2Zy1pbmxpbmUtLWZhIGZhLWNpcmNsZSBmYS13LTE2IiByb2xlPSJpbWciIHhtbG5zPSJodHRwOi8vd3d3LnczLm9yZy8yMDAwL3N2ZyIgdmlld0JveD0iMCAwIDUxMiA1MTIiIHN0eWxlPSJmaWxsOiAjZTYzMzEyICFpbXBvcnRhbnQ7IGNvbG9yOiAjZTYzMzEyICFpbXBvcnRhbnQiPjxwYXRoIGZpbGw9IiNlNjMzMTIiIGQ9Ik0yNTYgOEMxMTkgOCA4IDExOSA4IDI1NnMxMTEgMjQ4IDI0OCAyNDggMjQ4LTExMSAyNDgtMjQ4UzM5MyA4IDI1NiA4eiIgc3Ryb2tlPSIjZTYzMzEyIiBzdHlsZT0iZmlsbDogcmdiKDIzMCwgNTEsIDE4KTsgc3Ryb2tlOiByZ2IoMjMwLCA1MSwgMTgpOyIvPjwvc3ZnPg==')}.ugb-7036262.ugb-icon-list ul{columns:2}<\/style><div class=\"ugb-inner-block\"><div class=\"ugb-block-content\"><ul><li>Markkinointip\u00e4\u00e4llik\u00f6t, jotka haluavat optimoida alueensa markkinoinnin automaation avulla.<\/li><li>Digitaalisen markkinoinnin asiantuntijat, jotka haluavat k\u00e4ytt\u00e4\u00e4 markkinoinnin automaatiota.<\/li><li>Omistajat ja perustajat, jotka haluavat tehd\u00e4 liiketoiminnastaan menestyksek\u00e4st\u00e4 markkinoinnin automatisoinnin avulla<\/li><li>Pk-yritysten digitalisaatiokonsultit, jotka haluavat tarjota asiakkailleen kokonaisvaltaisia ratkaisuja.<\/li><li>Markkinointi- ja viestint\u00e4toimistot, jotka haluavat tarjota asiakkailleen lis\u00e4arvoa markkinoinnin automaation avulla.<\/li><\/ul><\/div><\/div><\/div>\n<\/div><\/div><\/div><\/div><\/div>\n\n\n\n<div class=\"wp-block-ugb-column ugb-column ugb-12c1fbd ugb-column--design-plain ugb-main-block\"><div class=\"ugb-inner-block\"><div class=\"ugb-block-content\"><div class=\"ugb-column__item ugb-12c1fbd-column-wrapper\"><div class=\"ugb-column__content-wrapper\">\n<div class=\"wp-block-ugb-spacer ugb-spacer ugb-453f6f5 ugb-spacer--v2 ugb-main-block\"><style>@media screen and (min-width:768px){.ugb-453f6f5.ugb-spacer{height:24px !important}}<\/style><div class=\"ugb-inner-block\"><div class=\"ugb-block-content\"><div class=\"ugb-spacer--inner\"><\/div><\/div><\/div><\/div>\n\n\n\n<figure class=\"wp-block-image size-large\"><img loading=\"lazy\" decoding=\"async\" width=\"960\" height=\"892\" src=\"https:\/\/cdn.aivie.ch\/media\/wp\/2021\/08\/19131625\/using-aivie-marketing-automation-1920w-960x892.webp\" alt=\"aivie-markkinoinnin automaation k&#xE4;ytt&#xF6;\" class=\"wp-image-1358\" title=\"\" srcset=\"https:\/\/cdn.aivie.ch\/media\/wp\/2021\/08\/19131625\/using-aivie-marketing-automation-1920w-960x892.webp 960w, https:\/\/cdn.aivie.ch\/media\/wp\/2021\/08\/19131625\/using-aivie-marketing-automation-1920w-480x446.webp 480w, https:\/\/cdn.aivie.ch\/media\/wp\/2021\/08\/19131625\/using-aivie-marketing-automation-1920w-240x223.webp 240w, https:\/\/cdn.aivie.ch\/media\/wp\/2021\/08\/19131625\/using-aivie-marketing-automation-1920w-768x713.webp 768w, https:\/\/cdn.aivie.ch\/media\/wp\/2021\/08\/19131625\/using-aivie-marketing-automation-1920w-1536x1426.webp 1536w, https:\/\/cdn.aivie.ch\/media\/wp\/2021\/08\/19131625\/using-aivie-marketing-automation-1920w-600x557.webp 600w, https:\/\/cdn.aivie.ch\/media\/wp\/2021\/08\/19131625\/using-aivie-marketing-automation-1920w.webp 1920w\" sizes=\"auto, (max-width: 960px) 100vw, 960px\" \/><\/figure>\n<\/div><\/div><\/div><\/div><\/div>\n<\/div><\/div><\/div><\/div>\n\n<div class=\"alignfull wp-block-ugb-testimonial ugb-testimonial ugb-606c172 ugb-testimonial--v3 ugb-testimonial--columns-3 ugb-testimonial--design-basic ugb-main-block ugb-main-block--inner-center ugb--has-block-background\"><style>.ugb-606c172 .ugb-testimonial__item{border-radius:0px !important}.ugb-606c172 .ugb-block-title{text-align:left;max-width:460px !important;margin-left:0 !important;margin-right:auto !important}<\/style><div class=\"ugb-inner-block ugb-inner-block--center\"><h2 class=\"ugb-block-title\">Mit\u00e4 osallistujat sanovat<\/h2><div class=\"ugb-block-content\"><div class=\"ugb-testimonial__item ugb-testimonial__item1 ugb--shadow-0\"><div class=\"ugb-testimonial__body-wrapper\"><p class=\"ugb-testimonial__body\">Pidin siit\u00e4: Lyhyt (30 minuuttia), keskittyminen olennaiseen.<\/p><\/div><div class=\"ugb-testimonial__person\"><h4 class=\"ugb-testimonial__name\">Christian B.<\/h4><p class=\"ugb-testimonial__position\">Myynti- ja markkinointip\u00e4\u00e4llikk\u00f6<\/p><\/div><\/div><div class=\"ugb-testimonial__item ugb-testimonial__item2 ugb--shadow-0\"><div class=\"ugb-testimonial__body-wrapper\"><p class=\"ugb-testimonial__body\">Pystyimme n\u00e4kem\u00e4\u00e4n suoraan ty\u00f6kalusta, mist\u00e4 ominaisuudet l\u00f6ytyv\u00e4t. My\u00f6s spontaaneihin kysymyksiin vastattiin. <\/p><\/div><div class=\"ugb-testimonial__person\"><h4 class=\"ugb-testimonial__name\">Katarina R.<\/h4><p class=\"ugb-testimonial__position\">Markkinointip\u00e4\u00e4llikk\u00f6<\/p><\/div><\/div><div class=\"ugb-testimonial__item ugb-testimonial__item3 ugb--shadow-0\"><div class=\"ugb-testimonial__body-wrapper\"><p class=\"ugb-testimonial__body\">Webinaarissa sain alustavan yleiskuvan Aivien tarjoamista mahdollisuuksista.<\/p><\/div><div class=\"ugb-testimonial__person\"><h4 class=\"ugb-testimonial__name\">Patrick K.<\/h4><p class=\"ugb-testimonial__position\">Perustaja, toimitusjohtaja<\/p><\/div><\/div><\/div><\/div><\/div>\n\n<div class=\"alignfull wp-block-ugb-columns ugb-columns aiv-col-2 ugb-0059fdb ugb-columns--design-plain ugb-columns--columns-2 ugb-main-block ugb-main-block--inner-center ugb--has-block-background ugb--has-background-overlay\" id=\"join\"><style>.ugb-0059fdb.ugb-columns{background-color:#EFF0F1;background-image:url(https:\/\/cdn.aivie.ch\/media\/wp\/2021\/06\/19131703\/pattern-u-960w.png);background-position:top right;background-repeat:no-repeat;background-size:40% !important}.ugb-0059fdb.ugb-columns:before{background-color:#EFF0F1;opacity:0.5}@media screen and (min-width:768px){.ugb-0059fdb.ugb-columns{padding-right:35px !important}}<\/style><div class=\"ugb-inner-block ugb-inner-block--center\"><div class=\"ugb-block-content\"><div class=\"ugb-columns__item ugb-0059fdb-content-wrapper\">\n<div class=\"wp-block-ugb-column ugb-column ugb-7123f02 ugb-column--design-plain ugb-main-block\"><div class=\"ugb-inner-block\"><div class=\"ugb-block-content\"><div class=\"ugb-column__item ugb-7123f02-column-wrapper\"><div class=\"ugb-column__content-wrapper\">\n<div class=\"wp-block-ugb-heading ugb-heading ugb-e4c7aec ugb-main-block\"><div class=\"ugb-inner-block\"><div class=\"ugb-block-content\"><h2 class=\"ugb-heading__title\">Lerne Adrian kennen<\/h2><p class=\"ugb-heading__subtitle\">Seit dem Jahr 2003 widme ich mich leidenschaftlich der Gestaltung digitaler Touchpoints mit einem klaren Fokus auf die Customer-Experience. Seit 2019 bin ich t\u00e4glich damit besch\u00e4ftigt, effektive Marketing Automation Kampagnen zu entwerfen. Zudem engagiere mich aktiv in der Open Source Community von Mautic. Diese Leidenschaft und Expertise fliesst gleichermassen in die Projekte unserer gesch\u00e4tzten Kundinnen und Kunden sowie in mein Unternehmen Aivie ein.<\/p><\/div><\/div><\/div>\n\n\n\n<div class=\"wp-block-ugb-button ugb-button-wrapper ugb-6967a16 ugb-main-block\"><style>.ugb-6967a16 .ugb-block-content{justify-content:flex-start !important}.ugb-6967a16 .ugb-inner-block{text-align:left}<\/style><div class=\"ugb-inner-block\"><div class=\"ugb-block-content\"><div class=\"ugb-button-container\"><a class=\"ugb-button1 ugb-button ugb-button--size-normal\" href=\"https:\/\/aivie.ch\/author\/adrian\/\" rel=\"\" title=\"\"><span class=\"ugb-button--inner\">Profil anzeigen<\/span><\/a><\/div><\/div><\/div><\/div>\n<\/div><\/div><\/div><\/div><\/div>\n\n\n\n<div class=\"wp-block-ugb-column ugb-column ugb-e5e1294 ugb-column--design-plain ugb-main-block\"><div class=\"ugb-inner-block\"><div class=\"ugb-block-content\"><div class=\"ugb-column__item ugb-e5e1294-column-wrapper\"><div class=\"ugb-column__content-wrapper\">\n<figure class=\"wp-block-image alignleft size-full\"><img loading=\"lazy\" decoding=\"async\" width=\"800\" height=\"800\" src=\"https:\/\/cdn.aivie.ch\/media\/wp\/2022\/11\/16122426\/6.webp\" alt=\"aivie marketing automatin lokaler support adrian schimpf\" class=\"wp-image-12369\" title=\"\" srcset=\"https:\/\/cdn.aivie.ch\/media\/wp\/2022\/11\/16122426\/6.webp 800w, https:\/\/cdn.aivie.ch\/media\/wp\/2022\/11\/16122426\/6.webp 240w, https:\/\/cdn.aivie.ch\/media\/wp\/2022\/11\/16122426\/6-768x768.webp 768w, https:\/\/cdn.aivie.ch\/media\/wp\/2022\/11\/16122426\/6-480x480.webp 480w\" sizes=\"auto, (max-width: 800px) 100vw, 800px\" \/><\/figure>\n<\/div><\/div><\/div><\/div><\/div>\n<\/div><\/div><\/div><\/div>\n\n<div class=\"wp-block-stackable-columns alignfull stk-block-columns stk-block stk-80883a5 stk-block-background\" data-block-id=\"80883a5\"><style>.stk-80883a5 {background-color:#cfe7e1 !important;padding-top:80px !important;padding-bottom:80px !important;margin-top:0px !important;margin-bottom:0px !important;}.stk-80883a5:before{background-color:#cfe7e1 !important;}.stk-80883a5-column{--stk-column-gap:40px !important;}<\/style><div class=\"stk-row stk-inner-blocks stk-block-content stk-content-align stk-80883a5-column\">\n<div class=\"wp-block-stackable-column stk-block-column stk-column stk-block stk-a84d2af\" data-v=\"4\" data-block-id=\"a84d2af\"><div class=\"stk-column-wrapper stk-block-column__content stk-container stk-a84d2af-container stk--no-background stk--no-padding\"><div class=\"stk-block-content stk-inner-blocks stk-a84d2af-inner-blocks\">\n<h2 class=\"wp-block-heading\" id=\"h-aller-anfang-ist-leicht\">Kaikki alut ovat helppoja.<\/h2>\n\n\n\n<p>Olitpa sitten markkinointip\u00e4\u00e4llikk\u00f6, CMO, teknologiajohtaja, toimitusjohtaja, perustaja tai vain utelias: keskustelemme yksil\u00f6llisest\u00e4 tapauksestasi 30 minuutin online-tapaamisessa.  <\/p>\n\n\n\n<p>Vertailukelpoisen asiakastapauksen avulla n\u00e4yt\u00e4mme sinulle, miten markkinoinnin automaatiota voidaan soveltaa yrityksess\u00e4si.  <\/p>\n\n\n\n<p>Tapaaminen on maksuton.<\/p>\n<\/div><\/div><\/div>\n\n\n\n<div class=\"wp-block-stackable-column stk-block-column stk-column stk-block stk-78cc069\" data-v=\"4\" data-block-id=\"78cc069\"><div class=\"stk-column-wrapper stk-block-column__content stk-container stk-78cc069-container stk--no-background stk--no-padding\"><div class=\"stk-block-content stk-inner-blocks stk-78cc069-inner-blocks\">\n<div class=\"wp-block-stackable-heading stk-block-heading stk-block-heading--v2 stk-block stk-57881db\" id=\"span-style-color-283-e-4-c-class-ugb-highlight-erfahre-wie-dein-case-umgesetzt-werden-kann-span\" data-block-id=\"57881db\"><style>.stk-57881db {margin-bottom:40px !important;}<\/style><h2 class=\"stk-block-heading__text\"><span style=\"color: #283e4c;\" class=\"ugb-highlight\">Selvit\u00e4, miten asiasi voidaan toteuttaa<\/span><\/h2><\/div>\n\n\n<script type=\"text\/javascript\" src=\"https:\/\/m.aivie.ch\/form\/generate.js?id=36\"><\/script>\n<\/div><\/div><\/div>\n<\/div><\/div>\n","protected":false},"excerpt":{"rendered":"<p>Mit\u00e4 sis\u00e4ll\u00e4 on Luo lomakkeita ja s\u00e4hk\u00f6posteja Liidimagneetit ja aloitussivut Yhteydenottosegmentit lyijyn pisteytyksen avulla Kenelle Markkinointip\u00e4\u00e4llik\u00f6t, jotka haluavat optimoida alueensa markkinoinnin automaation avulla. Digitaalisen markkinoinnin asiantuntijat, jotka haluavat k\u00e4ytt\u00e4\u00e4 markkinoinnin automaatiota. Omistajat ja perustajat, jotka haluavat tehd\u00e4 liiketoiminnastaan menestyksek\u00e4st\u00e4 markkinoinnin automatisoinnin avulla Pk-yritysten digitalisaatiokonsultit, jotka haluavat tarjota asiakkailleen kokonaisvaltaisia ratkaisuja. Markkinointi- ja viestint\u00e4toimistot, jotka haluavat &hellip; <a href=\"https:\/\/aivie.ch\/fi\/markkinoinnin-automaatio-webinaari\/\" class=\"more-link\">Jatka lukemista <span class=\"screen-reader-text\">Markkinoinnin automaatio Webinaari<\/span><\/a><\/p>\n","protected":false},"author":1,"featured_media":26495,"parent":0,"menu_order":0,"comment_status":"closed","ping_status":"closed","template":"front-page.php","meta":{"_acf_changed":false,"footnotes":""},"class_list":["post-26493","page","type-page","status-publish","has-post-thumbnail","hentry"],"acf":[],"featured_image_urls_v2":{"full":["https:\/\/cdn.aivie.ch\/media\/wp\/2022\/02\/22104952\/dona-watching-webinar-marketing-automation-tool-aivie-1920w.png",1920,1359,false],"thumbnail":["https:\/\/cdn.aivie.ch\/media\/wp\/2022\/02\/22104952\/dona-watching-webinar-marketing-automation-tool-aivie-1920w-240x240.png",240,240,true],"medium":["https:\/\/cdn.aivie.ch\/media\/wp\/2022\/02\/22104952\/dona-watching-webinar-marketing-automation-tool-aivie-1920w-960x680.png",960,680,true],"medium_large":["https:\/\/cdn.aivie.ch\/media\/wp\/2022\/02\/22104952\/dona-watching-webinar-marketing-automation-tool-aivie-1920w-768x544.png",768,544,true],"large":["https:\/\/cdn.aivie.ch\/media\/wp\/2022\/02\/22104952\/dona-watching-webinar-marketing-automation-tool-aivie-1920w.png",990,701,false],"post-thumbnail":["https:\/\/cdn.aivie.ch\/media\/wp\/2022\/02\/22104952\/dona-watching-webinar-marketing-automation-tool-aivie-1920w-1200x849.png",1200,849,true],"aiv_480w":["https:\/\/cdn.aivie.ch\/media\/wp\/2022\/02\/22104952\/dona-watching-webinar-marketing-automation-tool-aivie-1920w-480x340.png",480,340,true],"woocommerce_thumbnail":["https:\/\/cdn.aivie.ch\/media\/wp\/2022\/02\/22104952\/dona-watching-webinar-marketing-automation-tool-aivie-1920w-240x240.png",240,240,true],"woocommerce_single":["https:\/\/cdn.aivie.ch\/media\/wp\/2022\/02\/22104952\/dona-watching-webinar-marketing-automation-tool-aivie-1920w-960x680.png",960,680,true],"woocommerce_gallery_thumbnail":["https:\/\/cdn.aivie.ch\/media\/wp\/2022\/02\/22104952\/dona-watching-webinar-marketing-automation-tool-aivie-1920w-240x240.png",240,240,true]},"post_excerpt_stackable_v2":"<p>Ilmainen markkinoinnin automaation webinaariT\u00e4ss\u00e4 30 minuutin webinaarissa saat tietoa markkinoinnin automaation parhaista k\u00e4yt\u00e4nn\u00f6ist\u00e4. Saat tiet\u00e4\u00e4, mit\u00e4 onnistuneeseen markkinoinnin automaatiosuppiloon kuuluu ja miten voit k\u00e4ytt\u00e4\u00e4 sit\u00e4 Aivien kanssa. Markkinoinnin automaatio Webinaari Dos &amp; don&#8217;ts markkinoinnin automaatiossaOnnistuneiden kampanjoiden rakennuspalikatAutomatisoidut markkinointikampanjatKysymyksi\u00e4 ja vastauksia Rekister\u00f6idy nyttiedot Sis\u00e4lt\u00f6markkinoinnin automaatio WebinaariWebinaarissa saat nopean johdatuksen myyntisykleihin ja markkinointisuppiloihin. N\u00e4yt\u00e4mme, miten voit toteuttaa onnistuneita kampanjoita Aivien avulla. Voit esitt\u00e4\u00e4 kysymyksi\u00e4 ja saada suoria vastauksia markkinoinnin automaation asiantuntijoiltamme. Mit\u00e4 sis\u00e4ll\u00e4 on Luo lomakkeita ja s\u00e4hk\u00f6postejaLiidimagneetit ja aloitussivutYhteydenottosegmentit lyijyn pisteytyksen avulla Kenelle Markkinointip\u00e4\u00e4llik\u00f6t, jotka haluavat optimoida alueensa markkinoinnin automaation avulla.Digitaalisen markkinoinnin asiantuntijat, jotka haluavat k\u00e4ytt\u00e4\u00e4 markkinoinnin automaatiota.Omistajat ja perustajat, jotka\u2026<\/p>\n","category_list_v2":"","author_info_v2":{"name":"Adrian Schimpf","url":"https:\/\/aivie.ch\/fi\/author\/adrian\/"},"comments_num_v2":"0 comments","_links":{"self":[{"href":"https:\/\/aivie.ch\/fi\/wp-json\/wp\/v2\/pages\/26493","targetHints":{"allow":["GET"]}}],"collection":[{"href":"https:\/\/aivie.ch\/fi\/wp-json\/wp\/v2\/pages"}],"about":[{"href":"https:\/\/aivie.ch\/fi\/wp-json\/wp\/v2\/types\/page"}],"author":[{"embeddable":true,"href":"https:\/\/aivie.ch\/fi\/wp-json\/wp\/v2\/users\/1"}],"replies":[{"embeddable":true,"href":"https:\/\/aivie.ch\/fi\/wp-json\/wp\/v2\/comments?post=26493"}],"version-history":[{"count":1,"href":"https:\/\/aivie.ch\/fi\/wp-json\/wp\/v2\/pages\/26493\/revisions"}],"predecessor-version":[{"id":26497,"href":"https:\/\/aivie.ch\/fi\/wp-json\/wp\/v2\/pages\/26493\/revisions\/26497"}],"wp:featuredmedia":[{"embeddable":true,"href":"https:\/\/aivie.ch\/fi\/wp-json\/wp\/v2\/media\/26495"}],"wp:attachment":[{"href":"https:\/\/aivie.ch\/fi\/wp-json\/wp\/v2\/media?parent=26493"}],"curies":[{"name":"wp","href":"https:\/\/api.w.org\/{rel}","templated":true}]}}