{"id":26485,"date":"2026-01-11T14:14:02","date_gmt":"2026-01-11T12:14:02","guid":{"rendered":"https:\/\/aivie.ch\/hyvaeksyttaevaeae-kaeyttoeae-koskeva-politiikka-2\/"},"modified":"2026-01-11T14:14:15","modified_gmt":"2026-01-11T12:14:15","slug":"hyvaeksyttaevaeae-kaeyttoeae-koskeva-politiikka-2","status":"publish","type":"page","link":"https:\/\/aivie.ch\/fi\/hyvaeksyttaevaeae-kaeyttoeae-koskeva-politiikka-2\/","title":{"rendered":"Hyv\u00e4ksytt\u00e4v\u00e4\u00e4 k\u00e4ytt\u00f6\u00e4 koskeva politiikka"},"content":{"rendered":"\n<p>Pid\u00e4 hauskaa Aivien kanssa \u2013 mutta pid\u00e4 todella hauskaa.  <\/p>\n\n<h2 class=\"wp-block-heading\" id=\"h-geltungsbereich\">Soveltamisala<\/h2>\n\n<p>T\u00e4t\u00e4 hyv\u00e4ksytt\u00e4v\u00e4n k\u00e4yt\u00f6n k\u00e4yt\u00e4nt\u00f6\u00e4 (&#8221;AUP\u201d) sovelletaan kaikkien Aivien tarjoamien tuotteiden, palveluiden tai verkkosivustojen k\u00e4ytt\u00f6\u00f6n riippumatta siit\u00e4, tarjoammeko niit\u00e4 asiakkaille suoraan vai kolmannen osapuolen kautta.<\/p>\n\n<p>T\u00e4m\u00e4 AUP suojaa my\u00f6s kaikkien asiakkaidemme ja heid\u00e4n asiakkaidensa etuja sek\u00e4 liiketoimintamme mainetta ja mainetta. K\u00e4ytt\u00e4m\u00e4ll\u00e4 palveluitamme hyv\u00e4ksyt n\u00e4m\u00e4 ehdot. <\/p>\n\n<p>Jos k\u00e4yt\u00e4t Aivie-palvelua, t\u00e4m\u00e4 AUP koskee sinua. Jokainen asiakkaamme sitoutuu noudattamaan t\u00e4t\u00e4 AUP:t\u00e4 ja on vastuussa mahdollisista rikkomuksista. Asiakkaat eiv\u00e4t saa tukea tai sitouttaa muita henkil\u00f6it\u00e4 mill\u00e4\u00e4n tavalla, joka rikkoo t\u00e4t\u00e4 AUP:t\u00e4. Valvomme ja varmistamme t\u00e4m\u00e4n AUP:n noudattamisen asianmukaisiksi katsomillamme menetelmill\u00e4, kuten valvomalla valituksia ja s\u00e4hk\u00f6postiviestej\u00e4, joita ei ole saatu perille. Voimme keskeytt\u00e4\u00e4 tai lopettaa Palveluiden k\u00e4yt\u00f6n t\u00e4m\u00e4n AUP:n rikkomisen vuoksi Asiakkaiden k\u00e4ytt\u00f6ehtojemme mukaisesti.      <\/p>\n\n<p>P\u00e4ivit\u00e4mme n\u00e4it\u00e4 ehtoja s\u00e4\u00e4nn\u00f6llisesti ja julkaisemme tarkistetun version verkkosivustollamme. Sitoudut lukemaan AUP:n s\u00e4\u00e4nn\u00f6llisesti ja noudattamaan niit\u00e4 aina. <\/p>\n\n<p>Jos olet tietoinen t\u00e4m\u00e4n AUP:n rikkomisesta tai jos ep\u00e4ilet sen tapahtuneen, sinun on ilmoitettava siit\u00e4 meille v\u00e4litt\u00f6m\u00e4sti kirjallisesti.<\/p>\n\n<h2 class=\"wp-block-heading\" id=\"h-akzeptable-nutzung\">Hyv\u00e4ksytt\u00e4v\u00e4 k\u00e4ytt\u00f6<\/h2>\n\n<p><strong>1. s\u00e4hk\u00f6postitoimintojen k\u00e4ytt\u00f6  <\/strong><\/p>\n\n<p><strong>a. Et saa k\u00e4ytt\u00e4\u00e4 palveluitamme roskapostin l\u00e4hett\u00e4miseen. Roskapostia voivat olla sek\u00e4 joukkos\u00e4hk\u00f6postit ett\u00e4 suoramainoss\u00e4hk\u00f6postit. <\/strong><\/p>\n\n<p>Joukkos\u00e4hk\u00f6postit ovat roskapostia, jos ne l\u00e4hetet\u00e4\u00e4n pyyt\u00e4m\u00e4tt\u00e4. Tilaamaton tarkoittaa, ett\u00e4 vastaanottajat eiv\u00e4t ole todistettavasti antaneet lupaa viestin l\u00e4hett\u00e4miseen. Joukkos\u00e4hk\u00f6postiviestit ovat s\u00e4hk\u00f6postiviestej\u00e4, jotka l\u00e4hetet\u00e4\u00e4n osana laajempaa viestikokoelmaa, jonka sis\u00e4lt\u00f6 on p\u00e4\u00e4osin samanlainen.  <\/p>\n\n<p>Suoramarkkinointis\u00e4hk\u00f6postiviestit ovat roskapostia, jos ne rikkovat sovellettavaa spam-vastaista lakia. Suoramarkkinointis\u00e4hk\u00f6postiviestit luokitellaan roskapostiksi my\u00f6s, jos s\u00e4hk\u00f6postin l\u00e4hett\u00e4mist\u00e4 varten k\u00e4sitellyt tiedot kuuluvat tietosuojalakien ja -asetusten soveltamisalaan, etk\u00e4 ilmoita asianmukaisesti rekister\u00f6idyille etk\u00e4 esit\u00e4 oikeusperustaa k\u00e4sittelylle. <\/p>\n\n<p>Asiakkaita kiellet\u00e4\u00e4n k\u00e4ytt\u00e4m\u00e4st\u00e4 Palvelua suoraan tai v\u00e4lillisesti seuraavien asioiden l\u00e4hett\u00e4miseen, v\u00e4litt\u00e4miseen, k\u00e4sittelyyn, jakeluun tai toimittamiseen: S\u00e4hk\u00f6postia osoitteisiin, jotka on saatu verkkotietojen ker\u00e4\u00e4misen tai muun huijauksen avulla (esim. kaapimalla tai ker\u00e4\u00e4m\u00e4ll\u00e4); s\u00e4hk\u00f6postiviestej\u00e4 osoitteisiin, jotka ovat ep\u00e4t\u00e4ydellisi\u00e4, virheellisi\u00e4 ja\/tai jotka eiv\u00e4t ole ajan tasalla kaikkien sovellettavien opt-out-ilmoitusten kanssa parhaista yrityksist\u00e4 ja alan parhaista k\u00e4yt\u00e4nn\u00f6ist\u00e4 huolimatta; kaupallisia s\u00e4hk\u00f6isi\u00e4 viestej\u00e4, jotka rikkovat Kanadan roskapostin vastaisia lakeja (ks. alla) tai rikkovat sovellettavia tietosuojalakeja ja -m\u00e4\u00e4r\u00e4yksi\u00e4.  <\/p>\n\n<p><strong>b. Et saa k\u00e4ytt\u00e4\u00e4 harhaanjohtavia tai v\u00e4\u00e4ri\u00e4 nimi\u00e4, osoitteita, s\u00e4hk\u00f6postiosoitteita tai aiheita.  <\/strong><\/p>\n\n<p>Palvelun kautta l\u00e4hetetyiss\u00e4 tai l\u00e4hetett\u00e4viss\u00e4 s\u00e4hk\u00f6postiviesteiss\u00e4 on kielletty\u00e4: Virheellisten tai v\u00e4\u00e4rennettyjen tietojen k\u00e4ytt\u00e4minen tai s\u00e4ilytt\u00e4minen s\u00e4hk\u00f6postin otsakkeessa; virheellisten tai olemattomien verkkotunnusten k\u00e4ytt\u00e4minen tai s\u00e4ilytt\u00e4minen; menetelmien k\u00e4ytt\u00e4minen, joilla muutoin v\u00e4\u00e4ristell\u00e4\u00e4n, peitell\u00e4\u00e4n tai naamioidaan tietoja l\u00e4hetyksen alkuper\u00e4n tai l\u00e4hetysreitin tunnistamiseksi; mink\u00e4 tahansa muun harhaanjohtavan osoitteenantotavan k\u00e4ytt\u00e4minen; kolmannen osapuolen Internet-verkkotunnuksen k\u00e4ytt\u00e4minen ilman kyseisen kolmannen osapuolen suostumusta; tai edelleenl\u00e4hett\u00e4minen kolmannen osapuolen laitteista tai niiden kautta ilman kyseisen kolmannen osapuolen lupaa; v\u00e4\u00e4rien tai harhaanjohtavien tietojen antaminen viestin otsikkorivill\u00e4 tai muulla tavoin v\u00e4\u00e4r\u00e4n tai harhaanjohtavan sis\u00e4ll\u00f6n antaminen; tai tavaramerkkimme, sloganiemme tai logojemme k\u00e4ytt\u00e4minen ilman etuk\u00e4teist\u00e4 kirjallista suostumustamme; etuk\u00e4teisell\u00e4 kirjallisella suostumuksellamme tavaramerkkimme, sloganiemme tai logojemme k\u00e4ytt\u00f6 on sallittua vain tavaramerkkien k\u00e4ytt\u00f6ohjeiden mukaisesti.<\/p>\n\n<p><strong>c. Et saa l\u00e4hett\u00e4\u00e4 s\u00e4hk\u00f6posteja ostetuille vastaanottajalistoille.  <\/strong><\/p>\n\n<p>Asiakkaita kiellet\u00e4\u00e4n l\u00e4hett\u00e4m\u00e4st\u00e4 Palvelun avulla s\u00e4hk\u00f6posteja ostetuille, vuokratuille tai lainatuille vastaanottajalistoille ja listoille, jotka todenn\u00e4k\u00f6isesti johtavat liian suureen m\u00e4\u00e4r\u00e4\u00e4n tilausten peruuttamisia tai roskapostiviestej\u00e4 tai viestej\u00e4 alan hyv\u00e4ksytt\u00e4vien k\u00e4yt\u00e4nt\u00f6jen mukaisesti.<\/p>\n\n<p><strong>2. s\u00e4hk\u00f6postiviestej\u00e4 koskevat opt-out-vaatimukset  <\/strong><\/p>\n\n<p>Vakuutat, ett\u00e4 kaikki Palvelun kautta l\u00e4hett\u00e4m\u00e4si tai puolestasi l\u00e4hetetyt s\u00e4hk\u00f6postit sis\u00e4lt\u00e4v\u00e4t seuraavat asiat: otsikkotiedot, jotka eiv\u00e4t ole v\u00e4\u00e4ri\u00e4 tai harhaanjohtavia, ja ilmoitus siit\u00e4, ett\u00e4 vastaanottaja voi peruuttaa s\u00e4hk\u00f6postiviestinn\u00e4n, k\u00e4ytt\u00e4\u00e4 oikeuttaan kielt\u00e4yty\u00e4 siit\u00e4 tai muutoin pyyt\u00e4\u00e4 lopettamaan tietojensa k\u00e4yt\u00f6n ei-toivottuun, luvattomaan ja\/tai sopimattomaan viestint\u00e4\u00e4n t\u00e4ss\u00e4 AUP:ss\u00e4 kuvatulla tavalla. (T\u00e4h\u00e4n sis\u00e4ltyy maininta keinoista, joilla vastaanottaja voi ilmoittaa, ett\u00e4 h\u00e4n haluaa peruuttaa s\u00e4hk\u00f6postiviestinn\u00e4n, k\u00e4ytt\u00e4\u00e4 oikeuttaan kielt\u00e4yty\u00e4 siit\u00e4 tai est\u00e4\u00e4 tietojensa k\u00e4yt\u00f6n). N\u00e4it\u00e4 vaatimuksia ei ehk\u00e4 sovelleta, jos l\u00e4hetetty s\u00e4hk\u00f6posti on transaktios\u00e4hk\u00f6postia eik\u00e4 laki muuten edellyt\u00e4 n\u00e4it\u00e4 vaatimuksia. Vakuutat, ett\u00e4 noudatat viipym\u00e4tt\u00e4 kaikkia kielto-, peruutus-, soitto- ja l\u00e4hetyskielto-pyynt\u00f6j\u00e4.   <\/p>\n\n<p><strong>3. ei keskeytyksi\u00e4<\/strong><\/p>\n\n<p>Sitoudut olemaan k\u00e4ytt\u00e4m\u00e4tt\u00e4 Palvelua tavalla, joka h\u00e4iritsee kolmannen osapuolen omaisuuden normaalia toimintaa, yksityisyytt\u00e4, eheytt\u00e4 tai turvallisuutta. Kolmannen osapuolen omaisuuteen kuuluvat kolmannen osapuolen tilit, verkkotunnukset, URL-osoitteet, verkkosivustot, verkot, j\u00e4rjestelm\u00e4t, tilat, laitteet, tiedot, muut tiedot tai muiden osapuolten liiketoiminta. Sitoudut my\u00f6s olemaan k\u00e4ytt\u00e4m\u00e4tt\u00e4 palvelua saadaksesi luvattoman p\u00e4\u00e4syn toisen osapuolen omaisuuteen, k\u00e4ytt\u00e4m\u00e4tt\u00e4 sit\u00e4 ilman lupaa, valvomalla sit\u00e4 tai tekem\u00e4ll\u00e4 luvattomia viittauksia siihen, ellet ole saanut siihen etuk\u00e4teen nimenomaista lupaa. Esimerkkej\u00e4 kielletyist\u00e4 toimista ovat (rajoituksetta): Hakkerointi, huijaus, palvelunesto, s\u00e4hk\u00f6postipommitus ja\/tai viruksia sis\u00e4lt\u00e4vien s\u00e4hk\u00f6postiviestien l\u00e4hett\u00e4minen tai matojen tai muiden haittaohjelmien (vakoiluohjelmat, mainosohjelmat tai muut vastaavat tiedostot tai ohjelmat) levitt\u00e4minen. Sitoudut my\u00f6s olemaan k\u00e4ytt\u00e4m\u00e4tt\u00e4 palvelua mill\u00e4\u00e4n tavalla, joka aiheuttaa tai voi aiheuttaa IP-osoitteiden, verkkotunnusten tai asiakkaiden verkkotunnusten joutumisen mustalle listalle. N\u00e4m\u00e4 rajoitukset koskevat aikomuksestasi riippumatta ja riippumatta siit\u00e4, toimitko tahallisesti vai et.     <\/p>\n\n<h2 class=\"wp-block-heading\" id=\"h-moral-ethik-und-einhaltung-geltender-gesetze-und-verordnungen\">moraali, etiikka ja sovellettavien lakien ja asetusten noudattaminen  <\/h2>\n\n<p>Rajoittamatta kuitenkaan muita t\u00e4m\u00e4n AUP:n vaatimuksia Asiakkaat eiv\u00e4t saa k\u00e4ytt\u00e4\u00e4 Palvelua suoraan tai v\u00e4lillisesti tavalla tai sis\u00e4ll\u00f6ll\u00e4, joka on uhkaava, loukkaava, h\u00e4iritsev\u00e4, kunnianloukkaava tai herjaava;<\/p>\n\n<ul class=\"wp-block-list\"><li>on tai ovat harhaanjohtavia, v\u00e4\u00e4ri\u00e4, harhaanjohtavia tai petollisia;<\/li><li>loukkaa tai rikkoo muiden yksityisyytt\u00e4 tai muita laillisia oikeuksia (kuten tietosuojaa ja henkil\u00f6kohtaisia oikeuksia);<\/li><li>sis\u00e4lt\u00e4\u00e4 mautonta, s\u00e4\u00e4dyt\u00f6nt\u00e4, s\u00e4\u00e4dyt\u00f6nt\u00e4 tai laitonta materiaalia;<\/li><li>loukkaa tai rikkoo kolmansien osapuolten immateriaalioikeuksia;<\/li><li>sis\u00e4lt\u00e4\u00e4 ohjelmistojen, musiikin, videoiden tai muun immateriaalioikeuksilla (tai tietosuoja- tai yksityisyydensuojaoikeuksilla) suojatun materiaalin julkaisemisen, julkisen julkaisemisen, lataamisen tai muun jakelun, ellet ole hankkinut kaikkia tarvittavia oikeuksia ja suostumuksia;<\/li><li>sis\u00e4lt\u00e4\u00e4 sellaisten tiedostojen lataamisen, jotka sis\u00e4lt\u00e4v\u00e4t viruksia, vioittuneita tiedostoja tai muita vastaavia ohjelmistoja tai ohjelmia, jotka voivat vahingoittaa toisen henkil\u00f6n tietokoneen toimintaa;<\/li><li>sis\u00e4lt\u00e4\u00e4 tai sen pit\u00e4isi sis\u00e4lt\u00e4\u00e4 sellaisten tiedostojen lataamisen, joiden tied\u00e4t tai sinulla on syyt\u00e4 tiet\u00e4\u00e4, ett\u00e4 niit\u00e4 ei saa jakaa laillisesti kyseisell\u00e4 tavalla;<\/li><li>v\u00e4\u00e4rist\u00e4\u00e4 tai v\u00e4\u00e4rent\u00e4\u00e4 tai poistaa tai pyyhkii tai poistaa lataamansa tiedoston sis\u00e4lt\u00e4m\u00e4n ohjelmiston tai muun materiaalin alkuper\u00e4- tai l\u00e4hdetiedot, oikeudelliset tai tekij\u00e4noikeusilmoitukset tai l\u00e4hteen tunnistamisen;<\/li><li>rajoittaa tai est\u00e4\u00e4 Palvelun k\u00e4ytt\u00f6\u00e4 ja muiden k\u00e4ytt\u00e4jien mahdollisuutta k\u00e4ytt\u00e4\u00e4 verkkosivustoamme ja\/tai Palvelua;<\/li><li>hankkii tai ker\u00e4\u00e4 tietoja toisista henkil\u00f6ist\u00e4 (mukaan lukien s\u00e4hk\u00f6postiosoitteet) ilman heid\u00e4n suostumustaan tai muuten ker\u00e4\u00e4 tai ker\u00e4\u00e4 t\u00e4llaisia tietoja;<\/li><li>rikkoo tai rikkoo mink\u00e4 tahansa oikeussubjektin, johon k\u00e4ytt\u00f6si vaikuttaa, erityisesti Internet-palveluntarjoajien, verkkopalveluntarjoajien tai uutis- tai k\u00e4ytt\u00e4j\u00e4ryhmien k\u00e4ytt\u00f6normeja tai s\u00e4\u00e4nt\u00f6j\u00e4 (esimerkiksi kiert\u00e4m\u00e4ll\u00e4 tai ylitt\u00e4m\u00e4ll\u00e4 laitteen k\u00e4ytt\u00f6oikeuksia ja -rajoituksia ja\/tai sijainnin ja polun tunnistetietoja);<\/li><li>on tai ovat oikeudellisesti t\u00e4yt\u00e4nt\u00f6\u00f6npanokelpoisia yksityisten osapuolten v\u00e4lill\u00e4;<\/li><li>vastustaa k\u00e4ytt\u00f6\u00e4 vilpitt\u00f6m\u00e4ss\u00e4 mieless\u00e4, esimerkiksi jos joku lataa enemm\u00e4n yhteystietoja kuin yhteystasolla on sallittua, l\u00e4hett\u00e4\u00e4 n\u00e4ille yhteystiedoille s\u00e4hk\u00f6postiviestej\u00e4 ja poistaa ne pian sen j\u00e4lkeen; ja\/tai<\/li><li>rikkoo mit\u00e4 tahansa sovellettavaa paikallista, valtiollista, kansallista tai kansainv\u00e4list\u00e4 lakia tai m\u00e4\u00e4r\u00e4yst\u00e4, mukaan lukien vientilakeja ja -m\u00e4\u00e4r\u00e4yksi\u00e4, sovellettavia tietosuojalakeja tai -m\u00e4\u00e4r\u00e4yksi\u00e4 ja m\u00e4\u00e4r\u00e4yksi\u00e4, joilla on lainvoima tai sovellettavia lakeja s\u00e4hk\u00f6postin vastaanottajan asuin- tai toimipaikan maassa tai asuin- tai toimipaikan maassa;<\/li><li>suosii, helpottaa tai edist\u00e4\u00e4 laitonta toimintaa tai kannustaa kolmansia osapuolia t\u00e4llaiseen toimintaan;<\/li><li>Vihapuhe, v\u00e4kivalta, syrjint\u00e4 rodun, ihonv\u00e4rin, sukupuolisen suuntautumisen, siviilis\u00e4\u00e4dyn, sukupuoli-identiteetin tai sukupuolen ilmaisun, vanhempien aseman, uskonnollisen vakaumuksen tai vakaumuksen, kansallisen alkuper\u00e4n tai syntyper\u00e4n, i\u00e4n, fyysisen tai psyykkisen vamman, veteraanin aseman, geneettisen tiedon, kansalaisuuden ja\/tai mink\u00e4 tahansa muun lailla suojatun henkil\u00f6kohtaisen ominaisuuden perusteella.<\/li><\/ul>\n\n<h2 class=\"wp-block-heading\" id=\"h-ordnungsgemasse-verwendung-des-diensts\">Palvelun asianmukainen k\u00e4ytt\u00f6<\/h2>\n\n<p>Kunnioitat rajoituksia, jotka koskevat palvelun k\u00e4ytt\u00f6\u00e4si tuotteiden ja palveluiden yleiskatsauksen mukaisesti osoitteessa . T\u00e4m\u00e4 koskee erityisesti oston yhteydess\u00e4 sovittua tietom\u00e4\u00e4r\u00e4\u00e4 tai s\u00e4hk\u00f6postien tai yhteystietojen m\u00e4\u00e4r\u00e4\u00e4. Voimme p\u00e4ivitt\u00e4\u00e4 tai muuttaa n\u00e4it\u00e4 palvelun rajoituksia p\u00e4ivitt\u00e4m\u00e4ll\u00e4 tuotekohtaisia m\u00e4\u00e4r\u00e4yksi\u00e4.    <\/p>\n\n<p>K\u00e4yt\u00e4t Palvelua sis\u00e4isiin liiketoimintatarkoituksiisi ja sitoudut olemaan: tarkoituksellisesti peukaloimatta Palvelun tai asiakkaidemme tilien turvallisuutta; k\u00e4ytt\u00e4m\u00e4tt\u00e4 Palvelussa tietoja, joita ei ole tarkoitettu sinulle; kirjautumatta Palvelun palvelimelle tai tilille, johon sinulla ei ole valtuutettua p\u00e4\u00e4sy\u00e4; yritt\u00e4m\u00e4tt\u00e4 tutkia, etsi\u00e4 tai testata Palvelun tietoturva-aukkoja tai rikkomatta turvallisuus- tai todennustoimenpiteit\u00e4 ilman asianmukaista valtuutusta. johon sinulla ei ole valtuutettua p\u00e4\u00e4sy\u00e4; yrit\u00e4t tutkia, etsi\u00e4 tai testata Palvelun haavoittuvuuksia tai rikkoa turvallisuus- tai todennustoimenpiteit\u00e4 ilman asianmukaista lupaa; teet tahallisesti mink\u00e4 tahansa Palvelun osan k\u00e4ytt\u00f6kelvottomaksi; vuokrata, jakaa, lisensoida, myyd\u00e4 tai muutoin kaupallisesti hy\u00f6dynt\u00e4\u00e4 Palvelua tai asettaa Palvelu sellaisen kolmannen osapuolen saataville, joka ei sis\u00e4lly Palvelun tilaukseesi; k\u00e4ytt\u00e4\u00e4 Palvelua timesharing- tai service bureau -tarkoituksiin tai muulla tavoin kolmannen osapuolen hy\u00f6dyksi; tai tarjota Palvelun kokeiluversiota kolmannelle osapuolelle ilman etuk\u00e4teist\u00e4 kirjallista suostumustamme.<\/p>\n\n<p>Asiakkaita kiellet\u00e4\u00e4n k\u00e4ytt\u00e4m\u00e4st\u00e4 automaattisia j\u00e4rjestelmi\u00e4, kuten &#8221;robotteja\u201d, &#8221;h\u00e4m\u00e4h\u00e4kkej\u00e4\u201d tai &#8221;offline-lukijoita\u201d, jotka l\u00e4hett\u00e4v\u00e4t palvelimillemme tietyn ajanjakson aikana enemm\u00e4n pyynt\u00f6j\u00e4 kuin ihminen voisi kohtuudella tuottaa tavanomaisella selaimella kyseisen\u00e4 ajanjaksona. Et saa k\u00e4ytt\u00e4\u00e4 Tilauspalvelua mill\u00e4\u00e4n tavalla, joka voi vahingoittaa, poistaa k\u00e4yt\u00f6st\u00e4, ylikuormittaa tai muuten heikent\u00e4\u00e4 verkkosivustojamme tai sovelluksiamme tai h\u00e4irit\u00e4 muiden osapuolten k\u00e4ytt\u00f6\u00e4 Tilauspalvelussa;   <\/p>\n\n<p>Asiakkaita kiellet\u00e4\u00e4n yritt\u00e4m\u00e4st\u00e4 hankkia luvatonta p\u00e4\u00e4sy\u00e4 tilauspalveluun, k\u00e4ytt\u00e4m\u00e4st\u00e4 tilauspalvelua m\u00e4\u00e4ritellyn k\u00e4ytt\u00f6liittym\u00e4mme ulkopuolelta tai k\u00e4ytt\u00e4m\u00e4st\u00e4 tilauspalvelua mihin tahansa tarkoitukseen tai mill\u00e4 tahansa tavalla, joka on lainvastaista tai kielletty\u00e4 t\u00e4ss\u00e4 sopimuksessa.<\/p>\n\n<p>Asiakkaat eiv\u00e4t saa k\u00e4ytt\u00e4\u00e4 Tilauspalvelua, jos Tilauspalvelun k\u00e4ytt\u00e4minen on kielletty sen maan laeissa, jossa asiakas sijaitsee tai josta k\u00e4sin h\u00e4n k\u00e4ytt\u00e4\u00e4 Tilauspalvelua. Asiakas ei saa k\u00e4ytt\u00e4\u00e4 Tilauspalvelua, jos h\u00e4nen viestint\u00e4\u00e4ns\u00e4 kohdistuu oikeudellisia rajoituksia. <\/p>\n\n<p>Sinun on ilmoitettava meille v\u00e4litt\u00f6m\u00e4sti, jos saat tiet\u00e4\u00e4 tilisi tai k\u00e4ytt\u00e4jien tunnusten ja salasanojen luvattomasta k\u00e4yt\u00f6st\u00e4.<\/p>\n\n<h2 class=\"wp-block-heading\" id=\"h-vertrauliche-daten\">Luottamukselliset tiedot<\/h2>\n\n<p>Asiakkaana olet vastuussa siit\u00e4, ett\u00e4 noudatat sovellettavia lakeja ja m\u00e4\u00e4r\u00e4yksi\u00e4, jotka koskevat Luottamuksellisten tietojen ker\u00e4\u00e4mist\u00e4, k\u00e4sittely\u00e4 tai hallintaa Palvelun k\u00e4yt\u00f6n yhteydess\u00e4. Suljemme pois kaikki vastuuvaatimukset, jotka johtuvat Tilauspalvelun k\u00e4yt\u00f6st\u00e4si Luottamuksellisten tietojen ker\u00e4\u00e4misen, hallinnan tai k\u00e4sittelyn osalta.   <\/p>\n\n<h2 class=\"wp-block-heading\" id=\"h-kundendaten\">Asiakastiedot<\/h2>\n\n<p>Asiakas s\u00e4ilytt\u00e4\u00e4 kaikki oikeudet, omistusoikeudet ja edut tietoihin ja asiakastietoihin. Aiviella ei ole oikeutta, omistusoikeutta tai etua ohjelmiston k\u00e4sittelem\u00e4\u00e4n sis\u00e4lt\u00f6\u00f6n, ja Asiakas pid\u00e4tt\u00e4\u00e4 kaikki oikeudet siihen. K\u00e4yt\u00e4mme Asiakastietoja vain tilauspalvelun ja konsultointipalvelujen tarjoamiseen ja vain sovellettavien lakien ja t\u00e4m\u00e4n sopimuksen mukaisesti.    <\/p>\n\n<p>Asiakas tunnustaa, ett\u00e4 sopimus ei luo Aivielle mit\u00e4\u00e4n velvollisuutta s\u00e4ilytt\u00e4\u00e4 asiakastietoja ja ett\u00e4 Aivie ei ole mill\u00e4\u00e4n tavoin vastuussa asiakkaalle t\u00e4st\u00e4.<\/p>\n\n<p>Asiakas sitoutuu toteuttamaan kohtuulliset toimenpiteet virusten ja muun haitallisen koodin etsimiseksi ennen tietojen lataamista palvelimelle, verkkosivustolle, ohjelmistoihin ja kolmannen osapuolen ohjelmistoihin.<\/p>\n\n<p>Aivie ei k\u00e4sittele asiakkaidensa tietoja. Tietyiss\u00e4 tapauksissa ja jos asiakas pyyt\u00e4\u00e4 sit\u00e4 Aivien tukipalvelun kautta, Aivie todenn\u00e4k\u00f6isesti s\u00e4ilytt\u00e4\u00e4 ja k\u00e4sittelee asiakkaidensa tietoja ainoastaan asiakkaan pyynn\u00f6n t\u00e4ytt\u00e4miseksi. <\/p>\n\n<h2 class=\"wp-block-heading\" id=\"h-aussetzung\">Jousitus  <\/h2>\n\n<p>Voimme keskeytt\u00e4\u00e4 Palvelun k\u00e4yt\u00f6n v\u00e4litt\u00f6m\u00e4sti, jos rikot t\u00e4t\u00e4 AUP:t\u00e4 tai et vastaa meille kohtuullisen ajan kuluessa siit\u00e4, kun olemme ottaneet sinuun yhteytt\u00e4 t\u00e4m\u00e4n AUP:n mahdollisesta rikkomisesta.  <\/p>\n\n<p>Voimme, mutta emme ole velvollisia poistamaan kielletty\u00e4 materiaalia ja kielt\u00e4m\u00e4\u00e4n p\u00e4\u00e4syn henkil\u00f6ilt\u00e4, jotka rikkovat t\u00e4t\u00e4 AUP:t\u00e4. Voimme ilman erillist\u00e4 ilmoitusta tarkistaa tai poistaa asiakastiedot tai asiakkaan materiaalit, jotka oman harkintamme mukaan rikkovat n\u00e4it\u00e4 ehtoja tai AUP:t\u00e4. Meill\u00e4 ei kuitenkaan ole velvollisuutta (ellei sovellettavissa laeissa ja m\u00e4\u00e4r\u00e4yksiss\u00e4 toisin vaadita) tarkastaa, valvoa tai muokata mit\u00e4\u00e4n Asiakastietoja tai Asiakasmateriaaleja. Pid\u00e4t\u00e4mme lis\u00e4ksi kaikki muut oikeudet.   <\/p>\n\n<p>Voimme my\u00f6s keskeytt\u00e4\u00e4 palvelun maksamattomien maksujen vuoksi. Ilmoitamme sinulle er\u00e4\u00e4ntyneiden m\u00e4\u00e4rien maksamatta j\u00e4tt\u00e4misest\u00e4. Jos koko summaa ei ole maksettu, voimme keskeytt\u00e4\u00e4 joidenkin tai kaikkien tilauspalvelujen k\u00e4yt\u00f6n kymmenen (10) p\u00e4iv\u00e4n kuluttua ilmoituksesta. Emme keskeyt\u00e4 tilauspalvelun k\u00e4ytt\u00f6\u00e4, jos perustelet ja vastustat hyv\u00e4ss\u00e4 uskossa kyseess\u00e4 olevien maksujen oikeellisuutta ja teet kohtuullista yhteisty\u00f6t\u00e4 kanssamme kiistanalaisen asian ratkaisemiseksi. Jos tilauspalvelu keskeytet\u00e4\u00e4n maksun laiminly\u00f6nnin vuoksi, voimme peri\u00e4 sinulta uudelleenaktivointimaksun tilauspalvelun uudelleenaktivoimisesta.    <\/p>\n\n<p>Voimme keskeytt\u00e4\u00e4, rajoittaa tai lopettaa ilmaispalvelut milloin tahansa, mist\u00e4 tahansa syyst\u00e4 ja ilman ennakkoilmoitusta. Voimme peruuttaa ilmaispalvelujen tilauksesi k\u00e4ytt\u00e4m\u00e4tt\u00f6myyden vuoksi. <\/p>\n\n<h2 class=\"wp-block-heading\" id=\"h-entschadigung\">Korvaus<\/h2>\n\n<p>Asiakkaiden on korvattava, puolustettava ja pidett\u00e4v\u00e4 meid\u00e4t ja tyt\u00e4ryhti\u00f6mme vahingoittumattomina kustannuksellaan kaikista meit\u00e4 (ja toimihenkil\u00f6it\u00e4mme, johtajiamme, ty\u00f6ntekij\u00f6it\u00e4mme, ty\u00f6ntekij\u00f6it\u00e4mme, edustajiamme, palveluntarjoajiamme, lisenssinantajiamme ja tyt\u00e4ryhti\u00f6it\u00e4mme) vastaan nostetuista vaateista, oikeudenk\u00e4ynneist\u00e4, kanteista ja oikeudenk\u00e4ynneist\u00e4 (yhdess\u00e4 &#8221;vaateet\u201d), jotka kolmas osapuoli, joka ei ole sidoksissa meihin tai tyt\u00e4ryhti\u00f6ihimme, silt\u00e4 osin kuin t\u00e4llainen kanne perustuu tai johtuu Tilauspalvelun luvattomasta tai laittomasta k\u00e4yt\u00f6st\u00e4, t\u00e4m\u00e4n Sopimuksen noudattamatta j\u00e4tt\u00e4misest\u00e4 tai rikkomisesta, asiakkaiden tai heid\u00e4n tyt\u00e4ryhti\u00f6idens\u00e4 k\u00e4ytt\u00e4mist\u00e4 kolmannen osapuolen tuotteista tai mink\u00e4 tahansa muun K\u00e4ytt\u00e4j\u00e4tietoja k\u00e4ytt\u00e4v\u00e4n henkil\u00f6n luvattomasta Tilauspalvelun k\u00e4yt\u00f6st\u00e4. johtuu siit\u00e4.  <\/p>\n\n<p>Jos saamme tiet\u00e4\u00e4 t\u00e4llaisesta vaateesta, ilmoitamme siit\u00e4 sinulle kirjallisesti kolmenkymmenen (30) p\u00e4iv\u00e4n kuluessa ja annamme sinulle yksinomaisen m\u00e4\u00e4r\u00e4ysvallan t\u00e4llaisen vaateen puolustamisessa tai selvitt\u00e4misess\u00e4, ja annamme (sinun kustannuksellasi) kaikki tiedot ja avun, jota voit kohtuudella pyyt\u00e4\u00e4 t\u00e4llaisen vaateen puolustamista tai selvitt\u00e4mist\u00e4 varten. Asiakkaat eiv\u00e4t saa hyv\u00e4ksy\u00e4 ilman etuk\u00e4teen antamaamme kirjallista suostumusta mit\u00e4\u00e4n sovintoratkaisua, joka luo meille velvoitteen, pakottaa meid\u00e4t tekem\u00e4\u00e4n my\u00f6nnytyksi\u00e4 tai luo vastuuvelvoitteita, joita n\u00e4m\u00e4 korvaukset eiv\u00e4t kata, tai asettaa meille rajoituksia. <\/p>\n\n<h2 class=\"wp-block-heading\" id=\"h-offenlegung\">Julkistaminen  <\/h2>\n\n<p>Pid\u00e4t\u00e4mme oikeuden luovuttaa mit\u00e4 tahansa tietoja milloin tahansa, jos laki, m\u00e4\u00e4r\u00e4ykset, oikeudellinen menettely tai hallituksen pyynt\u00f6 niin vaatii.  <\/p>\n\n<h2 class=\"wp-block-heading\" id=\"h-wirksamkeit\">Tehokkuus<\/h2>\n\n<p>Voimme p\u00e4ivitt\u00e4\u00e4 ja muuttaa t\u00e4t\u00e4 AUP:t\u00e4 kokonaan tai osittain, ja ilmoitamme siit\u00e4 sinulle julkaisemalla tarkistetun version verkkosivustollamme.  <\/p>\n\n<h2 class=\"wp-block-heading\" id=\"h-kontakt\">Ota yhteytt\u00e4<\/h2>\n\n<p>Onko sinulla kysytt\u00e4v\u00e4\u00e4 tai huolenaiheita hyv\u00e4ksytt\u00e4v\u00e4n k\u00e4yt\u00f6n k\u00e4yt\u00e4nn\u00f6st\u00e4? L\u00e4het\u00e4 meille viesti osoitteeseen <a href=\"mailto:legal@idea2.ch\">legal@aivie.ch<\/a> <\/p>\n\n<p><\/p>\n\n<p>Aivie by Idea 2 Collective GmbH<br\/>Wengistrasse 6<br\/>8004 Z\u00fcrich<\/p>\n","protected":false},"excerpt":{"rendered":"<p>Pid\u00e4 hauskaa Aivien kanssa \u2013 mutta pid\u00e4 todella hauskaa. Soveltamisala T\u00e4t\u00e4 hyv\u00e4ksytt\u00e4v\u00e4n k\u00e4yt\u00f6n k\u00e4yt\u00e4nt\u00f6\u00e4 (&#8221;AUP\u201d) sovelletaan kaikkien Aivien tarjoamien tuotteiden, palveluiden tai verkkosivustojen k\u00e4ytt\u00f6\u00f6n riippumatta siit\u00e4, tarjoammeko niit\u00e4 asiakkaille suoraan vai kolmannen osapuolen kautta. T\u00e4m\u00e4 AUP suojaa my\u00f6s kaikkien asiakkaidemme ja heid\u00e4n asiakkaidensa etuja sek\u00e4 liiketoimintamme mainetta ja mainetta. K\u00e4ytt\u00e4m\u00e4ll\u00e4 palveluitamme hyv\u00e4ksyt n\u00e4m\u00e4 ehdot. Jos &hellip; <a href=\"https:\/\/aivie.ch\/fi\/hyvaeksyttaevaeae-kaeyttoeae-koskeva-politiikka-2\/\" class=\"more-link\">Jatka lukemista <span class=\"screen-reader-text\">Hyv\u00e4ksytt\u00e4v\u00e4\u00e4 k\u00e4ytt\u00f6\u00e4 koskeva politiikka<\/span><\/a><\/p>\n","protected":false},"author":1,"featured_media":0,"parent":0,"menu_order":0,"comment_status":"closed","ping_status":"closed","template":"","meta":{"_acf_changed":false,"footnotes":""},"class_list":["post-26485","page","type-page","status-publish","hentry"],"acf":[],"featured_image_urls_v2":{"full":"","thumbnail":"","medium":"","medium_large":"","large":"","post-thumbnail":"","aiv_480w":"","woocommerce_thumbnail":"","woocommerce_single":"","woocommerce_gallery_thumbnail":""},"post_excerpt_stackable_v2":"<p>Pid\u00e4 hauskaa Aivien kanssa \u2013 mutta pid\u00e4 todella hauskaa. Soveltamisala T\u00e4t\u00e4 hyv\u00e4ksytt\u00e4v\u00e4n k\u00e4yt\u00f6n k\u00e4yt\u00e4nt\u00f6\u00e4 (&#8221;AUP\u201d) sovelletaan kaikkien Aivien tarjoamien tuotteiden, palveluiden tai verkkosivustojen k\u00e4ytt\u00f6\u00f6n riippumatta siit\u00e4, tarjoammeko niit\u00e4 asiakkaille suoraan vai kolmannen osapuolen kautta. T\u00e4m\u00e4 AUP suojaa my\u00f6s kaikkien asiakkaidemme ja heid\u00e4n asiakkaidensa etuja sek\u00e4 liiketoimintamme mainetta ja mainetta. K\u00e4ytt\u00e4m\u00e4ll\u00e4 palveluitamme hyv\u00e4ksyt n\u00e4m\u00e4 ehdot. Jos k\u00e4yt\u00e4t Aivie-palvelua, t\u00e4m\u00e4 AUP koskee sinua. Jokainen asiakkaamme sitoutuu noudattamaan t\u00e4t\u00e4 AUP:t\u00e4 ja on vastuussa mahdollisista rikkomuksista. Asiakkaat eiv\u00e4t saa tukea tai sitouttaa muita henkil\u00f6it\u00e4 mill\u00e4\u00e4n tavalla, joka rikkoo t\u00e4t\u00e4 AUP:t\u00e4. Valvomme ja varmistamme t\u00e4m\u00e4n AUP:n noudattamisen asianmukaisiksi katsomillamme menetelmill\u00e4, kuten valvomalla valituksia ja s\u00e4hk\u00f6postiviestej\u00e4,\u2026<\/p>\n","category_list_v2":"","author_info_v2":{"name":"Adrian Schimpf","url":"https:\/\/aivie.ch\/fi\/author\/adrian\/"},"comments_num_v2":"0 comments","_links":{"self":[{"href":"https:\/\/aivie.ch\/fi\/wp-json\/wp\/v2\/pages\/26485","targetHints":{"allow":["GET"]}}],"collection":[{"href":"https:\/\/aivie.ch\/fi\/wp-json\/wp\/v2\/pages"}],"about":[{"href":"https:\/\/aivie.ch\/fi\/wp-json\/wp\/v2\/types\/page"}],"author":[{"embeddable":true,"href":"https:\/\/aivie.ch\/fi\/wp-json\/wp\/v2\/users\/1"}],"replies":[{"embeddable":true,"href":"https:\/\/aivie.ch\/fi\/wp-json\/wp\/v2\/comments?post=26485"}],"version-history":[{"count":1,"href":"https:\/\/aivie.ch\/fi\/wp-json\/wp\/v2\/pages\/26485\/revisions"}],"predecessor-version":[{"id":26488,"href":"https:\/\/aivie.ch\/fi\/wp-json\/wp\/v2\/pages\/26485\/revisions\/26488"}],"wp:attachment":[{"href":"https:\/\/aivie.ch\/fi\/wp-json\/wp\/v2\/media?parent=26485"}],"curies":[{"name":"wp","href":"https:\/\/api.w.org\/{rel}","templated":true}]}}