{"id":26477,"date":"2026-01-11T14:13:50","date_gmt":"2026-01-11T12:13:50","guid":{"rendered":"https:\/\/aivie.ch\/ostoskori\/"},"modified":"2026-01-11T14:13:55","modified_gmt":"2026-01-11T12:13:55","slug":"ostoskori","status":"publish","type":"page","link":"https:\/\/aivie.ch\/fi\/ostoskori\/","title":{"rendered":"Ostoskori"},"content":{"rendered":"\n<div data-block-name=\"woocommerce\/cart\" class=\"wp-block-woocommerce-cart alignwide is-loading\">\n<div data-block-name=\"woocommerce\/filled-cart-block\" class=\"wp-block-woocommerce-filled-cart-block\">\n<div data-block-name=\"woocommerce\/cart-items-block\" class=\"wp-block-woocommerce-cart-items-block\">\n<div data-block-name=\"woocommerce\/cart-line-items-block\" data-translated-with-w-p-m-l-t-m=\"1\" class=\"wp-block-woocommerce-cart-line-items-block\"\/>\n\n\n\n<div data-block-name=\"woocommerce\/cart-cross-sells-block\" class=\"wp-block-woocommerce-cart-cross-sells-block\">\n<h2 class=\"wp-block-heading has-large-font-size\">Saatat olla kiinnostunut&#8230;<\/h2>\n\n\n\n<div data-block-name=\"woocommerce\/cart-cross-sells-products-block\" data-translated-with-w-p-m-l-t-m=\"1\" class=\"wp-block-woocommerce-cart-cross-sells-products-block\"\/>\n<\/div>\n<\/div>\n\n\n\n<div data-block-name=\"woocommerce\/cart-totals-block\" class=\"wp-block-woocommerce-cart-totals-block\">\n<div data-block-name=\"woocommerce\/cart-order-summary-block\" class=\"wp-block-woocommerce-cart-order-summary-block\">\n<div data-block-name=\"woocommerce\/cart-order-summary-heading-block\" class=\"wp-block-woocommerce-cart-order-summary-heading-block\"><\/div>\n\n\n\n<div data-block-name=\"woocommerce\/cart-order-summary-coupon-form-block\" data-translated-with-w-p-m-l-t-m=\"1\" class=\"wp-block-woocommerce-cart-order-summary-coupon-form-block\"\/>\n\n\n\n<div data-block-name=\"woocommerce\/cart-order-summary-totals-block\" class=\"wp-block-woocommerce-cart-order-summary-totals-block\">\n<div data-block-name=\"woocommerce\/cart-order-summary-subtotal-block\" data-translated-with-w-p-m-l-t-m=\"1\" class=\"wp-block-woocommerce-cart-order-summary-subtotal-block\"\/>\n\n\n\n<div data-block-name=\"woocommerce\/cart-order-summary-fee-block\" data-translated-with-w-p-m-l-t-m=\"1\" class=\"wp-block-woocommerce-cart-order-summary-fee-block\"\/>\n\n\n\n<div data-block-name=\"woocommerce\/cart-order-summary-discount-block\" data-translated-with-w-p-m-l-t-m=\"1\" class=\"wp-block-woocommerce-cart-order-summary-discount-block\"\/>\n\n\n\n<div data-block-name=\"woocommerce\/cart-order-summary-shipping-block\" data-translated-with-w-p-m-l-t-m=\"1\" class=\"wp-block-woocommerce-cart-order-summary-shipping-block\"\/>\n\n\n\n<div data-block-name=\"woocommerce\/cart-order-summary-taxes-block\" data-translated-with-w-p-m-l-t-m=\"1\" class=\"wp-block-woocommerce-cart-order-summary-taxes-block\"\/>\n<\/div>\n<\/div>\n\n\n\n<div data-block-name=\"woocommerce\/cart-express-payment-block\" data-translated-with-w-p-m-l-t-m=\"1\" class=\"wp-block-woocommerce-cart-express-payment-block\"\/>\n\n\n\n<div data-block-name=\"woocommerce\/proceed-to-checkout-block\" class=\"wp-block-woocommerce-proceed-to-checkout-block\"><\/div>\n\n\n\n<div data-block-name=\"woocommerce\/cart-accepted-payment-methods-block\" data-translated-with-w-p-m-l-t-m=\"1\" class=\"wp-block-woocommerce-cart-accepted-payment-methods-block\"\/>\n<\/div>\n<\/div>\n\n\n\n<div data-block-name=\"woocommerce\/empty-cart-block\" class=\"wp-block-woocommerce-empty-cart-block\">\n<h2 class=\"wp-block-heading has-text-align-center with-empty-cart-icon wc-block-cart__empty-cart__title\">Ostoskorisi on t\u00e4ll\u00e4 hetkell\u00e4 tyhj\u00e4!<\/h2>\n\n\n\n<p class=\"has-text-align-center\"><a href=\"https:\/\/aivie.ch\/shop\/\">Selaa myym\u00e4l\u00e4\u00e4<\/a><\/p>\n\n\n\n<hr class=\"wp-block-separator has-alpha-channel-opacity is-style-dots\"\/>\n\n\n\n<h2 class=\"wp-block-heading has-text-align-center\">Uutta myym\u00e4l\u00e4ss\u00e4<\/h2>\n\n\n<div data-block-name=\"woocommerce\/product-new\" data-columns=\"4\" data-rows=\"1\" class=\"wc-block-grid wp-block-product-new wp-block-woocommerce-product-new wc-block-product-new has-4-columns\"><ul class=\"wc-block-grid__products\"><li class=\"wc-block-grid__product\"><span class=\"gtm4wp_productdata\" style=\"display:none; visibility:hidden;\" data-gtm4wp_product_data=\"{&quot;internal_id&quot;:29597,&quot;item_id&quot;:29597,&quot;item_name&quot;:&quot;Aivie Mautic -verkkokauppa-lis\\u00e4osa: k\\u00e4yt\\u00e4 vihdoin verkkokauppatietoja markkinoinnin automaatiokampanjoissa.&quot;,&quot;sku&quot;:29597,&quot;price&quot;:429,&quot;stocklevel&quot;:null,&quot;stockstatus&quot;:&quot;instock&quot;,&quot;google_business_vertical&quot;:&quot;retail&quot;,&quot;item_category&quot;:&quot;Lis\\u00e4osa&quot;,&quot;id&quot;:29597,&quot;item_brand&quot;:&quot;Mautic-liit\\u00e4nn\\u00e4inen&quot;,&quot;productlink&quot;:&quot;https:\\\/\\\/aivie.ch\\\/fi\\\/tuote\\\/aivie-mautic-verkkokauppa-lisaeosa-kaeytae-vihdoin-verkkokauppatietoja-markkinoinnin-automaatiokampanjoissa\\\/&quot;,&quot;item_list_name&quot;:&quot;General Product List&quot;,&quot;index&quot;:0,&quot;product_type&quot;:&quot;variable-subscription&quot;}\"><\/span>\n\t\t\t\t<a href=\"https:\/\/aivie.ch\/fi\/tuote\/aivie-mautic-verkkokauppa-lisaeosa-kaeytae-vihdoin-verkkokauppatietoja-markkinoinnin-automaatiokampanjoissa\/\" class=\"wc-block-grid__product-link\">\n\t\t\t\t\t\n\t\t\t\t\t<div class=\"wc-block-grid__product-image\"><img loading=\"lazy\" decoding=\"async\" width=\"240\" height=\"240\" src=\"https:\/\/cdn.aivie.ch\/media\/wp\/2026\/04\/09214722\/E-Commerce-in-Aivie-Marketing-Automation-240x240.jpg\" class=\"attachment-woocommerce_thumbnail size-woocommerce_thumbnail\" alt=\"Verkkokauppa Aivie-markkinoinnin automaatiossa\" title=\"\"><\/div>\n\t\t\t\t\t<div class=\"wc-block-grid__product-title\">Aivie Mautic -verkkokauppa-lis\u00e4osa: k\u00e4yt\u00e4 vihdoin verkkokauppatietoja markkinoinnin automaatiokampanjoissa.<\/div>\n\t\t\t\t<\/a>\n\t\t\t\t<div class=\"wc-block-grid__product-price price\"><span class=\"from\">Alkaen: <\/span><span class=\"woocommerce-Price-amount amount\"><span class=\"woocommerce-Price-currencySymbol\">&#036;<\/span>429.00<\/span> <span class=\"subscription-details\"> \/ year ja 7-p\u00e4iv\u00e4n ilmainen kokeilujakso<\/span><\/div>\n\t\t\t\t\n\t\t\t\t<div class=\"wp-block-button wc-block-grid__product-add-to-cart\"><a href=\"https:\/\/aivie.ch\/fi\/tuote\/aivie-mautic-verkkokauppa-lisaeosa-kaeytae-vihdoin-verkkokauppatietoja-markkinoinnin-automaatiokampanjoissa\/\" aria-label=\"Valitse valinnat &ldquo;Aivie Mautic -verkkokauppa-lis\u00e4osa: k\u00e4yt\u00e4 vihdoin verkkokauppatietoja markkinoinnin automaatiokampanjoissa.&rdquo;\" data-quantity=\"1\" data-product_id=\"29597\" data-product_sku=\"\" data-price=\"429\" rel=\"nofollow\" class=\"wp-block-button__link  add_to_cart_button\">Valitse vaihtoehdoista<\/a><\/div>\n\t\t\t<\/li><li class=\"wc-block-grid__product\"><span class=\"gtm4wp_productdata\" style=\"display:none; visibility:hidden;\" data-gtm4wp_product_data=\"{&quot;internal_id&quot;:29556,&quot;item_id&quot;:29556,&quot;item_name&quot;:&quot;Aivie\\\/Mautic Stripe-lis\\u00e4osa: K\\u00e4yt\\u00e4 Stripe-maksuja automaattisesti markkinoinnissasi.&quot;,&quot;sku&quot;:29556,&quot;price&quot;:319,&quot;stocklevel&quot;:null,&quot;stockstatus&quot;:&quot;instock&quot;,&quot;google_business_vertical&quot;:&quot;retail&quot;,&quot;item_category&quot;:&quot;Lis\\u00e4osa&quot;,&quot;id&quot;:29556,&quot;item_brand&quot;:&quot;Mautic-liit\\u00e4nn\\u00e4inen&quot;,&quot;productlink&quot;:&quot;https:\\\/\\\/aivie.ch\\\/fi\\\/tuote\\\/aivie-mautic-stripe-lisaeosa-kaeytae-stripe-maksuja-automaattisesti-markkinoinnissasi\\\/&quot;,&quot;item_list_name&quot;:&quot;General Product List&quot;,&quot;index&quot;:0,&quot;product_type&quot;:&quot;variable-subscription&quot;}\"><\/span>\n\t\t\t\t<a href=\"https:\/\/aivie.ch\/fi\/tuote\/aivie-mautic-stripe-lisaeosa-kaeytae-stripe-maksuja-automaattisesti-markkinoinnissasi\/\" class=\"wc-block-grid__product-link\">\n\t\t\t\t\t\n\t\t\t\t\t<div class=\"wc-block-grid__product-image\"><img loading=\"lazy\" decoding=\"async\" width=\"240\" height=\"240\" src=\"https:\/\/cdn.aivie.ch\/media\/wp\/2026\/04\/09144854\/aivie-mautic-stripe-integration-plugin-240x240.png\" class=\"attachment-woocommerce_thumbnail size-woocommerce_thumbnail\" alt=\"Aivie Mautic Stripe-integraatioliit\u00e4nn\u00e4isen lis\u00e4osa\" title=\"\"><\/div>\n\t\t\t\t\t<div class=\"wc-block-grid__product-title\">Aivie\/Mautic Stripe-lis\u00e4osa: K\u00e4yt\u00e4 Stripe-maksuja automaattisesti markkinoinnissasi.<\/div>\n\t\t\t\t<\/a>\n\t\t\t\t<div class=\"wc-block-grid__product-price price\"><span class=\"from\">Alkaen: <\/span><span class=\"woocommerce-Price-amount amount\"><span class=\"woocommerce-Price-currencySymbol\">&#036;<\/span>319.00<\/span> <span class=\"subscription-details\"> \/ year ja 7-p\u00e4iv\u00e4n ilmainen kokeilujakso<\/span><\/div>\n\t\t\t\t\n\t\t\t\t<div class=\"wp-block-button wc-block-grid__product-add-to-cart\"><a href=\"https:\/\/aivie.ch\/fi\/tuote\/aivie-mautic-stripe-lisaeosa-kaeytae-stripe-maksuja-automaattisesti-markkinoinnissasi\/\" aria-label=\"Valitse valinnat &ldquo;Aivie\/Mautic Stripe-lis\u00e4osa: K\u00e4yt\u00e4 Stripe-maksuja automaattisesti markkinoinnissasi.&rdquo;\" data-quantity=\"1\" data-product_id=\"29556\" data-product_sku=\"\" data-price=\"319\" rel=\"nofollow\" class=\"wp-block-button__link  add_to_cart_button\">Valitse vaihtoehdoista<\/a><\/div>\n\t\t\t<\/li><li class=\"wc-block-grid__product\"><span class=\"gtm4wp_productdata\" style=\"display:none; visibility:hidden;\" data-gtm4wp_product_data=\"{&quot;internal_id&quot;:29541,&quot;item_id&quot;:29541,&quot;item_name&quot;:&quot;S\\u00e4hk\\u00f6postiarkisto - Tallenna kaikki s\\u00e4hk\\u00f6postit automaattisesti CRM:\\u00e4\\u00e4n (Aivie Mautic -lis\\u00e4osa).&quot;,&quot;sku&quot;:29541,&quot;price&quot;:429,&quot;stocklevel&quot;:null,&quot;stockstatus&quot;:&quot;instock&quot;,&quot;google_business_vertical&quot;:&quot;retail&quot;,&quot;item_category&quot;:&quot;Lis\\u00e4osa&quot;,&quot;id&quot;:29541,&quot;item_brand&quot;:&quot;Mautic-liit\\u00e4nn\\u00e4inen&quot;,&quot;productlink&quot;:&quot;https:\\\/\\\/aivie.ch\\\/fi\\\/tuote\\\/mautic-e-mail-inbox-plugin-tallenna-kaikki-saehkoepostit-automaattisesti-crmaeaen\\\/&quot;,&quot;item_list_name&quot;:&quot;General Product List&quot;,&quot;index&quot;:0,&quot;product_type&quot;:&quot;variable-subscription&quot;}\"><\/span>\n\t\t\t\t<a href=\"https:\/\/aivie.ch\/fi\/tuote\/mautic-e-mail-inbox-plugin-tallenna-kaikki-saehkoepostit-automaattisesti-crmaeaen\/\" class=\"wc-block-grid__product-link\">\n\t\t\t\t\t\n\t\t\t\t\t<div class=\"wc-block-grid__product-image\"><img loading=\"lazy\" decoding=\"async\" width=\"240\" height=\"240\" src=\"https:\/\/cdn.aivie.ch\/media\/wp\/2025\/10\/03190708\/Gespraechsnotizen-direkt-per-email-ins-CRM-240x240.jpg\" class=\"attachment-woocommerce_thumbnail size-woocommerce_thumbnail\" alt=\"Puhelujen muistiinpanot suoraan CRM:\u00e4\u00e4n s\u00e4hk\u00f6postitse\" title=\"\"><\/div>\n\t\t\t\t\t<div class=\"wc-block-grid__product-title\">S\u00e4hk\u00f6postiarkisto \u2013 Tallenna kaikki s\u00e4hk\u00f6postit automaattisesti CRM:\u00e4\u00e4n (Aivie Mautic -lis\u00e4osa).<\/div>\n\t\t\t\t<\/a>\n\t\t\t\t<div class=\"wc-block-grid__product-price price\"><span class=\"woocommerce-Price-amount amount\"><span class=\"woocommerce-Price-currencySymbol\">&#036;<\/span>429.00<\/span> <span class=\"subscription-details\"> \/ month<\/span><\/div>\n\t\t\t\t\n\t\t\t\t<div class=\"wp-block-button wc-block-grid__product-add-to-cart\"><a href=\"https:\/\/aivie.ch\/fi\/tuote\/mautic-e-mail-inbox-plugin-tallenna-kaikki-saehkoepostit-automaattisesti-crmaeaen\/\" aria-label=\"Valitse valinnat &ldquo;S\u00e4hk\u00f6postiarkisto - Tallenna kaikki s\u00e4hk\u00f6postit automaattisesti CRM:\u00e4\u00e4n (Aivie Mautic -lis\u00e4osa).&rdquo;\" data-quantity=\"1\" data-product_id=\"29541\" data-product_sku=\"\" data-price=\"429\" rel=\"nofollow\" class=\"wp-block-button__link  add_to_cart_button\">Valitse vaihtoehdoista<\/a><\/div>\n\t\t\t<\/li><li class=\"wc-block-grid__product\"><span class=\"gtm4wp_productdata\" style=\"display:none; visibility:hidden;\" data-gtm4wp_product_data=\"{&quot;internal_id&quot;:29318,&quot;item_id&quot;:29318,&quot;item_name&quot;:&quot;Aivie Mautic App - Mautic CRM liikkeell\\u00e4 ollessasi&quot;,&quot;sku&quot;:29318,&quot;price&quot;:5.5,&quot;stocklevel&quot;:null,&quot;stockstatus&quot;:&quot;instock&quot;,&quot;google_business_vertical&quot;:&quot;retail&quot;,&quot;item_category&quot;:&quot;Valkoinen etiketti&quot;,&quot;id&quot;:29318,&quot;item_brand&quot;:&quot;Mautic-liit\\u00e4nn\\u00e4inen&quot;,&quot;productlink&quot;:&quot;https:\\\/\\\/aivie.ch\\\/fi\\\/tuote\\\/mautic-crm-mobile-app-mautic-crm-liikkeellae-mukana\\\/&quot;,&quot;item_list_name&quot;:&quot;General Product List&quot;,&quot;index&quot;:0,&quot;product_type&quot;:&quot;subscription&quot;}\"><\/span>\n\t\t\t\t<a href=\"https:\/\/aivie.ch\/fi\/tuote\/mautic-crm-mobile-app-mautic-crm-liikkeellae-mukana\/\" class=\"wc-block-grid__product-link\">\n\t\t\t\t\t\n\t\t\t\t\t<div class=\"wc-block-grid__product-image\"><img loading=\"lazy\" decoding=\"async\" width=\"240\" height=\"240\" src=\"https:\/\/cdn.aivie.ch\/media\/wp\/2026\/03\/11221449\/mobile-crm-mautic-aivie-app-robert-240x240.png\" class=\"attachment-woocommerce_thumbnail size-woocommerce_thumbnail\" alt=\"Mobile CRM Mautic by Aivie App - Robert\" title=\"\"><\/div>\n\t\t\t\t\t<div class=\"wc-block-grid__product-title\">Aivie Mautic App \u2013 Mautic CRM liikkeell\u00e4 ollessasi<\/div>\n\t\t\t\t<\/a>\n\t\t\t\t<div class=\"wc-block-grid__product-price price\"><span class=\"woocommerce-Price-amount amount\"><span class=\"woocommerce-Price-currencySymbol\">&#036;<\/span>5.50<\/span> <span class=\"subscription-details\"> \/ month ja 7-p\u00e4iv\u00e4n ilmainen kokeilujakso<\/span><\/div>\n\t\t\t\t\n\t\t\t\t<div class=\"wp-block-button wc-block-grid__product-add-to-cart\"><a href=\"\/fi\/wp-json\/wp\/v2\/pages\/26477?add-to-cart=29318\" aria-label=\"Tilaa nyt: &ldquo;Aivie Mautic App - Mautic CRM liikkeell\u00e4 ollessasi&rdquo;\" data-quantity=\"1\" data-product_id=\"29318\" data-product_sku=\"\" data-price=\"5.5\" rel=\"nofollow\" class=\"wp-block-button__link  add_to_cart_button ajax_add_to_cart\">Tilaa nyt<\/a><\/div>\n\t\t\t<\/li><\/ul><\/div><\/div>\n<\/div>\n","protected":false},"excerpt":{"rendered":"","protected":false},"author":1,"featured_media":0,"parent":0,"menu_order":0,"comment_status":"closed","ping_status":"closed","template":"","meta":{"_acf_changed":false,"footnotes":""},"class_list":["post-26477","page","type-page","status-publish","hentry"],"acf":[],"featured_image_urls_v2":{"full":"","thumbnail":"","medium":"","medium_large":"","large":"","post-thumbnail":"","aiv_480w":"","woocommerce_thumbnail":"","woocommerce_single":"","woocommerce_gallery_thumbnail":""},"post_excerpt_stackable_v2":"<p>Saatat olla kiinnostunut&#8230; Ostoskorisi on t\u00e4ll\u00e4 hetkell\u00e4 tyhj\u00e4! Selaa myym\u00e4l\u00e4\u00e4 Uutta myym\u00e4l\u00e4ss\u00e4 Aivie Mautic -verkkokauppa-lis\u00e4osa: k\u00e4yt\u00e4 vihdoin verkkokauppatietoja markkinoinnin automaatiokampanjoissa. Alkaen: &#036;429.00 \/ year ja 7-p\u00e4iv\u00e4n ilmainen kokeilujakso Valitse vaihtoehdoista Aivie\/Mautic Stripe-lis\u00e4osa: K\u00e4yt\u00e4 Stripe-maksuja automaattisesti markkinoinnissasi. Alkaen: &#036;319.00 \/ year ja 7-p\u00e4iv\u00e4n ilmainen kokeilujakso Valitse vaihtoehdoista S\u00e4hk\u00f6postiarkisto \u2013 Tallenna kaikki s\u00e4hk\u00f6postit automaattisesti CRM:\u00e4\u00e4n (Aivie Mautic -lis\u00e4osa). &#036;429.00 \/ month Valitse vaihtoehdoista Aivie Mautic App \u2013 Mautic CRM liikkeell\u00e4 ollessasi &#036;5.50 \/ month ja 7-p\u00e4iv\u00e4n ilmainen kokeilujakso Tilaa nyt<\/p>\n","category_list_v2":"","author_info_v2":{"name":"Adrian Schimpf","url":"https:\/\/aivie.ch\/fi\/author\/adrian\/"},"comments_num_v2":"0 comments","_links":{"self":[{"href":"https:\/\/aivie.ch\/fi\/wp-json\/wp\/v2\/pages\/26477","targetHints":{"allow":["GET"]}}],"collection":[{"href":"https:\/\/aivie.ch\/fi\/wp-json\/wp\/v2\/pages"}],"about":[{"href":"https:\/\/aivie.ch\/fi\/wp-json\/wp\/v2\/types\/page"}],"author":[{"embeddable":true,"href":"https:\/\/aivie.ch\/fi\/wp-json\/wp\/v2\/users\/1"}],"replies":[{"embeddable":true,"href":"https:\/\/aivie.ch\/fi\/wp-json\/wp\/v2\/comments?post=26477"}],"version-history":[{"count":1,"href":"https:\/\/aivie.ch\/fi\/wp-json\/wp\/v2\/pages\/26477\/revisions"}],"predecessor-version":[{"id":26480,"href":"https:\/\/aivie.ch\/fi\/wp-json\/wp\/v2\/pages\/26477\/revisions\/26480"}],"wp:attachment":[{"href":"https:\/\/aivie.ch\/fi\/wp-json\/wp\/v2\/media?parent=26477"}],"curies":[{"name":"wp","href":"https:\/\/api.w.org\/{rel}","templated":true}]}}