{"id":26470,"date":"2026-01-11T14:13:46","date_gmt":"2026-01-11T12:13:46","guid":{"rendered":"https:\/\/aivie.ch\/kaeyttaejaetili\/"},"modified":"2026-01-11T14:13:49","modified_gmt":"2026-01-11T12:13:49","slug":"kaeyttaejaetili","status":"publish","type":"page","link":"https:\/\/aivie.ch\/fi\/kaeyttaejaetili\/","title":{"rendered":"K\u00e4ytt\u00e4j\u00e4tili"},"content":{"rendered":"<div class=\"woocommerce\"><\/div>\n\n\n\n<div class=\"wp-block-stackable-spacer stk-block-spacer stk--no-padding stk-block stk-fbf5f1b\" data-block-id=\"fbf5f1b\"><style>.stk-fbf5f1b{height:80px !important}<\/style><\/div>\n","protected":false},"excerpt":{"rendered":"","protected":false},"author":1,"featured_media":0,"parent":0,"menu_order":0,"comment_status":"closed","ping_status":"closed","template":"","meta":{"_acf_changed":false,"footnotes":""},"class_list":["post-26470","page","type-page","status-publish","hentry"],"acf":[],"featured_image_urls_v2":{"full":"","thumbnail":"","medium":"","medium_large":"","large":"","post-thumbnail":"","aiv_480w":"","woocommerce_thumbnail":"","woocommerce_single":"","woocommerce_gallery_thumbnail":""},"post_excerpt_stackable_v2":"","category_list_v2":"","author_info_v2":{"name":"Adrian Schimpf","url":"https:\/\/aivie.ch\/fi\/author\/adrian\/"},"comments_num_v2":"0 comments","_links":{"self":[{"href":"https:\/\/aivie.ch\/fi\/wp-json\/wp\/v2\/pages\/26470","targetHints":{"allow":["GET"]}}],"collection":[{"href":"https:\/\/aivie.ch\/fi\/wp-json\/wp\/v2\/pages"}],"about":[{"href":"https:\/\/aivie.ch\/fi\/wp-json\/wp\/v2\/types\/page"}],"author":[{"embeddable":true,"href":"https:\/\/aivie.ch\/fi\/wp-json\/wp\/v2\/users\/1"}],"replies":[{"embeddable":true,"href":"https:\/\/aivie.ch\/fi\/wp-json\/wp\/v2\/comments?post=26470"}],"version-history":[{"count":1,"href":"https:\/\/aivie.ch\/fi\/wp-json\/wp\/v2\/pages\/26470\/revisions"}],"predecessor-version":[{"id":26472,"href":"https:\/\/aivie.ch\/fi\/wp-json\/wp\/v2\/pages\/26470\/revisions\/26472"}],"wp:attachment":[{"href":"https:\/\/aivie.ch\/fi\/wp-json\/wp\/v2\/media?parent=26470"}],"curies":[{"name":"wp","href":"https:\/\/api.w.org\/{rel}","templated":true}]}}