{"id":26467,"date":"2026-01-11T14:13:44","date_gmt":"2026-01-11T12:13:44","guid":{"rendered":"https:\/\/aivie.ch\/kiitos-kiinnostuksestasi-tarkista-saehkoepostisi\/"},"modified":"2026-01-11T14:13:54","modified_gmt":"2026-01-11T12:13:54","slug":"kiitos-kiinnostuksestasi-tarkista-saehkoepostisi","status":"publish","type":"page","link":"https:\/\/aivie.ch\/fi\/kiitos-kiinnostuksestasi-tarkista-saehkoepostisi\/","title":{"rendered":"Kiitos kiinnostuksestasi! Tarkista s\u00e4hk\u00f6postisi."},"content":{"rendered":"\n<p>S\u00e4hk\u00f6postin saapuminen voi kest\u00e4\u00e4 muutaman minuutin. Tarkista my\u00f6s roskapostikansiosi ja lis\u00e4\u00e4 meid\u00e4t osoitekirjaasi. <\/p>\n<div class=\"mautic-slot\" data-slot-name=\"meet-the-owner\"><\/div>\n","protected":false},"excerpt":{"rendered":"<p>S\u00e4hk\u00f6postin saapuminen voi kest\u00e4\u00e4 muutaman minuutin. Tarkista my\u00f6s roskapostikansiosi ja lis\u00e4\u00e4 meid\u00e4t osoitekirjaasi.<\/p>\n","protected":false},"author":1,"featured_media":0,"parent":0,"menu_order":0,"comment_status":"closed","ping_status":"closed","template":"","meta":{"_acf_changed":false,"footnotes":""},"class_list":["post-26467","page","type-page","status-publish","hentry"],"acf":[],"featured_image_urls_v2":{"full":"","thumbnail":"","medium":"","medium_large":"","large":"","post-thumbnail":"","aiv_480w":"","woocommerce_thumbnail":"","woocommerce_single":"","woocommerce_gallery_thumbnail":""},"post_excerpt_stackable_v2":"<p>S\u00e4hk\u00f6postin saapuminen voi kest\u00e4\u00e4 muutaman minuutin. Tarkista my\u00f6s roskapostikansiosi ja lis\u00e4\u00e4 meid\u00e4t osoitekirjaasi.<\/p>\n","category_list_v2":"","author_info_v2":{"name":"Adrian Schimpf","url":"https:\/\/aivie.ch\/fi\/author\/adrian\/"},"comments_num_v2":"0 comments","_links":{"self":[{"href":"https:\/\/aivie.ch\/fi\/wp-json\/wp\/v2\/pages\/26467","targetHints":{"allow":["GET"]}}],"collection":[{"href":"https:\/\/aivie.ch\/fi\/wp-json\/wp\/v2\/pages"}],"about":[{"href":"https:\/\/aivie.ch\/fi\/wp-json\/wp\/v2\/types\/page"}],"author":[{"embeddable":true,"href":"https:\/\/aivie.ch\/fi\/wp-json\/wp\/v2\/users\/1"}],"replies":[{"embeddable":true,"href":"https:\/\/aivie.ch\/fi\/wp-json\/wp\/v2\/comments?post=26467"}],"version-history":[{"count":1,"href":"https:\/\/aivie.ch\/fi\/wp-json\/wp\/v2\/pages\/26467\/revisions"}],"predecessor-version":[{"id":26468,"href":"https:\/\/aivie.ch\/fi\/wp-json\/wp\/v2\/pages\/26467\/revisions\/26468"}],"wp:attachment":[{"href":"https:\/\/aivie.ch\/fi\/wp-json\/wp\/v2\/media?parent=26467"}],"curies":[{"name":"wp","href":"https:\/\/api.w.org\/{rel}","templated":true}]}}