{"id":26465,"date":"2026-01-11T14:13:43","date_gmt":"2026-01-11T12:13:43","guid":{"rendered":"https:\/\/aivie.ch\/hyvaeksyttaevaeae-kaeyttoeae-koskeva-politiikka\/"},"modified":"2026-01-11T14:13:43","modified_gmt":"2026-01-11T12:13:43","slug":"hyvaeksyttaevaeae-kaeyttoeae-koskeva-politiikka","status":"publish","type":"page","link":"https:\/\/aivie.ch\/fi\/hyvaeksyttaevaeae-kaeyttoeae-koskeva-politiikka\/","title":{"rendered":"Hyv\u00e4ksytt\u00e4v\u00e4\u00e4 k\u00e4ytt\u00f6\u00e4 koskeva politiikka"},"content":{"rendered":"","protected":false},"excerpt":{"rendered":"","protected":false},"author":1,"featured_media":0,"parent":0,"menu_order":0,"comment_status":"closed","ping_status":"closed","template":"","meta":{"_acf_changed":false,"footnotes":""},"class_list":["post-26465","page","type-page","status-publish","hentry"],"acf":[],"featured_image_urls_v2":{"full":"","thumbnail":"","medium":"","medium_large":"","large":"","post-thumbnail":"","aiv_480w":"","woocommerce_thumbnail":"","woocommerce_single":"","woocommerce_gallery_thumbnail":""},"post_excerpt_stackable_v2":"","category_list_v2":"","author_info_v2":{"name":"Adrian Schimpf","url":"https:\/\/aivie.ch\/fi\/author\/adrian\/"},"comments_num_v2":"0 comments","_links":{"self":[{"href":"https:\/\/aivie.ch\/fi\/wp-json\/wp\/v2\/pages\/26465","targetHints":{"allow":["GET"]}}],"collection":[{"href":"https:\/\/aivie.ch\/fi\/wp-json\/wp\/v2\/pages"}],"about":[{"href":"https:\/\/aivie.ch\/fi\/wp-json\/wp\/v2\/types\/page"}],"author":[{"embeddable":true,"href":"https:\/\/aivie.ch\/fi\/wp-json\/wp\/v2\/users\/1"}],"replies":[{"embeddable":true,"href":"https:\/\/aivie.ch\/fi\/wp-json\/wp\/v2\/comments?post=26465"}],"version-history":[{"count":0,"href":"https:\/\/aivie.ch\/fi\/wp-json\/wp\/v2\/pages\/26465\/revisions"}],"wp:attachment":[{"href":"https:\/\/aivie.ch\/fi\/wp-json\/wp\/v2\/media?parent=26465"}],"curies":[{"name":"wp","href":"https:\/\/api.w.org\/{rel}","templated":true}]}}