{"id":26424,"date":"2026-01-11T14:13:28","date_gmt":"2026-01-11T12:13:28","guid":{"rendered":"https:\/\/aivie.ch\/digitaalinen-liidien-tuottaminen-teknologiayrityksille\/"},"modified":"2026-01-11T14:13:39","modified_gmt":"2026-01-11T12:13:39","slug":"digitaalinen-liidien-tuottaminen-teknologiayrityksille","status":"publish","type":"page","link":"https:\/\/aivie.ch\/fi\/digitaalinen-liidien-tuottaminen-teknologiayrityksille\/","title":{"rendered":"Digitaalinen liidien tuottaminen teknologiayrityksille"},"content":{"rendered":"\n<div class=\"alignfull wp-block-ugb-columns ugb-columns ugb-f174274 ugb-columns--design-plain ugb-columns--columns-2 ugb-main-block ugb-main-block--inner-center ugb--has-block-background ugb--has-background-overlay\"><style>.ugb-f174274 > .ugb-inner-block > .ugb-block-content > .ugb-columns__item{grid-template-columns:0.88fr 1.12fr !important}.ugb-f174274.ugb-columns{background-image:url(https:\/\/cdn.aivie.ch\/media\/wp\/2021\/06\/19131702\/pattern-company-960w.png);background-position:top left;background-repeat:no-repeat;background-size:47% !important}.ugb-f174274.ugb-columns:before{opacity:0.5}<\/style><div class=\"ugb-inner-block ugb-inner-block--center\"><div class=\"ugb-block-content\"><div class=\"ugb-columns__item ugb-f174274-content-wrapper\">\n<div class=\"wp-block-ugb-column ugb-column ugb-3b6a10a ugb-column--design-plain ugb-main-block\"><div class=\"ugb-inner-block\"><div class=\"ugb-block-content\"><div class=\"ugb-column__item ugb-3b6a10a-column-wrapper\"><div class=\"ugb-column__content-wrapper\">\n<figure class=\"wp-block-image size-full\"><img loading=\"lazy\" decoding=\"async\" width=\"1200\" height=\"840\" src=\"https:\/\/cdn.aivie.ch\/media\/wp\/2021\/10\/19131518\/discussing-sales-funnel-marketing1200w.jpg\" alt=\"\" class=\"wp-image-2736\" title=\"\" srcset=\"https:\/\/cdn.aivie.ch\/media\/wp\/2021\/10\/19131518\/discussing-sales-funnel-marketing1200w.jpg 1200w, https:\/\/cdn.aivie.ch\/media\/wp\/2021\/10\/19131518\/discussing-sales-funnel-marketing1200w-960x672.jpg 960w, https:\/\/cdn.aivie.ch\/media\/wp\/2021\/10\/19131518\/discussing-sales-funnel-marketing1200w-768x538.jpg 768w, https:\/\/cdn.aivie.ch\/media\/wp\/2021\/10\/19131518\/discussing-sales-funnel-marketing1200w-480x336.jpg 480w, https:\/\/cdn.aivie.ch\/media\/wp\/2021\/10\/19131518\/discussing-sales-funnel-marketing1200w-600x420.jpg 600w\" sizes=\"auto, (max-width: 1200px) 100vw, 1200px\" \/><\/figure>\n<\/div><\/div><\/div><\/div><\/div>\n\n\n\n<div class=\"wp-block-ugb-column ugb-column ugb-e4b2525 ugb-column--design-plain ugb-main-block\"><style>@media screen and (min-width:768px){.ugb-e4b2525 > .ugb-inner-block > .ugb-block-content > *{justify-content:center}}.ugb-e4b2525 > .ugb-inner-block > .ugb-block-content > *{justify-content:center !important}@media screen and (min-width:768px){.ugb-e4b2525 > .ugb-inner-block > .ugb-block-content > *{padding-top:20px !important;padding-bottom:20px !important;padding-right:20px !important;padding-left:20px !important}}<\/style><div class=\"ugb-inner-block\"><div class=\"ugb-block-content\"><div class=\"ugb-column__item ugb-e4b2525-column-wrapper\"><div class=\"ugb-column__content-wrapper\">\n<div class=\"wp-block-ugb-heading ugb-heading ugb-e1026e4 ugb-main-block\"><div class=\"ugb-inner-block\"><div class=\"ugb-block-content\"><h2 class=\"ugb-heading__title\">Digitaalinen liidien tuottaminen teknologiayrityksille<\/h2><p class=\"ugb-heading__subtitle\">Eik\u00f6 tuotteesi myy itse itse\u00e4\u00e4n? Henkil\u00f6kohtainen verkostosi arvostaa sinua ja teknologiaasi, mutta sinun pit\u00e4isi tulla viel\u00e4 tunnetummaksi? Haluatko luoda entist\u00e4 enemm\u00e4n johtolankoja digitaalisesti?  <br\/><br\/>Tunnemme n\u00e4m\u00e4 haasteet. Jaamme asiantuntemuksemme digitaalisessa lead generation -webinaarissa. Esittelemme markkinoinnin automaation parhaat k\u00e4yt\u00e4nn\u00f6t, jotka auttavat teknologiayrityksi\u00e4 kasvamaan \u2013 automaattisesti.    <\/p><\/div><\/div><\/div>\n\n\n\n<div class=\"aligncenter wp-block-ugb-container ugb-container ugb-f74cc05 ugb-container--v2 ugb-container--design-basic ugb-main-block\"><style>.ugb-f74cc05-wrapper.ugb-container__wrapper{background-color:#283e4c !important}.ugb-f74cc05-wrapper.ugb-container__wrapper:before{background-color:#283e4c !important}.ugb-f74cc05-content-wrapper > h1,.ugb-f74cc05-content-wrapper > h2,.ugb-f74cc05-content-wrapper > h3,.ugb-f74cc05-content-wrapper > h4,.ugb-f74cc05-content-wrapper > h5,.ugb-f74cc05-content-wrapper > h6{color:#ffffff}.ugb-f74cc05-content-wrapper > p,.ugb-f74cc05-content-wrapper > ol li,.ugb-f74cc05-content-wrapper > ul li{color:#ffffff}<\/style><div class=\"ugb-inner-block\"><div class=\"ugb-block-content\"><div class=\"ugb-container__wrapper ugb-f74cc05-wrapper\"><div class=\"ugb-container__side\"><div class=\"ugb-container__content-wrapper ugb-f74cc05-content-wrapper\">\n<div class=\"alignfull wp-block-ugb-icon-list ugb-icon-list ugb-c71e24a ugb-icon-list--v2 ugb-main-block ugb-main-block--inner-center ugb--has-block-background\"><style>.ugb-c71e24a li{color:#ffffff;--icon-size:8px !important}.ugb-c71e24a li::before{width:8px !important;height:8px !important;background-image:url('data:image\/svg+xml;base64,PHN2ZyBkYXRhLXByZWZpeD0iZmFzIiBkYXRhLWljb249ImNpcmNsZSIgY2xhc3M9InN2Zy1pbmxpbmUtLWZhIGZhLWNpcmNsZSBmYS13LTE2IiByb2xlPSJpbWciIHhtbG5zPSJodHRwOi8vd3d3LnczLm9yZy8yMDAwL3N2ZyIgdmlld0JveD0iMCAwIDUxMiA1MTIiIHN0eWxlPSJmaWxsOiAjZTYzMzEyICFpbXBvcnRhbnQ7IGNvbG9yOiAjZTYzMzEyICFpbXBvcnRhbnQiPjxwYXRoIGZpbGw9IiNlNjMzMTIiIGQ9Ik0yNTYgOEMxMTkgOCA4IDExOSA4IDI1NnMxMTEgMjQ4IDI0OCAyNDggMjQ4LTExMSAyNDgtMjQ4UzM5MyA4IDI1NiA4eiIgc3Ryb2tlPSIjZTYzMzEyIiBzdHlsZT0iZmlsbDogcmdiKDIzMCwgNTEsIDE4KTsgc3Ryb2tlOiByZ2IoMjMwLCA1MSwgMTgpOyIvPjwvc3ZnPg==')}.ugb-c71e24a.ugb-icon-list ul{columns:1}.ugb-c71e24a.ugb-icon-list{background-color:#283e4c}.ugb-c71e24a{padding:0 !important}.ugb-c71e24a.ugb-icon-list:before{background-color:#283e4c}.ugb-c71e24a .ugb-block-title{color:#ffffff;text-align:left}<\/style><div class=\"ugb-inner-block ugb-inner-block--center\"><h3 class=\"ugb-block-title\">Vastaamme n\u00e4ihin kysymyksiin<\/h3><div class=\"ugb-block-content\"><ul><li>Miten voimme laajentaa verkostoamme ja luoda johtolankoja verkossa?<\/li><li>Miten suodatamme ja karsimme liidit automaattisesti?<\/li><li>Miten perustamme liidisuppilon markkinoinnin automaation avulla?<\/li><li>Miten markkinoinnin automatisointi sopii ty\u00f6kalumaisemaamme<\/li><\/ul><\/div><\/div><\/div>\n<\/div><\/div><\/div><\/div><\/div><\/div>\n<\/div><\/div><\/div><\/div><\/div>\n<\/div><\/div><\/div><\/div>\n\n<div class=\"alignfull wp-block-ugb-columns ugb-columns aiv-col-2 ugb-08bc8fb ugb-columns--design-plain ugb-columns--columns-2 ugb-main-block ugb-main-block--inner-center ugb--has-block-background\"><style>.ugb-08bc8fb-content-wrapper{grid-column-gap:60px !important}.ugb-08bc8fb.ugb-columns{background-color:#cfe7e1}.ugb-08bc8fb.ugb-columns:before{background-color:#cfe7e1}<\/style><div class=\"ugb-inner-block ugb-inner-block--center\"><div class=\"ugb-block-content\"><div class=\"ugb-columns__item ugb-08bc8fb-content-wrapper\">\n<div class=\"wp-block-ugb-column ugb-column ugb-0bded5c ugb-column--design-plain ugb-main-block\"><div class=\"ugb-inner-block\"><div class=\"ugb-block-content\"><div class=\"ugb-column__item ugb-0bded5c-column-wrapper\"><div class=\"ugb-column__content-wrapper\">\n<div class=\"wp-block-ugb-heading ugb-heading ugb-1d6c276 ugb-main-block\"><style>.ugb-1d6c276 .ugb-heading__title{color:#e63312}<\/style><div class=\"ugb-inner-block\"><div class=\"ugb-block-content\"><h2 class=\"ugb-heading__title\">Rekister\u00f6idy t\u00e4\u00e4ll\u00e4<\/h2><p class=\"ugb-heading__subtitle\">Webinaari j\u00e4rjestet\u00e4\u00e4n verkossa. Sinut ja kollegasi ovat l\u00e4mpim\u00e4sti tervetulleita. <\/p><\/div><\/div><\/div>\n\n\n\n<figure class=\"wp-block-table is-style-regular\"><table><tbody><tr><td>P\u00e4iv\u00e4m\u00e4\u00e4r\u00e4:  <\/td><td><strong>16. marraskuuta 2021<\/strong><\/td><\/tr><tr><td>Aika:<\/td><td><strong>16:00<\/strong><\/td><\/tr><tr><td>Kesto:<\/td><td><strong>45 minuuttia<\/strong><\/td><\/tr><tr><td>Esitelm\u00f6itsij\u00e4:<\/td><td>Sarah Seyr<\/td><\/tr><tr><td>J\u00e4rjest\u00e4j\u00e4:<\/td><td>Aivie<\/td><\/tr><tr><td>Hinta:<\/td><td><strong>Maksuton<\/strong><\/td><\/tr><\/tbody><\/table><\/figure>\n<\/div><\/div><\/div><\/div><\/div>\n\n\n\n<div class=\"wp-block-ugb-column ugb-column ugb-1ca8660 ugb-column--design-plain ugb-main-block\" id=\"join\"><div class=\"ugb-inner-block\"><div class=\"ugb-block-content\"><div class=\"ugb-column__item ugb-1ca8660-column-wrapper\"><div class=\"ugb-column__content-wrapper\">\n<div class=\"wp-block-ugb-heading ugb-heading ugb-017aab2 ugb-main-block\"><style>.ugb-017aab2 .ugb-heading__title{color:#283e4c}@media screen and (max-width:768px){.ugb-017aab2 .ugb-heading__title{margin-bottom:-19px !important}.ugb-017aab2.ugb-heading{margin-top:-70px !important}}<\/style><div class=\"ugb-inner-block\"><div class=\"ugb-block-content\"><h3 class=\"ugb-heading__title\">Odotamme innolla osallistumistasi ja l\u00e4het\u00e4mme sinulle mielell\u00e4mme lis\u00e4tietoja digitaalisesta liidien tuottamista koskevasta webinaarista.  <\/h3><\/div><\/div><\/div>\n\n\n<script type=\"text\/javascript\" src=\"https:\/\/m.aivie.ch\/form\/generate.js?id=43\"><\/script>\n<\/div><\/div><\/div><\/div><\/div>\n<\/div><\/div><\/div><\/div>\n\n<div class=\"alignfull wp-block-ugb-columns ugb-columns ugb-b82d42c ugb-columns--design-plain ugb-columns--columns-2 ugb-main-block ugb-main-block--inner-center ugb--has-block-background\" id=\"interview\"><div class=\"ugb-inner-block ugb-inner-block--center\"><div class=\"ugb-block-content\"><div class=\"ugb-columns__item ugb-b82d42c-content-wrapper\">\n<div class=\"wp-block-ugb-column ugb-column ugb-64f207e ugb-column--design-plain ugb-main-block\"><style>@media screen and (min-width:768px){.ugb-64f207e.ugb-column{margin-top:73px !important}}@media screen and (max-width:768px){.ugb-64f207e.ugb-column{margin-bottom:-60px !important}}<\/style><div class=\"ugb-inner-block\"><div class=\"ugb-block-content\"><div class=\"ugb-column__item ugb-64f207e-column-wrapper\"><div class=\"ugb-column__content-wrapper\">\n<div class=\"wp-block-image\"><figure class=\"aligncenter size-full\"><img loading=\"lazy\" decoding=\"async\" width=\"1920\" height=\"1280\" src=\"https:\/\/cdn.aivie.ch\/media\/wp\/2021\/10\/19131522\/marketing-automation-workshop-dr-sarah-seyr-1920w.webp\" alt=\"Tohtori Sarah Seyr\" class=\"wp-image-2563\" title=\"\" srcset=\"https:\/\/cdn.aivie.ch\/media\/wp\/2021\/10\/19131522\/marketing-automation-workshop-dr-sarah-seyr-1920w.webp 1920w, https:\/\/cdn.aivie.ch\/media\/wp\/2021\/10\/19131522\/marketing-automation-workshop-dr-sarah-seyr-1920w-960x640.webp 960w, https:\/\/cdn.aivie.ch\/media\/wp\/2021\/10\/19131522\/marketing-automation-workshop-dr-sarah-seyr-1920w-768x512.webp 768w, https:\/\/cdn.aivie.ch\/media\/wp\/2021\/10\/19131522\/marketing-automation-workshop-dr-sarah-seyr-1920w-1200x800.webp 1200w, https:\/\/cdn.aivie.ch\/media\/wp\/2021\/10\/19131522\/marketing-automation-workshop-dr-sarah-seyr-1920w-480x320.webp 480w, https:\/\/cdn.aivie.ch\/media\/wp\/2021\/10\/19131522\/marketing-automation-workshop-dr-sarah-seyr-1920w-600x400.webp 600w\" sizes=\"auto, (max-width: 1920px) 100vw, 1920px\" \/><\/figure><\/div>\n\n\n\n<p><\/p>\n<\/div><\/div><\/div><\/div><\/div>\n\n\n\n<div class=\"wp-block-ugb-column ugb-column ugb-66c350d ugb-column--design-plain ugb-main-block\"><div class=\"ugb-inner-block\"><div class=\"ugb-block-content\"><div class=\"ugb-column__item ugb-66c350d-column-wrapper\"><div class=\"ugb-column__content-wrapper\">\n<h2 class=\"wp-block-heading\" id=\"h-wir-treffen-uns-am-webinar-digitale-lead-generation\">Tapaa meid\u00e4t digitaalisessa lead generation -webinaarissa<\/h2>\n\n\n\n<ul class=\"wp-block-list\"><li>Sarah Seyr, Dr. sc. ETH, on psykologi ja digitaalisen asiakaskokemuksen sek\u00e4 ihmisen ja koneen vuorovaikutuksen asiantuntija. <\/li><\/ul>\n\n\n\n<ul class=\"wp-block-list\"><li>H\u00e4n jakaa tiet\u00e4myst\u00e4\u00e4n ja kokemustaan henkil\u00f6kohtaistamisesta ja automatisoinnista suurella intohimolla luennoitsijana yliopistoissa ja kouluttajana Linkedin Learningissa.<\/li><\/ul>\n\n\n\n<ul class=\"wp-block-list\"><li>Aivien toisena perustajana ja asiakasjohtajana h\u00e4n tekee markkinoinnin automaatiosta henkil\u00f6kohtaisempaa ja asiakasvuorovaikutuksesta arvokkaampaa.<\/li><\/ul>\n<\/div><\/div><\/div><\/div><\/div>\n<\/div><\/div><\/div><\/div>\n\n<p><\/p>\n","protected":false},"excerpt":{"rendered":"<p>Digitaalinen liidien tuottaminen teknologiayrityksille Eik\u00f6 tuotteesi myy itse itse\u00e4\u00e4n? Henkil\u00f6kohtainen verkostosi arvostaa sinua ja teknologiaasi, mutta sinun pit\u00e4isi tulla viel\u00e4 tunnetummaksi? Haluatko luoda entist\u00e4 enemm\u00e4n johtolankoja digitaalisesti? Tunnemme n\u00e4m\u00e4 haasteet. Jaamme asiantuntemuksemme digitaalisessa lead generation -webinaarissa. Esittelemme markkinoinnin automaation parhaat k\u00e4yt\u00e4nn\u00f6t, jotka auttavat teknologiayrityksi\u00e4 kasvamaan \u2013 automaattisesti. Vastaamme n\u00e4ihin kysymyksiin Miten voimme laajentaa verkostoamme ja &hellip; <a href=\"https:\/\/aivie.ch\/fi\/digitaalinen-liidien-tuottaminen-teknologiayrityksille\/\" class=\"more-link\">Jatka lukemista <span class=\"screen-reader-text\">Digitaalinen liidien tuottaminen teknologiayrityksille<\/span><\/a><\/p>\n","protected":false},"author":36,"featured_media":0,"parent":0,"menu_order":0,"comment_status":"closed","ping_status":"closed","template":"front-page.php","meta":{"_acf_changed":false,"footnotes":""},"class_list":["post-26424","page","type-page","status-publish","hentry"],"acf":[],"featured_image_urls_v2":{"full":"","thumbnail":"","medium":"","medium_large":"","large":"","post-thumbnail":"","aiv_480w":"","woocommerce_thumbnail":"","woocommerce_single":"","woocommerce_gallery_thumbnail":""},"post_excerpt_stackable_v2":"<p>Digitaalinen liidien tuottaminen teknologiayrityksilleEik\u00f6 tuotteesi myy itse itse\u00e4\u00e4n? Henkil\u00f6kohtainen verkostosi arvostaa sinua ja teknologiaasi, mutta sinun pit\u00e4isi tulla viel\u00e4 tunnetummaksi? Haluatko luoda entist\u00e4 enemm\u00e4n johtolankoja digitaalisesti? Tunnemme n\u00e4m\u00e4 haasteet. Jaamme asiantuntemuksemme digitaalisessa lead generation -webinaarissa. Esittelemme markkinoinnin automaation parhaat k\u00e4yt\u00e4nn\u00f6t, jotka auttavat teknologiayrityksi\u00e4 kasvamaan \u2013 automaattisesti. Vastaamme n\u00e4ihin kysymyksiinMiten voimme laajentaa verkostoamme ja luoda johtolankoja verkossa?Miten suodatamme ja karsimme liidit automaattisesti?Miten perustamme liidisuppilon markkinoinnin automaation avulla?Miten markkinoinnin automatisointi sopii ty\u00f6kalumaisemaamme Rekister\u00f6idy t\u00e4\u00e4ll\u00e4Webinaari j\u00e4rjestet\u00e4\u00e4n verkossa. Sinut ja kollegasi ovat l\u00e4mpim\u00e4sti tervetulleita. P\u00e4iv\u00e4m\u00e4\u00e4r\u00e4: 16. marraskuuta 2021Aika:16:00Kesto:45 minuuttiaEsitelm\u00f6itsij\u00e4:Sarah SeyrJ\u00e4rjest\u00e4j\u00e4:AivieHinta:Maksuton Odotamme innolla osallistumistasi ja l\u00e4het\u00e4mme sinulle mielell\u00e4mme lis\u00e4tietoja digitaalisesta liidien tuottamista koskevasta webinaarista. Tapaa\u2026<\/p>\n","category_list_v2":"","author_info_v2":{"name":"Nino Knetemann","url":"https:\/\/aivie.ch\/fi\/author\/nino\/"},"comments_num_v2":"0 comments","_links":{"self":[{"href":"https:\/\/aivie.ch\/fi\/wp-json\/wp\/v2\/pages\/26424","targetHints":{"allow":["GET"]}}],"collection":[{"href":"https:\/\/aivie.ch\/fi\/wp-json\/wp\/v2\/pages"}],"about":[{"href":"https:\/\/aivie.ch\/fi\/wp-json\/wp\/v2\/types\/page"}],"author":[{"embeddable":true,"href":"https:\/\/aivie.ch\/fi\/wp-json\/wp\/v2\/users\/36"}],"replies":[{"embeddable":true,"href":"https:\/\/aivie.ch\/fi\/wp-json\/wp\/v2\/comments?post=26424"}],"version-history":[{"count":1,"href":"https:\/\/aivie.ch\/fi\/wp-json\/wp\/v2\/pages\/26424\/revisions"}],"predecessor-version":[{"id":26428,"href":"https:\/\/aivie.ch\/fi\/wp-json\/wp\/v2\/pages\/26424\/revisions\/26428"}],"wp:attachment":[{"href":"https:\/\/aivie.ch\/fi\/wp-json\/wp\/v2\/media?parent=26424"}],"curies":[{"name":"wp","href":"https:\/\/api.w.org\/{rel}","templated":true}]}}