{"id":26416,"date":"2026-01-11T14:13:25","date_gmt":"2026-01-11T12:13:25","guid":{"rendered":"https:\/\/aivie.ch\/tilaa-markkinoinnin-automaation-uutiskirje\/"},"modified":"2026-01-11T14:13:31","modified_gmt":"2026-01-11T12:13:31","slug":"tilaa-markkinoinnin-automaation-uutiskirje","status":"publish","type":"page","link":"https:\/\/aivie.ch\/fi\/tilaa-markkinoinnin-automaation-uutiskirje\/","title":{"rendered":"Tilaa markkinoinnin automaation uutiskirje"},"content":{"rendered":"\n<div class=\"aligncenter wp-block-ugb-columns ugb-columns ugb-77cc521 ugb-columns--design-plain ugb-columns--columns-2 ugb-main-block\"><div class=\"ugb-inner-block\"><div class=\"ugb-block-content\"><div class=\"ugb-columns__item ugb-77cc521-content-wrapper\">\n<div class=\"wp-block-ugb-column ugb-column ugb-4c0f38d ugb-column--design-plain ugb-main-block\"><div class=\"ugb-inner-block\"><div class=\"ugb-block-content\"><div class=\"ugb-column__item ugb-4c0f38d-column-wrapper\"><div class=\"ugb-column__content-wrapper\"><script type=\"text\/javascript\" src=\"https:\/\/m.aivie.ch\/form\/generate.js?id=74\"><\/script>\n<\/div><\/div><\/div><\/div><\/div>\n\n\n\n<div class=\"wp-block-ugb-column ugb-column ugb-4f4663c ugb-column--design-plain ugb-main-block\"><div class=\"ugb-inner-block\"><div class=\"ugb-block-content\"><div class=\"ugb-column__item ugb-4f4663c-column-wrapper\"><div class=\"ugb-column__content-wrapper\">\n<figure class=\"wp-block-image size-full\"><img loading=\"lazy\" decoding=\"async\" width=\"800\" height=\"800\" src=\"https:\/\/cdn.aivie.ch\/media\/wp\/2021\/06\/22113356\/Intensive-Mautic-Support-Business.webp\" alt=\"Intensiivinen Mautic Support Business\" class=\"wp-image-10688\" title=\"\" srcset=\"https:\/\/cdn.aivie.ch\/media\/wp\/2021\/06\/22113356\/Intensive-Mautic-Support-Business.webp 800w, https:\/\/cdn.aivie.ch\/media\/wp\/2021\/06\/22113356\/Intensive-Mautic-Support-Business-300x300.webp 240w, https:\/\/cdn.aivie.ch\/media\/wp\/2021\/06\/22113356\/Intensive-Mautic-Support-Business-768x768.webp 768w, https:\/\/cdn.aivie.ch\/media\/wp\/2021\/06\/22113356\/Intensive-Mautic-Support-Business-480x480.webp 480w, https:\/\/cdn.aivie.ch\/media\/wp\/2021\/06\/22113356\/Intensive-Mautic-Support-Business-600x600.webp 600w, https:\/\/cdn.aivie.ch\/media\/wp\/2021\/06\/22113356\/Intensive-Mautic-Support-Business.webp 300w, https:\/\/cdn.aivie.ch\/media\/wp\/2021\/06\/22113356\/Intensive-Mautic-Support-Business.webp 100w\" sizes=\"auto, (max-width: 800px) 100vw, 800px\" \/><\/figure>\n<\/div><\/div><\/div><\/div><\/div>\n<\/div><\/div><\/div><\/div>\n\n<div class=\"aligncenter wp-block-ugb-blog-posts ugb-blog-posts ugb-956f7f2 ugb-blog-posts--v2 ugb-blog-posts--design-list ugb-blog-posts--columns-1 ugb-main-block\"><style>.ugb-956f7f2 .ugb-blog-posts__featured-image{border-radius:0px !important}.ugb-956f7f2 .ugb-block-title{text-align:center}<\/style><div class=\"ugb-inner-block\"><h2 class=\"ugb-block-title\">Aiemmat rahoitusosuudet<\/h2><div class=\"ugb-block-content\"><article class=\"ugb-blog-posts__item\"><figure class=\"ugb-blog-posts__featured-image\"><a href=\"https:\/\/aivie.ch\/fi\/optimoida-liidien-pisteytys-mauticin-ja-myyntisuppiloiden-avulla\/\"><img loading=\"lazy\" decoding=\"async\" width=\"600\" height=\"400\" src=\"https:\/\/cdn.aivie.ch\/media\/wp\/2021\/09\/24102203\/DoubleOptIn_03.png\" class=\"attachment-large size-large wp-post-image\" alt=\"Yksinkertainen kaksinkertainen opt in Aivien kanssa\" title=\"\"><\/a><\/figure><div class=\"ugb-blog-posts__content\"><h3 class=\"ugb-blog-posts__title\"><a href=\"https:\/\/aivie.ch\/fi\/optimoida-liidien-pisteytys-mauticin-ja-myyntisuppiloiden-avulla\/\">Optimoida liidien pisteytys Mauticin ja myyntisuppiloiden avulla.<\/a><\/h3><div class=\"ugb-blog-posts__excerpt\"><p>Ennemmin tai my\u00f6hemmin k\u00e4ytett\u00e4viss\u00e4 olevilla resursseilla ei ole en\u00e4\u00e4 mahdollista k\u00e4sitell\u00e4 kyselyjen\/yhteydenottojen m\u00e4\u00e4r\u00e4\u00e4 kohtuullisessa ajassa ja tarvittavaa huomiota kiinnitt\u00e4en. Nyt on aika mietti\u00e4, mihin yhteydenotoistasi haluat keskitty\u00e4 intensiivisesti \/ henkil\u00f6kohtaisesti. Lead scoring auttaa k\u00e4ytt\u00e4m\u00e4\u00e4n k\u00e4ytett\u00e4viss\u00e4 olevia resursseja tehokkaasti ja optimoimaan markkinointisuppiloita. T\u00e4ss\u00e4 artikkelissa tarkastelemme, miten lead scoring voidaan ottaa k\u00e4ytt\u00f6\u00f6n nopeasti ja helposti Mauticilla \u2013&#8230;<\/div><p class=\"ugb-blog-posts__readmore\"><a href=\"https:\/\/aivie.ch\/fi\/optimoida-liidien-pisteytys-mauticin-ja-myyntisuppiloiden-avulla\/\">Lue lis\u00e4\u00e4<\/a><\/p><\/div><\/article><article class=\"ugb-blog-posts__item\"><figure class=\"ugb-blog-posts__featured-image\"><a href=\"https:\/\/aivie.ch\/fi\/tarkoituksen-tunnistaminen-ja-oppiminen-kosketuspisteistae\/\"><img loading=\"lazy\" decoding=\"async\" width=\"990\" height=\"660\" src=\"https:\/\/cdn.aivie.ch\/media\/wp\/2021\/10\/19131518\/Aivie_Blog_Intent-erkennen-und-aus-Touchpoints-lernen.webp\" class=\"attachment-large size-large wp-post-image\" alt=\"Aikeiden peitteiden tunnistaminen ja oppiminen kosketuspisteist\u00e4\" title=\"\"><\/a><\/figure><div class=\"ugb-blog-posts__content\"><h3 class=\"ugb-blog-posts__title\"><a href=\"https:\/\/aivie.ch\/fi\/tarkoituksen-tunnistaminen-ja-oppiminen-kosketuspisteistae\/\">Tarkoituksen tunnistaminen ja oppiminen kosketuspisteist\u00e4<\/a><\/h3><div class=\"ugb-blog-posts__excerpt\"><p>Aikomukset ovat k\u00e4ytt\u00e4jien ja asiakkaiden toiminnan taustalla olevia aikomuksia. Jos tied\u00e4mme kontaktin aikomuksen tietyss\u00e4 tilanteessa, tietyss\u00e4 yhteydess\u00e4, voimme puhutella kontaktia ajankohtaisella sis\u00e4ll\u00f6ll\u00e4. Tunnistamme aikomuksen kosketuspisteess\u00e4, ja jokainen kosketuspiste on mahdollisuus oppia. Markkinoinnin automaation avulla sopiva sis\u00e4lt\u00f6 sijoitetaan sitten \u2013 t\u00e4ysin automaattisesti. Keskustelimme Bj\u00f6rn Nagelmannin kanssa #scxtalkissa markkinoinnin automatisoinnin mahdollisuuksista ja haasteista, jotka liittyv\u00e4t aikomusten tunnistamiseen&#8230;.<\/div><p class=\"ugb-blog-posts__readmore\"><a href=\"https:\/\/aivie.ch\/fi\/tarkoituksen-tunnistaminen-ja-oppiminen-kosketuspisteistae\/\">Lue lis\u00e4\u00e4<\/a><\/p><\/div><\/article><article class=\"ugb-blog-posts__item\"><figure class=\"ugb-blog-posts__featured-image\"><a href=\"https:\/\/aivie.ch\/fi\/luo-myyntisuppilo\/\"><img loading=\"lazy\" decoding=\"async\" width=\"600\" height=\"400\" src=\"https:\/\/cdn.aivie.ch\/media\/wp\/2021\/08\/19131546\/SalesFunnel_00.webp\" class=\"attachment-large size-large wp-post-image\" alt=\"Myyntisuppilot Mauticilla\" title=\"\"><\/a><\/figure><div class=\"ugb-blog-posts__content\"><h3 class=\"ugb-blog-posts__title\"><a href=\"https:\/\/aivie.ch\/fi\/luo-myyntisuppilo\/\">Luo myyntisuppilo<\/a><\/h3><div class=\"ugb-blog-posts__excerpt\"><p>Olet k\u00e4ytt\u00e4nyt paljon syd\u00e4nt\u00e4 ja sielua verkkosivustoosi, mutta asiakkaita ei tule. Kuulostaako t\u00e4m\u00e4 tutulta? Sitten tunnet samoin kuin monet markkinoijat, jotka kamppailevat kysymyksen kanssa: &#8221;Miten saan (verkkosivuston) k\u00e4vij\u00f6ist\u00e4 asiakkaita?\u201d. Vastauksemme: Hyvin harkitun myyntisuppilon avulla. Markkinoinnin automaatioty\u00f6kalut, kuten Aivie, ovat t\u00e4ss\u00e4 t\u00e4rke\u00e4 apu. Avoimen l\u00e4hdekoodin Mautic-markkinoinnin automaatioratkaisuun perustuva Aivie auttaa sinua hallitsemaan myyntisuppiloa tehokkaasti. Voit tutustua&#8230;<\/div><p class=\"ugb-blog-posts__readmore\"><a href=\"https:\/\/aivie.ch\/fi\/luo-myyntisuppilo\/\">Lue lis\u00e4\u00e4<\/a><\/p><\/div><\/article><article class=\"ugb-blog-posts__item\"><figure class=\"ugb-blog-posts__featured-image\"><a href=\"https:\/\/aivie.ch\/fi\/miten-loeytaeae-markkinoinnin-automaatiotyoekalu\/\"><img loading=\"lazy\" decoding=\"async\" width=\"990\" height=\"660\" src=\"https:\/\/cdn.aivie.ch\/media\/wp\/2022\/03\/08162854\/Nutzwertanalyse-Tool-Auswertung.png\" class=\"attachment-large size-large wp-post-image\" alt=\"Markkinoinnin automaatioty\u00f6kalut\" title=\"\"><\/a><\/figure><div class=\"ugb-blog-posts__content\"><h3 class=\"ugb-blog-posts__title\"><a href=\"https:\/\/aivie.ch\/fi\/miten-loeytaeae-markkinoinnin-automaatiotyoekalu\/\">Miten l\u00f6yt\u00e4\u00e4 markkinoinnin automaatioty\u00f6kalu<\/a><\/h3><div class=\"ugb-blog-posts__excerpt\"><p>6 kriteeri\u00e4 markkinoinnin automaatioty\u00f6kalun arviointiin MarTech-markkinat kukoistavat \u2013 saatavilla on yli 14 000 ty\u00f6kalua, joten yleiskuvan s\u00e4ilytt\u00e4minen on yh\u00e4 vaikeampaa. Markkinointitiimit menett\u00e4v\u00e4t joka p\u00e4iv\u00e4 arvokasta aikaa, koska heid\u00e4n on ker\u00e4tt\u00e4v\u00e4 tietoa monista eri sovelluksista. Tulos? Kontekstin vaihtaminen, h\u00e4iri\u00f6tekij\u00e4t ja keskittymisen , tehokkuuden ja luovuuden heikkeneminen . T\u00e4m\u00e4n vuoksi on entist\u00e4kin t\u00e4rke\u00e4mp\u00e4\u00e4 valita oikea markkinoinnin automaatioty\u00f6kalu&#8230;<\/div><p class=\"ugb-blog-posts__readmore\"><a href=\"https:\/\/aivie.ch\/fi\/miten-loeytaeae-markkinoinnin-automaatiotyoekalu\/\">Lue lis\u00e4\u00e4<\/a><\/p><\/div><\/article><article class=\"ugb-blog-posts__item\"><figure class=\"ugb-blog-posts__featured-image\"><a href=\"https:\/\/aivie.ch\/fi\/aivie-markkinointikanavien-kustannusvertailussa-miksi-markkinoinnin-automatisointi-on-usein-halvempaa-sveitsilaeisille-pk-yrityksille-kuin-perinteiset-markkinointikanavat\/\"><img loading=\"lazy\" decoding=\"async\" width=\"800\" height=\"533\" src=\"https:\/\/cdn.aivie.ch\/media\/wp\/2025\/07\/21094513\/Aivie-Kostenvergleich-Marketingkanaele-Marketing-Automation-klassisch-e1774469564471.png\" class=\"attachment-large size-large wp-post-image\" alt=\"Markkinointikanavien kustannusvertailu - markkinoinnin automatisointi ja perinteiset kanavat, kuten printti ja mainokset.\" title=\"\"><\/a><\/figure><div class=\"ugb-blog-posts__content\"><h3 class=\"ugb-blog-posts__title\"><a href=\"https:\/\/aivie.ch\/fi\/aivie-markkinointikanavien-kustannusvertailussa-miksi-markkinoinnin-automatisointi-on-usein-halvempaa-sveitsilaeisille-pk-yrityksille-kuin-perinteiset-markkinointikanavat\/\">Aivie markkinointikanavien kustannusvertailussa: Miksi markkinoinnin automatisointi on usein halvempaa sveitsil\u00e4isille pk-yrityksille kuin perinteiset markkinointikanavat.<\/a><\/h3><div class=\"ugb-blog-posts__excerpt\"><p>Maailmassa, jossa tehokkuus ja kustannusten l\u00e4pin\u00e4kyvyys ovat markkinoinnissa ratkaisevan t\u00e4rkeit\u00e4, kannattaa tarkastella eri kanavia l\u00e4hemmin. Erityisesti sveitsil\u00e4isille pk-yrityksille, joiden markkinointibudjetti on rajallinen, on t\u00e4rke\u00e4\u00e4 k\u00e4ytt\u00e4\u00e4 resursseja kohdennetusti. Tuore analyysi osoittaa: Aivie, sveitsil\u00e4inen markkinoinnin automaatioalusta, voi tarjota merkitt\u00e4vi\u00e4 kustannusetuja perinteisiin markkinointikanaviin verrattuna. InhaltsverzeichnisMarkkinointikanavien kustannusvertailu: Aivie vs. klassiset kanavatMiksi Aivie tarjoaa erityist\u00e4 kustannusetua sveitsil\u00e4isille pk-yrityksille?Automaatio v\u00e4hent\u00e4\u00e4 manuaalista&#8230;<\/div><p class=\"ugb-blog-posts__readmore\"><a href=\"https:\/\/aivie.ch\/fi\/aivie-markkinointikanavien-kustannusvertailussa-miksi-markkinoinnin-automatisointi-on-usein-halvempaa-sveitsilaeisille-pk-yrityksille-kuin-perinteiset-markkinointikanavat\/\">Lue lis\u00e4\u00e4<\/a><\/p><\/div><\/article><article class=\"ugb-blog-posts__item\"><figure class=\"ugb-blog-posts__featured-image\"><a href=\"https:\/\/aivie.ch\/fi\/taemae-on-markkinoinnin-automaatio-ja-miten-yrityksesi-hyoetyy-siitae\/\"><img loading=\"lazy\" decoding=\"async\" width=\"990\" height=\"660\" src=\"https:\/\/cdn.aivie.ch\/media\/wp\/2022\/01\/21104411\/was-ist-marketing-automation.png\" class=\"attachment-large size-large wp-post-image\" alt=\"\" title=\"\"><\/a><\/figure><div class=\"ugb-blog-posts__content\"><h3 class=\"ugb-blog-posts__title\"><a href=\"https:\/\/aivie.ch\/fi\/taemae-on-markkinoinnin-automaatio-ja-miten-yrityksesi-hyoetyy-siitae\/\">T\u00e4m\u00e4 on markkinoinnin automaatio ja miten yrityksesi hy\u00f6tyy siit\u00e4.<\/a><\/h3><div class=\"ugb-blog-posts__excerpt\"><p>Markkinoinnin automatisointi n\u00e4hd\u00e4\u00e4n usein pelkk\u00e4n\u00e4 ohjelmistoratkaisuna. Markkinoinnin automatisointi on kuitenkin paljon enemm\u00e4n kuin vain uusi ty\u00f6kalup\u00e4\u00e4t\u00f6s. Aloita markkinoinnin automaatio nyt! Sis\u00e4llysluetteloMarkkinoinnin automaation m\u00e4\u00e4ritelm\u00e4Mitk\u00e4 ovat markkinoinnin automaation edut?V\u00e4henn\u00e4 kustannuksia, hanki asiakkaita, paranna myynti\u00e4Markkinoinnin automaation ensiaskeleetN\u00e4k\u00f6kulma on ratkaisevaVain sis\u00e4ll\u00f6ll\u00e4 on merkityst\u00e4Asiakaspolku on keski\u00f6ss\u00e4Talousarvio, resurssit ja tavoitteetViimeisen\u00e4 mutta ei v\u00e4h\u00e4isimp\u00e4n\u00e4 \u2013 markkinoinnin automaatioty\u00f6kaluAskel askeleeltaYhteenveto: T\u00e4m\u00e4 on markkinoinnin automaatiotaKaikki&#8230;<\/div><p class=\"ugb-blog-posts__readmore\"><a href=\"https:\/\/aivie.ch\/fi\/taemae-on-markkinoinnin-automaatio-ja-miten-yrityksesi-hyoetyy-siitae\/\">Lue lis\u00e4\u00e4<\/a><\/p><\/div><\/article><\/div><\/div><\/div>\n","protected":false},"excerpt":{"rendered":"<p>Aiemmat rahoitusosuudet T\u00e4m\u00e4 on markkinoinnin automaatio ja miten yrityksesi hy\u00f6tyy siit\u00e4. Markkinoinnin automatisointi n\u00e4hd\u00e4\u00e4n usein pelkk\u00e4n\u00e4 ohjelmistoratkaisuna. Markkinoinnin automatisointi on kuitenkin paljon enemm\u00e4n kuin vain uusi ty\u00f6kalup\u00e4\u00e4t\u00f6s. Aloita markkinoinnin automaatio nyt! Sis\u00e4llysluetteloMarkkinoinnin automaation m\u00e4\u00e4ritelm\u00e4Mitk\u00e4 ovat markkinoinnin automaation edut?V\u00e4henn\u00e4 kustannuksia, hanki asiakkaita, paranna myynti\u00e4Markkinoinnin automaation ensiaskeleetN\u00e4k\u00f6kulma on ratkaisevaVain sis\u00e4ll\u00f6ll\u00e4 on merkityst\u00e4Asiakaspolku on keski\u00f6ss\u00e4Talousarvio, resurssit ja tavoitteetViimeisen\u00e4 &hellip; <a href=\"https:\/\/aivie.ch\/fi\/tilaa-markkinoinnin-automaation-uutiskirje\/\" class=\"more-link\">Jatka lukemista <span class=\"screen-reader-text\">Tilaa markkinoinnin automaation uutiskirje<\/span><\/a><\/p>\n","protected":false},"author":1,"featured_media":0,"parent":0,"menu_order":0,"comment_status":"closed","ping_status":"closed","template":"","meta":{"_acf_changed":false,"footnotes":""},"class_list":["post-26416","page","type-page","status-publish","hentry"],"acf":[],"featured_image_urls_v2":{"full":"","thumbnail":"","medium":"","medium_large":"","large":"","post-thumbnail":"","aiv_480w":"","woocommerce_thumbnail":"","woocommerce_single":"","woocommerce_gallery_thumbnail":""},"post_excerpt_stackable_v2":"<p>Aiemmat rahoitusosuudetAivie markkinointikanavien kustannusvertailussa: Miksi markkinoinnin automatisointi on usein halvempaa sveitsil\u00e4isille pk-yrityksille kuin perinteiset markkinointikanavat.Maailmassa, jossa tehokkuus ja kustannusten l\u00e4pin\u00e4kyvyys ovat markkinoinnissa ratkaisevan t\u00e4rkeit\u00e4, kannattaa tarkastella eri kanavia l\u00e4hemmin. Erityisesti sveitsil\u00e4isille pk-yrityksille, joiden markkinointibudjetti on rajallinen, on t\u00e4rke\u00e4\u00e4 k\u00e4ytt\u00e4\u00e4 resursseja kohdennetusti. Tuore analyysi osoittaa: Aivie, sveitsil\u00e4inen markkinoinnin automaatioalusta, voi tarjota merkitt\u00e4vi\u00e4 kustannusetuja perinteisiin markkinointikanaviin verrattuna. InhaltsverzeichnisMarkkinointikanavien kustannusvertailu: Aivie vs. klassiset kanavatMiksi Aivie tarjoaa erityist\u00e4 kustannusetua sveitsil\u00e4isille pk-yrityksille?Automaatio v\u00e4hent\u00e4\u00e4 manuaalista&#8230;Lue lis\u00e4\u00e4Sveitsin uusi tietosuojalaki (nDSG tai revDSG) \u2013 t\u00e4rkeimm\u00e4t kohdat lyhyesti.Tietosuojalain sveitsil\u00e4isess\u00e4 versiossa on joitakin t\u00e4rkeit\u00e4 muutoksia. Kaikki markkinointiin vaikuttava Sveitsin uusi tietosuojalaki (nDSG tai revDSG). T\u00e4ss\u00e4 artikkelissa selit\u00e4mme t\u00e4rkeimm\u00e4t muutokset mahdollisimman\u2026<\/p>\n","category_list_v2":"","author_info_v2":{"name":"Adrian Schimpf","url":"https:\/\/aivie.ch\/fi\/author\/adrian\/"},"comments_num_v2":"0 comments","_links":{"self":[{"href":"https:\/\/aivie.ch\/fi\/wp-json\/wp\/v2\/pages\/26416","targetHints":{"allow":["GET"]}}],"collection":[{"href":"https:\/\/aivie.ch\/fi\/wp-json\/wp\/v2\/pages"}],"about":[{"href":"https:\/\/aivie.ch\/fi\/wp-json\/wp\/v2\/types\/page"}],"author":[{"embeddable":true,"href":"https:\/\/aivie.ch\/fi\/wp-json\/wp\/v2\/users\/1"}],"replies":[{"embeddable":true,"href":"https:\/\/aivie.ch\/fi\/wp-json\/wp\/v2\/comments?post=26416"}],"version-history":[{"count":1,"href":"https:\/\/aivie.ch\/fi\/wp-json\/wp\/v2\/pages\/26416\/revisions"}],"predecessor-version":[{"id":26419,"href":"https:\/\/aivie.ch\/fi\/wp-json\/wp\/v2\/pages\/26416\/revisions\/26419"}],"wp:attachment":[{"href":"https:\/\/aivie.ch\/fi\/wp-json\/wp\/v2\/media?parent=26416"}],"curies":[{"name":"wp","href":"https:\/\/api.w.org\/{rel}","templated":true}]}}