{"id":26392,"date":"2026-01-11T14:13:11","date_gmt":"2026-01-11T12:13:11","guid":{"rendered":"https:\/\/aivie.ch\/luo-myyntisuppilo-verkkomarkkinoinnin-avulla\/"},"modified":"2026-01-11T14:13:19","modified_gmt":"2026-01-11T12:13:19","slug":"luo-myyntisuppilo-verkkomarkkinoinnin-avulla","status":"publish","type":"page","link":"https:\/\/aivie.ch\/fi\/luo-myyntisuppilo-verkkomarkkinoinnin-avulla\/","title":{"rendered":"Luo myyntisuppilo verkkomarkkinoinnin avulla"},"content":{"rendered":"\n<div class=\"alignfull wp-block-ugb-columns ugb-columns ugb-f174274 ugb-columns--design-plain ugb-columns--columns-2 ugb-main-block ugb-main-block--inner-center ugb--has-block-background ugb--has-background-overlay\"><style>.ugb-f174274 > .ugb-inner-block > .ugb-block-content > .ugb-columns__item{grid-template-columns:0.88fr 1.12fr !important}.ugb-f174274.ugb-columns{background-image:url(https:\/\/cdn.aivie.ch\/media\/wp\/2021\/06\/19131702\/pattern-company-960w.png);background-position:top left;background-repeat:no-repeat;background-size:47% !important}.ugb-f174274.ugb-columns:before{opacity:0.5}<\/style><div class=\"ugb-inner-block ugb-inner-block--center\"><div class=\"ugb-block-content\"><div class=\"ugb-columns__item ugb-f174274-content-wrapper\">\n<div class=\"wp-block-ugb-column ugb-column ugb-3b6a10a ugb-column--design-plain ugb-main-block\"><div class=\"ugb-inner-block\"><div class=\"ugb-block-content\"><div class=\"ugb-column__item ugb-3b6a10a-column-wrapper\"><div class=\"ugb-column__content-wrapper\">\n<figure class=\"wp-block-image size-full\"><img loading=\"lazy\" decoding=\"async\" width=\"1200\" height=\"840\" src=\"https:\/\/cdn.aivie.ch\/media\/wp\/2021\/10\/19131518\/discussing-sales-funnel-marketing1200w.jpg\" alt=\"\" class=\"wp-image-2736\" title=\"\" srcset=\"https:\/\/cdn.aivie.ch\/media\/wp\/2021\/10\/19131518\/discussing-sales-funnel-marketing1200w.jpg 1200w, https:\/\/cdn.aivie.ch\/media\/wp\/2021\/10\/19131518\/discussing-sales-funnel-marketing1200w-960x672.jpg 960w, https:\/\/cdn.aivie.ch\/media\/wp\/2021\/10\/19131518\/discussing-sales-funnel-marketing1200w-768x538.jpg 768w, https:\/\/cdn.aivie.ch\/media\/wp\/2021\/10\/19131518\/discussing-sales-funnel-marketing1200w-480x336.jpg 480w, https:\/\/cdn.aivie.ch\/media\/wp\/2021\/10\/19131518\/discussing-sales-funnel-marketing1200w-600x420.jpg 600w\" sizes=\"auto, (max-width: 1200px) 100vw, 1200px\" \/><\/figure>\n<\/div><\/div><\/div><\/div><\/div>\n\n\n\n<div class=\"wp-block-ugb-column ugb-column ugb-e4b2525 ugb-column--design-plain ugb-main-block\"><style>@media screen and (min-width:768px){.ugb-e4b2525 > .ugb-inner-block > .ugb-block-content > *{justify-content:center}}.ugb-e4b2525 > .ugb-inner-block > .ugb-block-content > *{justify-content:center !important}@media screen and (min-width:768px){.ugb-e4b2525 > .ugb-inner-block > .ugb-block-content > *{padding-top:20px !important;padding-bottom:20px !important;padding-right:20px !important;padding-left:20px !important}}<\/style><div class=\"ugb-inner-block\"><div class=\"ugb-block-content\"><div class=\"ugb-column__item ugb-e4b2525-column-wrapper\"><div class=\"ugb-column__content-wrapper\">\n<div class=\"wp-block-ugb-heading ugb-heading ugb-e1026e4 ugb-main-block\"><div class=\"ugb-inner-block\"><div class=\"ugb-block-content\"><h1 class=\"ugb-heading__title\">Luo myyntisuppilo verkkomarkkinoinnin avulla<\/h1><p class=\"ugb-heading__subtitle\">Mit\u00e4 ovat myyntisuppilot? Olemme iloisia voidessamme jakaa diat illan istunnosta <a href=\"https:\/\/www.impacthub.ch\/\" target=\"_blank\" rel=\"noreferrer noopener\">Impact Hub Z\u00fcrichiss\u00e4<\/a>.<\/p><\/div><\/div><\/div>\n\n\n\n<div class=\"aligncenter wp-block-ugb-container ugb-container ugb-f74cc05 ugb-container--v2 ugb-container--design-basic ugb-main-block\"><style>.ugb-f74cc05-wrapper.ugb-container__wrapper{background-color:#283e4c !important}.ugb-f74cc05-wrapper.ugb-container__wrapper:before{background-color:#283e4c !important}.ugb-f74cc05-content-wrapper > h1,.ugb-f74cc05-content-wrapper > h2,.ugb-f74cc05-content-wrapper > h3,.ugb-f74cc05-content-wrapper > h4,.ugb-f74cc05-content-wrapper > h5,.ugb-f74cc05-content-wrapper > h6{color:#ffffff}.ugb-f74cc05-content-wrapper > p,.ugb-f74cc05-content-wrapper > ol li,.ugb-f74cc05-content-wrapper > ul li{color:#ffffff}<\/style><div class=\"ugb-inner-block\"><div class=\"ugb-block-content\"><div class=\"ugb-container__wrapper ugb-f74cc05-wrapper\"><div class=\"ugb-container__side\"><div class=\"ugb-container__content-wrapper ugb-f74cc05-content-wrapper\">\n<div class=\"alignfull wp-block-ugb-icon-list ugb-icon-list ugb-c71e24a ugb-icon-list--v2 ugb-main-block ugb-main-block--inner-center ugb--has-block-background\"><style>.ugb-c71e24a li{color:#ffffff;--icon-size:8px !important}.ugb-c71e24a li::before{width:8px !important;height:8px !important;background-image:url('data:image\/svg+xml;base64,PHN2ZyBkYXRhLXByZWZpeD0iZmFzIiBkYXRhLWljb249ImNpcmNsZSIgY2xhc3M9InN2Zy1pbmxpbmUtLWZhIGZhLWNpcmNsZSBmYS13LTE2IiByb2xlPSJpbWciIHhtbG5zPSJodHRwOi8vd3d3LnczLm9yZy8yMDAwL3N2ZyIgdmlld0JveD0iMCAwIDUxMiA1MTIiIHN0eWxlPSJmaWxsOiAjZTYzMzEyICFpbXBvcnRhbnQ7IGNvbG9yOiAjZTYzMzEyICFpbXBvcnRhbnQiPjxwYXRoIGZpbGw9IiNlNjMzMTIiIGQ9Ik0yNTYgOEMxMTkgOCA4IDExOSA4IDI1NnMxMTEgMjQ4IDI0OCAyNDggMjQ4LTExMSAyNDgtMjQ4UzM5MyA4IDI1NiA4eiIgc3Ryb2tlPSIjZTYzMzEyIiBzdHlsZT0iZmlsbDogcmdiKDIzMCwgNTEsIDE4KTsgc3Ryb2tlOiByZ2IoMjMwLCA1MSwgMTgpOyIvPjwvc3ZnPg==')}.ugb-c71e24a.ugb-icon-list ul{columns:1}.ugb-c71e24a.ugb-icon-list{background-color:#283e4c}.ugb-c71e24a{padding:0 !important}.ugb-c71e24a.ugb-icon-list:before{background-color:#283e4c}.ugb-c71e24a .ugb-block-title{color:#ffffff;text-align:left}<\/style><div class=\"ugb-inner-block ugb-inner-block--center\"><h3 class=\"ugb-block-title\">Sis\u00e4lt\u00f6<\/h3><div class=\"ugb-block-content\"><ul><li>Myyntisuppilon ymm\u00e4rt\u00e4minen  <\/li><li>Miten myyntisuppilo muuntaa tuntemattomat asiakkaat korkean marginaalin asiakkaiksi?<\/li><li>Luo myyntisuppilo<\/li><li>Eri verkkomarkkinointialustojen v\u00e4liset erot<\/li><li>Mik\u00e4 verkkomarkkinointialusta on oikea?<\/li><li>Luo mainos Ad Canvasin avulla mainos<\/li><\/ul><\/div><\/div><\/div>\n<\/div><\/div><\/div><\/div><\/div><\/div>\n<\/div><\/div><\/div><\/div><\/div>\n<\/div><\/div><\/div><\/div>\n\n<div class=\"alignfull wp-block-ugb-columns ugb-columns aiv-col-2 ugb-0e2f191 ugb-columns--design-plain ugb-columns--columns-2 ugb-main-block ugb-main-block--inner-center ugb--has-block-background\"><style>.ugb-0e2f191-content-wrapper{grid-column-gap:60px !important}.ugb-0e2f191.ugb-columns{background-color:#cfe7e1}.ugb-0e2f191.ugb-columns:before{background-color:#cfe7e1}<\/style><div class=\"ugb-inner-block ugb-inner-block--center\"><div class=\"ugb-block-content\"><div class=\"ugb-columns__item ugb-0e2f191-content-wrapper\">\n<div class=\"wp-block-ugb-column ugb-column ugb-ca2a514 ugb-column--design-plain ugb-main-block\"><div class=\"ugb-inner-block\"><div class=\"ugb-block-content\"><div class=\"ugb-column__item ugb-ca2a514-column-wrapper\"><div class=\"ugb-column__content-wrapper\">\n<div class=\"wp-block-ugb-heading ugb-heading ugb-51cd323 ugb-main-block\"><style>.ugb-51cd323 .ugb-heading__title{color:#e63312}<\/style><div class=\"ugb-inner-block\"><div class=\"ugb-block-content\"><h2 class=\"ugb-heading__title\">Luo myyntisuppilo verkkomarkkinoinnin avulla<\/h2><p class=\"ugb-heading__subtitle\">Lataa webinaarin diat ja rikastuta myyntisuppiloasi verkkomarkkinoinnilla.<\/p><\/div><\/div><\/div>\n<\/div><\/div><\/div><\/div><\/div>\n\n\n\n<div class=\"wp-block-ugb-column ugb-column ugb-3a58d59 ugb-column--design-plain ugb-main-block\" id=\"join\"><div class=\"ugb-inner-block\"><div class=\"ugb-block-content\"><div class=\"ugb-column__item ugb-3a58d59-column-wrapper\"><div class=\"ugb-column__content-wrapper\">\n<div class=\"wp-block-ugb-heading ugb-heading ugb-b1e04f1 ugb-main-block\"><style>.ugb-b1e04f1 .ugb-heading__title{color:#283e4c}<\/style><div class=\"ugb-inner-block\"><div class=\"ugb-block-content\"><h2 class=\"ugb-heading__title\"><span style=\"color: #283e4c;\" class=\"ugb-highlight\">Lataa esityksen diat.<\/span><\/h2><\/div><\/div><\/div>\n\n\n<script type=\"text\/javascript\" src=\"https:\/\/m.aivie.ch\/form\/generate.js?id=15\"><\/script>\n<\/div><\/div><\/div><\/div><\/div>\n<\/div><\/div><\/div><\/div>\n","protected":false},"excerpt":{"rendered":"<p>Luo myyntisuppilo verkkomarkkinoinnin avulla Mit\u00e4 ovat myyntisuppilot? Olemme iloisia voidessamme jakaa diat illan istunnosta Impact Hub Z\u00fcrichiss\u00e4. Sis\u00e4lt\u00f6 Myyntisuppilon ymm\u00e4rt\u00e4minen Miten myyntisuppilo muuntaa tuntemattomat asiakkaat korkean marginaalin asiakkaiksi? Luo myyntisuppilo Eri verkkomarkkinointialustojen v\u00e4liset erot Mik\u00e4 verkkomarkkinointialusta on oikea? Luo mainos Ad Canvasin avulla mainos Luo myyntisuppilo verkkomarkkinoinnin avulla Lataa webinaarin diat ja rikastuta myyntisuppiloasi verkkomarkkinoinnilla. &hellip; <a href=\"https:\/\/aivie.ch\/fi\/luo-myyntisuppilo-verkkomarkkinoinnin-avulla\/\" class=\"more-link\">Jatka lukemista <span class=\"screen-reader-text\">Luo myyntisuppilo verkkomarkkinoinnin avulla<\/span><\/a><\/p>\n","protected":false},"author":1,"featured_media":0,"parent":0,"menu_order":0,"comment_status":"closed","ping_status":"closed","template":"front-page.php","meta":{"_acf_changed":false,"footnotes":""},"class_list":["post-26392","page","type-page","status-publish","hentry"],"acf":[],"featured_image_urls_v2":{"full":"","thumbnail":"","medium":"","medium_large":"","large":"","post-thumbnail":"","aiv_480w":"","woocommerce_thumbnail":"","woocommerce_single":"","woocommerce_gallery_thumbnail":""},"post_excerpt_stackable_v2":"<p>Luo myyntisuppilo verkkomarkkinoinnin avullaMit\u00e4 ovat myyntisuppilot? Olemme iloisia voidessamme jakaa diat illan istunnosta Impact Hub Z\u00fcrichiss\u00e4. Sis\u00e4lt\u00f6Myyntisuppilon ymm\u00e4rt\u00e4minen Miten myyntisuppilo muuntaa tuntemattomat asiakkaat korkean marginaalin asiakkaiksi?Luo myyntisuppiloEri verkkomarkkinointialustojen v\u00e4liset erotMik\u00e4 verkkomarkkinointialusta on oikea?Luo mainos Ad Canvasin avulla mainos Luo myyntisuppilo verkkomarkkinoinnin avullaLataa webinaarin diat ja rikastuta myyntisuppiloasi verkkomarkkinoinnilla. Lataa esityksen diat.<\/p>\n","category_list_v2":"","author_info_v2":{"name":"Adrian Schimpf","url":"https:\/\/aivie.ch\/fi\/author\/adrian\/"},"comments_num_v2":"0 comments","_links":{"self":[{"href":"https:\/\/aivie.ch\/fi\/wp-json\/wp\/v2\/pages\/26392","targetHints":{"allow":["GET"]}}],"collection":[{"href":"https:\/\/aivie.ch\/fi\/wp-json\/wp\/v2\/pages"}],"about":[{"href":"https:\/\/aivie.ch\/fi\/wp-json\/wp\/v2\/types\/page"}],"author":[{"embeddable":true,"href":"https:\/\/aivie.ch\/fi\/wp-json\/wp\/v2\/users\/1"}],"replies":[{"embeddable":true,"href":"https:\/\/aivie.ch\/fi\/wp-json\/wp\/v2\/comments?post=26392"}],"version-history":[{"count":1,"href":"https:\/\/aivie.ch\/fi\/wp-json\/wp\/v2\/pages\/26392\/revisions"}],"predecessor-version":[{"id":26397,"href":"https:\/\/aivie.ch\/fi\/wp-json\/wp\/v2\/pages\/26392\/revisions\/26397"}],"wp:attachment":[{"href":"https:\/\/aivie.ch\/fi\/wp-json\/wp\/v2\/media?parent=26392"}],"curies":[{"name":"wp","href":"https:\/\/api.w.org\/{rel}","templated":true}]}}