{"id":26391,"date":"2026-01-11T14:13:11","date_gmt":"2026-01-11T12:13:11","guid":{"rendered":"https:\/\/aivie.ch\/digitaalinen-liidien-tuottaminen-teknologiayrityksille-lm\/"},"modified":"2026-01-11T14:13:18","modified_gmt":"2026-01-11T12:13:18","slug":"digitaalinen-liidien-tuottaminen-teknologiayrityksille-lm","status":"publish","type":"page","link":"https:\/\/aivie.ch\/fi\/digitaalinen-liidien-tuottaminen-teknologiayrityksille-lm\/","title":{"rendered":"Digitaalinen liidien tuottaminen teknologiayrityksille LM"},"content":{"rendered":"\n<div class=\"alignfull wp-block-ugb-columns ugb-columns ugb-f174274 ugb-columns--design-plain ugb-columns--columns-2 ugb-main-block ugb-main-block--inner-center ugb--has-block-background ugb--has-background-overlay\"><style>.ugb-f174274 > .ugb-inner-block > .ugb-block-content > .ugb-columns__item{grid-template-columns:0.88fr 1.12fr !important}.ugb-f174274.ugb-columns{background-image:url(https:\/\/cdn.aivie.ch\/media\/wp\/2021\/06\/19131702\/pattern-company-960w.png);background-position:top left;background-repeat:no-repeat;background-size:47% !important}.ugb-f174274.ugb-columns:before{opacity:0.5}<\/style><div class=\"ugb-inner-block ugb-inner-block--center\"><div class=\"ugb-block-content\"><div class=\"ugb-columns__item ugb-f174274-content-wrapper\">\n<div class=\"wp-block-ugb-column ugb-column ugb-3b6a10a ugb-column--design-plain ugb-main-block\"><div class=\"ugb-inner-block\"><div class=\"ugb-block-content\"><div class=\"ugb-column__item ugb-3b6a10a-column-wrapper\"><div class=\"ugb-column__content-wrapper\">\n<figure class=\"wp-block-image size-full\"><img loading=\"lazy\" decoding=\"async\" width=\"1200\" height=\"840\" src=\"https:\/\/cdn.aivie.ch\/media\/wp\/2021\/10\/19131518\/discussing-sales-funnel-marketing1200w.jpg\" alt=\"\" class=\"wp-image-2736\" title=\"\" srcset=\"https:\/\/cdn.aivie.ch\/media\/wp\/2021\/10\/19131518\/discussing-sales-funnel-marketing1200w.jpg 1200w, https:\/\/cdn.aivie.ch\/media\/wp\/2021\/10\/19131518\/discussing-sales-funnel-marketing1200w-960x672.jpg 960w, https:\/\/cdn.aivie.ch\/media\/wp\/2021\/10\/19131518\/discussing-sales-funnel-marketing1200w-768x538.jpg 768w, https:\/\/cdn.aivie.ch\/media\/wp\/2021\/10\/19131518\/discussing-sales-funnel-marketing1200w-480x336.jpg 480w, https:\/\/cdn.aivie.ch\/media\/wp\/2021\/10\/19131518\/discussing-sales-funnel-marketing1200w-600x420.jpg 600w\" sizes=\"auto, (max-width: 1200px) 100vw, 1200px\" \/><\/figure>\n<\/div><\/div><\/div><\/div><\/div>\n\n\n\n<div class=\"wp-block-ugb-column ugb-column ugb-e4b2525 ugb-column--design-plain ugb-main-block\"><style>@media screen and (min-width:768px){.ugb-e4b2525 > .ugb-inner-block > .ugb-block-content > *{justify-content:center}}.ugb-e4b2525 > .ugb-inner-block > .ugb-block-content > *{justify-content:center !important}@media screen and (min-width:768px){.ugb-e4b2525 > .ugb-inner-block > .ugb-block-content > *{padding-top:20px !important;padding-bottom:20px !important;padding-right:20px !important;padding-left:20px !important}}<\/style><div class=\"ugb-inner-block\"><div class=\"ugb-block-content\"><div class=\"ugb-column__item ugb-e4b2525-column-wrapper\"><div class=\"ugb-column__content-wrapper\">\n<div class=\"wp-block-ugb-heading ugb-heading ugb-e1026e4 ugb-main-block\"><div class=\"ugb-inner-block\"><div class=\"ugb-block-content\"><h2 class=\"ugb-heading__title\">Digitaalinen liidien tuottaminen teknologiayrityksille<\/h2><p class=\"ugb-heading__subtitle\">Eik\u00f6 tuotteesi myy itse itse\u00e4\u00e4n? Henkil\u00f6kohtainen verkostosi arvostaa sinua ja teknologiaasi, mutta sinun pit\u00e4isi tulla viel\u00e4 tunnetummaksi? Haluatko luoda entist\u00e4 enemm\u00e4n johtolankoja digitaalisesti?  <br\/><br\/>Tunnemme n\u00e4m\u00e4 haasteet. Jaamme asiantuntemuksemme digitaalisessa lead generation -webinaarissa. Esittelemme markkinoinnin automaation parhaat k\u00e4yt\u00e4nn\u00f6t, jotka auttavat teknologiayrityksi\u00e4 kasvamaan \u2013 automaattisesti.  <\/p><\/div><\/div><\/div>\n\n\n\n<div class=\"aligncenter wp-block-ugb-container ugb-container ugb-f74cc05 ugb-container--v2 ugb-container--design-basic ugb-main-block\"><style>.ugb-f74cc05-wrapper.ugb-container__wrapper{background-color:#283e4c !important}.ugb-f74cc05-wrapper.ugb-container__wrapper:before{background-color:#283e4c !important}.ugb-f74cc05-content-wrapper > h1,.ugb-f74cc05-content-wrapper > h2,.ugb-f74cc05-content-wrapper > h3,.ugb-f74cc05-content-wrapper > h4,.ugb-f74cc05-content-wrapper > h5,.ugb-f74cc05-content-wrapper > h6{color:#ffffff}.ugb-f74cc05-content-wrapper > p,.ugb-f74cc05-content-wrapper > ol li,.ugb-f74cc05-content-wrapper > ul li{color:#ffffff}<\/style><div class=\"ugb-inner-block\"><div class=\"ugb-block-content\"><div class=\"ugb-container__wrapper ugb-f74cc05-wrapper\"><div class=\"ugb-container__side\"><div class=\"ugb-container__content-wrapper ugb-f74cc05-content-wrapper\">\n<div class=\"alignfull wp-block-ugb-icon-list ugb-icon-list ugb-c71e24a ugb-icon-list--v2 ugb-main-block ugb-main-block--inner-center ugb--has-block-background\"><style>.ugb-c71e24a li{color:#ffffff;--icon-size:8px !important}.ugb-c71e24a li::before{width:8px !important;height:8px !important;background-image:url('data:image\/svg+xml;base64,PHN2ZyBkYXRhLXByZWZpeD0iZmFzIiBkYXRhLWljb249ImNpcmNsZSIgY2xhc3M9InN2Zy1pbmxpbmUtLWZhIGZhLWNpcmNsZSBmYS13LTE2IiByb2xlPSJpbWciIHhtbG5zPSJodHRwOi8vd3d3LnczLm9yZy8yMDAwL3N2ZyIgdmlld0JveD0iMCAwIDUxMiA1MTIiIHN0eWxlPSJmaWxsOiAjZTYzMzEyICFpbXBvcnRhbnQ7IGNvbG9yOiAjZTYzMzEyICFpbXBvcnRhbnQiPjxwYXRoIGZpbGw9IiNlNjMzMTIiIGQ9Ik0yNTYgOEMxMTkgOCA4IDExOSA4IDI1NnMxMTEgMjQ4IDI0OCAyNDggMjQ4LTExMSAyNDgtMjQ4UzM5MyA4IDI1NiA4eiIgc3Ryb2tlPSIjZTYzMzEyIiBzdHlsZT0iZmlsbDogcmdiKDIzMCwgNTEsIDE4KTsgc3Ryb2tlOiByZ2IoMjMwLCA1MSwgMTgpOyIvPjwvc3ZnPg==')}.ugb-c71e24a.ugb-icon-list ul{columns:1}.ugb-c71e24a.ugb-icon-list{background-color:#283e4c}.ugb-c71e24a{padding:0 !important}.ugb-c71e24a.ugb-icon-list:before{background-color:#283e4c}.ugb-c71e24a .ugb-block-title{color:#ffffff;text-align:left}<\/style><div class=\"ugb-inner-block ugb-inner-block--center\"><h3 class=\"ugb-block-title\">Vastaamme n\u00e4ihin kysymyksiin<\/h3><div class=\"ugb-block-content\"><ul><li>Miten voimme laajentaa verkostoamme ja luoda johtolankoja verkossa?<\/li><li>Miten suodatamme ja karsimme liidit automaattisesti?<\/li><li>Miten perustamme liidisuppilon markkinoinnin automaation avulla?<\/li><li>Miten markkinoinnin automatisointi sopii ty\u00f6kalumaisemaamme?<\/li><\/ul><\/div><\/div><\/div>\n<\/div><\/div><\/div><\/div><\/div><\/div>\n<\/div><\/div><\/div><\/div><\/div>\n<\/div><\/div><\/div><\/div>\n\n<div class=\"alignfull wp-block-ugb-columns ugb-columns aiv-col-2 ugb-0e2f191 ugb-columns--design-plain ugb-columns--columns-2 ugb-main-block ugb-main-block--inner-center ugb--has-block-background\"><style>.ugb-0e2f191-content-wrapper{grid-column-gap:60px !important}.ugb-0e2f191.ugb-columns{background-color:#cfe7e1}.ugb-0e2f191.ugb-columns:before{background-color:#cfe7e1}<\/style><div class=\"ugb-inner-block ugb-inner-block--center\"><div class=\"ugb-block-content\"><div class=\"ugb-columns__item ugb-0e2f191-content-wrapper\">\n<div class=\"wp-block-ugb-column ugb-column ugb-ca2a514 ugb-column--design-plain ugb-main-block\"><div class=\"ugb-inner-block\"><div class=\"ugb-block-content\"><div class=\"ugb-column__item ugb-ca2a514-column-wrapper\"><div class=\"ugb-column__content-wrapper\">\n<div class=\"wp-block-ugb-heading ugb-heading ugb-51cd323 ugb-main-block\"><style>.ugb-51cd323 .ugb-heading__title{color:#e63312}<\/style><div class=\"ugb-inner-block\"><div class=\"ugb-block-content\"><h2 class=\"ugb-heading__title\">Vastaukset kaikkiin kysymyksiisi<\/h2><p class=\"ugb-heading__subtitle\">Lataa webinaarin diat saadaksesi vastauksia ja selvent\u00e4\u00e4ksesi kaikki kysymyksesi liidien tuottamisesta.<\/p><\/div><\/div><\/div>\n\n\n\n<figure class=\"wp-block-image size-large is-style-default\"><img decoding=\"async\" src=\"https:\/\/aivie.ch\/wp-content\/uploads\/2021\/11\/Digitale-Lead-Generation-fu&#x308;r-Tech-Unternehmen-1920x1083.png\" alt=\"\" class=\"wp-image-3625\" title=\"\"><\/figure>\n\n\n\n<div class=\"wp-block-stackable-button-group stk-block-button-group stk-block stk-cad654b\" data-block-id=\"cad654b\"><div class=\"stk-row stk-inner-blocks stk-block-content stk-button-group\">\n<div class=\"wp-block-stackable-button stk-block-button videoLead is-style-plain stk-block stk-1a71391\" data-block-id=\"1a71391\"><style>.stk-1a71391 .stk-button{background:transparent !important}.stk-1a71391 .stk-button:hover:after{background:transparent !important;opacity:1 !important}:where(.stk-hover-parent:hover,.stk-hover-parent.stk--is-hovered) .stk-1a71391 .stk-button:after{background:transparent !important;opacity:1 !important}<\/style><a class=\"stk-link stk-button stk--hover-effect-darken\" href=\"\"><span class=\"stk-button__inner-text\">Katso webinaarivideo<\/span><\/a><\/div>\n<\/div><\/div>\n\n\n\n\t<div class=\"wp-video-popup-wrapper\" data-wp-video-popup-id=\"videoLead\">\n\t\t<div class=\"wp-video-popup-close\"><\/div>\n\t\t\n\t\t\t<iframe class=\"wp-video-popup-video is-hosted is-landscape is-resizable\" src=\"\" data-wp-video-popup-url=\"https:\/\/www.youtube.com\/embed\/TGIRLfZmGnI?autoplay=1&#038;rel=0\" frameborder=\"0\" allowfullscreen allow=\"autoplay\">\n\t\t\t<\/iframe>\n\t\t\n\t<\/div>\n\t\n<\/div><\/div><\/div><\/div><\/div>\n\n\n\n<div class=\"wp-block-ugb-column ugb-column ugb-3a58d59 ugb-column--design-plain ugb-main-block\" id=\"join\"><div class=\"ugb-inner-block\"><div class=\"ugb-block-content\"><div class=\"ugb-column__item ugb-3a58d59-column-wrapper\"><div class=\"ugb-column__content-wrapper\">\n<div class=\"wp-block-ugb-heading ugb-heading ugb-b1e04f1 ugb-main-block\"><style>.ugb-b1e04f1 .ugb-heading__title{color:#283e4c}<\/style><div class=\"ugb-inner-block\"><div class=\"ugb-block-content\"><h2 class=\"ugb-heading__title\"><span style=\"color: #283e4c;\" class=\"ugb-highlight\">Lataa webinaarin diat.<\/span><\/h2><\/div><\/div><\/div>\n\n\n<script type=\"text\/javascript\" src=\"https:\/\/m.aivie.ch\/form\/generate.js?id=49\"><\/script>\n<\/div><\/div><\/div><\/div><\/div>\n<\/div><\/div><\/div><\/div>\n","protected":false},"excerpt":{"rendered":"<p>Digitaalinen liidien tuottaminen teknologiayrityksille Eik\u00f6 tuotteesi myy itse itse\u00e4\u00e4n? Henkil\u00f6kohtainen verkostosi arvostaa sinua ja teknologiaasi, mutta sinun pit\u00e4isi tulla viel\u00e4 tunnetummaksi? Haluatko luoda entist\u00e4 enemm\u00e4n johtolankoja digitaalisesti? Tunnemme n\u00e4m\u00e4 haasteet. Jaamme asiantuntemuksemme digitaalisessa lead generation -webinaarissa. Esittelemme markkinoinnin automaation parhaat k\u00e4yt\u00e4nn\u00f6t, jotka auttavat teknologiayrityksi\u00e4 kasvamaan \u2013 automaattisesti. Vastaamme n\u00e4ihin kysymyksiin Miten voimme laajentaa verkostoamme ja &hellip; <a href=\"https:\/\/aivie.ch\/fi\/digitaalinen-liidien-tuottaminen-teknologiayrityksille-lm\/\" class=\"more-link\">Jatka lukemista <span class=\"screen-reader-text\">Digitaalinen liidien tuottaminen teknologiayrityksille LM<\/span><\/a><\/p>\n","protected":false},"author":1,"featured_media":26394,"parent":0,"menu_order":0,"comment_status":"closed","ping_status":"closed","template":"front-page.php","meta":{"_acf_changed":false,"footnotes":""},"class_list":["post-26391","page","type-page","status-publish","has-post-thumbnail","hentry"],"acf":[],"featured_image_urls_v2":{"full":["https:\/\/cdn.aivie.ch\/media\/wp\/2021\/11\/19131443\/digitale-lead-generation-f-r-tech-unternehmen-lm.jpg",1280,720,false],"thumbnail":["https:\/\/cdn.aivie.ch\/media\/wp\/2021\/11\/19131443\/digitale-lead-generation-f-r-tech-unternehmen-lm-240x240.jpg",240,240,true],"medium":["https:\/\/cdn.aivie.ch\/media\/wp\/2021\/11\/19131443\/digitale-lead-generation-f-r-tech-unternehmen-lm-960x540.jpg",960,540,true],"medium_large":["https:\/\/cdn.aivie.ch\/media\/wp\/2021\/11\/19131443\/digitale-lead-generation-f-r-tech-unternehmen-lm-768x432.jpg",768,432,true],"large":["https:\/\/cdn.aivie.ch\/media\/wp\/2021\/11\/19131443\/digitale-lead-generation-f-r-tech-unternehmen-lm.jpg",990,557,false],"post-thumbnail":["https:\/\/cdn.aivie.ch\/media\/wp\/2021\/11\/19131443\/digitale-lead-generation-f-r-tech-unternehmen-lm-1200x675.jpg",1200,675,true],"aiv_480w":["https:\/\/cdn.aivie.ch\/media\/wp\/2021\/11\/19131443\/digitale-lead-generation-f-r-tech-unternehmen-lm-480x270.jpg",480,270,true],"woocommerce_thumbnail":["https:\/\/cdn.aivie.ch\/media\/wp\/2021\/11\/19131443\/digitale-lead-generation-f-r-tech-unternehmen-lm-240x240.jpg",240,240,true],"woocommerce_single":["https:\/\/cdn.aivie.ch\/media\/wp\/2021\/11\/19131443\/digitale-lead-generation-f-r-tech-unternehmen-lm-960x540.jpg",960,540,true],"woocommerce_gallery_thumbnail":["https:\/\/cdn.aivie.ch\/media\/wp\/2021\/11\/19131443\/digitale-lead-generation-f-r-tech-unternehmen-lm-240x240.jpg",240,240,true]},"post_excerpt_stackable_v2":"<p>Digitaalinen liidien tuottaminen teknologiayrityksilleEik\u00f6 tuotteesi myy itse itse\u00e4\u00e4n? Henkil\u00f6kohtainen verkostosi arvostaa sinua ja teknologiaasi, mutta sinun pit\u00e4isi tulla viel\u00e4 tunnetummaksi? Haluatko luoda entist\u00e4 enemm\u00e4n johtolankoja digitaalisesti? Tunnemme n\u00e4m\u00e4 haasteet. Jaamme asiantuntemuksemme digitaalisessa lead generation -webinaarissa. Esittelemme markkinoinnin automaation parhaat k\u00e4yt\u00e4nn\u00f6t, jotka auttavat teknologiayrityksi\u00e4 kasvamaan \u2013 automaattisesti. Vastaamme n\u00e4ihin kysymyksiinMiten voimme laajentaa verkostoamme ja luoda johtolankoja verkossa?Miten suodatamme ja karsimme liidit automaattisesti?Miten perustamme liidisuppilon markkinoinnin automaation avulla?Miten markkinoinnin automatisointi sopii ty\u00f6kalumaisemaamme? Vastaukset kaikkiin kysymyksiisiLataa webinaarin diat saadaksesi vastauksia ja selvent\u00e4\u00e4ksesi kaikki kysymyksesi liidien tuottamisesta. Katso webinaarivideo Lataa webinaarin diat.<\/p>\n","category_list_v2":"","author_info_v2":{"name":"Adrian Schimpf","url":"https:\/\/aivie.ch\/fi\/author\/adrian\/"},"comments_num_v2":"0 comments","_links":{"self":[{"href":"https:\/\/aivie.ch\/fi\/wp-json\/wp\/v2\/pages\/26391","targetHints":{"allow":["GET"]}}],"collection":[{"href":"https:\/\/aivie.ch\/fi\/wp-json\/wp\/v2\/pages"}],"about":[{"href":"https:\/\/aivie.ch\/fi\/wp-json\/wp\/v2\/types\/page"}],"author":[{"embeddable":true,"href":"https:\/\/aivie.ch\/fi\/wp-json\/wp\/v2\/users\/1"}],"replies":[{"embeddable":true,"href":"https:\/\/aivie.ch\/fi\/wp-json\/wp\/v2\/comments?post=26391"}],"version-history":[{"count":1,"href":"https:\/\/aivie.ch\/fi\/wp-json\/wp\/v2\/pages\/26391\/revisions"}],"predecessor-version":[{"id":26398,"href":"https:\/\/aivie.ch\/fi\/wp-json\/wp\/v2\/pages\/26391\/revisions\/26398"}],"wp:featuredmedia":[{"embeddable":true,"href":"https:\/\/aivie.ch\/fi\/wp-json\/wp\/v2\/media\/26394"}],"wp:attachment":[{"href":"https:\/\/aivie.ch\/fi\/wp-json\/wp\/v2\/media?parent=26391"}],"curies":[{"name":"wp","href":"https:\/\/api.w.org\/{rel}","templated":true}]}}