{"id":26379,"date":"2026-01-11T14:13:08","date_gmt":"2026-01-11T12:13:08","guid":{"rendered":"https:\/\/aivie.ch\/integrointi-adhook-sosiaalinen-media\/"},"modified":"2026-01-11T14:13:18","modified_gmt":"2026-01-11T12:13:18","slug":"integrointi-adhook-sosiaalinen-media","status":"publish","type":"page","link":"https:\/\/aivie.ch\/fi\/integrointi-adhook-sosiaalinen-media\/","title":{"rendered":"Integrointi Adhook Sosiaalinen media"},"content":{"rendered":"\n<div class=\"alignfull wp-block-ugb-columns ugb-columns aiv-col-2 ugb-c18b7d6 ugb-columns--design-plain ugb-columns--columns-2 ugb-main-block ugb-main-block--inner-center ugb--has-block-background ugb--has-background-overlay\"><style>.ugb-c18b7d6.ugb-columns{background-image:url(https:\/\/cdn.aivie.ch\/media\/wp\/2021\/06\/19131703\/pattern-u-960w.png);background-position:bottom left;background-repeat:no-repeat;background-size:40% !important}.ugb-c18b7d6.ugb-columns:before{opacity:0.5}@media screen and (min-width:768px){.ugb-c18b7d6.ugb-columns{padding-right:35px !important}}<\/style><div class=\"ugb-inner-block ugb-inner-block--center\"><div class=\"ugb-block-content\"><div class=\"ugb-columns__item ugb-c18b7d6-content-wrapper\">\n<div class=\"wp-block-ugb-column ugb-column ugb-f2c1e76 ugb-column--design-plain ugb-main-block\"><div class=\"ugb-inner-block\"><div class=\"ugb-block-content\"><div class=\"ugb-column__item ugb-f2c1e76-column-wrapper\"><div class=\"ugb-column__content-wrapper\">\n<div class=\"wp-block-ugb-heading ugb-heading ugb-89d525c ugb-main-block\"><div class=\"ugb-inner-block\"><div class=\"ugb-block-content\"><h1 class=\"ugb-heading__title\">Googlen ja sosiaalisen median integrointi markkinoinnin automatisointiin<\/h1><p class=\"ugb-heading__subtitle\">Muokkaatko yhteystietoja johdonmukaisesti ja k\u00e4yt\u00e4tk\u00f6 samoja segmenttej\u00e4 s\u00e4hk\u00f6postien l\u00e4hett\u00e4miseen ja mainosten sijoittamiseen? Ei unelma, vaan todellisuutta! Adhookin ja Aivien integroidun sosiaalisen median markkinoinnin avulla suunnittelemme digitaalisen asiakaspolun t\u00e4ysin automaattisesti!  <\/p><\/div><\/div><\/div>\n<\/div><\/div><\/div><\/div><\/div>\n\n\n\n<div class=\"wp-block-ugb-column ugb-column ugb-a8b9f03 ugb-column--design-plain ugb-main-block\"><style>@media screen and (min-width:768px){.ugb-a8b9f03 > .ugb-inner-block > .ugb-block-content > *{padding-top:80px !important}}<\/style><div class=\"ugb-inner-block\"><div class=\"ugb-block-content\"><div class=\"ugb-column__item ugb-a8b9f03-column-wrapper\"><div class=\"ugb-column__content-wrapper\">\n<figure class=\"wp-block-image size-full\"><img loading=\"lazy\" decoding=\"async\" width=\"1920\" height=\"1280\" src=\"https:\/\/cdn.aivie.ch\/media\/wp\/2021\/11\/19131451\/Partnerprogramm_Discussion-1.jpg\" alt=\"\" class=\"wp-image-3457\" title=\"\" srcset=\"https:\/\/cdn.aivie.ch\/media\/wp\/2021\/11\/19131451\/Partnerprogramm_Discussion-1.jpg 1920w, https:\/\/cdn.aivie.ch\/media\/wp\/2021\/11\/19131451\/Partnerprogramm_Discussion-1-960x640.jpg 960w, https:\/\/cdn.aivie.ch\/media\/wp\/2021\/11\/19131451\/Partnerprogramm_Discussion-1-768x512.jpg 768w, https:\/\/cdn.aivie.ch\/media\/wp\/2021\/11\/19131451\/Partnerprogramm_Discussion-1-1200x800.jpg 1200w, https:\/\/cdn.aivie.ch\/media\/wp\/2021\/11\/19131451\/Partnerprogramm_Discussion-1-480x320.jpg 480w, https:\/\/cdn.aivie.ch\/media\/wp\/2021\/11\/19131451\/Partnerprogramm_Discussion-1-600x400.jpg 600w\" sizes=\"auto, (max-width: 1920px) 100vw, 1920px\" \/><\/figure>\n\n\n\n<p><\/p>\n<\/div><\/div><\/div><\/div><\/div>\n<\/div><\/div><\/div><\/div>\n\n<div class=\"alignfull wp-block-ugb-feature ugb-feature ugb-af8b532 ugb-feature--v2 ugb-feature--design-basic ugb-feature--invert ugb-main-block ugb-main-block--inner-center ugb--has-block-background\"><style>.ugb-af8b532 .ugb-feature__item{border-radius:0px !important;background-color:rgba(255,255,255,0) !important}.ugb-af8b532 .ugb-feature__title{color:#e63312}.ugb-af8b532.ugb-feature{background-color:#283e4c;background-position:bottom left;background-repeat:no-repeat;background-size:45% !important}.ugb-af8b532.ugb-feature:before{background-color:#283e4c}@media screen and (min-width:768px){.ugb-af8b532 .ugb-feature__item{grid-template-columns:1.00fr 1.00fr !important}.ugb-af8b532 .ugb-img{width:1200px;height:auto !important}}@media screen and (max-width:768px){.ugb-af8b532.ugb-feature{background-position:top left;background-repeat:no-repeat;background-size:50% !important}}<\/style><div class=\"ugb-inner-block ugb-inner-block--center\"><div class=\"ugb-block-content\"><div class=\"ugb-feature__item ugb--shadow-0\"><div class=\"ugb-feature__content\"><h2 class=\"ugb-feature__title\">Uusi tarjouksemme: kaikki on integroitu saumattomasti yhteen.<\/h2><div class=\"ugb-button-container\"><a class=\"ugb-button ugb-button--size-normal ugb-button--design-plain ugb-button--has-icon ugb-button--icon-position-right\" href=\"https:\/\/aivie.ch\/kontakt\/\" rel=\"\" title=\"\"><div class=\"ugb-icon-inner-svg\"><svg data-prefix=\"fas\" data-icon=\"arrow-circle-right\" class=\"svg-inline--fa fa-arrow-circle-right fa-w-16\" role=\"img\" xmlns=\"http:\/\/www.w3.org\/2000\/svg\" viewbox=\"0 0 512 512\"><path fill=\"currentColor\" d=\"M256 8c137 0 248 111 248 248S393 504 256 504 8 393 8 256 119 8 256 8zm-28.9 143.6l75.5 72.4H120c-13.3 0-24 10.7-24 24v16c0 13.3 10.7 24 24 24h182.6l-75.5 72.4c-9.7 9.3-9.9 24.8-.4 34.3l11 10.9c9.4 9.4 24.6 9.4 33.9 0L404.3 273c9.4-9.4 9.4-24.6 0-33.9L271.6 106.3c-9.4-9.4-24.6-9.4-33.9 0l-11 10.9c-9.5 9.6-9.3 25.1.4 34.4z\"><\/path><\/svg><\/div><span class=\"ugb-button--inner\">J\u00e4rjest\u00e4 esittelyn tapaaminen<\/span><\/a><\/div><\/div><div class=\"ugb-feature__image-side\"><img decoding=\"async\" class=\"ugb-feature__image ugb-img wp-image-3962 ugb-image--shape-stretch\" src=\"https:\/\/cdn.aivie.ch\/media\/wp\/2021\/12\/19131428\/BlogBilder-1-1.png\" alt=\"\" title=\"\" height=\"800\" srcset=\"https:\/\/cdn.aivie.ch\/media\/wp\/2021\/12\/19131428\/BlogBilder-1-1.png 1200w, https:\/\/cdn.aivie.ch\/media\/wp\/2021\/12\/19131428\/BlogBilder-1-1-960x640.png 960w, https:\/\/cdn.aivie.ch\/media\/wp\/2021\/12\/19131428\/BlogBilder-1-1-768x512.png 768w, https:\/\/cdn.aivie.ch\/media\/wp\/2021\/12\/19131428\/BlogBilder-1-1-480x320.png 480w, https:\/\/cdn.aivie.ch\/media\/wp\/2021\/12\/19131428\/BlogBilder-1-1-600x400.png 600w\" sizes=\"(max-width: 1200px) 100vw, 1200px\" \/><\/div><\/div><\/div><\/div><\/div>\n\n<div class=\"alignfull wp-block-ugb-columns ugb-columns aiv-lead-center ugb-d36a39f ugb-columns--design-plain ugb-columns--columns-4 ugb-main-block ugb-main-block--inner-center ugb--has-block-background ugb--has-background-overlay\"><style>.ugb-d36a39f.ugb-columns{background-color:#EFF0F1;background-image:url(https:\/\/cdn.aivie.ch\/media\/wp\/2021\/06\/19131659\/pattern-mario-480w.png);background-position:bottom left;background-repeat:no-repeat;background-size:523px !important}.ugb-d36a39f.ugb-columns:before{background-color:#EFF0F1;opacity:0.5}<\/style><div class=\"ugb-inner-block ugb-inner-block--center\"><h2 class=\"ugb-block-title ugb-block-title--with-subtitle\">Kun kaikki digitaaliset kosketuspisteet puhuvat kesken\u00e4\u00e4n<\/h2><p class=\"ugb-block-description\">Markkinointikampanjat, joissa kaikki digitaaliset kosketuspisteet keskustelevat kesken\u00e4\u00e4n. Yhdist\u00e4 Googlen ja sosiaalisen median viestien ja kampanjoiden hallinta kattavaan markkinoinnin automaatioon ja luo kokonaisvaltainen kontaktien hallintaj\u00e4rjestelm\u00e4. <\/p><div class=\"ugb-block-content\"><div class=\"ugb-columns__item ugb-d36a39f-content-wrapper\">\n<div class=\"wp-block-ugb-column ugb-column ugb-2a56cca ugb-column--design-plain ugb-main-block\"><div class=\"ugb-inner-block\"><div class=\"ugb-block-content\"><div class=\"ugb-column__item ugb-2a56cca-column-wrapper\"><div class=\"ugb-column__content-wrapper\">\n<h3 class=\"wp-block-heading\" id=\"h-dynamische-segmentierung\">Dynaaminen segmentointi<\/h3>\n\n\n\n<p>Segmentoi yhteystietosi k\u00e4yt\u00f6n ja CRM-tietojen perusteella. K\u00e4ynnist\u00e4 menestyksekk\u00e4it\u00e4 lookalike-kampanjoita tai k\u00e4yt\u00e4 segmentointia uudelleenkohdentamiseen ja n\u00e4ytt\u00f6kampanjoihin. <\/p>\n<\/div><\/div><\/div><\/div><\/div>\n\n\n\n<div class=\"wp-block-ugb-column ugb-column ugb-02112b6 ugb-column--design-plain ugb-main-block\"><div class=\"ugb-inner-block\"><div class=\"ugb-block-content\"><div class=\"ugb-column__item ugb-02112b6-column-wrapper\"><div class=\"ugb-column__content-wrapper\">\n<h3 class=\"wp-block-heading\" id=\"h-conversion-tracking\">Konversio <br\/>Seuranta<\/h3>\n\n\n\n<p>Automaattinen konversioseuranta perustuu kaikkiin tietoihin ja linkkiin CRM:\u00e4\u00e4n. K\u00e4yt\u00e4 t\u00e4t\u00e4 mainosten optimointiin ja raportoinnin kokonaisvaltaiseen m\u00e4\u00e4rittelyyn. <\/p>\n<\/div><\/div><\/div><\/div><\/div>\n\n\n\n<div class=\"wp-block-ugb-column ugb-column ugb-3281b04 ugb-column--design-plain ugb-main-block\"><div class=\"ugb-inner-block\"><div class=\"ugb-block-content\"><div class=\"ugb-column__item ugb-3281b04-column-wrapper\"><div class=\"ugb-column__content-wrapper\">\n<h3 class=\"wp-block-heading\" id=\"h-alle-daten-an-einem-ort\">Kaikki tiedot <br\/>yhdess\u00e4 paikassa<\/h3>\n\n\n\n<p>Kaikki ker\u00e4tyt tiedot ovat k\u00e4ytett\u00e4viss\u00e4si yhdess\u00e4 paikassa ilman rajoituksia. Vertaile tietoja ja analysoi niit\u00e4 kaikilla ajanjaksoilla. N\u00e4in saat todella arvokkaita oivalluksia.  <\/p>\n<\/div><\/div><\/div><\/div><\/div>\n\n\n\n<div class=\"wp-block-ugb-column ugb-column ugb-9cedf5e ugb-column--design-plain ugb-main-block\"><div class=\"ugb-inner-block\"><div class=\"ugb-block-content\"><div class=\"ugb-column__item ugb-9cedf5e-column-wrapper\"><div class=\"ugb-column__content-wrapper\">\n<figure class=\"wp-block-image size-full\"><img loading=\"lazy\" decoding=\"async\" width=\"1200\" height=\"800\" src=\"https:\/\/cdn.aivie.ch\/media\/wp\/2021\/11\/19131440\/Email-schreiben-am-Laptop_EmailBuilder.webp\" alt=\"\" class=\"wp-image-3715\" title=\"\" srcset=\"https:\/\/cdn.aivie.ch\/media\/wp\/2021\/11\/19131440\/Email-schreiben-am-Laptop_EmailBuilder.webp 1200w, https:\/\/cdn.aivie.ch\/media\/wp\/2021\/11\/19131440\/Email-schreiben-am-Laptop_EmailBuilder-960x640.webp 960w, https:\/\/cdn.aivie.ch\/media\/wp\/2021\/11\/19131440\/Email-schreiben-am-Laptop_EmailBuilder-768x512.webp 768w, https:\/\/cdn.aivie.ch\/media\/wp\/2021\/11\/19131440\/Email-schreiben-am-Laptop_EmailBuilder-480x320.webp 480w, https:\/\/cdn.aivie.ch\/media\/wp\/2021\/11\/19131440\/Email-schreiben-am-Laptop_EmailBuilder-600x400.webp 600w\" sizes=\"auto, (max-width: 1200px) 100vw, 1200px\" \/><\/figure>\n<\/div><\/div><\/div><\/div><\/div>\n<\/div><\/div><\/div><\/div>\n\n<div class=\"alignfull wp-block-ugb-columns ugb-columns aiv-col-2 ugb-a1425ab ugb-columns--design-plain ugb-columns--columns-2 ugb-main-block ugb-main-block--inner-center ugb--has-block-background ugb--has-background-overlay\"><style>.ugb-a1425ab.ugb-columns{background-color:#283e4c;background-image:url(https:\/\/cdn.aivie.ch\/media\/wp\/2021\/06\/19131703\/pattern-u-960w.png);background-position:bottom right;background-repeat:no-repeat;background-size:600px !important}.ugb-a1425ab.ugb-columns:before{background-color:#283e4c;opacity:0.5}<\/style><div class=\"ugb-inner-block ugb-inner-block--center\"><div class=\"ugb-block-content\"><div class=\"ugb-columns__item ugb-a1425ab-content-wrapper\">\n<div class=\"wp-block-ugb-column ugb-column ugb-0e37c9e ugb-column--design-plain ugb-main-block\"><div class=\"ugb-inner-block\"><div class=\"ugb-block-content\"><div class=\"ugb-column__item ugb-0e37c9e-column-wrapper\"><div class=\"ugb-column__content-wrapper\">\n<h2 class=\"wp-block-heading\" id=\"workshops\">Kaikki mukana, mukaan lukien automaattinen sis\u00e4lt\u00f6<\/h2>\n\n\n\n<p class=\"has-white-color has-text-color\">Voit my\u00f6s luoda automaattisesti sis\u00e4lt\u00f6\u00e4 viestej\u00e4 ja mainoksia varten markkinointikokonaisuuttasi varten. Sinun ei tarvitse luoda malleja erikseen, sill\u00e4 kaikki Aivien sis\u00e4lt\u00f6si on saatavilla adhookissa. <\/p>\n<\/div><\/div><\/div><\/div><\/div>\n\n\n\n<div class=\"wp-block-ugb-column ugb-column ugb-f000cce ugb-column--design-plain ugb-main-block\"><div class=\"ugb-inner-block\"><div class=\"ugb-block-content\"><div class=\"ugb-column__item ugb-f000cce-column-wrapper\"><div class=\"ugb-column__content-wrapper\">\n<div class=\"aligncenter wp-block-ugb-icon-list ugb-icon-list ugb-e62318c ugb-icon-list--v2 ugb-main-block\"><style>.ugb-e62318c li{color:#ffffff;--icon-size:8px !important}.ugb-e62318c li::before{width:8px !important;height:8px !important;background-image:url('data:image\/svg+xml;base64,PHN2ZyBkYXRhLXByZWZpeD0iZmFzIiBkYXRhLWljb249ImNpcmNsZSIgY2xhc3M9InN2Zy1pbmxpbmUtLWZhIGZhLWNpcmNsZSBmYS13LTE2IiByb2xlPSJpbWciIHhtbG5zPSJodHRwOi8vd3d3LnczLm9yZy8yMDAwL3N2ZyIgdmlld0JveD0iMCAwIDUxMiA1MTIiIHN0eWxlPSJmaWxsOiAjZTYzMzEyICFpbXBvcnRhbnQ7IGNvbG9yOiAjZTYzMzEyICFpbXBvcnRhbnQiPjxwYXRoIGZpbGw9IiNlNjMzMTIiIGQ9Ik0yNTYgOEMxMTkgOCA4IDExOSA4IDI1NnMxMTEgMjQ4IDI0OCAyNDggMjQ4LTExMSAyNDgtMjQ4UzM5MyA4IDI1NiA4eiIgc3Ryb2tlPSIjZTYzMzEyIiBzdHlsZT0iZmlsbDogcmdiKDIzMCwgNTEsIDE4KTsgc3Ryb2tlOiByZ2IoMjMwLCA1MSwgMTgpOyIvPjwvc3ZnPg==')}.ugb-e62318c.ugb-icon-list ul{columns:1}@media screen and (min-width:768px){.ugb-e62318c.ugb-icon-list{margin-bottom:0px !important}}<\/style><div class=\"ugb-inner-block\"><div class=\"ugb-block-content\"><ul><li>Postien ja kampanjoiden hallinta, monikanavainen yhteis\u00f6n hallinta<\/li><li>Kattava markkinoinnin automaatio kampanjoineen, laskusivuineen ja lomakkeineen.<\/li><li>Analysoi keskitetysti Googlen ja sosiaalisen median toimintojen sek\u00e4 CRM:n tuloksia.<\/li><li>Dynaaminen segmentointi lead scoringin ja tunnisteiden perusteella<\/li><\/ul><\/div><\/div><\/div>\n\n\n\n<div class=\"wp-block-ugb-button ugb-button-wrapper ugb-9fb5f81 ugb-main-block\"><style>.ugb-9fb5f81 .ugb-block-content{justify-content:flex-start !important}.ugb-9fb5f81 .ugb-inner-block{text-align:left}<\/style><div class=\"ugb-inner-block\"><div class=\"ugb-block-content\"><div class=\"ugb-button-container\"><a class=\"ugb-button1 ugb-button ugb-button--size-normal\" href=\"https:\/\/aivie.ch\/kontakt\/\" rel=\"\" title=\"\"><span class=\"ugb-button--inner\">J\u00e4rjest\u00e4 esittelyn tapaaminen<\/span><\/a><\/div><\/div><\/div><\/div>\n\n\n\n<figure class=\"wp-block-image size-full is-resized\"><img loading=\"lazy\" decoding=\"async\" src=\"https:\/\/cdn.aivie.ch\/media\/wp\/2021\/12\/19131429\/BlogBilder.png\" alt=\"\" class=\"wp-image-3954\" width=\"390\" height=\"259\" title=\"\" srcset=\"https:\/\/cdn.aivie.ch\/media\/wp\/2021\/12\/19131429\/BlogBilder.png 1200w, https:\/\/cdn.aivie.ch\/media\/wp\/2021\/12\/19131429\/BlogBilder-960x640.png 960w, https:\/\/cdn.aivie.ch\/media\/wp\/2021\/12\/19131429\/BlogBilder-768x512.png 768w, https:\/\/cdn.aivie.ch\/media\/wp\/2021\/12\/19131429\/BlogBilder-480x320.png 480w, https:\/\/cdn.aivie.ch\/media\/wp\/2021\/12\/19131429\/BlogBilder-600x400.png 600w\" sizes=\"auto, (max-width: 390px) 100vw, 390px\" \/><\/figure>\n<\/div><\/div><\/div><\/div><\/div>\n<\/div><\/div><\/div><\/div>\n\n<div class=\"alignfull wp-block-ugb-columns ugb-columns ugb-d7f70dd ugb-columns--design-plain ugb-columns--columns-2 ugb-main-block ugb-main-block--inner-center ugb--has-block-background\"><style>.ugb-d7f70dd-content-wrapper{grid-column-gap:60px !important}.ugb-d7f70dd.ugb-columns{background-color:#cfe7e1}.ugb-d7f70dd.ugb-columns:before{background-color:#cfe7e1}<\/style><div class=\"ugb-inner-block ugb-inner-block--center\"><div class=\"ugb-block-content\"><div class=\"ugb-columns__item ugb-d7f70dd-content-wrapper\">\n<div class=\"wp-block-ugb-column ugb-column ugb-c5a6b36 ugb-column--design-plain ugb-main-block\"><style>@media screen and (min-width:768px){.ugb-c5a6b36.ugb-column{margin-top:0px !important}.ugb-c5a6b36 > .ugb-inner-block > .ugb-block-content > *{justify-content:flex-end}}.ugb-c5a6b36 > .ugb-inner-block > .ugb-block-content > *{justify-content:flex-end !important}@media screen and (min-width:768px){.ugb-c5a6b36 > .ugb-inner-block > .ugb-block-content > *{padding-top:0px !important;padding-bottom:0px !important;padding-right:0px !important;padding-left:0px !important}}<\/style><div class=\"ugb-inner-block\"><div class=\"ugb-block-content\"><div class=\"ugb-column__item ugb-c5a6b36-column-wrapper\"><div class=\"ugb-column__content-wrapper\">\n<div class=\"wp-block-ugb-heading ugb-heading ugb-9b28700 ugb-main-block\"><div class=\"ugb-inner-block\"><div class=\"ugb-block-content\"><h2 class=\"ugb-heading__title\">Kaikki yhdess\u00e4. Markkinoinnin automaatio ja sosiaalinen media. <\/h2><\/div><\/div><\/div>\n\n\n\n<div class=\"wp-block-ugb-spacer ugb-spacer ugb-4534648 ugb-spacer--v2 ugb-main-block\"><style>@media screen and (min-width:768px){.ugb-4534648.ugb-spacer{height:80px !important}}<\/style><div class=\"ugb-inner-block\"><div class=\"ugb-block-content\"><div class=\"ugb-spacer--inner\"><\/div><\/div><\/div><\/div>\n\n\n\n<figure class=\"wp-block-image size-full is-style-default\"><img loading=\"lazy\" decoding=\"async\" width=\"960\" height=\"640\" src=\"https:\/\/cdn.aivie.ch\/media\/wp\/2021\/06\/19131447\/angela-smile-working-on-aivie-marketing-automation-1920w-960x640-1.jpeg\" alt=\"\" class=\"wp-image-3598\" title=\"\" srcset=\"https:\/\/cdn.aivie.ch\/media\/wp\/2021\/06\/19131447\/angela-smile-working-on-aivie-marketing-automation-1920w-960x640-1.jpeg 960w, https:\/\/cdn.aivie.ch\/media\/wp\/2021\/06\/19131447\/angela-smile-working-on-aivie-marketing-automation-1920w-960x640-1-768x512.jpeg 768w, https:\/\/cdn.aivie.ch\/media\/wp\/2021\/06\/19131447\/angela-smile-working-on-aivie-marketing-automation-1920w-960x640-1-480x320.jpeg 480w, https:\/\/cdn.aivie.ch\/media\/wp\/2021\/06\/19131447\/angela-smile-working-on-aivie-marketing-automation-1920w-960x640-1-600x400.jpeg 600w\" sizes=\"auto, (max-width: 960px) 100vw, 960px\" \/><\/figure>\n<\/div><\/div><\/div><\/div><\/div>\n\n\n\n<div class=\"wp-block-ugb-column ugb-column ugb-0061fb4 ugb-column--design-plain ugb-main-block\"><div class=\"ugb-inner-block\"><div class=\"ugb-block-content\"><div class=\"ugb-column__item ugb-0061fb4-column-wrapper\"><div class=\"ugb-column__content-wrapper\">\n<div class=\"wp-block-ugb-heading ugb-heading ugb-2b5155a ugb-main-block\"><style>.ugb-2b5155a .ugb-heading__title{color:#283e4c}<\/style><div class=\"ugb-inner-block\"><div class=\"ugb-block-content\"><h2 class=\"ugb-heading__title\"><span style=\"color: #283e4c;\" class=\"ugb-highlight\">Aloita integroitu matkasi nyt.<\/span><\/h2><p class=\"ugb-heading__subtitle\">Googlen ja sosiaalisen median br\u00e4ndinhallinnasta markkinoinnin automatisointiin ja kokonaisvaltaiseen seurantaan ja optimointiin. Ota meihin yhteytt\u00e4, niin n\u00e4yt\u00e4mme miten. <\/p><\/div><\/div><\/div>\n\n\n\n<div class=\"wp-block-ugb-button ugb-button-wrapper ugb-4e35530 ugb-main-block\"><style>.ugb-4e35530 .ugb-block-content{justify-content:flex-start !important}.ugb-4e35530 .ugb-inner-block{text-align:left}<\/style><div class=\"ugb-inner-block\"><div class=\"ugb-block-content\"><div class=\"ugb-button-container\"><a class=\"ugb-button1 ugb-button ugb-button--size-normal\" href=\"https:\/\/aivie.ch\/kontakt\/\" rel=\"\" title=\"\"><span class=\"ugb-button--inner\">J\u00e4rjest\u00e4 esittelyn tapaaminen<\/span><\/a><\/div><\/div><\/div><\/div>\n<\/div><\/div><\/div><\/div><\/div>\n<\/div><\/div><\/div><\/div>\n","protected":false},"excerpt":{"rendered":"<p>Googlen ja sosiaalisen median integrointi markkinoinnin automatisointiin Muokkaatko yhteystietoja johdonmukaisesti ja k\u00e4yt\u00e4tk\u00f6 samoja segmenttej\u00e4 s\u00e4hk\u00f6postien l\u00e4hett\u00e4miseen ja mainosten sijoittamiseen? Ei unelma, vaan todellisuutta! Adhookin ja Aivien integroidun sosiaalisen median markkinoinnin avulla suunnittelemme digitaalisen asiakaspolun t\u00e4ysin automaattisesti! Uusi tarjouksemme: kaikki on integroitu saumattomasti yhteen. J\u00e4rjest\u00e4 esittelyn tapaaminen Dynaaminen segmentointi Segmentoi yhteystietosi k\u00e4yt\u00f6n ja CRM-tietojen perusteella. K\u00e4ynnist\u00e4 &hellip; <a href=\"https:\/\/aivie.ch\/fi\/integrointi-adhook-sosiaalinen-media\/\" class=\"more-link\">Jatka lukemista <span class=\"screen-reader-text\">Integrointi Adhook Sosiaalinen media<\/span><\/a><\/p>\n","protected":false},"author":1,"featured_media":0,"parent":0,"menu_order":0,"comment_status":"closed","ping_status":"closed","template":"front-page.php","meta":{"_acf_changed":false,"footnotes":""},"class_list":["post-26379","page","type-page","status-publish","hentry"],"acf":[],"featured_image_urls_v2":{"full":"","thumbnail":"","medium":"","medium_large":"","large":"","post-thumbnail":"","aiv_480w":"","woocommerce_thumbnail":"","woocommerce_single":"","woocommerce_gallery_thumbnail":""},"post_excerpt_stackable_v2":"<p>Googlen ja sosiaalisen median integrointi markkinoinnin automatisointiinMuokkaatko yhteystietoja johdonmukaisesti ja k\u00e4yt\u00e4tk\u00f6 samoja segmenttej\u00e4 s\u00e4hk\u00f6postien l\u00e4hett\u00e4miseen ja mainosten sijoittamiseen? Ei unelma, vaan todellisuutta! Adhookin ja Aivien integroidun sosiaalisen median markkinoinnin avulla suunnittelemme digitaalisen asiakaspolun t\u00e4ysin automaattisesti! Uusi tarjouksemme: kaikki on integroitu saumattomasti yhteen.J\u00e4rjest\u00e4 esittelyn tapaaminen Kun kaikki digitaaliset kosketuspisteet puhuvat kesken\u00e4\u00e4nMarkkinointikampanjat, joissa kaikki digitaaliset kosketuspisteet keskustelevat kesken\u00e4\u00e4n. Yhdist\u00e4 Googlen ja sosiaalisen median viestien ja kampanjoiden hallinta kattavaan markkinoinnin automaatioon ja luo kokonaisvaltainen kontaktien hallintaj\u00e4rjestelm\u00e4. Dynaaminen segmentointi Segmentoi yhteystietosi k\u00e4yt\u00f6n ja CRM-tietojen perusteella. K\u00e4ynnist\u00e4 menestyksekk\u00e4it\u00e4 lookalike-kampanjoita tai k\u00e4yt\u00e4 segmentointia uudelleenkohdentamiseen ja n\u00e4ytt\u00f6kampanjoihin. Konversio Seuranta Automaattinen konversioseuranta perustuu kaikkiin tietoihin ja linkkiin CRM:\u00e4\u00e4n.\u2026<\/p>\n","category_list_v2":"","author_info_v2":{"name":"Adrian Schimpf","url":"https:\/\/aivie.ch\/fi\/author\/adrian\/"},"comments_num_v2":"0 comments","_links":{"self":[{"href":"https:\/\/aivie.ch\/fi\/wp-json\/wp\/v2\/pages\/26379","targetHints":{"allow":["GET"]}}],"collection":[{"href":"https:\/\/aivie.ch\/fi\/wp-json\/wp\/v2\/pages"}],"about":[{"href":"https:\/\/aivie.ch\/fi\/wp-json\/wp\/v2\/types\/page"}],"author":[{"embeddable":true,"href":"https:\/\/aivie.ch\/fi\/wp-json\/wp\/v2\/users\/1"}],"replies":[{"embeddable":true,"href":"https:\/\/aivie.ch\/fi\/wp-json\/wp\/v2\/comments?post=26379"}],"version-history":[{"count":1,"href":"https:\/\/aivie.ch\/fi\/wp-json\/wp\/v2\/pages\/26379\/revisions"}],"predecessor-version":[{"id":26382,"href":"https:\/\/aivie.ch\/fi\/wp-json\/wp\/v2\/pages\/26379\/revisions\/26382"}],"wp:attachment":[{"href":"https:\/\/aivie.ch\/fi\/wp-json\/wp\/v2\/media?parent=26379"}],"curies":[{"name":"wp","href":"https:\/\/api.w.org\/{rel}","templated":true}]}}