{"id":26373,"date":"2026-01-11T14:13:05","date_gmt":"2026-01-11T12:13:05","guid":{"rendered":"https:\/\/aivie.ch\/aivie-mallin-asennus\/"},"modified":"2026-01-11T14:13:19","modified_gmt":"2026-01-11T12:13:19","slug":"aivie-mallin-asennus","status":"publish","type":"page","link":"https:\/\/aivie.ch\/fi\/aivie-mallin-asennus\/","title":{"rendered":"Aivie-mallin asennus"},"content":{"rendered":"\n<div class=\"alignfull wp-block-ugb-container ugb-container ugb-d2af22f ugb-container--v2 ugb-container--design-plain ugb-main-block ugb-main-block--inner-center ugb--has-block-background ugb--has-background-overlay\"><style>.ugb-d2af22f.ugb-container{background-image:url(https:\/\/cdn.aivie.ch\/media\/wp\/2021\/06\/19131703\/pattern-u-960w.png);background-position:bottom right;background-repeat:no-repeat;background-size:40% !important}.ugb-d2af22f.ugb-container:before{opacity:0.5}@media screen and (min-width:768px){.ugb-d2af22f-content-wrapper.ugb-container__content-wrapper{width:90% !important}.ugb-d2af22f.ugb-container{margin-top:0px !important;padding-top:0px !important;padding-right:35px !important;padding-left:35px !important}}<\/style><div class=\"ugb-inner-block ugb-inner-block--center\"><div class=\"ugb-block-content\"><div class=\"ugb-container__wrapper ugb-d2af22f-wrapper\"><div class=\"ugb-container__side\"><div class=\"ugb-container__content-wrapper ugb-d2af22f-content-wrapper\">\n<div class=\"wp-block-ugb-heading ugb-heading ugb-5431ba5 ugb-main-block\"><style>.ugb-5431ba5 .ugb-heading__title{text-align:center}.ugb-5431ba5 .ugb-inner-block{text-align:center}<\/style><div class=\"ugb-inner-block\"><div class=\"ugb-block-content\"><h1 class=\"ugb-heading__title\">Olet kaunis kanssamme!<\/h1><p class=\"ugb-heading__subtitle\">Jotta voimme m\u00e4\u00e4ritt\u00e4\u00e4 r\u00e4\u00e4t\u00e4l\u00f6idyt s\u00e4hk\u00f6posti- ja aloitussivupohjat, olisimme iloisia, jos saisimme sinulta seuraavat tiedot. Pyyd\u00e4mme teit\u00e4 t\u00e4ytt\u00e4m\u00e4\u00e4n t\u00e4m\u00e4n lomakkeen. <\/p><\/div><\/div><\/div>\n\n\n<script type=\"text\/javascript\" src=\"https:\/\/m.aivie.ch\/form\/generate.js?id=46\"><\/script>\n<\/div><\/div><\/div><\/div><\/div><\/div>\n\n<div class=\"alignfull wp-block-ugb-columns ugb-columns aiv-lead-center ugb-6dd7bf8 ugb-columns--design-plain ugb-columns--columns-2 ugb-main-block ugb-main-block--inner-center ugb--has-block-background ugb--has-background-overlay\"><style>.ugb-6dd7bf8.ugb-columns{background-color:#EFF0F1;background-image:url(https:\/\/cdn.aivie.ch\/media\/wp\/2021\/06\/19131659\/pattern-mario-480w.png);background-position:bottom left;background-repeat:no-repeat;background-size:523px !important}.ugb-6dd7bf8.ugb-columns:before{background-color:#EFF0F1;opacity:0.5}<\/style><div class=\"ugb-inner-block ugb-inner-block--center\"><h2 class=\"ugb-block-title ugb-block-title--with-subtitle\">Aivie-mallisi asetetaan.<\/h2><p class=\"ugb-block-description\">Kun olet t\u00e4ytt\u00e4nyt lomakkeen, mallisi asetetaan pian. Sill\u00e4 v\u00e4lin voit ottaa inspiraatiota blogistamme. L\u00f6yd\u00e4t kaikki tiedot ja laskut <a href=\"http:\/\/aivie.ch\/my-account\/\">tililt\u00e4si. <\/a>  <\/p><div class=\"ugb-block-content\"><div class=\"ugb-columns__item ugb-6dd7bf8-content-wrapper\">\n<div class=\"wp-block-ugb-column ugb-column ugb-a71cebf ugb-column--design-plain ugb-main-block\"><div class=\"ugb-inner-block\"><div class=\"ugb-block-content\"><div class=\"ugb-column__item ugb-a71cebf-column-wrapper\"><div class=\"ugb-column__content-wrapper\"><\/div><\/div><\/div><\/div><\/div>\n\n\n\n<div class=\"wp-block-ugb-column ugb-column ugb-a2b3ea3 ugb-column--design-plain ugb-main-block\"><div class=\"ugb-inner-block\"><div class=\"ugb-block-content\"><div class=\"ugb-column__item ugb-a2b3ea3-column-wrapper\"><div class=\"ugb-column__content-wrapper\"><\/div><\/div><\/div><\/div><\/div>\n<\/div><\/div><\/div><\/div>\n\n<div class=\"aligncenter wp-block-ugb-blog-posts ugb-blog-posts ugb-23c32e3 ugb-blog-posts--v2 ugb-blog-posts--design-list ugb-blog-posts--columns-1 ugb-main-block\"><style>.ugb-23c32e3 .ugb-blog-posts__featured-image{border-radius:0px !important}.ugb-23c32e3 .ugb-block-title{text-align:center}<\/style><div class=\"ugb-inner-block\"><h2 class=\"ugb-block-title\">Aloita markkinoinnin automatisointi nyt.<\/h2><div class=\"ugb-block-content\"><article class=\"ugb-blog-posts__item\"><div class=\"ugb-blog-posts__content\"><h3 class=\"ugb-blog-posts__title\"><a href=\"https:\/\/aivie.ch\/fi\/saehkoepostia-aliarvioidaan-edelleen-rajusti-miksi-saehkoeposti-viestintaekanavana-on-yrityksille-vaelttaemaetoen-myoes-vuonna-2025\/\">&#8221;S\u00e4hk\u00f6postia aliarvioidaan edelleen rajusti\u201d \u2013 Miksi s\u00e4hk\u00f6posti viestint\u00e4kanavana on yrityksille v\u00e4ltt\u00e4m\u00e4t\u00f6n my\u00f6s vuonna 2025?<\/a><\/h3><div class=\"ugb-blog-posts__excerpt\"><p>Aikana, jolloin uusia viestint\u00e4kanavia syntyy kuin sieni\u00e4, s\u00e4hk\u00f6posti on edelleen pk-yritysten yritysviestinn\u00e4n usein unohdettu selk\u00e4ranka. Coopin Digital &amp; Customer -yksik\u00f6n johtaja Thomas Schwetje toi asian p\u00e4hkin\u00e4nkuoressa esiin MarTech Summit 2025 -tapahtumassa : \u201d S\u00e4hk\u00f6posti on edelleen voimakkaasti aliarvioitu viestint\u00e4v\u00e4line.\u201d Olemme Aiviessa vakuuttuneita siit\u00e4, ett\u00e4 s\u00e4hk\u00f6posti ei ole vain hyv\u00e4ksi todettu viestint\u00e4kanava, vaan my\u00f6s tulevaisuuden kanava&#8230;<\/div><p class=\"ugb-blog-posts__readmore\"><a href=\"https:\/\/aivie.ch\/fi\/saehkoepostia-aliarvioidaan-edelleen-rajusti-miksi-saehkoeposti-viestintaekanavana-on-yrityksille-vaelttaemaetoen-myoes-vuonna-2025\/\">Lue lis\u00e4\u00e4<\/a><\/p><\/div><\/article><article class=\"ugb-blog-posts__item\"><figure class=\"ugb-blog-posts__featured-image\"><a href=\"https:\/\/aivie.ch\/fi\/markkinoinnin-automaatio-sveitsi-taeysin-automaattisesti\/\"><img loading=\"lazy\" decoding=\"async\" width=\"990\" height=\"660\" src=\"https:\/\/cdn.aivie.ch\/media\/wp\/2021\/11\/19131439\/Schweizer-Marketing-Automation-Tool-Aivie-will-Mailchimp-Hubspot-und-Co.-den-Rang-ablaufen.webp\" class=\"attachment-large size-large wp-post-image\" alt=\"Sveitsil\u00e4isen markkinoinnin automaatioty\u00f6kalun Aivien kansi pyrkii ohittamaan Mailchimpin ja Hubspotin\" title=\"\"><\/a><\/figure><div class=\"ugb-blog-posts__content\"><h3 class=\"ugb-blog-posts__title\"><a href=\"https:\/\/aivie.ch\/fi\/markkinoinnin-automaatio-sveitsi-taeysin-automaattisesti\/\">Markkinoinnin automaatio Sveitsi \u2013 t\u00e4ysin automaattisesti.<\/a><\/h3><div class=\"ugb-blog-posts__excerpt\"><p>Markkinoinnin automaatiosta on tulossa kriittinen menestystekij\u00e4 kaikenkokoisille yrityksille Sveitsin kaltaisessa yh\u00e4 digitaalisemmassa taloudessa. Aivie, huippuluokan markkinoinnin automaatioty\u00f6kalu Sveitsist\u00e4, tarjoaa monia ominaisuuksia, joilla voit automatisoida teht\u00e4vi\u00e4 ja tarjota yksil\u00f6llisi\u00e4 kokemuksia kohdeyleis\u00f6llesi. T\u00e4ss\u00e4 artikkelissa selvit\u00e4mme, miten voit aloittaa markkinoinnin automaatiomatkan. Sis\u00e4llysluetteloMarkkinoinnin automaation ymm\u00e4rt\u00e4minenEnsimm\u00e4iset vaiheetM\u00e4\u00e4rittele tavoitteetLuo kohdennettuja s\u00e4hk\u00f6postikampanjoitaHoida liiditS\u00e4hk\u00f6postit napin painalluksellaTulosten analysointi ja optimointi Markkinoinnin automaation ymm\u00e4rt\u00e4minen Markkinoinnin&#8230;<\/div><p class=\"ugb-blog-posts__readmore\"><a href=\"https:\/\/aivie.ch\/fi\/markkinoinnin-automaatio-sveitsi-taeysin-automaattisesti\/\">Lue lis\u00e4\u00e4<\/a><\/p><\/div><\/article><article class=\"ugb-blog-posts__item\"><figure class=\"ugb-blog-posts__featured-image\"><a href=\"https:\/\/aivie.ch\/fi\/skaalautuva-saehkoepostimarkkinointiratkaisu-matkailualan-teknologiayritykselle-boddylle\/\"><img loading=\"lazy\" decoding=\"async\" width=\"990\" height=\"714\" src=\"https:\/\/cdn.aivie.ch\/media\/wp\/2025\/05\/12114437\/aivie-e-mail-marketing-boddy.jpg\" class=\"attachment-large size-large wp-post-image\" alt=\"\" title=\"\"><\/a><\/figure><div class=\"ugb-blog-posts__content\"><h3 class=\"ugb-blog-posts__title\"><a href=\"https:\/\/aivie.ch\/fi\/skaalautuva-saehkoepostimarkkinointiratkaisu-matkailualan-teknologiayritykselle-boddylle\/\">Skaalautuva s\u00e4hk\u00f6postimarkkinointiratkaisu matkailualan teknologiayritykselle BODDYlle<\/a><\/h3><div class=\"ugb-blog-posts__excerpt\"><p>Kun BODDY, nopeasti kasvava matkailu- ja hyvinvointiteknologiaa tarjoava startup-yritys, otti tanskalaisen kilpailijansa TrainAwayn haltuunsa vuonna 2023, sen k\u00e4ytt\u00e4j\u00e4kunta kasvoi yht\u00e4kki\u00e4 kuusinumeroiseksi. S\u00e4hk\u00f6postimarkkinointiin tarvittiin ratkaisu, joka tukisi nopeaa kasvua \u2013 ilman, ett\u00e4 s\u00e4hk\u00f6postit p\u00e4\u00e4tyisiv\u00e4t SPAM-kansioon. Luvut yhdell\u00e4 silm\u00e4yksell\u00e4 TeollisuusTravel-Tech \/ Well-TechLiiketoimintamalliB2B2CKohderyhm\u00e4Terveystietoiset matkailijat, kuntoilu- ja hyvinvointipalvelujen tarjoajat, hotellit, OTA:t, lentoyhti\u00f6t, vakuutusyhti\u00f6t jne.Yrityksen koko 10+ ty\u00f6ntekij\u00e4\u00e4RatkaisuAivie Start-upPalveluKasvun tukeminenHankkeen&#8230;<\/div><p class=\"ugb-blog-posts__readmore\"><a href=\"https:\/\/aivie.ch\/fi\/skaalautuva-saehkoepostimarkkinointiratkaisu-matkailualan-teknologiayritykselle-boddylle\/\">Lue lis\u00e4\u00e4<\/a><\/p><\/div><\/article><\/div><\/div><\/div>\n","protected":false},"excerpt":{"rendered":"<p>Olet kaunis kanssamme! Jotta voimme m\u00e4\u00e4ritt\u00e4\u00e4 r\u00e4\u00e4t\u00e4l\u00f6idyt s\u00e4hk\u00f6posti- ja aloitussivupohjat, olisimme iloisia, jos saisimme sinulta seuraavat tiedot. Pyyd\u00e4mme teit\u00e4 t\u00e4ytt\u00e4m\u00e4\u00e4n t\u00e4m\u00e4n lomakkeen. Aloita markkinoinnin automatisointi nyt. Tarkoituksen tunnistaminen ja oppiminen kosketuspisteist\u00e4 Aikomukset ovat k\u00e4ytt\u00e4jien ja asiakkaiden toiminnan taustalla olevia aikomuksia. Jos tied\u00e4mme kontaktin aikomuksen tietyss\u00e4 tilanteessa, tietyss\u00e4 yhteydess\u00e4, voimme puhutella kontaktia ajankohtaisella sis\u00e4ll\u00f6ll\u00e4. Tunnistamme aikomuksen &hellip; <a href=\"https:\/\/aivie.ch\/fi\/aivie-mallin-asennus\/\" class=\"more-link\">Jatka lukemista <span class=\"screen-reader-text\">Aivie-mallin asennus<\/span><\/a><\/p>\n","protected":false},"author":1,"featured_media":0,"parent":0,"menu_order":0,"comment_status":"closed","ping_status":"closed","template":"front-page.php","meta":{"_acf_changed":false,"footnotes":""},"class_list":["post-26373","page","type-page","status-publish","hentry"],"acf":[],"featured_image_urls_v2":{"full":"","thumbnail":"","medium":"","medium_large":"","large":"","post-thumbnail":"","aiv_480w":"","woocommerce_thumbnail":"","woocommerce_single":"","woocommerce_gallery_thumbnail":""},"post_excerpt_stackable_v2":"<p>Olet kaunis kanssamme!Jotta voimme m\u00e4\u00e4ritt\u00e4\u00e4 r\u00e4\u00e4t\u00e4l\u00f6idyt s\u00e4hk\u00f6posti- ja aloitussivupohjat, olisimme iloisia, jos saisimme sinulta seuraavat tiedot. Pyyd\u00e4mme teit\u00e4 t\u00e4ytt\u00e4m\u00e4\u00e4n t\u00e4m\u00e4n lomakkeen. Aivie-mallisi asetetaan.Kun olet t\u00e4ytt\u00e4nyt lomakkeen, mallisi asetetaan pian. Sill\u00e4 v\u00e4lin voit ottaa inspiraatiota blogistamme. L\u00f6yd\u00e4t kaikki tiedot ja laskut tililt\u00e4si. Aloita markkinoinnin automatisointi nyt.Markkinoinnin automaatio ja teko\u00e4lyMarkkinoinnin automatisointi on jokaisen kunnianhimoisen markkinointitiimin ehdoton edellytys, ja OpenAI :n ChatGPT:n my\u00f6t\u00e4 teko\u00e4ly on tullut entist\u00e4 helpommin yleis\u00f6n ulottuville. T\u00e4ss\u00e4 artikkelissa tarkastelemme, miksi markkinoinnin automatisointi ja teko\u00e4ly ovat tehotiimi ja optimoivat prosessejasi ja ty\u00f6t\u00e4si valtavasti. Sis\u00e4llysluettelo Mit\u00e4 on markkinoinnin automaatio?Miksi markkinoinnin automaatio on t\u00e4rke\u00e4\u00e4?Kokeilla sit\u00e4 heti ja p\u00e4\u00e4st\u00e4 alkuun? Aloita Aivien oikean\u2026<\/p>\n","category_list_v2":"","author_info_v2":{"name":"Adrian Schimpf","url":"https:\/\/aivie.ch\/fi\/author\/adrian\/"},"comments_num_v2":"0 comments","_links":{"self":[{"href":"https:\/\/aivie.ch\/fi\/wp-json\/wp\/v2\/pages\/26373","targetHints":{"allow":["GET"]}}],"collection":[{"href":"https:\/\/aivie.ch\/fi\/wp-json\/wp\/v2\/pages"}],"about":[{"href":"https:\/\/aivie.ch\/fi\/wp-json\/wp\/v2\/types\/page"}],"author":[{"embeddable":true,"href":"https:\/\/aivie.ch\/fi\/wp-json\/wp\/v2\/users\/1"}],"replies":[{"embeddable":true,"href":"https:\/\/aivie.ch\/fi\/wp-json\/wp\/v2\/comments?post=26373"}],"version-history":[{"count":1,"href":"https:\/\/aivie.ch\/fi\/wp-json\/wp\/v2\/pages\/26373\/revisions"}],"predecessor-version":[{"id":26376,"href":"https:\/\/aivie.ch\/fi\/wp-json\/wp\/v2\/pages\/26373\/revisions\/26376"}],"wp:attachment":[{"href":"https:\/\/aivie.ch\/fi\/wp-json\/wp\/v2\/media?parent=26373"}],"curies":[{"name":"wp","href":"https:\/\/api.w.org\/{rel}","templated":true}]}}