{"id":26366,"date":"2026-01-11T14:12:55","date_gmt":"2026-01-11T12:12:55","guid":{"rendered":"https:\/\/aivie.ch\/ominaisuuksien-toivomuslista\/"},"modified":"2026-01-11T14:13:00","modified_gmt":"2026-01-11T12:13:00","slug":"ominaisuuksien-toivomuslista","status":"publish","type":"page","link":"https:\/\/aivie.ch\/fi\/ominaisuuksien-toivomuslista\/","title":{"rendered":"Ominaisuuksien toivomuslista"},"content":{"rendered":"\n<div class=\"alignfull wp-block-ugb-columns ugb-columns aiv-col-2 ugb-0f67373 ugb-columns--design-plain ugb-columns--columns-2 ugb-main-block ugb-main-block--inner-center ugb--has-block-background ugb--has-background-overlay\"><style>.ugb-0f67373.ugb-columns{background-image:url(https:\/\/m.aivie.ch\/media\/images\/wp\/2021\/06\/14174322\/pattern-u-960w.png);background-position:bottom left;background-repeat:no-repeat;background-size:40% !important}.ugb-0f67373.ugb-columns:before{opacity:0.5}@media screen and (min-width:768px){.ugb-0f67373.ugb-columns{padding-right:35px !important}}<\/style><div class=\"ugb-inner-block ugb-inner-block--center\"><div class=\"ugb-block-content\"><div class=\"ugb-columns__item ugb-0f67373-content-wrapper\">\n<div class=\"wp-block-ugb-column ugb-column ugb-bec3702 ugb-column--design-plain ugb-main-block\"><style>@media screen and (min-width:768px){.ugb-bec3702 > .ugb-inner-block > .ugb-block-content > *{padding-top:80px !important}}<\/style><div class=\"ugb-inner-block\"><div class=\"ugb-block-content\"><div class=\"ugb-column__item ugb-bec3702-column-wrapper\"><div class=\"ugb-column__content-wrapper\">\n<figure class=\"wp-block-image size-large\"><img loading=\"lazy\" decoding=\"async\" width=\"1920\" height=\"1280\" src=\"https:\/\/cdn.aivie.ch\/media\/wp\/2022\/01\/21101240\/portrait-of-programmers-working-in-development-sof-2021-08-26-17-31-39-utc-1920x1280.jpeg\" alt=\"Aivien ominaisuuksien toivomuslista\" class=\"wp-image-4572\" title=\"\" srcset=\"https:\/\/cdn.aivie.ch\/media\/wp\/2022\/01\/21101240\/portrait-of-programmers-working-in-development-sof-2021-08-26-17-31-39-utc-1920x1280.jpeg 1920w, https:\/\/cdn.aivie.ch\/media\/wp\/2022\/01\/21101240\/portrait-of-programmers-working-in-development-sof-2021-08-26-17-31-39-utc-960x640.jpeg 960w, https:\/\/cdn.aivie.ch\/media\/wp\/2022\/01\/21101240\/portrait-of-programmers-working-in-development-sof-2021-08-26-17-31-39-utc-768x512.jpeg 768w, https:\/\/cdn.aivie.ch\/media\/wp\/2022\/01\/21101240\/portrait-of-programmers-working-in-development-sof-2021-08-26-17-31-39-utc-1200x800.jpeg 1200w, https:\/\/cdn.aivie.ch\/media\/wp\/2022\/01\/21101240\/portrait-of-programmers-working-in-development-sof-2021-08-26-17-31-39-utc-480x320.jpeg 480w, https:\/\/cdn.aivie.ch\/media\/wp\/2022\/01\/21101240\/portrait-of-programmers-working-in-development-sof-2021-08-26-17-31-39-utc-600x400.jpeg 600w\" sizes=\"auto, (max-width: 1920px) 100vw, 1920px\" \/><\/figure>\n\n\n\n<p><\/p>\n<\/div><\/div><\/div><\/div><\/div>\n\n\n\n<div class=\"wp-block-ugb-column ugb-column ugb-51cf674 ugb-column--design-plain ugb-main-block\"><div class=\"ugb-inner-block\"><div class=\"ugb-block-content\"><div class=\"ugb-column__item ugb-51cf674-column-wrapper\"><div class=\"ugb-column__content-wrapper\">\n<div class=\"wp-block-ugb-heading ugb-heading ugb-e6952f9 ugb-main-block\"><div class=\"ugb-inner-block\"><div class=\"ugb-block-content\"><h2 class=\"ugb-heading__title\">Millaista ominaisuutta toivot?<\/h2><p class=\"ugb-heading__subtitle\">Olemme kiinnostuneita siit\u00e4, mik\u00e4 on sinulle t\u00e4rke\u00e4\u00e4. Siksi kysymme sinulta, mit\u00e4 ominaisuuksia toivot? <\/p><\/div><\/div><\/div>\n\n\n\n<figure class=\"wp-block-image size-full\"><img loading=\"lazy\" decoding=\"async\" width=\"1200\" height=\"627\" src=\"https:\/\/cdn.aivie.ch\/media\/wp\/2022\/01\/20095035\/Aivie-Plugin-Whishlist.webp\" alt=\"Aivie Plugin toivelista\" class=\"wp-image-4544\" title=\"\" srcset=\"https:\/\/cdn.aivie.ch\/media\/wp\/2022\/01\/20095035\/Aivie-Plugin-Whishlist.webp 1200w, https:\/\/cdn.aivie.ch\/media\/wp\/2022\/01\/20095035\/Aivie-Plugin-Whishlist-960x502.webp 960w, https:\/\/cdn.aivie.ch\/media\/wp\/2022\/01\/20095035\/Aivie-Plugin-Whishlist-768x401.webp 768w, https:\/\/cdn.aivie.ch\/media\/wp\/2022\/01\/20095035\/Aivie-Plugin-Whishlist-480x251.webp 480w, https:\/\/cdn.aivie.ch\/media\/wp\/2022\/01\/20095035\/Aivie-Plugin-Whishlist-600x314.webp 600w\" sizes=\"auto, (max-width: 1200px) 100vw, 1200px\" \/><\/figure>\n\n\n<script type=\"text\/javascript\" src=\"https:\/\/m.aivie.ch\/form\/generate.js?id=58\"><\/script>\n<\/div><\/div><\/div><\/div><\/div>\n<\/div><\/div><\/div><\/div>\n\n<p><\/p>\n","protected":false},"excerpt":{"rendered":"<p>Millaista ominaisuutta toivot? Olemme kiinnostuneita siit\u00e4, mik\u00e4 on sinulle t\u00e4rke\u00e4\u00e4. Siksi kysymme sinulta, mit\u00e4 ominaisuuksia toivot?<\/p>\n","protected":false},"author":1,"featured_media":0,"parent":0,"menu_order":0,"comment_status":"closed","ping_status":"closed","template":"front-page.php","meta":{"_acf_changed":false,"footnotes":""},"class_list":["post-26366","page","type-page","status-publish","hentry"],"acf":[],"featured_image_urls_v2":{"full":"","thumbnail":"","medium":"","medium_large":"","large":"","post-thumbnail":"","aiv_480w":"","woocommerce_thumbnail":"","woocommerce_single":"","woocommerce_gallery_thumbnail":""},"post_excerpt_stackable_v2":"<p>Millaista ominaisuutta toivot?Olemme kiinnostuneita siit\u00e4, mik\u00e4 on sinulle t\u00e4rke\u00e4\u00e4. Siksi kysymme sinulta, mit\u00e4 ominaisuuksia toivot?<\/p>\n","category_list_v2":"","author_info_v2":{"name":"Adrian Schimpf","url":"https:\/\/aivie.ch\/fi\/author\/adrian\/"},"comments_num_v2":"0 comments","_links":{"self":[{"href":"https:\/\/aivie.ch\/fi\/wp-json\/wp\/v2\/pages\/26366","targetHints":{"allow":["GET"]}}],"collection":[{"href":"https:\/\/aivie.ch\/fi\/wp-json\/wp\/v2\/pages"}],"about":[{"href":"https:\/\/aivie.ch\/fi\/wp-json\/wp\/v2\/types\/page"}],"author":[{"embeddable":true,"href":"https:\/\/aivie.ch\/fi\/wp-json\/wp\/v2\/users\/1"}],"replies":[{"embeddable":true,"href":"https:\/\/aivie.ch\/fi\/wp-json\/wp\/v2\/comments?post=26366"}],"version-history":[{"count":1,"href":"https:\/\/aivie.ch\/fi\/wp-json\/wp\/v2\/pages\/26366\/revisions"}],"predecessor-version":[{"id":26370,"href":"https:\/\/aivie.ch\/fi\/wp-json\/wp\/v2\/pages\/26366\/revisions\/26370"}],"wp:attachment":[{"href":"https:\/\/aivie.ch\/fi\/wp-json\/wp\/v2\/media?parent=26366"}],"curies":[{"name":"wp","href":"https:\/\/api.w.org\/{rel}","templated":true}]}}