{"id":26336,"date":"2026-01-11T14:12:45","date_gmt":"2026-01-11T12:12:45","guid":{"rendered":"https:\/\/aivie.ch\/kasvua-naispuolisille-perustajille\/"},"modified":"2026-01-11T14:12:59","modified_gmt":"2026-01-11T12:12:59","slug":"kasvua-naispuolisille-perustajille","status":"publish","type":"page","link":"https:\/\/aivie.ch\/fi\/kasvua-naispuolisille-perustajille\/","title":{"rendered":"Kasvua naispuolisille perustajille"},"content":{"rendered":"\n<div class=\"alignfull wp-block-ugb-columns ugb-columns ugb-f174274 ugb-columns--design-plain ugb-columns--columns-2 ugb-main-block ugb-main-block--inner-center ugb--has-block-background ugb--has-background-overlay\"><style>.ugb-f174274 > .ugb-inner-block > .ugb-block-content > .ugb-columns__item{grid-template-columns:0.88fr 1.12fr !important}.ugb-f174274.ugb-columns{background-image:url(https:\/\/cdn.aivie.ch\/media\/wp\/2021\/06\/19131702\/pattern-company-960w.png);background-position:top left;background-repeat:no-repeat;background-size:47% !important}.ugb-f174274.ugb-columns:before{opacity:0.5}<\/style><div class=\"ugb-inner-block ugb-inner-block--center\"><div class=\"ugb-block-content\"><div class=\"ugb-columns__item ugb-f174274-content-wrapper\">\n<div class=\"wp-block-ugb-column ugb-column ugb-3b6a10a ugb-column--design-plain ugb-main-block\"><div class=\"ugb-inner-block\"><div class=\"ugb-block-content\"><div class=\"ugb-column__item ugb-3b6a10a-column-wrapper\"><div class=\"ugb-column__content-wrapper\">\n<figure class=\"wp-block-image size-full\"><img decoding=\"async\" src=\"https:\/\/aivie.ch\/wp-content\/uploads\/2022\/08\/WaschstumFu&#x308;rGru&#x308;nderinnen.webp\" alt=\"Kasvua naispuolisille perustajille\" class=\"wp-image-10858\" title=\"\"><\/figure>\n<\/div><\/div><\/div><\/div><\/div>\n\n\n\n<div class=\"wp-block-ugb-column ugb-column ugb-e4b2525 ugb-column--design-plain ugb-main-block\"><style>@media screen and (min-width:768px){.ugb-e4b2525 > .ugb-inner-block > .ugb-block-content > *{justify-content:center}}.ugb-e4b2525 > .ugb-inner-block > .ugb-block-content > *{justify-content:center !important}@media screen and (min-width:768px){.ugb-e4b2525 > .ugb-inner-block > .ugb-block-content > *{padding-top:20px !important;padding-bottom:20px !important;padding-right:20px !important;padding-left:20px !important}}<\/style><div class=\"ugb-inner-block\"><div class=\"ugb-block-content\"><div class=\"ugb-column__item ugb-e4b2525-column-wrapper\"><div class=\"ugb-column__content-wrapper\">\n<div class=\"wp-block-ugb-heading ugb-heading ugb-e1026e4 ugb-main-block\"><div class=\"ugb-inner-block\"><div class=\"ugb-block-content\"><h2 class=\"ugb-heading__title\">Webinaari naispuolisille perustajille<\/h2><p class=\"ugb-heading__subtitle\">Naisperustajille suunnatussa webinaarissa Growth for female founders saat tietoa datasta. Se antaa sinulle valmiudet vied\u00e4 yrityst\u00e4si tavoitteellisesti eteenp\u00e4in, asettaa tavoitteita ja tarttua niihin markkinoinnissa.   <\/p><\/div><\/div><\/div>\n\n\n\n<div class=\"aligncenter wp-block-ugb-container ugb-container ugb-f74cc05 ugb-container--v2 ugb-container--design-basic ugb-main-block\"><style>.ugb-f74cc05-wrapper.ugb-container__wrapper{background-color:#283e4c !important}.ugb-f74cc05-wrapper.ugb-container__wrapper:before{background-color:#283e4c !important}.ugb-f74cc05-content-wrapper > h1,.ugb-f74cc05-content-wrapper > h2,.ugb-f74cc05-content-wrapper > h3,.ugb-f74cc05-content-wrapper > h4,.ugb-f74cc05-content-wrapper > h5,.ugb-f74cc05-content-wrapper > h6{color:#ffffff}.ugb-f74cc05-content-wrapper > p,.ugb-f74cc05-content-wrapper > ol li,.ugb-f74cc05-content-wrapper > ul li{color:#ffffff}<\/style><div class=\"ugb-inner-block\"><div class=\"ugb-block-content\"><div class=\"ugb-container__wrapper ugb-f74cc05-wrapper\"><div class=\"ugb-container__side\"><div class=\"ugb-container__content-wrapper ugb-f74cc05-content-wrapper\">\n<div class=\"alignfull wp-block-ugb-icon-list ugb-icon-list ugb-c71e24a ugb-icon-list--v2 ugb-main-block ugb-main-block--inner-center ugb--has-block-background\"><style>.ugb-c71e24a li{color:#ffffff;--icon-size:8px !important}.ugb-c71e24a li::before{width:8px !important;height:8px !important;background-image:url('data:image\/svg+xml;base64,PHN2ZyBkYXRhLXByZWZpeD0iZmFzIiBkYXRhLWljb249ImNpcmNsZSIgY2xhc3M9InN2Zy1pbmxpbmUtLWZhIGZhLWNpcmNsZSBmYS13LTE2IiByb2xlPSJpbWciIHhtbG5zPSJodHRwOi8vd3d3LnczLm9yZy8yMDAwL3N2ZyIgdmlld0JveD0iMCAwIDUxMiA1MTIiIHN0eWxlPSJmaWxsOiAjZTYzMzEyICFpbXBvcnRhbnQ7IGNvbG9yOiAjZTYzMzEyICFpbXBvcnRhbnQiPjxwYXRoIGZpbGw9IiNlNjMzMTIiIGQ9Ik0yNTYgOEMxMTkgOCA4IDExOSA4IDI1NnMxMTEgMjQ4IDI0OCAyNDggMjQ4LTExMSAyNDgtMjQ4UzM5MyA4IDI1NiA4eiIgc3Ryb2tlPSIjZTYzMzEyIiBzdHlsZT0iZmlsbDogcmdiKDIzMCwgNTEsIDE4KTsgc3Ryb2tlOiByZ2IoMjMwLCA1MSwgMTgpOyIvPjwvc3ZnPg==')}.ugb-c71e24a.ugb-icon-list ul{columns:1}.ugb-c71e24a.ugb-icon-list{background-color:#283e4c}.ugb-c71e24a{padding:0 !important}.ugb-c71e24a.ugb-icon-list:before{background-color:#283e4c}.ugb-c71e24a .ugb-block-title{color:#ffffff;text-align:left}<\/style><div class=\"ugb-inner-block ugb-inner-block--center\"><h3 class=\"ugb-block-title\">Puhumme t\u00e4st\u00e4<\/h3><div class=\"ugb-block-content\"><ul><li>Kasvutavoitteet<\/li><li><span style=\"text-indent: calc(var(--icon-size, 20px)*-1 - 1em); text-align: inherit;\">Kasvun muokkaaminen ja<\/span> tietojen hallinta<\/li><li><span style=\"text-indent: calc(var(--icon-size, 20px)*-1 - 1em); text-align: inherit;\">Kasvun mittaaminen ja<\/span> jatkuva parantaminen<\/li><\/ul><\/div><\/div><\/div>\n<\/div><\/div><\/div><\/div><\/div><\/div>\n<\/div><\/div><\/div><\/div><\/div>\n<\/div><\/div><\/div><\/div>\n\n<div class=\"alignfull wp-block-ugb-columns ugb-columns aiv-col-2 ugb-08bc8fb ugb-columns--design-plain ugb-columns--columns-2 ugb-main-block ugb-main-block--inner-center ugb--has-block-background\"><style>.ugb-08bc8fb-content-wrapper{grid-column-gap:60px !important}.ugb-08bc8fb.ugb-columns{background-color:#cfe7e1}.ugb-08bc8fb.ugb-columns:before{background-color:#cfe7e1}@media screen and (min-width:768px){.ugb-08bc8fb.ugb-columns{margin-bottom:94px !important}}<\/style><div class=\"ugb-inner-block ugb-inner-block--center\"><div class=\"ugb-block-content\"><div class=\"ugb-columns__item ugb-08bc8fb-content-wrapper\">\n<div class=\"wp-block-ugb-column ugb-column ugb-0bded5c ugb-column--design-plain ugb-main-block\"><div class=\"ugb-inner-block\"><div class=\"ugb-block-content\"><div class=\"ugb-column__item ugb-0bded5c-column-wrapper\"><div class=\"ugb-column__content-wrapper\">\n<div class=\"wp-block-ugb-heading ugb-heading ugb-1d6c276 ugb-main-block\"><style>.ugb-1d6c276 .ugb-heading__title{color:#e63312}<\/style><div class=\"ugb-inner-block\"><div class=\"ugb-block-content\"><h2 class=\"ugb-heading__title\">Kasvua naispuolisille perustajille<\/h2><p class=\"ugb-heading__subtitle\">Naispuolisille perustajille suunnattu webinaari Growth j\u00e4rjestet\u00e4\u00e4n verkossa. Sinut ja kollegasi ovat l\u00e4mpim\u00e4sti tervetulleita. <\/p><\/div><\/div><\/div>\n\n\n\n<figure class=\"wp-block-table is-style-regular\"><table><tbody><tr><td>P\u00e4iv\u00e4m\u00e4\u00e4r\u00e4:  <\/td><td><strong>22. syyskuuta 2022<\/strong><\/td><\/tr><tr><td>Aika:<\/td><td><strong>15:00<\/strong><\/td><\/tr><tr><td>Kesto:<\/td><td><strong>45 minuuttia<\/strong><\/td><\/tr><tr><td>Esittelij\u00e4t:<\/td><td>Angelika Wohofsky ja Sarah Seyr<\/td><\/tr><tr><td>J\u00e4rjest\u00e4j\u00e4:<\/td><td>Aivie<\/td><\/tr><tr><td>Hinta:<\/td><td><strong>Maksuton<\/strong><\/td><\/tr><\/tbody><\/table><\/figure>\n<\/div><\/div><\/div><\/div><\/div>\n\n\n\n<div class=\"wp-block-ugb-column ugb-column ugb-1ca8660 ugb-column--design-plain ugb-main-block\" id=\"join\"><div class=\"ugb-inner-block\"><div class=\"ugb-block-content\"><div class=\"ugb-column__item ugb-1ca8660-column-wrapper\"><div class=\"ugb-column__content-wrapper\">\n<div class=\"wp-block-ugb-heading ugb-heading ugb-017aab2 ugb-main-block\"><style>.ugb-017aab2 .ugb-heading__title{color:#283e4c}@media screen and (max-width:768px){.ugb-017aab2 .ugb-heading__title{margin-bottom:-19px !important}.ugb-017aab2.ugb-heading{margin-top:-70px !important}}<\/style><div class=\"ugb-inner-block\"><div class=\"ugb-block-content\"><h3 class=\"ugb-heading__title\">Rekister\u00f6idy nyt naispuolisille perustajille tarkoitettuun webinaariin<\/h3><\/div><\/div><\/div>\n\n\n<script type=\"text\/javascript\" src=\"https:\/\/m.aivie.ch\/form\/generate.js?id=73\"><\/script>\n<\/div><\/div><\/div><\/div><\/div>\n<\/div><\/div><\/div><\/div>\n\n<h2 class=\"wp-block-heading\" id=\"h-uber-die-frauen-power\">Naisten voimasta<\/h2>\n\n<div class=\"wp-block-stackable-columns stk-block-columns stk-block stk-de03318\" data-block-id=\"de03318\"><div class=\"stk-row stk-inner-blocks stk-block-content stk-content-align stk-de03318-column\">\n<div class=\"wp-block-stackable-column stk-block-column stk-block-column--v2 stk-column stk-block stk-896d390\" data-block-id=\"896d390\"><div class=\"stk-column-wrapper stk-block-column__content stk-container stk-896d390-container stk--no-background stk--no-padding\"><div class=\"stk-block-content stk-inner-blocks stk-896d390-inner-blocks\">\n<h3 class=\"wp-block-heading\" id=\"h-angelika-wohofsky\">Angelika Wohofsky<\/h3>\n\n\n\n<figure class=\"wp-block-image size-full\"><a href=\"https:\/\/www.wohofsky.at\/\" target=\"_blank\" rel=\"noreferrer noopener\"><img loading=\"lazy\" decoding=\"async\" width=\"1200\" height=\"800\" src=\"https:\/\/cdn.aivie.ch\/media\/wp\/2022\/07\/11140011\/Angelika-Wohofsky.webp\" alt=\"Kasvua naispuolisille perustajille Angelika Wohofsky\" class=\"wp-image-10197\" title=\"\" srcset=\"https:\/\/cdn.aivie.ch\/media\/wp\/2022\/07\/11140011\/Angelika-Wohofsky.webp 1200w, https:\/\/cdn.aivie.ch\/media\/wp\/2022\/07\/11140011\/Angelika-Wohofsky-600x400.webp 960w, https:\/\/cdn.aivie.ch\/media\/wp\/2022\/07\/11140011\/Angelika-Wohofsky-768x512.webp 768w, https:\/\/cdn.aivie.ch\/media\/wp\/2022\/07\/11140011\/Angelika-Wohofsky-480x320.webp 480w, https:\/\/cdn.aivie.ch\/media\/wp\/2022\/07\/11140011\/Angelika-Wohofsky.webp 600w\" sizes=\"auto, (max-width: 1200px) 100vw, 1200px\" \/><\/a><\/figure>\n\n\n\n<ul class=\"wp-block-list\">\n<li>Digitaaliseen viestint\u00e4\u00e4n erikoistuneena kouluttajana ja luennoitsijana rakastan n\u00e4ytt\u00e4\u00e4 muille ihmisille, miten digitaalisessa maailmassa voi liikkua turvallisesti.<\/li>\n<\/ul>\n\n\n\n<ul class=\"wp-block-list\">\n<li>Synnyin <a href=\"https:\/\/www.wohofsky.at\/\" target=\"_blank\" rel=\"noreferrer noopener\">Angelika Wohofskyna 1960-luvun lopulla<\/a>, ja kasvoin analogisen kuvan parissa, ja noin 20 vuotta my\u00f6hemmin siirryin digitaaliseen kuvaan. Otin tuuppauksen mielell\u00e4ni vastaan, koska tajusin, ett\u00e4 voin kehitty\u00e4 vapaasti t\u00e4ss\u00e4 maailmassa. <\/li>\n<\/ul>\n\n\n\n<ul class=\"wp-block-list\">\n<li>Tavoitteeni on soveltaa juuri opittua tietoa k\u00e4yt\u00e4nt\u00f6\u00f6n v\u00e4litt\u00f6m\u00e4sti koulutuksissani sen sijaan, ett\u00e4 k\u00e4ytt\u00e4isin paljon sanoja.<\/li>\n<\/ul>\n<\/div><\/div><\/div>\n\n\n\n<div class=\"wp-block-stackable-column stk-block-column stk-block-column--v2 stk-column stk-block stk-91c5cf9\" data-block-id=\"91c5cf9\"><div class=\"stk-column-wrapper stk-block-column__content stk-container stk-91c5cf9-container stk--no-background stk--no-padding\"><div class=\"stk-block-content stk-inner-blocks stk-91c5cf9-inner-blocks\">\n<h3 class=\"wp-block-heading\" id=\"h-sarah-seyr\">Sarah Seyr<\/h3>\n\n\n\n<figure class=\"wp-block-image size-full\"><img loading=\"lazy\" decoding=\"async\" width=\"1920\" height=\"1280\" src=\"https:\/\/cdn.aivie.ch\/media\/wp\/2021\/10\/19131522\/marketing-automation-workshop-dr-sarah-seyr-1920w.webp\" alt=\"Markkinoinnin automaatio-ty&#xF6;paja tohtori Sarah Seyrin kanssa\" class=\"wp-image-2563\" title=\"\" srcset=\"https:\/\/cdn.aivie.ch\/media\/wp\/2021\/10\/19131522\/marketing-automation-workshop-dr-sarah-seyr-1920w.webp 1920w, https:\/\/cdn.aivie.ch\/media\/wp\/2021\/10\/19131522\/marketing-automation-workshop-dr-sarah-seyr-1920w-960x640.webp 960w, https:\/\/cdn.aivie.ch\/media\/wp\/2021\/10\/19131522\/marketing-automation-workshop-dr-sarah-seyr-1920w-768x512.webp 768w, https:\/\/cdn.aivie.ch\/media\/wp\/2021\/10\/19131522\/marketing-automation-workshop-dr-sarah-seyr-1920w-1200x800.webp 1200w, https:\/\/cdn.aivie.ch\/media\/wp\/2021\/10\/19131522\/marketing-automation-workshop-dr-sarah-seyr-1920w-480x320.webp 480w, https:\/\/cdn.aivie.ch\/media\/wp\/2021\/10\/19131522\/marketing-automation-workshop-dr-sarah-seyr-1920w-600x400.webp 600w\" sizes=\"auto, (max-width: 1920px) 100vw, 1920px\" \/><\/figure>\n\n\n\n<ul class=\"wp-block-list\">\n<li>Sarah Seyr, Dr. sc. ETH, on psykologi ja digitaalisen asiakaskokemuksen sek\u00e4 ihmisen ja koneen vuorovaikutuksen asiantuntija. <\/li>\n<\/ul>\n\n\n\n<ul class=\"wp-block-list\">\n<li>H\u00e4n jakaa tiet\u00e4myst\u00e4\u00e4n ja kokemustaan henkil\u00f6kohtaistamisesta ja automatisoinnista suurella intohimolla luennoitsijana yliopistoissa ja kouluttajana Linkedin Learningissa.<\/li>\n<\/ul>\n\n\n\n<ul class=\"wp-block-list\">\n<li>Aivien toisena perustajana ja asiakasjohtajana h\u00e4n tekee markkinoinnin automaatiosta henkil\u00f6kohtaisempaa ja asiakasvuorovaikutuksesta arvokkaampaa.<\/li>\n<\/ul>\n<\/div><\/div><\/div>\n<\/div><\/div>\n\n<p><\/p>\n","protected":false},"excerpt":{"rendered":"<p>Webinaari naispuolisille perustajille Naisperustajille suunnatussa webinaarissa Growth for female founders saat tietoa datasta. Se antaa sinulle valmiudet vied\u00e4 yrityst\u00e4si tavoitteellisesti eteenp\u00e4in, asettaa tavoitteita ja tarttua niihin markkinoinnissa. Puhumme t\u00e4st\u00e4 Kasvutavoitteet Kasvun muokkaaminen ja tietojen hallinta Kasvun mittaaminen ja jatkuva parantaminen Kasvua naispuolisille perustajille Naispuolisille perustajille suunnattu webinaari Growth j\u00e4rjestet\u00e4\u00e4n verkossa. Sinut ja kollegasi ovat l\u00e4mpim\u00e4sti &hellip; <a href=\"https:\/\/aivie.ch\/fi\/kasvua-naispuolisille-perustajille\/\" class=\"more-link\">Jatka lukemista <span class=\"screen-reader-text\">Kasvua naispuolisille perustajille<\/span><\/a><\/p>\n","protected":false},"author":1,"featured_media":0,"parent":0,"menu_order":0,"comment_status":"closed","ping_status":"closed","template":"front-page.php","meta":{"_acf_changed":false,"footnotes":""},"class_list":["post-26336","page","type-page","status-publish","hentry"],"acf":[],"featured_image_urls_v2":{"full":"","thumbnail":"","medium":"","medium_large":"","large":"","post-thumbnail":"","aiv_480w":"","woocommerce_thumbnail":"","woocommerce_single":"","woocommerce_gallery_thumbnail":""},"post_excerpt_stackable_v2":"<p>Webinaari naispuolisille perustajilleNaisperustajille suunnatussa webinaarissa Growth for female founders saat tietoa datasta. Se antaa sinulle valmiudet vied\u00e4 yrityst\u00e4si tavoitteellisesti eteenp\u00e4in, asettaa tavoitteita ja tarttua niihin markkinoinnissa. Puhumme t\u00e4st\u00e4KasvutavoitteetKasvun muokkaaminen ja tietojen hallintaKasvun mittaaminen ja jatkuva parantaminen Kasvua naispuolisille perustajilleNaispuolisille perustajille suunnattu webinaari Growth j\u00e4rjestet\u00e4\u00e4n verkossa. Sinut ja kollegasi ovat l\u00e4mpim\u00e4sti tervetulleita. P\u00e4iv\u00e4m\u00e4\u00e4r\u00e4: 22. syyskuuta 2022Aika:15:00Kesto:45 minuuttiaEsittelij\u00e4t:Angelika Wohofsky ja Sarah SeyrJ\u00e4rjest\u00e4j\u00e4:AivieHinta:Maksuton Rekister\u00f6idy nyt naispuolisille perustajille tarkoitettuun webinaariin Naisten voimasta Angelika Wohofsky Digitaaliseen viestint\u00e4\u00e4n erikoistuneena kouluttajana ja luennoitsijana rakastan n\u00e4ytt\u00e4\u00e4 muille ihmisille, miten digitaalisessa maailmassa voi liikkua turvallisesti. Synnyin Angelika Wohofskyna 1960-luvun lopulla, ja kasvoin analogisen kuvan parissa, ja noin 20 vuotta\u2026<\/p>\n","category_list_v2":"","author_info_v2":{"name":"Adrian Schimpf","url":"https:\/\/aivie.ch\/fi\/author\/adrian\/"},"comments_num_v2":"0 comments","_links":{"self":[{"href":"https:\/\/aivie.ch\/fi\/wp-json\/wp\/v2\/pages\/26336","targetHints":{"allow":["GET"]}}],"collection":[{"href":"https:\/\/aivie.ch\/fi\/wp-json\/wp\/v2\/pages"}],"about":[{"href":"https:\/\/aivie.ch\/fi\/wp-json\/wp\/v2\/types\/page"}],"author":[{"embeddable":true,"href":"https:\/\/aivie.ch\/fi\/wp-json\/wp\/v2\/users\/1"}],"replies":[{"embeddable":true,"href":"https:\/\/aivie.ch\/fi\/wp-json\/wp\/v2\/comments?post=26336"}],"version-history":[{"count":1,"href":"https:\/\/aivie.ch\/fi\/wp-json\/wp\/v2\/pages\/26336\/revisions"}],"predecessor-version":[{"id":26339,"href":"https:\/\/aivie.ch\/fi\/wp-json\/wp\/v2\/pages\/26336\/revisions\/26339"}],"wp:attachment":[{"href":"https:\/\/aivie.ch\/fi\/wp-json\/wp\/v2\/media?parent=26336"}],"curies":[{"name":"wp","href":"https:\/\/api.w.org\/{rel}","templated":true}]}}