{"id":26335,"date":"2026-01-11T14:12:45","date_gmt":"2026-01-11T12:12:45","guid":{"rendered":"https:\/\/aivie.ch\/vahvistusrekisteroeinti-asiantuntijapuheenvuoro-ralf-kreutzerin-kanssa\/"},"modified":"2026-01-11T14:12:55","modified_gmt":"2026-01-11T12:12:55","slug":"vahvistusrekisteroeinti-asiantuntijapuheenvuoro-ralf-kreutzerin-kanssa","status":"publish","type":"page","link":"https:\/\/aivie.ch\/fi\/vahvistusrekisteroeinti-asiantuntijapuheenvuoro-ralf-kreutzerin-kanssa\/","title":{"rendered":"Vahvistusrekister\u00f6inti Asiantuntijapuheenvuoro Ralf Kreutzerin kanssa"},"content":{"rendered":"\n<div class=\"alignfull wp-block-ugb-container ugb-container ugb-d2af22f ugb-container--v2 ugb-container--design-plain ugb-main-block ugb-main-block--inner-center ugb--has-block-background ugb--has-background-overlay\"><style>.ugb-d2af22f.ugb-container{background-image:url(https:\/\/cdn.aivie.ch\/media\/wp\/2021\/06\/19131703\/pattern-u-960w.png);background-position:bottom right;background-repeat:no-repeat;background-size:40% !important}.ugb-d2af22f.ugb-container:before{opacity:0.5}@media screen and (min-width:768px){.ugb-d2af22f-content-wrapper.ugb-container__content-wrapper{width:90% !important}.ugb-d2af22f.ugb-container{margin-top:0px !important;padding-top:0px !important;padding-right:35px !important;padding-left:35px !important}}<\/style><div class=\"ugb-inner-block ugb-inner-block--center\"><div class=\"ugb-block-content\"><div class=\"ugb-container__wrapper ugb-d2af22f-wrapper\"><div class=\"ugb-container__side\"><div class=\"ugb-container__content-wrapper ugb-d2af22f-content-wrapper\">\n<div class=\"wp-block-ugb-heading ugb-heading ugb-5431ba5 ugb-main-block\"><style>.ugb-5431ba5 .ugb-heading__title{text-align:center}.ugb-5431ba5 .ugb-inner-block{text-align:center}<\/style><div class=\"ugb-inner-block\"><div class=\"ugb-block-content\"><h1 class=\"ugb-heading__title\">Kiitos kiinnostuksestasi! Tarkista s\u00e4hk\u00f6postisi.<\/h1><p class=\"ugb-heading__subtitle\">S\u00e4hk\u00f6postin saapuminen voi kest\u00e4\u00e4 muutaman minuutin. Etk\u00f6 saanut s\u00e4hk\u00f6postia? Tarkista roskapostikansiosi ja lis\u00e4\u00e4 l\u00e4hett\u00e4j\u00e4 osoitekirjaasi. Etk\u00f6 ole viel\u00e4k\u00e4\u00e4n saanut mit\u00e4\u00e4n? <a href=\"https:\/\/aivie.ch\/fi\/ota-yhteyttae\/\">Ota meihin yhteytt\u00e4.<\/a>   <\/p><\/div><\/div><\/div>\n<\/div><\/div><\/div><\/div><\/div><\/div>\n\n<div class=\"aligncenter wp-block-ugb-blog-posts ugb-blog-posts ugb-956f7f2 ugb-blog-posts--v2 ugb-blog-posts--design-list ugb-blog-posts--columns-1 ugb-main-block\"><style>.ugb-956f7f2 .ugb-blog-posts__featured-image{border-radius:0px !important}.ugb-956f7f2 .ugb-block-title{text-align:center}<\/style><div class=\"ugb-inner-block\"><h2 class=\"ugb-block-title\">Lis\u00e4\u00e4 markkinoinnin automaatiosta<\/h2><div class=\"ugb-block-content\"><article class=\"ugb-blog-posts__item\"><figure class=\"ugb-blog-posts__featured-image\"><a href=\"https:\/\/aivie.ch\/fi\/5-syytae-miksi-markkinoinnin-automatisointi-kannattaa-aloittaa\/\"><img loading=\"lazy\" decoding=\"async\" width=\"990\" height=\"660\" src=\"https:\/\/cdn.aivie.ch\/media\/wp\/2020\/12\/19131552\/marketing-automation-builds-trust-in-a-process-1920w.webp\" class=\"attachment-large size-large wp-post-image\" alt=\"markkinoinnin automaatio rakentaa luottamusta on prosessi\" title=\"\"><\/a><\/figure><div class=\"ugb-blog-posts__content\"><h3 class=\"ugb-blog-posts__title\"><a href=\"https:\/\/aivie.ch\/fi\/5-syytae-miksi-markkinoinnin-automatisointi-kannattaa-aloittaa\/\">5 syyt\u00e4, miksi markkinoinnin automatisointi kannattaa aloittaa.<\/a><\/h3><div class=\"ugb-blog-posts__excerpt\"><p>Markkinointip\u00e4\u00e4llik\u00f6n tai CMO:n ty\u00f6 edellytt\u00e4\u00e4 eri kanavien, viestien ja jopa kohderyhmien kanssa jongleeraamista. Ilman tietynasteista automaatiota on vaikea pit\u00e4\u00e4 kokonaiskuvaa kaikesta viestinn\u00e4st\u00e4 ja toiminnasta. Monet yritykset uskaltautuvat nyt markkinoinnin automatisointiin \u2013 eik\u00e4 v\u00e4hiten siksi, ett\u00e4 ty\u00f6kaluja on k\u00e4ytetty menestyksekk\u00e4\u00e4sti jo jonkin aikaa ja ne tuottavat korkean ROI:n. Kun markkinoinnin automatisointi on asetettu oikein, se voi&#8230;<\/div><p class=\"ugb-blog-posts__readmore\"><a href=\"https:\/\/aivie.ch\/fi\/5-syytae-miksi-markkinoinnin-automatisointi-kannattaa-aloittaa\/\">Lue lis\u00e4\u00e4<\/a><\/p><\/div><\/article><article class=\"ugb-blog-posts__item\"><figure class=\"ugb-blog-posts__featured-image\"><a href=\"https:\/\/aivie.ch\/fi\/markkinoinnin-automatisointi-sosiaalisen-median-markkinoinnin-avulla\/\"><img loading=\"lazy\" decoding=\"async\" width=\"990\" height=\"660\" src=\"https:\/\/cdn.aivie.ch\/media\/wp\/2021\/12\/19131426\/BlogBilder-6.png\" class=\"attachment-large size-large wp-post-image\" alt=\"Aivie on tehnyt yhteisty\u00f6t\u00e4 Adhookin kanssa.\" title=\"\"><\/a><\/figure><div class=\"ugb-blog-posts__content\"><h3 class=\"ugb-blog-posts__title\"><a href=\"https:\/\/aivie.ch\/fi\/markkinoinnin-automatisointi-sosiaalisen-median-markkinoinnin-avulla\/\">Markkinoinnin automatisointi sosiaalisen median markkinoinnin avulla<\/a><\/h3><div class=\"ugb-blog-posts__excerpt\"><p>Haluaisitko ker\u00e4t\u00e4 onnistuneesti yhteystietoja Googlen ja sosiaalisen median kautta? Ja l\u00e4hesty\u00e4 heit\u00e4 sitten uudelleen, kun kanavasi on k\u00e4ytetty loppuun? Adhookin ja Aivien integroinnin avulla voit \u2013 t\u00e4ysin automaattisesti! adhookin avulla voit suunnitella, analysoida, optimoida ja moderoida viestej\u00e4 ja mainoskampanjoita sek\u00e4 koordinoida tiimien v\u00e4list\u00e4 yhteisty\u00f6t\u00e4. Aivie:ss\u00e4 voit tallentaa ja analysoida tietoja kaikista kanavista ja koko asiakaspolusta&#8230;.<\/div><p class=\"ugb-blog-posts__readmore\"><a href=\"https:\/\/aivie.ch\/fi\/markkinoinnin-automatisointi-sosiaalisen-median-markkinoinnin-avulla\/\">Lue lis\u00e4\u00e4<\/a><\/p><\/div><\/article><article class=\"ugb-blog-posts__item\"><figure class=\"ugb-blog-posts__featured-image\"><a href=\"https:\/\/aivie.ch\/fi\/markkinoinnin-automaatio-wordpressillae-miten-smolio-luo-automaattisesti-asiakkaita-liidistae\/\"><img loading=\"lazy\" decoding=\"async\" width=\"990\" height=\"660\" src=\"https:\/\/cdn.aivie.ch\/media\/wp\/2023\/11\/27151421\/Marketing-Automation-mit-WordPress.png\" class=\"attachment-large size-large wp-post-image\" alt=\"\" title=\"\"><\/a><\/figure><div class=\"ugb-blog-posts__content\"><h3 class=\"ugb-blog-posts__title\"><a href=\"https:\/\/aivie.ch\/fi\/markkinoinnin-automaatio-wordpressillae-miten-smolio-luo-automaattisesti-asiakkaita-liidistae\/\">Markkinoinnin automaatio WordPressill\u00e4: Miten Smolio luo automaattisesti asiakkaita liidist\u00e4<\/a><\/h3><div class=\"ugb-blog-posts__excerpt\"><p>Miten Smolio k\u00e4ytt\u00e4\u00e4 automatisoitua liidien hallintasuppiloa kehitt\u00e4\u00e4kseen WordPress-sivuston anonyymej\u00e4 liidien maksavia asiakkaita. Automaattisen liidien hallinnan merkitys Smoliolle Liidien hallinnalla ja seurannalla on keskeinen rooli Smolion verkkomarkkinoinnissa. Sen ansiosta kiinnostuneita tahoja hankitaan ja muutetaan onnistuneesti asiakkaiksi. Samalla kun kaksi perustajaa tekee p\u00e4ivitt\u00e4ist\u00e4 ty\u00f6t\u00e4\u00e4n. T\u00e4ss\u00e4 asiakastapauksessa tarkastelemme Smoliota, pient\u00e4 yrityst\u00e4, joka on onnistuneesti rakentanut automaattisen myyntisuppilon Aivien&#8230;<\/div><p class=\"ugb-blog-posts__readmore\"><a href=\"https:\/\/aivie.ch\/fi\/markkinoinnin-automaatio-wordpressillae-miten-smolio-luo-automaattisesti-asiakkaita-liidistae\/\">Lue lis\u00e4\u00e4<\/a><\/p><\/div><\/article><article class=\"ugb-blog-posts__item\"><figure class=\"ugb-blog-posts__featured-image\"><a href=\"https:\/\/aivie.ch\/fi\/useita-tuhansia-frangeja-liikevaihtoa-nykyisten-hotellivieraiden-kanssa-marketing-automation-case\/\"><img loading=\"lazy\" decoding=\"async\" width=\"990\" height=\"660\" src=\"https:\/\/cdn.aivie.ch\/media\/wp\/2024\/09\/10140056\/balcony-at-hotel-riva-rooms-studios.jpg\" class=\"attachment-large size-large wp-post-image\" alt=\"Parveke hotellissa riva rooms studios\" title=\"\"><\/a><\/figure><div class=\"ugb-blog-posts__content\"><h3 class=\"ugb-blog-posts__title\"><a href=\"https:\/\/aivie.ch\/fi\/useita-tuhansia-frangeja-liikevaihtoa-nykyisten-hotellivieraiden-kanssa-marketing-automation-case\/\">Useita tuhansia frangeja liikevaihtoa nykyisten hotellivieraiden kanssa \u2013 Marketing Automation Case<\/a><\/h3><div class=\"ugb-blog-posts__excerpt\"><p>Asiakkaamme Riva Rooms &amp; Studios on automatisoitu \u00e4lyk\u00e4s hotelli Locarnossa. Aivien avulla he pystyv\u00e4t nyt my\u00f6s houkuttelemaan vieraita ajoissa. Ottamalla onnistuneesti k\u00e4ytt\u00f6\u00f6n automatisoidun uutiskirjekampanjan he ovat jo saaneet useiden tuhansien frangien arvoisia varauksia nykyisilt\u00e4 asiakkailta. T\u00e4m\u00e4 siit\u00e4kin huolimatta, ett\u00e4 vuosi 2024 on Ticinossa hyvin vaikea vuosi. Aivie osoitti arvonsa my\u00f6s silloin, kun myrskyt johtivat moniin&#8230;<\/div><p class=\"ugb-blog-posts__readmore\"><a href=\"https:\/\/aivie.ch\/fi\/useita-tuhansia-frangeja-liikevaihtoa-nykyisten-hotellivieraiden-kanssa-marketing-automation-case\/\">Lue lis\u00e4\u00e4<\/a><\/p><\/div><\/article><article class=\"ugb-blog-posts__item\"><figure class=\"ugb-blog-posts__featured-image\"><a href=\"https:\/\/aivie.ch\/fi\/ferris-labs-on-kaksinkertaistanut-yhteystietonsa-marketing-automation-case\/\"><img loading=\"lazy\" decoding=\"async\" width=\"990\" height=\"660\" src=\"https:\/\/cdn.aivie.ch\/media\/wp\/2023\/09\/08101227\/Customer-Case-Ferris-Labs.png\" class=\"attachment-large size-large wp-post-image\" alt=\"\" title=\"\"><\/a><\/figure><div class=\"ugb-blog-posts__content\"><h3 class=\"ugb-blog-posts__title\"><a href=\"https:\/\/aivie.ch\/fi\/ferris-labs-on-kaksinkertaistanut-yhteystietonsa-marketing-automation-case\/\">Ferris Labs on kaksinkertaistanut yhteystietonsa \u2013 Marketing Automation Case<\/a><\/h3><div class=\"ugb-blog-posts__excerpt\"><p>Asiakkaamme Ferris AI on innovatiivinen ohjelmistosuunnitteluyritys, jonka tavoitteena on mullistaa kehitystiimien ty\u00f6skentelytapa. Aivie on tukenut startup-yritys Ferris AI:ta markkinoinnin automaatioty\u00f6kalulla ja kasvumarkkinointipalveluilla. Sis\u00e4llysluetteloMik\u00e4 on ollut onnistumisen tunne Aivien kanssa?Mit\u00e4 Ferris AI tekee?Millainen oli ensimm\u00e4inen kokemus?Mik\u00e4 yll\u00e4tti sinut?Mit\u00e4 muuta toivot?Kenelle\/miksi suosittelisit Aivieta?P\u00e4\u00e4tit k\u00e4ytt\u00e4\u00e4 Aivien kasvupalveluja kehitt\u00e4\u00e4ksesi liiketoimintaasi jatkuvasti. Miten t\u00e4h\u00e4n p\u00e4\u00e4dyttiin ja millaisia kokemuksia sait? &#8221;Olemme&#8230;<\/div><p class=\"ugb-blog-posts__readmore\"><a href=\"https:\/\/aivie.ch\/fi\/ferris-labs-on-kaksinkertaistanut-yhteystietonsa-marketing-automation-case\/\">Lue lis\u00e4\u00e4<\/a><\/p><\/div><\/article><article class=\"ugb-blog-posts__item\"><figure class=\"ugb-blog-posts__featured-image\"><a href=\"https:\/\/aivie.ch\/fi\/laehetae-automaattisesti-tulostettuja-postituksia-kampanjoista\/\"><img loading=\"lazy\" decoding=\"async\" width=\"990\" height=\"660\" src=\"https:\/\/cdn.aivie.ch\/media\/wp\/2021\/10\/19131500\/AivieDeutschePost_BeitragsBild.jpeg\" class=\"attachment-large size-large wp-post-image\" alt=\"Cover Deutsche Postin tulostuspostitus Aivien avulla\" title=\"\"><\/a><\/figure><div class=\"ugb-blog-posts__content\"><h3 class=\"ugb-blog-posts__title\"><a href=\"https:\/\/aivie.ch\/fi\/laehetae-automaattisesti-tulostettuja-postituksia-kampanjoista\/\">L\u00e4het\u00e4 automaattisesti tulostettuja postituksia kampanjoista<\/a><\/h3><div class=\"ugb-blog-posts__excerpt\"><p>Haluaisitko my\u00f6s sis\u00e4llytt\u00e4\u00e4 painotuotteita kampanjoihisi? Se ei ole ongelma. Deutsche Postin ja Aivien painetun postituksen lis\u00e4osan avulla voit l\u00e4hett\u00e4\u00e4 postikortteja ja painettuja postituksia automaattisesti kampanjoista. Olemme yksinkertaistaneet asennusta ja soveltamista puolestasi. Tulostuspostitusautomatiikka integroi painetun materiaalin suoraan kampanjoihisi. Kampanjasi k\u00e4ynnist\u00e4v\u00e4t sitten automaattisesti yksitt\u00e4iset postitukset yhteystietojesi vastaanottajille. T\u00e4ss\u00e4 kerromme vaihe vaiheelta, miten voit k\u00e4ytt\u00e4\u00e4 Aivieta automatisoitujen ja&#8230;<\/div><p class=\"ugb-blog-posts__readmore\"><a href=\"https:\/\/aivie.ch\/fi\/laehetae-automaattisesti-tulostettuja-postituksia-kampanjoista\/\">Lue lis\u00e4\u00e4<\/a><\/p><\/div><\/article><\/div><\/div><\/div>\n","protected":false},"excerpt":{"rendered":"<p>Lis\u00e4\u00e4 markkinoinnin automaatiosta 5 syyt\u00e4, miksi markkinoinnin automatisointi kannattaa aloittaa. Markkinointip\u00e4\u00e4llik\u00f6n tai CMO:n ty\u00f6 edellytt\u00e4\u00e4 eri kanavien, viestien ja jopa kohderyhmien kanssa jongleeraamista. Ilman tietynasteista automaatiota on vaikea pit\u00e4\u00e4 kokonaiskuvaa kaikesta viestinn\u00e4st\u00e4 ja toiminnasta. Monet yritykset uskaltautuvat nyt markkinoinnin automatisointiin \u2013 eik\u00e4 v\u00e4hiten siksi, ett\u00e4 ty\u00f6kaluja on k\u00e4ytetty menestyksekk\u00e4\u00e4sti jo jonkin aikaa ja ne tuottavat &hellip; <a href=\"https:\/\/aivie.ch\/fi\/vahvistusrekisteroeinti-asiantuntijapuheenvuoro-ralf-kreutzerin-kanssa\/\" class=\"more-link\">Jatka lukemista <span class=\"screen-reader-text\">Vahvistusrekister\u00f6inti Asiantuntijapuheenvuoro Ralf Kreutzerin kanssa<\/span><\/a><\/p>\n","protected":false},"author":36,"featured_media":0,"parent":0,"menu_order":0,"comment_status":"closed","ping_status":"closed","template":"front-page.php","meta":{"_acf_changed":false,"footnotes":""},"class_list":["post-26335","page","type-page","status-publish","hentry"],"acf":[],"featured_image_urls_v2":{"full":"","thumbnail":"","medium":"","medium_large":"","large":"","post-thumbnail":"","aiv_480w":"","woocommerce_thumbnail":"","woocommerce_single":"","woocommerce_gallery_thumbnail":""},"post_excerpt_stackable_v2":"<p>Kiitos kiinnostuksestasi! Tarkista s\u00e4hk\u00f6postisi.S\u00e4hk\u00f6postin saapuminen voi kest\u00e4\u00e4 muutaman minuutin. Etk\u00f6 saanut s\u00e4hk\u00f6postia? Tarkista roskapostikansiosi ja lis\u00e4\u00e4 l\u00e4hett\u00e4j\u00e4 osoitekirjaasi. Etk\u00f6 ole viel\u00e4k\u00e4\u00e4n saanut mit\u00e4\u00e4n? Ota meihin yhteytt\u00e4. Lis\u00e4\u00e4 markkinoinnin automaatiosta5 syyt\u00e4, miksi markkinoinnin automatisointi kannattaa aloittaa.Markkinointip\u00e4\u00e4llik\u00f6n tai CMO:n ty\u00f6 edellytt\u00e4\u00e4 eri kanavien, viestien ja jopa kohderyhmien kanssa jongleeraamista. Ilman tietynasteista automaatiota on vaikea pit\u00e4\u00e4 kokonaiskuvaa kaikesta viestinn\u00e4st\u00e4 ja toiminnasta. Monet yritykset uskaltautuvat nyt markkinoinnin automatisointiin \u2013 eik\u00e4 v\u00e4hiten siksi, ett\u00e4 ty\u00f6kaluja on k\u00e4ytetty menestyksekk\u00e4\u00e4sti jo jonkin aikaa ja ne tuottavat korkean ROI:n. Kun markkinoinnin automatisointi on asetettu oikein, se voi&#8230;Lue lis\u00e4\u00e4Miten verkkosivustosi voittaa automaattisesti 30 asiakasprojektia Aivien avullaAsiakkaamme Falcone Specialities on\u2026<\/p>\n","category_list_v2":"","author_info_v2":{"name":"Nino Knetemann","url":"https:\/\/aivie.ch\/fi\/author\/nino\/"},"comments_num_v2":"0 comments","_links":{"self":[{"href":"https:\/\/aivie.ch\/fi\/wp-json\/wp\/v2\/pages\/26335","targetHints":{"allow":["GET"]}}],"collection":[{"href":"https:\/\/aivie.ch\/fi\/wp-json\/wp\/v2\/pages"}],"about":[{"href":"https:\/\/aivie.ch\/fi\/wp-json\/wp\/v2\/types\/page"}],"author":[{"embeddable":true,"href":"https:\/\/aivie.ch\/fi\/wp-json\/wp\/v2\/users\/36"}],"replies":[{"embeddable":true,"href":"https:\/\/aivie.ch\/fi\/wp-json\/wp\/v2\/comments?post=26335"}],"version-history":[{"count":1,"href":"https:\/\/aivie.ch\/fi\/wp-json\/wp\/v2\/pages\/26335\/revisions"}],"predecessor-version":[{"id":26338,"href":"https:\/\/aivie.ch\/fi\/wp-json\/wp\/v2\/pages\/26335\/revisions\/26338"}],"wp:attachment":[{"href":"https:\/\/aivie.ch\/fi\/wp-json\/wp\/v2\/media?parent=26335"}],"curies":[{"name":"wp","href":"https:\/\/api.w.org\/{rel}","templated":true}]}}