{"id":26312,"date":"2026-01-11T14:12:33","date_gmt":"2026-01-11T12:12:33","guid":{"rendered":"https:\/\/aivie.ch\/tietosuojalainsaeaedaentoe-markkinoinnin-automatisointi-ja-tietosuojalainsaeaedaentoe\/"},"modified":"2026-01-11T14:24:38","modified_gmt":"2026-01-11T12:24:38","slug":"tietosuojalainsaeaedaentoe-markkinoinnin-automatisointi-ja-tietosuojalainsaeaedaentoe","status":"publish","type":"page","link":"https:\/\/aivie.ch\/fi\/tietosuojalainsaeaedaentoe-markkinoinnin-automatisointi-ja-tietosuojalainsaeaedaentoe\/","title":{"rendered":"Tietosuojalains\u00e4\u00e4d\u00e4nt\u00f6: Markkinoinnin automatisointi ja tietosuojalains\u00e4\u00e4d\u00e4nt\u00f6"},"content":{"rendered":"\n<div class=\"alignfull wp-block-ugb-container ugb-container ugb-3efb5d6 ugb-container--v2 ugb-container--design-plain ugb-main-block ugb-main-block--inner-center ugb--has-block-background ugb--has-background-overlay\"><style>.ugb-3efb5d6.ugb-container{background-image:url(https:\/\/cdn.aivie.ch\/media\/wp\/2021\/06\/19131703\/pattern-u-960w.png);background-position:top right;background-repeat:no-repeat;background-size:40% !important}.ugb-3efb5d6.ugb-container:before{opacity:0.5}@media screen and (min-width:768px){.ugb-3efb5d6-content-wrapper.ugb-container__content-wrapper{width:90% !important}.ugb-3efb5d6.ugb-container{margin-top:0px !important;padding-top:0px !important;padding-right:35px !important;padding-left:35px !important}}<\/style><div class=\"ugb-inner-block ugb-inner-block--center\"><div class=\"ugb-block-content\"><div class=\"ugb-container__wrapper ugb-3efb5d6-wrapper\"><div class=\"ugb-container__side\"><div class=\"ugb-container__content-wrapper ugb-3efb5d6-content-wrapper\">\n<div class=\"wp-block-ugb-heading ugb-heading ugb-d532239 ugb-main-block\"><style>.ugb-d532239 .ugb-heading__title{text-align:left}.ugb-d532239 .ugb-inner-block{text-align:left}@media screen and (min-width:768px){.ugb-d532239.ugb-heading{margin-right:250px !important}}<\/style><div class=\"ugb-inner-block\"><div class=\"ugb-block-content\"><h1 class=\"ugb-heading__title\">Kaikki, mik\u00e4 liittyy tietosuojalains\u00e4\u00e4d\u00e4nt\u00f6\u00f6n ja markkinoinnin automatisointiin.<\/h1><p class=\"ugb-heading__subtitle\">Perustat nopeasti ja helposti tietosuojavaatimusten mukaisen verkkosivuston, jossa on s\u00e4hk\u00f6postimarkkinointia. N\u00e4yt\u00e4mme sinulle kaiken, mit\u00e4 tarvitset uuden Sveitsin tietosuojalain (revDSG) ja EU:n yleisen tietosuoja-asetuksen (GDPR) asianmukaiseen t\u00e4yt\u00e4nt\u00f6\u00f6npanoon. <br\/><br\/>Emme ole asianajajia emmek\u00e4 voi antaa sitovia oikeudellisia neuvoja. Olemme kuitenkin koonneet yhteen Sveitsin uuden tietosuojalain t\u00e4rkeimm\u00e4t muutokset, jotka koskevat erityisesti markkinoinnin automaatiota ja asiakastietojen ker\u00e4\u00e4mist\u00e4. Selit\u00e4mme mahdollisimman lyhyesti ja ytimekk\u00e4\u00e4sti, mit\u00e4 sinun on toteutettava k\u00e4yt\u00e4nn\u00f6ss\u00e4.  <\/p><\/div><\/div><\/div>\n\n\n\n<div class=\"wp-block-columns is-layout-flex wp-container-core-columns-is-layout-9d6595d7 wp-block-columns-is-layout-flex\">\n<div class=\"wp-block-column is-layout-flow wp-block-column-is-layout-flow\">\n<figure class=\"wp-block-image size-thumbnail\"><img loading=\"lazy\" decoding=\"async\" width=\"240\" height=\"240\" src=\"https:\/\/cdn.aivie.ch\/media\/wp\/2022\/05\/02154128\/Datenschutz-Checkliste-Schweiz-240x240.png\" alt=\"Uusi tietosuojalaki Sveitsin tarkistuslista Aivie\" class=\"wp-image-7121\" title=\"\" srcset=\"https:\/\/cdn.aivie.ch\/media\/wp\/2022\/05\/02154128\/Datenschutz-Checkliste-Schweiz-240x240.png 240w, https:\/\/cdn.aivie.ch\/media\/wp\/2022\/05\/02154128\/Datenschutz-Checkliste-Schweiz-768x768.png 768w, https:\/\/cdn.aivie.ch\/media\/wp\/2022\/05\/02154128\/Datenschutz-Checkliste-Schweiz-480x480.png 480w, https:\/\/cdn.aivie.ch\/media\/wp\/2022\/05\/02154128\/Datenschutz-Checkliste-Schweiz-600x600.png 600w, https:\/\/cdn.aivie.ch\/media\/wp\/2022\/05\/02154128\/Datenschutz-Checkliste-Schweiz-300x300.png 300w, https:\/\/cdn.aivie.ch\/media\/wp\/2022\/05\/02154128\/Datenschutz-Checkliste-Schweiz-100x100.png 100w, https:\/\/cdn.aivie.ch\/media\/wp\/2022\/05\/02154128\/Datenschutz-Checkliste-Schweiz.png 800w\" sizes=\"auto, (max-width: 240px) 100vw, 240px\" \/><\/figure>\n\n\n\n<h3 class=\"wp-block-heading\" id=\"h-datenschutzgesetz-checkliste\">Tietosuojalains\u00e4\u00e4d\u00e4nn\u00f6n tarkistuslista<\/h3>\n\n\n\n<p>Sveitsin uusi tietosuojalaki, t\u00e4rkeimm\u00e4t kohdat lyhyesti tiivistettyn\u00e4.<\/p>\n\n\n\n<div class=\"wp-block-ugb-button ugb-button-wrapper ugb-5dc2a14 ugb-main-block\"><style>.ugb-5dc2a14 .ugb-block-content{justify-content:flex-start !important}.ugb-5dc2a14 .ugb-inner-block{text-align:left}<\/style><div class=\"ugb-inner-block\"><div class=\"ugb-block-content\"><div class=\"ugb-button-container\"><a class=\"ugb-button1 ugb-button ugb-button--size-normal ugb-button--design-plain\" href=\"https:\/\/aivie.ch\/das-neue-datenschutzgesetz-schweiz\/#checkliste\" rel=\"\" title=\"\"><span class=\"ugb-button--inner\">Lataa tarkistuslista<\/span><\/a><\/div><\/div><\/div><\/div>\n<\/div>\n\n\n\n<div class=\"wp-block-column is-layout-flow wp-block-column-is-layout-flow\">\n<figure class=\"wp-block-image size-thumbnail\"><img loading=\"lazy\" decoding=\"async\" width=\"240\" height=\"240\" src=\"https:\/\/cdn.aivie.ch\/media\/wp\/2021\/06\/19131424\/workshop5-240x240.png\" alt=\"Tietosuoja Aivie Mautic Workshop\" class=\"wp-image-4150\" title=\"\" srcset=\"https:\/\/cdn.aivie.ch\/media\/wp\/2021\/06\/19131424\/workshop5-240x240.png 240w, https:\/\/cdn.aivie.ch\/media\/wp\/2021\/06\/19131424\/workshop5-768x768.png 768w, https:\/\/cdn.aivie.ch\/media\/wp\/2021\/06\/19131424\/workshop5-480x480.png 480w, https:\/\/cdn.aivie.ch\/media\/wp\/2021\/06\/19131424\/workshop5-300x300.png 300w, https:\/\/cdn.aivie.ch\/media\/wp\/2021\/06\/19131424\/workshop5-600x600.png 600w, https:\/\/cdn.aivie.ch\/media\/wp\/2021\/06\/19131424\/workshop5-100x100.png 100w, https:\/\/cdn.aivie.ch\/media\/wp\/2021\/06\/19131424\/workshop5.png 800w\" sizes=\"auto, (max-width: 240px) 100vw, 240px\" \/><\/figure>\n\n\n\n<h3 class=\"wp-block-heading\" id=\"h-revdsg-und-dsgvo-datenschutz-workshop\">revDSG- ja DSGVO-tietosuojaseminaari<\/h3>\n\n\n\n<p>GDPR-yhteensopiva viestint\u00e4, n\u00e4yt\u00e4mme sinulle, mik\u00e4 toimii ja mik\u00e4 ei toimi s\u00e4hk\u00f6postimarkkinoinnissa.<\/p>\n\n\n\n<div class=\"wp-block-ugb-button ugb-button-wrapper ugb-b853e62 ugb-main-block\"><style>.ugb-b853e62 .ugb-block-content{justify-content:flex-start !important}.ugb-b853e62 .ugb-inner-block{text-align:left}<\/style><div class=\"ugb-inner-block\"><div class=\"ugb-block-content\"><div class=\"ugb-button-container\"><a class=\"ugb-button1 ugb-button ugb-button--size-normal ugb-button--design-plain\" href=\"https:\/\/aivie.ch\/product\/workshop-sicher-unterwegs-als-aivie-mautic-anwender\/\" rel=\"\" title=\"\"><span class=\"ugb-button--inner\">Ty\u00f6pajaan<\/span><\/a><\/div><\/div><\/div><\/div>\n<\/div>\n\n\n\n<div class=\"wp-block-column is-layout-flow wp-block-column-is-layout-flow\">\n<figure class=\"wp-block-image size-thumbnail\"><img decoding=\"async\" src=\"https:\/\/aivie.ch\/wp-content\/uploads\/2022\/04\/Das-neue-Datenschutzgesetz-in-der-Schweiz-einfach-erkla&#x308;rt-1-240x240.webp\" alt=\"Sveitsin uusi tietosuojalains&#xE4;&#xE4;d&#xE4;nt&#xF6; - yksinkertaisesti selitettyn&#xE4;\" class=\"wp-image-6734\" title=\"\"><\/figure>\n\n\n\n<h3 class=\"wp-block-heading\" id=\"h-datenschutzgesetz-sicher-umsetzen\">Tietosuojalains\u00e4\u00e4d\u00e4nn\u00f6n turvallinen t\u00e4yt\u00e4nt\u00f6\u00f6npano<\/h3>\n\n\n\n<p>Nopea ja helppo revDSG-yhteensopiva. Paketti sis\u00e4lt\u00e4\u00e4 kaiken tarvittavan. <\/p>\n\n\n\n<div class=\"wp-block-ugb-button ugb-button-wrapper ugb-57ae883 ugb-main-block\"><style>.ugb-57ae883 .ugb-block-content{justify-content:flex-start !important}.ugb-57ae883 .ugb-inner-block{text-align:left}<\/style><div class=\"ugb-inner-block\"><div class=\"ugb-block-content\"><div class=\"ugb-button-container\"><a class=\"ugb-button1 ugb-button ugb-button--size-normal ugb-button--design-plain\" href=\"https:\/\/aivie.ch\/product\/datenschutz-quick-starter-revdsg\/\" rel=\"\" title=\"\"><span class=\"ugb-button--inner\">Tietosuojan k\u00e4ytt\u00f6tapauspaketti<\/span><\/a><\/div><\/div><\/div><\/div>\n<\/div>\n<\/div>\n<\/div><\/div><\/div><\/div><\/div><\/div>\n\n<div class=\"alignfull wp-block-ugb-columns ugb-columns aiv-col-2 ugb-0059fdb ugb-columns--design-plain ugb-columns--columns-2 ugb-main-block ugb-main-block--inner-center ugb--has-block-background ugb--has-background-overlay\"><style>.ugb-0059fdb.ugb-columns{background-color:#EFF0F1;background-image:url(https:\/\/cdn.aivie.ch\/media\/wp\/2021\/06\/19131703\/pattern-u-960w.png);background-position:bottom right;background-repeat:no-repeat;background-size:40% !important}.ugb-0059fdb.ugb-columns:before{background-color:#EFF0F1;opacity:0.5}@media screen and (min-width:768px){.ugb-0059fdb.ugb-columns{padding-right:35px !important}}<\/style><div class=\"ugb-inner-block ugb-inner-block--center\"><div class=\"ugb-block-content\"><div class=\"ugb-columns__item ugb-0059fdb-content-wrapper\">\n<div class=\"wp-block-ugb-column ugb-column ugb-7123f02 ugb-column--design-plain ugb-main-block\"><div class=\"ugb-inner-block\"><div class=\"ugb-block-content\"><div class=\"ugb-column__item ugb-7123f02-column-wrapper\"><div class=\"ugb-column__content-wrapper\">\n<div class=\"wp-block-ugb-heading ugb-heading ugb-e4c7aec ugb-main-block\"><div class=\"ugb-inner-block\"><div class=\"ugb-block-content\"><h2 class=\"ugb-heading__title\">Mit\u00e4 sinun on tiedett\u00e4v\u00e4 Sveitsin uudesta tietosuojalains\u00e4\u00e4d\u00e4nn\u00f6st\u00e4?<\/h2><p class=\"ugb-heading__subtitle\">Seuraavassa artikkelissa selvit\u00e4mme Sveitsin uuden tietosuojalain (revDSG) t\u00e4rkeimm\u00e4t muutokset, jotka vaikuttavat markkinointiin.<\/p><\/div><\/div><\/div>\n\n\n\n<div class=\"wp-block-ugb-button ugb-button-wrapper ugb-6967a16 ugb-main-block\"><style>.ugb-6967a16 .ugb-block-content{justify-content:flex-start !important}.ugb-6967a16 .ugb-inner-block{text-align:left}<\/style><div class=\"ugb-inner-block\"><div class=\"ugb-block-content\"><div class=\"ugb-button-container\"><a class=\"ugb-button1 ugb-button ugb-button--size-normal\" href=\"https:\/\/aivie.ch\/das-neue-datenschutzgesetz-schweiz\/\" rel=\"\" title=\"\"><span class=\"ugb-button--inner\">Artikkeliin<\/span><\/a><\/div><\/div><\/div><\/div>\n<\/div><\/div><\/div><\/div><\/div>\n\n\n\n<div class=\"wp-block-ugb-column ugb-column ugb-e5e1294 ugb-column--design-plain ugb-main-block\"><div class=\"ugb-inner-block\"><div class=\"ugb-block-content\"><div class=\"ugb-column__item ugb-e5e1294-column-wrapper\"><div class=\"ugb-column__content-wrapper\">\n<figure class=\"wp-block-image alignleft size-aiv_480w\"><a href=\"https:\/\/aivie.ch\/das-neue-datenschutzgesetz-in-der-schweiz-einfach-erklart\/\"><img decoding=\"async\" src=\"https:\/\/aivie.ch\/wp-content\/uploads\/2022\/04\/Das-neue-Datenschutzgesetz-in-der-Schweiz-einfach-erkla&#x308;rt-1-480x320.webp\" alt=\"Sveitsin uusi tietosuojalains&#xE4;&#xE4;d&#xE4;nt&#xF6; - yksinkertaisesti selitettyn&#xE4;\" class=\"wp-image-6734\" title=\"\"><\/a><\/figure>\n<\/div><\/div><\/div><\/div><\/div>\n<\/div><\/div><\/div><\/div>\n\n<div class=\"alignfull wp-block-ugb-container ugb-container ugb-b168b8e ugb-container--v2 ugb-container--design-basic ugb-main-block ugb-main-block--inner-center ugb--has-block-background\"><div class=\"ugb-inner-block ugb-inner-block--center\"><div class=\"ugb-block-content\"><div class=\"ugb-container__wrapper ugb-b168b8e-wrapper\"><div class=\"ugb-container__side\"><div class=\"ugb-container__content-wrapper ugb-b168b8e-content-wrapper\">\n<h2 class=\"wp-block-heading\" id=\"h-sicher-unddatenschutz-konform-mit-aivie\">Turvallinen ja<br\/>Tietosuojaa noudattava <br\/>Aivien kanssa.<\/h2>\n\n\n\n<p>Aivien avulla voit ker\u00e4t\u00e4 ja seurata tietoja turvallisesti ja ep\u00e4r\u00f6im\u00e4tt\u00e4 s\u00e4hk\u00f6posteilla, <br\/>-uutiskirjeill\u00e4 ja lomakkeilla.<\/p>\n\n\n\n<div style=\"height:60px\" aria-hidden=\"true\" class=\"wp-block-spacer\"><\/div>\n\n\n\n<div class=\"wp-block-columns is-layout-flex wp-container-core-columns-is-layout-9d6595d7 wp-block-columns-is-layout-flex\">\n<div class=\"wp-block-column is-layout-flow wp-block-column-is-layout-flow\">\n<figure class=\"wp-block-image size-full is-resized\"><a href=\"https:\/\/gdpr-info.eu\/\" target=\"_blank\" rel=\"noopener\"><img loading=\"lazy\" decoding=\"async\" width=\"300\" height=\"300\" src=\"https:\/\/cdn.aivie.ch\/media\/wp\/2021\/06\/19131520\/GDPR.webp\" alt=\"GDPR &amp;amp; DSGVO sertifioitu hosting\" class=\"wp-image-2685\" style=\"width:116px;height:116px\" title=\"\" srcset=\"https:\/\/cdn.aivie.ch\/media\/wp\/2021\/06\/19131520\/GDPR.webp 300w, https:\/\/cdn.aivie.ch\/media\/wp\/2021\/06\/19131520\/GDPR-240x240.webp 240w, https:\/\/cdn.aivie.ch\/media\/wp\/2021\/06\/19131520\/GDPR-100x100.webp 100w\" sizes=\"auto, (max-width: 300px) 100vw, 300px\" \/><\/a><\/figure>\n<\/div>\n\n\n\n<div class=\"wp-block-column is-layout-flow wp-block-column-is-layout-flow\">\n<p><strong><a href=\"https:\/\/gdpr-info.eu\/\" target=\"_blank\" rel=\"noopener\">GDPR<\/a><\/strong><br\/>EU:n tietosuojalaki on pantu oikeudellisesti oikein t\u00e4yt\u00e4nt\u00f6\u00f6n.<\/p>\n<\/div>\n\n\n\n<div class=\"wp-block-column is-layout-flow wp-block-column-is-layout-flow\">\n<figure class=\"wp-block-image size-full is-resized\"><a href=\"https:\/\/www.fedlex.admin.ch\/eli\/fga\/2020\/1998\/de\" target=\"_blank\" rel=\"noopener\"><img loading=\"lazy\" decoding=\"async\" width=\"1024\" height=\"1024\" src=\"https:\/\/cdn.aivie.ch\/media\/wp\/2022\/03\/01223200\/nDSG.png\" alt=\"nDSG\" class=\"wp-image-5670\" style=\"width:138px;height:138px\" title=\"\" srcset=\"https:\/\/cdn.aivie.ch\/media\/wp\/2022\/03\/01223200\/nDSG.png 1024w, https:\/\/cdn.aivie.ch\/media\/wp\/2022\/03\/01223200\/nDSG-240x240.png 240w, https:\/\/cdn.aivie.ch\/media\/wp\/2022\/03\/01223200\/nDSG-960x960.png 960w, https:\/\/cdn.aivie.ch\/media\/wp\/2022\/03\/01223200\/nDSG-768x768.png 768w, https:\/\/cdn.aivie.ch\/media\/wp\/2022\/03\/01223200\/nDSG-900x900.png 900w, https:\/\/cdn.aivie.ch\/media\/wp\/2022\/03\/01223200\/nDSG-480x480.png 480w, https:\/\/cdn.aivie.ch\/media\/wp\/2022\/03\/01223200\/nDSG-300x300.png 300w, https:\/\/cdn.aivie.ch\/media\/wp\/2022\/03\/01223200\/nDSG-600x600.png 600w, https:\/\/cdn.aivie.ch\/media\/wp\/2022\/03\/01223200\/nDSG-100x100.png 100w\" sizes=\"auto, (max-width: 1024px) 100vw, 1024px\" \/><\/a><\/figure>\n<\/div>\n\n\n\n<div class=\"wp-block-column is-layout-flow wp-block-column-is-layout-flow\">\n<p><a href=\"https:\/\/www.fedlex.admin.ch\/eli\/fga\/2020\/1998\/de\" target=\"_blank\" rel=\"noopener\"><strong>nDSG<\/strong><br\/><\/a>EU:n tietosuojalains\u00e4\u00e4d\u00e4nt\u00f6 on pantu oikeudellisesti asianmukaisesti t\u00e4yt\u00e4nt\u00f6\u00f6n.<\/p>\n<\/div>\n<\/div>\n\n\n\n<div class=\"wp-block-columns is-layout-flex wp-container-core-columns-is-layout-9d6595d7 wp-block-columns-is-layout-flex\">\n<div class=\"wp-block-column is-layout-flow wp-block-column-is-layout-flow\">\n<figure class=\"wp-block-image size-full is-resized\"><a href=\"https:\/\/www.iso.org\/isoiec-27001-information-security.html\" target=\"_blank\" rel=\"noopener\"><img loading=\"lazy\" decoding=\"async\" width=\"300\" height=\"300\" src=\"https:\/\/cdn.aivie.ch\/media\/wp\/2021\/06\/19131519\/ISO.webp\" alt=\"ISO 27001 -sertifioitu hosting\" class=\"wp-image-2689\" style=\"width:115px;height:115px\" title=\"\" srcset=\"https:\/\/cdn.aivie.ch\/media\/wp\/2021\/06\/19131519\/ISO.webp 300w, https:\/\/cdn.aivie.ch\/media\/wp\/2021\/06\/19131519\/ISO-240x240.webp 240w, https:\/\/cdn.aivie.ch\/media\/wp\/2021\/06\/19131519\/ISO-100x100.webp 100w\" sizes=\"auto, (max-width: 300px) 100vw, 300px\" \/><\/a><\/figure>\n<\/div>\n\n\n\n<div class=\"wp-block-column is-layout-flow wp-block-column-is-layout-flow\">\n<p><a href=\"https:\/\/www.iso.org\/isoiec-27001-information-security.html\" target=\"_blank\" rel=\"noopener\"><strong>ISO 27001<\/strong><br\/><\/a>Turvallinen tietoturvallisuuden hallintaj\u00e4rjestelm\u00e4.<\/p>\n<\/div>\n\n\n\n<div class=\"wp-block-column is-layout-flow wp-block-column-is-layout-flow\">\n<figure class=\"wp-block-image size-full is-resized\"><a href=\"https:\/\/cloudsecurityalliance.org\/\" target=\"_blank\" rel=\"noopener\"><img loading=\"lazy\" decoding=\"async\" width=\"300\" height=\"300\" src=\"https:\/\/cdn.aivie.ch\/media\/wp\/2021\/06\/19131520\/CSA.webp\" alt=\"CSA-sertifioitu hosting\" class=\"wp-image-2681\" style=\"width:111px;height:111px\" title=\"\" srcset=\"https:\/\/cdn.aivie.ch\/media\/wp\/2021\/06\/19131520\/CSA.webp 300w, https:\/\/cdn.aivie.ch\/media\/wp\/2021\/06\/19131520\/CSA-240x240.webp 240w, https:\/\/cdn.aivie.ch\/media\/wp\/2021\/06\/19131520\/CSA-100x100.webp 100w\" sizes=\"auto, (max-width: 300px) 100vw, 300px\" \/><\/a><\/figure>\n<\/div>\n\n\n\n<div class=\"wp-block-column is-layout-flow wp-block-column-is-layout-flow\">\n<p><strong><a href=\"https:\/\/cloudsecurityalliance.org\/\" target=\"_blank\" rel=\"noopener\">CSA<\/a><\/strong><br\/>Parhaat k\u00e4yt\u00e4nn\u00f6t <br\/>pilvipalvelinymp\u00e4rist\u00f6j\u00e4 varten.<\/p>\n<\/div>\n<\/div>\n<\/div><\/div><\/div><\/div><\/div><\/div>\n\n<h2 class=\"wp-block-heading\" id=\"h-datenschutz-faq-s\">Tietosuojaa koskevat usein kysytyt kysymykset<\/h2>\n\n<p>Saat lis\u00e4\u00e4 arvokkaita vinkkej\u00e4 ja tietoa tietosuojasta usein kysytyist\u00e4 kysymyksist\u00e4.<\/p>\n\n<div class=\"aligncenter wp-block-ugb-blog-posts ugb-blog-posts ugb-2bdfbca ugb-blog-posts--v2 ugb-blog-posts--design-vertical-card2 ugb-blog-posts--columns-3 ugb-main-block\" data-load-items=\"\" data-id=\"ugb-2bdfbca\"><style>.ugb-2bdfbca .ugb-blog-posts__item{border-radius:0px !important}.ugb-2bdfbca .ugb-blog-posts__featured-image{border-radius:0px !important}<\/style><div class=\"ugb-inner-block\"><div class=\"ugb-block-content\"><article class=\"ugb-blog-posts__item ugb--shadow-3\"><div class=\"ugb-blog-posts__content\"><h3 class=\"ugb-blog-posts__title\"><a href=\"https:\/\/aivie.ch\/fi\/faq\/miten-paeivitaen-tietosuojakaeytaentoeaeni-kun-kaeytaen-aivieta\/\">Miten p\u00e4ivit\u00e4n tietosuojak\u00e4yt\u00e4nt\u00f6\u00e4ni, kun k\u00e4yt\u00e4n Aivieta?<\/a><\/h3><div class=\"ugb-blog-posts__excerpt\"><p>Jos k\u00e4yt\u00e4t Aivieta, sinun on mukautettava tietosuojak\u00e4yt\u00e4nt\u00f6\u00e4si ja selitett\u00e4v\u00e4 avoimesti, miten tietoja k\u00e4sitell\u00e4\u00e4n ja tallennetaan&#8230;.<\/div><p class=\"ugb-blog-posts__readmore\"><a href=\"https:\/\/aivie.ch\/fi\/faq\/miten-paeivitaen-tietosuojakaeytaentoeaeni-kun-kaeytaen-aivieta\/\">Lue lis\u00e4\u00e4<\/a><\/p><\/div><\/article><article class=\"ugb-blog-posts__item ugb--shadow-3\"><div class=\"ugb-blog-posts__content\"><h3 class=\"ugb-blog-posts__title\"><a href=\"https:\/\/aivie.ch\/fi\/faq\/mitae-turvajaerjestelmiae-kaeytetaeaen-tietojeni-suojaamiseen\/\">Mit\u00e4 turvaj\u00e4rjestelmi\u00e4 k\u00e4ytet\u00e4\u00e4n tietojeni suojaamiseen?<\/a><\/h3><div class=\"ugb-blog-posts__excerpt\"><p>Tietosi ovat turvassa Aivien kanssa, koska is\u00e4nn\u00f6imme niit\u00e4 turvallisilla ja sertifioiduilla palvelimilla. Voit my\u00f6s k\u00e4ytt\u00e4\u00e4&#8230;<\/div><p class=\"ugb-blog-posts__readmore\"><a href=\"https:\/\/aivie.ch\/fi\/faq\/mitae-turvajaerjestelmiae-kaeytetaeaen-tietojeni-suojaamiseen\/\">Lue lis\u00e4\u00e4<\/a><\/p><\/div><\/article><article class=\"ugb-blog-posts__item ugb--shadow-3\"><div class=\"ugb-blog-posts__content\"><h3 class=\"ugb-blog-posts__title\"><a href=\"https:\/\/aivie.ch\/fi\/faq\/mitae-tarkoittaa-double-opt-in\/\">Mit\u00e4 tarkoittaa &#8221;double opt-in\u201d?<\/a><\/h3><div class=\"ugb-blog-posts__excerpt\"><p>Aina kun haluat kirjoittaa asiakkaillesi markkinointitarkoituksessa, tarvitset heid\u00e4n nimenomaisen suostumuksensa. Esimerkiksi tyypillinen rasti ruutuun, jonka&#8230;<\/div><p class=\"ugb-blog-posts__readmore\"><a href=\"https:\/\/aivie.ch\/fi\/faq\/mitae-tarkoittaa-double-opt-in\/\">Lue lis\u00e4\u00e4<\/a><\/p><\/div><\/article><div class=\"ugb-button-container ugb-blog-posts__load-more-button\"><a class=\"ugb-button ugb-button--size-normal ugb-button--design-ghost\" href=\"#0\" rel=\"\" title=\"\" role=\"button\"><span class=\"ugb-button--inner\">Load More<\/span><\/a><\/div><\/div><\/div><\/div>\n\n<div class=\"alignfull wp-block-ugb-columns ugb-columns aiv-col-2 ugb-1c9b479 ugb-columns--design-plain ugb-columns--columns-2 ugb-main-block ugb-main-block--inner-center ugb--has-block-background\"><style>.ugb-1c9b479-content-wrapper{grid-column-gap:60px !important}.ugb-1c9b479.ugb-columns{background-color:#cfe7e1}.ugb-1c9b479.ugb-columns:before{background-color:#cfe7e1}<\/style><div class=\"ugb-inner-block ugb-inner-block--center\"><div class=\"ugb-block-content\"><div class=\"ugb-columns__item ugb-1c9b479-content-wrapper\">\n<div class=\"wp-block-ugb-column ugb-column ugb-20fa9e9 ugb-column--design-plain ugb-main-block\"><div class=\"ugb-inner-block\"><div class=\"ugb-block-content\"><div class=\"ugb-column__item ugb-20fa9e9-column-wrapper\"><div class=\"ugb-column__content-wrapper\">\n<h2 class=\"wp-block-heading\" id=\"h-webinar-datenschutz-im-digitalen-marketing\">Webinaari Tietosuoja digitaalisessa markkinoinnissa.<\/h2>\n\n\n\n<figure class=\"wp-block-image size-aiv_480w is-resized\"><img loading=\"lazy\" decoding=\"async\" src=\"https:\/\/cdn.aivie.ch\/media\/wp\/2023\/03\/07114839\/DatenschutzWebinar-revDSG-480x270.png\" alt=\"\" class=\"wp-image-13250\" width=\"360\" height=\"203\" title=\"\" srcset=\"https:\/\/cdn.aivie.ch\/media\/wp\/2023\/03\/07114839\/DatenschutzWebinar-revDSG-480x270.png 480w, https:\/\/cdn.aivie.ch\/media\/wp\/2023\/03\/07114839\/DatenschutzWebinar-revDSG-960x540.png 960w, https:\/\/cdn.aivie.ch\/media\/wp\/2023\/03\/07114839\/DatenschutzWebinar-revDSG-768x432.png 768w, https:\/\/cdn.aivie.ch\/media\/wp\/2023\/03\/07114839\/DatenschutzWebinar-revDSG-1200x675.png 1200w, https:\/\/cdn.aivie.ch\/media\/wp\/2023\/03\/07114839\/DatenschutzWebinar-revDSG.png 1920w\" sizes=\"auto, (max-width: 360px) 100vw, 360px\" \/><\/figure>\n\n\n\n<p>Digitaalinen markkinointi ei ole mahdollista ilman tietoja. N\u00e4iden tietojen asianmukainen k\u00e4sittely on edellytys luottamuksellisen suhteen luomiselle asiakkaiden ja yritysten v\u00e4lille. <\/p>\n\n\n\n<p><a href=\"https:\/\/www.lexr.com\/de-ch\/\" target=\"_blank\" rel=\"noreferrer noopener\">LEXR:n tietosuoja-asiantuntijat selitt\u00e4v\u00e4t<\/a>, mik\u00e4 on mahdollista ja mik\u00e4 ei \u2013 EU:ssa (GDPR) ja nyt my\u00f6s Sveitsiss\u00e4 (revDSG). Jotta <a href=\"https:\/\/aivie.ch\/das-neue-datenschutzgesetz-schweiz\/\">markkinoinnin tietosuojalains\u00e4\u00e4d\u00e4nt\u00f6\u00f6n<\/a> liittyv\u00e4t kysymykset eiv\u00e4t j\u00e4isi avoimiksi. <\/p>\n<\/div><\/div><\/div><\/div><\/div>\n\n\n\n<div class=\"wp-block-ugb-column ugb-column ugb-0abfd3f ugb-column--design-plain ugb-main-block\" id=\"join\"><div class=\"ugb-inner-block\"><div class=\"ugb-block-content\"><div class=\"ugb-column__item ugb-0abfd3f-column-wrapper\"><div class=\"ugb-column__content-wrapper\">\n<div class=\"wp-block-ugb-heading ugb-heading ugb-2acaf7e ugb-main-block\"><style>.ugb-2acaf7e .ugb-heading__title{color:#283e4c}<\/style><div class=\"ugb-inner-block\"><div class=\"ugb-block-content\"><h2 class=\"ugb-heading__title\"><span style=\"color: #283e4c;\" class=\"ugb-highlight\">Rekister\u00f6idy nyt maksuttomaan tietosuojaan <\/span><br\/><span style=\"color: #283e4c;\" class=\"ugb-highlight\">webinaariin nyt.<\/span><\/h2><\/div><\/div><\/div>\n\n\n<script type=\"text\/javascript\" src=\"https:\/\/m.aivie.ch\/form\/generate.js?id=89\"><\/script>\n<\/div><\/div><\/div><\/div><\/div>\n<\/div><\/div><\/div><\/div>\n","protected":false},"excerpt":{"rendered":"<p>Kaikki, mik\u00e4 liittyy tietosuojalains\u00e4\u00e4d\u00e4nt\u00f6\u00f6n ja markkinoinnin automatisointiin. Perustat nopeasti ja helposti tietosuojavaatimusten mukaisen verkkosivuston, jossa on s\u00e4hk\u00f6postimarkkinointia. N\u00e4yt\u00e4mme sinulle kaiken, mit\u00e4 tarvitset uuden Sveitsin tietosuojalain (revDSG) ja EU:n yleisen tietosuoja-asetuksen (GDPR) asianmukaiseen t\u00e4yt\u00e4nt\u00f6\u00f6npanoon. Emme ole asianajajia emmek\u00e4 voi antaa sitovia oikeudellisia neuvoja. Olemme kuitenkin koonneet yhteen Sveitsin uuden tietosuojalain t\u00e4rkeimm\u00e4t muutokset, jotka koskevat erityisesti markkinoinnin &hellip; <a href=\"https:\/\/aivie.ch\/fi\/tietosuojalainsaeaedaentoe-markkinoinnin-automatisointi-ja-tietosuojalainsaeaedaentoe\/\" class=\"more-link\">Jatka lukemista <span class=\"screen-reader-text\">Tietosuojalains\u00e4\u00e4d\u00e4nt\u00f6: Markkinoinnin automatisointi ja tietosuojalains\u00e4\u00e4d\u00e4nt\u00f6<\/span><\/a><\/p>\n","protected":false},"author":1,"featured_media":0,"parent":0,"menu_order":0,"comment_status":"closed","ping_status":"closed","template":"front-page.php","meta":{"_acf_changed":false,"footnotes":""},"class_list":["post-26312","page","type-page","status-publish","hentry"],"acf":[],"featured_image_urls_v2":{"full":"","thumbnail":"","medium":"","medium_large":"","large":"","post-thumbnail":"","aiv_480w":"","woocommerce_thumbnail":"","woocommerce_single":"","woocommerce_gallery_thumbnail":""},"post_excerpt_stackable_v2":"<p>Kaikki, mik\u00e4 liittyy tietosuojalains\u00e4\u00e4d\u00e4nt\u00f6\u00f6n ja markkinoinnin automatisointiin.Perustat nopeasti ja helposti tietosuojavaatimusten mukaisen verkkosivuston, jossa on s\u00e4hk\u00f6postimarkkinointia. N\u00e4yt\u00e4mme sinulle kaiken, mit\u00e4 tarvitset uuden Sveitsin tietosuojalain (revDSG) ja EU:n yleisen tietosuoja-asetuksen (GDPR) asianmukaiseen t\u00e4yt\u00e4nt\u00f6\u00f6npanoon. Emme ole asianajajia emmek\u00e4 voi antaa sitovia oikeudellisia neuvoja. Olemme kuitenkin koonneet yhteen Sveitsin uuden tietosuojalain t\u00e4rkeimm\u00e4t muutokset, jotka koskevat erityisesti markkinoinnin automaatiota ja asiakastietojen ker\u00e4\u00e4mist\u00e4. Selit\u00e4mme mahdollisimman lyhyesti ja ytimekk\u00e4\u00e4sti, mit\u00e4 sinun on toteutettava k\u00e4yt\u00e4nn\u00f6ss\u00e4. Tietosuojalains\u00e4\u00e4d\u00e4nn\u00f6n tarkistuslista Sveitsin uusi tietosuojalaki, t\u00e4rkeimm\u00e4t kohdat lyhyesti tiivistettyn\u00e4. Lataa tarkistuslista revDSG- ja DSGVO-tietosuojaseminaari GDPR-yhteensopiva viestint\u00e4, n\u00e4yt\u00e4mme sinulle, mik\u00e4 toimii ja mik\u00e4 ei toimi s\u00e4hk\u00f6postimarkkinoinnissa. Ty\u00f6pajaan Tietosuojalains\u00e4\u00e4d\u00e4nn\u00f6n turvallinen t\u00e4yt\u00e4nt\u00f6\u00f6npano Nopea ja helppo\u2026<\/p>\n","category_list_v2":"","author_info_v2":{"name":"Adrian Schimpf","url":"https:\/\/aivie.ch\/fi\/author\/adrian\/"},"comments_num_v2":"0 comments","_links":{"self":[{"href":"https:\/\/aivie.ch\/fi\/wp-json\/wp\/v2\/pages\/26312","targetHints":{"allow":["GET"]}}],"collection":[{"href":"https:\/\/aivie.ch\/fi\/wp-json\/wp\/v2\/pages"}],"about":[{"href":"https:\/\/aivie.ch\/fi\/wp-json\/wp\/v2\/types\/page"}],"author":[{"embeddable":true,"href":"https:\/\/aivie.ch\/fi\/wp-json\/wp\/v2\/users\/1"}],"replies":[{"embeddable":true,"href":"https:\/\/aivie.ch\/fi\/wp-json\/wp\/v2\/comments?post=26312"}],"version-history":[{"count":1,"href":"https:\/\/aivie.ch\/fi\/wp-json\/wp\/v2\/pages\/26312\/revisions"}],"predecessor-version":[{"id":26323,"href":"https:\/\/aivie.ch\/fi\/wp-json\/wp\/v2\/pages\/26312\/revisions\/26323"}],"wp:attachment":[{"href":"https:\/\/aivie.ch\/fi\/wp-json\/wp\/v2\/media?parent=26312"}],"curies":[{"name":"wp","href":"https:\/\/api.w.org\/{rel}","templated":true}]}}