{"id":26310,"date":"2026-01-11T14:12:32","date_gmt":"2026-01-11T12:12:32","guid":{"rendered":"https:\/\/aivie.ch\/mautic-demo\/"},"modified":"2026-01-11T14:14:16","modified_gmt":"2026-01-11T12:14:16","slug":"mautic-demo","status":"publish","type":"page","link":"https:\/\/aivie.ch\/fi\/mautic-demo\/","title":{"rendered":"Mautic Demo"},"content":{"rendered":"\n<div class=\"alignfull wp-block-ugb-columns ugb-columns aiv-col-2 ugb-0f67373 ugb-columns--design-plain ugb-columns--columns-2 ugb-main-block ugb-main-block--inner-center ugb--has-block-background ugb--has-background-overlay\"><style>.ugb-0f67373.ugb-columns{background-image:url(https:\/\/cdn.aivie.ch\/media\/wp\/2021\/06\/19131703\/pattern-u-960w.png);background-position:bottom left;background-repeat:no-repeat;background-size:40% !important}.ugb-0f67373.ugb-columns:before{opacity:0.5}@media screen and (min-width:768px){.ugb-0f67373.ugb-columns{padding-right:35px !important}}<\/style><div class=\"ugb-inner-block ugb-inner-block--center\"><div class=\"ugb-block-content\"><div class=\"ugb-columns__item ugb-0f67373-content-wrapper\">\n<div class=\"wp-block-ugb-column ugb-column ugb-bec3702 ugb-column--design-plain ugb-main-block\"><style>@media screen and (min-width:768px){.ugb-bec3702 > .ugb-inner-block > .ugb-block-content > *{padding-top:80px !important}}<\/style><div class=\"ugb-inner-block\"><div class=\"ugb-block-content\"><div class=\"ugb-column__item ugb-bec3702-column-wrapper\"><div class=\"ugb-column__content-wrapper\">\n<figure class=\"wp-block-image size-full\"><img loading=\"lazy\" decoding=\"async\" width=\"960\" height=\"640\" src=\"https:\/\/cdn.aivie.ch\/media\/wp\/2021\/06\/19131447\/angela-smile-working-on-aivie-marketing-automation-1920w-960x640-1.jpeg\" alt=\"\" class=\"wp-image-3598\" title=\"\" srcset=\"https:\/\/cdn.aivie.ch\/media\/wp\/2021\/06\/19131447\/angela-smile-working-on-aivie-marketing-automation-1920w-960x640-1.jpeg 960w, https:\/\/cdn.aivie.ch\/media\/wp\/2021\/06\/19131447\/angela-smile-working-on-aivie-marketing-automation-1920w-960x640-1-768x512.jpeg 768w, https:\/\/cdn.aivie.ch\/media\/wp\/2021\/06\/19131447\/angela-smile-working-on-aivie-marketing-automation-1920w-960x640-1-480x320.jpeg 480w, https:\/\/cdn.aivie.ch\/media\/wp\/2021\/06\/19131447\/angela-smile-working-on-aivie-marketing-automation-1920w-960x640-1-600x400.jpeg 600w\" sizes=\"auto, (max-width: 960px) 100vw, 960px\" \/><\/figure>\n\n\n\n<p><\/p>\n<\/div><\/div><\/div><\/div><\/div>\n\n\n\n<div class=\"wp-block-ugb-column ugb-column ugb-51cf674 ugb-column--design-plain ugb-main-block\"><div class=\"ugb-inner-block\"><div class=\"ugb-block-content\"><div class=\"ugb-column__item ugb-51cf674-column-wrapper\"><div class=\"ugb-column__content-wrapper\">\n<div class=\"wp-block-ugb-heading ugb-heading ugb-e6952f9 ugb-main-block\"><div class=\"ugb-inner-block\"><div class=\"ugb-block-content\"><h1 class=\"ugb-heading__title\">Mautic Demo<\/h1><p class=\"ugb-heading__subtitle\">Mautic-demomme n\u00e4ytt\u00e4\u00e4 sinulle paremman version Mauticista. Olemme ottaneet Mauticin pohjaksi ja rakentaneet Aivien sen p\u00e4\u00e4lle, jotta markkinoinnin automaatio olisi entist\u00e4kin parempaa. <\/p><\/div><\/div><\/div>\n\n\n\n<div class=\"wp-block-ugb-button ugb-button-wrapper ugb-07975c0 ugb-main-block\"><style>.ugb-07975c0 .ugb-block-content{justify-content:flex-start !important}.ugb-07975c0 .ugb-inner-block{text-align:left}<\/style><div class=\"ugb-inner-block\"><div class=\"ugb-block-content\"><div class=\"ugb-button-container\"><a class=\"ugb-button1 ugb-button ugb-button--size-normal\" href=\"https:\/\/aivie.ch\/marketing-automation-demo\/\" rel=\"\" title=\"\"><span class=\"ugb-button--inner\">Pyyd\u00e4 demo-oikeutta<\/span><\/a><\/div><\/div><\/div><\/div>\n<\/div><\/div><\/div><\/div><\/div>\n<\/div><\/div><\/div><\/div>\n\n<div class=\"alignfull wp-block-ugb-container ugb-container ugb-5e6b88b ugb-container--v2 ugb-container--design-basic ugb-main-block ugb-main-block--inner-center ugb--has-block-background\"><style>.ugb-5e6b88b-wrapper.ugb-container__wrapper{background-color:#EFF0F1 !important}.ugb-5e6b88b-wrapper.ugb-container__wrapper:before{background-color:#EFF0F1 !important}.ugb-5e6b88b-content-wrapper > h1,.ugb-5e6b88b-content-wrapper > h2,.ugb-5e6b88b-content-wrapper > h3,.ugb-5e6b88b-content-wrapper > h4,.ugb-5e6b88b-content-wrapper > h5,.ugb-5e6b88b-content-wrapper > h6{color:#222222}.ugb-5e6b88b-content-wrapper > p,.ugb-5e6b88b-content-wrapper > ol li,.ugb-5e6b88b-content-wrapper > ul li{color:#222222}.ugb-5e6b88b.ugb-container{background-color:#EFF0F1}.ugb-5e6b88b.ugb-container:before{background-color:#EFF0F1}<\/style><div class=\"ugb-inner-block ugb-inner-block--center\"><div class=\"ugb-block-content\"><div class=\"ugb-container__wrapper ugb-5e6b88b-wrapper\"><div class=\"ugb-container__side\"><div class=\"ugb-container__content-wrapper ugb-5e6b88b-content-wrapper\">\n<h2 class=\"wp-block-heading has-red-color has-text-color\" id=\"h-gefuhrte-mautic-demo\">Ohjattu Mautic-demo<\/h2>\n\n\n\n<div class=\"wp-block-columns is-layout-flex wp-container-core-columns-is-layout-9d6595d7 wp-block-columns-is-layout-flex\">\n<div class=\"wp-block-column is-layout-flow wp-block-column-is-layout-flow\" style=\"flex-basis:66.66%\">\n<p>Markkinoinnin automaation mahdollisuudet ovat laajat ja monipuoliset. Siksi suosittelemme, ett\u00e4 osallistut ohjattuun Mautic-demoon. T\u00e4m\u00e4 on nopein tapa ymm\u00e4rt\u00e4\u00e4, mit\u00e4 kaikkea on mahdollista, miten voit vied\u00e4 markkinointisi seuraavalle tasolle ja onko Mautic sinulle oikea ty\u00f6kalu:  <\/p>\n<\/div>\n\n\n\n<div class=\"wp-block-column is-layout-flow wp-block-column-is-layout-flow\" style=\"flex-basis:33.33%\"><\/div>\n<\/div>\n\n\n\n<div style=\"height:25px\" aria-hidden=\"true\" class=\"wp-block-spacer\"><\/div>\n\n\n\n<div class=\"wp-block-columns is-layout-flex wp-container-core-columns-is-layout-9d6595d7 wp-block-columns-is-layout-flex\">\n<div class=\"wp-block-column is-layout-flow wp-block-column-is-layout-flow\">\n<h3 class=\"wp-block-heading\" id=\"h-mautic-demo-webinar\">Mautic Demo Webinaari<\/h3>\n\n\n\n<p>Meill\u00e4 on viikoittaisia webinaareja, joissa esittelemme Mauticin ja n\u00e4yt\u00e4mme, mit\u00e4 sill\u00e4 voi tehd\u00e4.<\/p>\n\n\n\n<div class=\"wp-block-ugb-button ugb-button-wrapper ugb-474b687 ugb-main-block\"><style>.ugb-474b687 .ugb-block-content{justify-content:flex-start !important}.ugb-474b687 .ugb-inner-block{text-align:left}<\/style><div class=\"ugb-inner-block\"><div class=\"ugb-block-content\"><div class=\"ugb-button-container\"><a class=\"ugb-button1 ugb-button ugb-button--size-normal ugb-button--design-plain\" href=\"https:\/\/aivie.ch\/marketing-automation-webinar\/\" rel=\"\" title=\"\"><span class=\"ugb-button--inner\">Osallistu webinaariin<\/span><\/a><\/div><\/div><\/div><\/div>\n<\/div>\n\n\n\n<div class=\"wp-block-column is-layout-flow wp-block-column-is-layout-flow\">\n<h3 class=\"wp-block-heading\" id=\"h-demo-mit-einem-experten\">Demo asiantuntijan kanssa<\/h3>\n\n\n\n<p>Videopuhelun aikana Mautic-asiantuntija opastaa sinua ty\u00f6kalun k\u00e4yt\u00f6ss\u00e4, ja voit esitt\u00e4\u00e4 kysymyksi\u00e4 sen toiminnasta ja toimintovalikoimasta.<\/p>\n\n\n\n<div class=\"wp-block-ugb-button ugb-button-wrapper ugb-2a73061 ugb-main-block\"><style>.ugb-2a73061 .ugb-block-content{justify-content:flex-start !important}.ugb-2a73061 .ugb-inner-block{text-align:left}<\/style><div class=\"ugb-inner-block\"><div class=\"ugb-block-content\"><div class=\"ugb-button-container\"><a class=\"ugb-button1 ugb-button ugb-button--size-normal ugb-button--design-plain\" href=\"https:\/\/calendly.com\/adrian-schimpf\/60min?month=2022-03\" target=\"_blank\" rel=\"noopener noreferrer\" title=\"\"><span class=\"ugb-button--inner\">Varaa aika<\/span><\/a><\/div><\/div><\/div><\/div>\n<\/div>\n<\/div>\n\n\n\n<div class=\"wp-block-columns is-layout-flex wp-container-core-columns-is-layout-9d6595d7 wp-block-columns-is-layout-flex\">\n<div class=\"wp-block-column is-layout-flow wp-block-column-is-layout-flow\">\n<h3 class=\"wp-block-heading\" id=\"h-das-bieten-unsere-mautic-demos\">Mit\u00e4 Mautic-demomme tarjoavat<\/h3>\n\n\n\n<div class=\"wp-block-ugb-icon-list ugb-icon-list ugb-e3d7619 ugb-icon-list--v2 ugb-main-block\"><style>.ugb-e3d7619 li::before{background-image:url('data:image\/svg+xml;base64,PHN2ZyBkYXRhLXByZWZpeD0iZmFyIiBkYXRhLWljb249ImNoZWNrLXNxdWFyZSIgY2xhc3M9InN2Zy1pbmxpbmUtLWZhIGZhLWNoZWNrLXNxdWFyZSBmYS13LTE0IiByb2xlPSJpbWciIHhtbG5zPSJodHRwOi8vd3d3LnczLm9yZy8yMDAwL3N2ZyIgdmlld0JveD0iMCAwIDQ0OCA1MTIiIHN0eWxlPSJmaWxsOiAjZTYzMzEyICFpbXBvcnRhbnQ7IGNvbG9yOiAjZTYzMzEyICFpbXBvcnRhbnQiPjxwYXRoIGZpbGw9IiNlNjMzMTIiIGQ9Ik00MDAgMzJINDhDMjEuNDkgMzIgMCA1My40OSAwIDgwdjM1MmMwIDI2LjUxIDIxLjQ5IDQ4IDQ4IDQ4aDM1MmMyNi41MSAwIDQ4LTIxLjQ5IDQ4LTQ4VjgwYzAtMjYuNTEtMjEuNDktNDgtNDgtNDh6bTAgNDAwSDQ4VjgwaDM1MnYzNTJ6bS0zNS44NjQtMjQxLjcyNEwxOTEuNTQ3IDM2MS40OGMtNC43MDUgNC42NjctMTIuMzAzIDQuNjM3LTE2Ljk3LS4wNjhsLTkwLjc4MS05MS41MTZjLTQuNjY3LTQuNzA1LTQuNjM3LTEyLjMwMy4wNjktMTYuOTcxbDIyLjcxOS0yMi41MzZjNC43MDUtNC42NjcgMTIuMzAzLTQuNjM3IDE2Ljk3LjA2OWw1OS43OTIgNjAuMjc3IDE0MS4zNTItMTQwLjIxNmM0LjcwNS00LjY2NyAxMi4zMDMtNC42MzcgMTYuOTcuMDY4bDIyLjUzNiAyMi43MThjNC42NjcgNC43MDYgNC42MzcgMTIuMzA0LS4wNjggMTYuOTcxeiIgc3Ryb2tlPSIjZTYzMzEyIiBzdHlsZT0iZmlsbDogcmdiKDIzMCwgNTEsIDE4KTsgc3Ryb2tlOiByZ2IoMjMwLCA1MSwgMTgpOyIvPjwvc3ZnPg==')}.ugb-e3d7619.ugb-icon-list ul{columns:1}<\/style><div class=\"ugb-inner-block\"><div class=\"ugb-block-content\"><ul><li>Maksuton<\/li><li>Mahdollisuus esitt\u00e4\u00e4 kysymyksi\u00e4<\/li><li>Mauticin rakenteen ymm\u00e4rt\u00e4minen<\/li><li>V\u00e4litt\u00f6m\u00e4sti k\u00e4ytt\u00f6kelpoiset kampanjat<\/li><\/ul><\/div><\/div><\/div>\n<\/div>\n\n\n\n<div class=\"wp-block-column is-layout-flow wp-block-column-is-layout-flow\"><\/div>\n<\/div>\n<\/div><\/div><\/div><\/div><\/div><\/div>\n\n<div style=\"height:100px\" aria-hidden=\"true\" class=\"wp-block-spacer\"><\/div>\n\n<h2 class=\"wp-block-heading\" id=\"h-wir-lassen-dich-nach-der-demo-nicht-im-stich\">Emme j\u00e4t\u00e4 sinua pulaan demon j\u00e4lkeen.<\/h2>\n\n<div class=\"wp-block-columns is-layout-flex wp-container-core-columns-is-layout-9d6595d7 wp-block-columns-is-layout-flex\">\n<div class=\"wp-block-column is-layout-flow wp-block-column-is-layout-flow\" style=\"flex-basis:66.66%\">\n<p>Markkinointistrategiasi on oltava menestyksek\u00e4s, ja olemme vakuuttuneita siit\u00e4, ett\u00e4 saavutat sen Mauticin avulla. Jos sinulla ei kuitenkaan ole aiemmin ollut mit\u00e4\u00e4n tekemist\u00e4 markkinoinnin automaation kanssa, on suositeltavaa, ett\u00e4 sinulla on vahva kumppani rinnallasi. Olemme alan asiantuntijoita ja autamme sinua saavuttamaan tavoitteesi.  <\/p>\n<\/div>\n\n\n\n<div class=\"wp-block-column is-layout-flow wp-block-column-is-layout-flow\" style=\"flex-basis:33.33%\"><\/div>\n<\/div>\n\n<div style=\"height:25px\" aria-hidden=\"true\" class=\"wp-block-spacer\"><\/div>\n\n<div style=\"height:25px\" aria-hidden=\"true\" class=\"wp-block-spacer\"><\/div>\n\n<div class=\"wp-block-columns is-layout-flex wp-container-core-columns-is-layout-9d6595d7 wp-block-columns-is-layout-flex\">\n<div class=\"wp-block-column is-layout-flow wp-block-column-is-layout-flow\">\n<figure class=\"wp-block-image size-thumbnail\"><img loading=\"lazy\" decoding=\"async\" width=\"240\" height=\"240\" src=\"https:\/\/cdn.aivie.ch\/media\/wp\/2021\/09\/19131543\/fun-coffee-marketing-automation-services-aivie-1920w-240x240.webp\" alt=\"\" class=\"wp-image-2040\" title=\"\" srcset=\"https:\/\/cdn.aivie.ch\/media\/wp\/2021\/09\/19131543\/fun-coffee-marketing-automation-services-aivie-1920w-240x240.webp 240w, https:\/\/cdn.aivie.ch\/media\/wp\/2021\/09\/19131543\/fun-coffee-marketing-automation-services-aivie-1920w-300x300.webp 300w, https:\/\/cdn.aivie.ch\/media\/wp\/2021\/09\/19131543\/fun-coffee-marketing-automation-services-aivie-1920w-100x100.webp 100w\" sizes=\"auto, (max-width: 240px) 100vw, 240px\" \/><\/figure>\n\n\n\n<h3 class=\"wp-block-heading\" id=\"h-mautic-services\">Mautic-palvelut<\/h3>\n\n\n\n<p>Hy\u00f6dynn\u00e4 monivuotinen kokemuksemme, niin sinun tiell\u00e4si ei ole en\u00e4\u00e4 juuri mit\u00e4\u00e4n kompastuskivi\u00e4.<\/p>\n\n\n\n<div class=\"wp-block-ugb-button ugb-button-wrapper ugb-2e2d6c3 ugb-main-block\"><style>.ugb-2e2d6c3 .ugb-block-content{justify-content:flex-start !important}.ugb-2e2d6c3 .ugb-inner-block{text-align:left}<\/style><div class=\"ugb-inner-block\"><div class=\"ugb-block-content\"><div class=\"ugb-button-container\"><a class=\"ugb-button1 ugb-button ugb-button--size-normal ugb-button--design-plain\" href=\"https:\/\/aivie.ch\/mautic-as-a-service\/\" rel=\"\" title=\"\"><span class=\"ugb-button--inner\">Palveluihin<\/span><\/a><\/div><\/div><\/div><\/div>\n<\/div>\n\n\n\n<div class=\"wp-block-column is-layout-flow wp-block-column-is-layout-flow\">\n<figure class=\"wp-block-image size-thumbnail\"><img loading=\"lazy\" decoding=\"async\" width=\"240\" height=\"240\" src=\"https:\/\/cdn.aivie.ch\/media\/wp\/2022\/03\/29135724\/Aivie-Mautic-Feature-E-Mail-senden-1-240x240.webp\" alt=\"Mautic Hosting ja palvelut Mauticille\" class=\"wp-image-6208\" title=\"\" srcset=\"https:\/\/cdn.aivie.ch\/media\/wp\/2022\/03\/29135724\/Aivie-Mautic-Feature-E-Mail-senden-1-240x240.webp 240w, https:\/\/cdn.aivie.ch\/media\/wp\/2022\/03\/29135724\/Aivie-Mautic-Feature-E-Mail-senden-1-300x300.webp 300w, https:\/\/cdn.aivie.ch\/media\/wp\/2022\/03\/29135724\/Aivie-Mautic-Feature-E-Mail-senden-1-100x100.webp 100w\" sizes=\"auto, (max-width: 240px) 100vw, 240px\" \/><\/figure>\n\n\n\n<h3 class=\"wp-block-heading\" id=\"h-mautic-hosting\">Mautic Hosting<\/h3>\n\n\n\n<p>Mautic-asennuksesi tarvitsee hyv\u00e4n kodin. Olemme erikoistuneet Mauticiin. <\/p>\n\n\n\n<div class=\"wp-block-ugb-button ugb-button-wrapper ugb-e583cb6 ugb-main-block\"><style>.ugb-e583cb6 .ugb-block-content{justify-content:flex-start !important}.ugb-e583cb6 .ugb-inner-block{text-align:left}<\/style><div class=\"ugb-inner-block\"><div class=\"ugb-block-content\"><div class=\"ugb-button-container\"><a class=\"ugb-button1 ugb-button ugb-button--size-normal ugb-button--design-plain\" href=\"https:\/\/aivie.ch\/mautic-hosting\/\" rel=\"\" title=\"\"><span class=\"ugb-button--inner\">Is\u00e4nn\u00f6intiin<\/span><\/a><\/div><\/div><\/div><\/div>\n<\/div>\n\n\n\n<div class=\"wp-block-column is-layout-flow wp-block-column-is-layout-flow\">\n<figure class=\"wp-block-image size-thumbnail\"><img loading=\"lazy\" decoding=\"async\" width=\"240\" height=\"240\" src=\"https:\/\/cdn.aivie.ch\/media\/wp\/2022\/03\/29105847\/Aivie-Mautic-Feature-E-Mail-senden-240x240.webp\" alt=\"Aivie Mautic Ominaisuus L&#xE4;het&#xE4; s&#xE4;hk&#xF6;posti\" class=\"wp-image-6205\" title=\"\" srcset=\"https:\/\/cdn.aivie.ch\/media\/wp\/2022\/03\/29105847\/Aivie-Mautic-Feature-E-Mail-senden-240x240.webp 240w, https:\/\/cdn.aivie.ch\/media\/wp\/2022\/03\/29105847\/Aivie-Mautic-Feature-E-Mail-senden-300x300.webp 300w, https:\/\/cdn.aivie.ch\/media\/wp\/2022\/03\/29105847\/Aivie-Mautic-Feature-E-Mail-senden-100x100.webp 100w\" sizes=\"auto, (max-width: 240px) 100vw, 240px\" \/><\/figure>\n\n\n\n<h3 class=\"wp-block-heading\" id=\"h-mautic-workshops\">Mautic-ty\u00f6pajat<\/h3>\n\n\n\n<p>Ty\u00f6pajoissa autamme sinua kehitt\u00e4m\u00e4\u00e4n yksil\u00f6llisen strategiasi tai n\u00e4yt\u00e4mme, miten ty\u00f6kalujamme k\u00e4ytet\u00e4\u00e4n.<\/p>\n\n\n\n<div class=\"wp-block-ugb-button ugb-button-wrapper ugb-9a12304 ugb-main-block\"><style>.ugb-9a12304 .ugb-block-content{justify-content:flex-start !important}.ugb-9a12304 .ugb-inner-block{text-align:left}<\/style><div class=\"ugb-inner-block\"><div class=\"ugb-block-content\"><div class=\"ugb-button-container\"><a class=\"ugb-button1 ugb-button ugb-button--size-normal ugb-button--design-plain\" href=\"https:\/\/aivie.ch\/mautic-workshop\/\" rel=\"\" title=\"\"><span class=\"ugb-button--inner\">Tutustu ty\u00f6pajoihin<\/span><\/a><\/div><\/div><\/div><\/div>\n<\/div>\n<\/div>\n\n<div class=\"alignfull wp-block-ugb-columns ugb-columns ugb-2b40da2 ugb-columns--design-uneven ugb-columns--columns-2 ugb-main-block ugb-main-block--inner-center ugb--has-block-background\"><style>.ugb-2b40da2.ugb-columns{background-color:#EFF0F1}.ugb-2b40da2.ugb-columns:before{background-color:#EFF0F1}<\/style><div class=\"ugb-inner-block ugb-inner-block--center\"><div class=\"ugb-block-content\"><div class=\"ugb-columns__item ugb-2b40da2-content-wrapper\">\n<div class=\"wp-block-ugb-column ugb-column ugb-143edfc ugb-column--design-plain ugb-main-block\"><style>.ugb-143edfc-column-wrapper .ugb-column__content-wrapper{width:350px !important}<\/style><div class=\"ugb-inner-block\"><div class=\"ugb-block-content\"><div class=\"ugb-column__item ugb-143edfc-column-wrapper\"><div class=\"ugb-column__content-wrapper\">\n<div class=\"wp-block-ugb-heading ugb-heading ugb-4fd7f46 ugb-main-block\"><style>.ugb-4fd7f46 .ugb-heading__title{color:#e63312}<\/style><div class=\"ugb-inner-block\"><div class=\"ugb-block-content\"><h2 class=\"ugb-heading__title\">Aivie voi tehd\u00e4 sen<\/h2><p class=\"ugb-heading__subtitle\">Sinulla on haasteet, meill\u00e4 on ratkaisu k\u00e4ytt\u00f6tapauksiisi. Mist\u00e4 haluat aloittaa? <\/p><\/div><\/div><\/div>\n\n\n\n<figure class=\"wp-block-image size-full\"><img loading=\"lazy\" decoding=\"async\" width=\"1920\" height=\"1080\" src=\"https:\/\/cdn.aivie.ch\/media\/wp\/2022\/04\/29151352\/Aivie-Marketing-Automation-Canvas.webp\" alt=\"Aivie Marketing Automation Canvas\" class=\"wp-image-7058\" title=\"\" srcset=\"https:\/\/cdn.aivie.ch\/media\/wp\/2022\/04\/29151352\/Aivie-Marketing-Automation-Canvas.webp 1920w, https:\/\/cdn.aivie.ch\/media\/wp\/2022\/04\/29151352\/Aivie-Marketing-Automation-Canvas-960x540.webp 960w, https:\/\/cdn.aivie.ch\/media\/wp\/2022\/04\/29151352\/Aivie-Marketing-Automation-Canvas-768x432.webp 768w, https:\/\/cdn.aivie.ch\/media\/wp\/2022\/04\/29151352\/Aivie-Marketing-Automation-Canvas-1200x675.webp 1200w, https:\/\/cdn.aivie.ch\/media\/wp\/2022\/04\/29151352\/Aivie-Marketing-Automation-Canvas-480x270.webp 480w, https:\/\/cdn.aivie.ch\/media\/wp\/2022\/04\/29151352\/Aivie-Marketing-Automation-Canvas-600x338.webp 600w\" sizes=\"auto, (max-width: 1920px) 100vw, 1920px\" \/><\/figure>\n<\/div><\/div><\/div><\/div><\/div>\n\n\n\n<div class=\"wp-block-ugb-column ugb-column ugb-01d22ab ugb-column--design-plain ugb-main-block\"><div class=\"ugb-inner-block\"><div class=\"ugb-block-content\"><div class=\"ugb-column__item ugb-01d22ab-column-wrapper\"><div class=\"ugb-column__content-wrapper\">\n<div class=\"wp-block-ugb-icon-list ugb-icon-list ugb-3bfbec6 ugb-icon-list--v2 ugb-main-block\"><style>.ugb-3bfbec6 li{--icon-size:40px !important}.ugb-3bfbec6 li::before{width:40px !important;height:40px !important;background-image:url('data:image\/svg+xml;base64,PHN2ZyB4bWxucz0iaHR0cDovL3d3dy53My5vcmcvMjAwMC9zdmciIHZpZXdCb3g9IjAgMCAxOTAgMTkwIiBzdHlsZT0iZmlsbDogI2U2MzMxMiAhaW1wb3J0YW50OyBjb2xvcjogI2U2MzMxMiAhaW1wb3J0YW50Ij48cG9seWdvbiBwb2ludHM9IjE3My44LDI4LjQgNjAuNCwxNDEuOCAxNS43LDk3LjIgNS4xLDEwNy44IDYwLjQsMTYzIDE4NC40LDM5IDE3My44LDI4LjQiIGZpbGw9IiNlNjMzMTIiIHN0cm9rZT0iI2U2MzMxMiIgc3R5bGU9ImZpbGw6IHJnYigyMzAsIDUxLCAxOCk7IHN0cm9rZTogcmdiKDIzMCwgNTEsIDE4KTsiLz48L3N2Zz4=')}.ugb-3bfbec6.ugb-icon-list ul{columns:1}<\/style><div class=\"ugb-inner-block\"><div class=\"ugb-block-content\"><ul><li><a href=\"https:\/\/aivie.ch\/leadgenerierung-ueber-die-webseite\/\">Liidien luominen verkkosivuston kautta<\/a><\/li><li><a href=\"https:\/\/aivie.ch\/marketingprozesse-optimieren\/\">Automatisoi markkinointiprosessit<\/a><\/li><li><span style=\"text-indent: calc(var(--icon-size, 20px)*-1 - 1em);\"><a href=\"https:\/\/aivie.ch\/personalisierte-e-mails\/\">Henkil\u00f6kohtaiset s\u00e4hk\u00f6postit<\/a><\/span><\/li><li><a href=\"https:\/\/aivie.ch\/lead-management-crm\/\">Lead management CRM<\/a><\/li><li><a href=\"https:\/\/aivie.ch\/marketing-reporting\/\">Markkinointiraportointi<\/a><\/li><\/ul><\/div><\/div><\/div>\n<\/div><\/div><\/div><\/div><\/div>\n<\/div><\/div><\/div><\/div>\n\n<div class=\"wp-block-stackable-columns alignfull stk-block-columns stk-block stk-80883a5 stk-block-background\" data-block-id=\"80883a5\"><style>.stk-80883a5 {background-color:#cfe7e1 !important;padding-top:80px !important;padding-bottom:80px !important;margin-top:0px !important;margin-bottom:0px !important;}.stk-80883a5:before{background-color:#cfe7e1 !important;}.stk-80883a5-column{--stk-column-gap:40px !important;}<\/style><div class=\"stk-row stk-inner-blocks stk-block-content stk-content-align stk-80883a5-column\">\n<div class=\"wp-block-stackable-column stk-block-column stk-column stk-block stk-a84d2af\" data-v=\"4\" data-block-id=\"a84d2af\"><div class=\"stk-column-wrapper stk-block-column__content stk-container stk-a84d2af-container stk--no-background stk--no-padding\"><div class=\"stk-block-content stk-inner-blocks stk-a84d2af-inner-blocks\">\n<h2 class=\"wp-block-heading\" id=\"h-aller-anfang-ist-leicht\">Kaikki alut ovat helppoja.<\/h2>\n\n\n\n<p>Olitpa sitten markkinointip\u00e4\u00e4llikk\u00f6, CMO, teknologiajohtaja, toimitusjohtaja, perustaja tai vain utelias: keskustelemme yksil\u00f6llisest\u00e4 tapauksestasi 30 minuutin online-tapaamisessa.  <\/p>\n\n\n\n<p>Vertailukelpoisen asiakastapauksen avulla n\u00e4yt\u00e4mme sinulle, miten markkinoinnin automaatiota voidaan soveltaa yrityksess\u00e4si.  <\/p>\n\n\n\n<p>Tapaaminen on maksuton.<\/p>\n<\/div><\/div><\/div>\n\n\n\n<div class=\"wp-block-stackable-column stk-block-column stk-column stk-block stk-78cc069\" data-v=\"4\" data-block-id=\"78cc069\"><div class=\"stk-column-wrapper stk-block-column__content stk-container stk-78cc069-container stk--no-background stk--no-padding\"><div class=\"stk-block-content stk-inner-blocks stk-78cc069-inner-blocks\">\n<div class=\"wp-block-stackable-heading stk-block-heading stk-block-heading--v2 stk-block stk-57881db\" id=\"span-style-color-283-e-4-c-class-ugb-highlight-erfahre-wie-dein-case-umgesetzt-werden-kann-span\" data-block-id=\"57881db\"><style>.stk-57881db {margin-bottom:40px !important;}<\/style><h2 class=\"stk-block-heading__text\"><span style=\"color: #283e4c;\" class=\"ugb-highlight\">Selvit\u00e4, miten asiasi voidaan toteuttaa<\/span><\/h2><\/div>\n\n\n<script type=\"text\/javascript\" src=\"https:\/\/m.aivie.ch\/form\/generate.js?id=36\"><\/script>\n<\/div><\/div><\/div>\n<\/div><\/div>\n","protected":false},"excerpt":{"rendered":"<p>Mautic Demo Mautic-demomme n\u00e4ytt\u00e4\u00e4 sinulle paremman version Mauticista. Olemme ottaneet Mauticin pohjaksi ja rakentaneet Aivien sen p\u00e4\u00e4lle, jotta markkinoinnin automaatio olisi entist\u00e4kin parempaa. Pyyd\u00e4 demo-oikeutta Ohjattu Mautic-demo Markkinoinnin automaation mahdollisuudet ovat laajat ja monipuoliset. Siksi suosittelemme, ett\u00e4 osallistut ohjattuun Mautic-demoon. T\u00e4m\u00e4 on nopein tapa ymm\u00e4rt\u00e4\u00e4, mit\u00e4 kaikkea on mahdollista, miten voit vied\u00e4 markkinointisi seuraavalle tasolle &hellip; <a href=\"https:\/\/aivie.ch\/fi\/mautic-demo\/\" class=\"more-link\">Jatka lukemista <span class=\"screen-reader-text\">Mautic Demo<\/span><\/a><\/p>\n","protected":false},"author":1,"featured_media":0,"parent":0,"menu_order":0,"comment_status":"closed","ping_status":"closed","template":"front-page.php","meta":{"_acf_changed":false,"footnotes":""},"class_list":["post-26310","page","type-page","status-publish","hentry"],"acf":[],"featured_image_urls_v2":{"full":"","thumbnail":"","medium":"","medium_large":"","large":"","post-thumbnail":"","aiv_480w":"","woocommerce_thumbnail":"","woocommerce_single":"","woocommerce_gallery_thumbnail":""},"post_excerpt_stackable_v2":"<p>Mautic DemoMautic-demomme n\u00e4ytt\u00e4\u00e4 sinulle paremman version Mauticista. Olemme ottaneet Mauticin pohjaksi ja rakentaneet Aivien sen p\u00e4\u00e4lle, jotta markkinoinnin automaatio olisi entist\u00e4kin parempaa. Pyyd\u00e4 demo-oikeutta Ohjattu Mautic-demo Markkinoinnin automaation mahdollisuudet ovat laajat ja monipuoliset. Siksi suosittelemme, ett\u00e4 osallistut ohjattuun Mautic-demoon. T\u00e4m\u00e4 on nopein tapa ymm\u00e4rt\u00e4\u00e4, mit\u00e4 kaikkea on mahdollista, miten voit vied\u00e4 markkinointisi seuraavalle tasolle ja onko Mautic sinulle oikea ty\u00f6kalu: Mautic Demo Webinaari Meill\u00e4 on viikoittaisia webinaareja, joissa esittelemme Mauticin ja n\u00e4yt\u00e4mme, mit\u00e4 sill\u00e4 voi tehd\u00e4. Osallistu webinaariin Demo asiantuntijan kanssa Videopuhelun aikana Mautic-asiantuntija opastaa sinua ty\u00f6kalun k\u00e4yt\u00f6ss\u00e4, ja voit esitt\u00e4\u00e4 kysymyksi\u00e4 sen toiminnasta ja toimintovalikoimasta. Varaa aika Mit\u00e4 Mautic-demomme\u2026<\/p>\n","category_list_v2":"","author_info_v2":{"name":"Adrian Schimpf","url":"https:\/\/aivie.ch\/fi\/author\/adrian\/"},"comments_num_v2":"0 comments","_links":{"self":[{"href":"https:\/\/aivie.ch\/fi\/wp-json\/wp\/v2\/pages\/26310","targetHints":{"allow":["GET"]}}],"collection":[{"href":"https:\/\/aivie.ch\/fi\/wp-json\/wp\/v2\/pages"}],"about":[{"href":"https:\/\/aivie.ch\/fi\/wp-json\/wp\/v2\/types\/page"}],"author":[{"embeddable":true,"href":"https:\/\/aivie.ch\/fi\/wp-json\/wp\/v2\/users\/1"}],"replies":[{"embeddable":true,"href":"https:\/\/aivie.ch\/fi\/wp-json\/wp\/v2\/comments?post=26310"}],"version-history":[{"count":1,"href":"https:\/\/aivie.ch\/fi\/wp-json\/wp\/v2\/pages\/26310\/revisions"}],"predecessor-version":[{"id":26313,"href":"https:\/\/aivie.ch\/fi\/wp-json\/wp\/v2\/pages\/26310\/revisions\/26313"}],"wp:attachment":[{"href":"https:\/\/aivie.ch\/fi\/wp-json\/wp\/v2\/media?parent=26310"}],"curies":[{"name":"wp","href":"https:\/\/api.w.org\/{rel}","templated":true}]}}