{"id":26288,"date":"2026-01-11T14:12:24","date_gmt":"2026-01-11T12:12:24","guid":{"rendered":"https:\/\/aivie.ch\/voita-tyoepaja-viinin-kanssa\/"},"modified":"2026-01-11T14:12:41","modified_gmt":"2026-01-11T12:12:41","slug":"voita-tyoepaja-viinin-kanssa","status":"publish","type":"page","link":"https:\/\/aivie.ch\/fi\/voita-tyoepaja-viinin-kanssa\/","title":{"rendered":"Voita ty\u00f6paja viinin kanssa"},"content":{"rendered":"\n<div class=\"alignfull wp-block-ugb-columns ugb-columns ugb-f174274 ugb-columns--design-plain ugb-columns--columns-2 ugb-main-block ugb-main-block--inner-center ugb--has-block-background ugb--has-background-overlay\"><style>.ugb-f174274 > .ugb-inner-block > .ugb-block-content > .ugb-columns__item{grid-template-columns:0.88fr 1.12fr !important}.ugb-f174274.ugb-columns{background-image:url(https:\/\/cdn.aivie.ch\/media\/wp\/2021\/06\/19131702\/pattern-company-960w.png);background-position:top left;background-repeat:no-repeat;background-size:47% !important}.ugb-f174274.ugb-columns:before{opacity:0.5}<\/style><div class=\"ugb-inner-block ugb-inner-block--center\"><div class=\"ugb-block-content\"><div class=\"ugb-columns__item ugb-f174274-content-wrapper\">\n<div class=\"wp-block-ugb-column ugb-column ugb-3b6a10a ugb-column--design-plain ugb-main-block\"><div class=\"ugb-inner-block\"><div class=\"ugb-block-content\"><div class=\"ugb-column__item ugb-3b6a10a-column-wrapper\"><div class=\"ugb-column__content-wrapper\">\n<figure class=\"wp-block-image size-full\"><img loading=\"lazy\" decoding=\"async\" width=\"960\" height=\"540\" src=\"https:\/\/cdn.aivie.ch\/media\/wp\/2022\/03\/24093525\/Aivie_Workshop-Value-Vino_Funnel-Weinbegleitung-1.jpg\" alt=\"\" class=\"wp-image-6046\" title=\"\" srcset=\"https:\/\/cdn.aivie.ch\/media\/wp\/2022\/03\/24093525\/Aivie_Workshop-Value-Vino_Funnel-Weinbegleitung-1.jpg 960w, https:\/\/cdn.aivie.ch\/media\/wp\/2022\/03\/24093525\/Aivie_Workshop-Value-Vino_Funnel-Weinbegleitung-1-768x432.jpg 768w, https:\/\/cdn.aivie.ch\/media\/wp\/2022\/03\/24093525\/Aivie_Workshop-Value-Vino_Funnel-Weinbegleitung-1-480x270.jpg 480w, https:\/\/cdn.aivie.ch\/media\/wp\/2022\/03\/24093525\/Aivie_Workshop-Value-Vino_Funnel-Weinbegleitung-1-600x338.jpg 600w\" sizes=\"auto, (max-width: 960px) 100vw, 960px\" \/><\/figure>\n<\/div><\/div><\/div><\/div><\/div>\n\n\n\n<div class=\"wp-block-ugb-column ugb-column ugb-e4b2525 ugb-column--design-plain ugb-main-block\"><style>@media screen and (min-width:768px){.ugb-e4b2525 > .ugb-inner-block > .ugb-block-content > *{justify-content:center}}.ugb-e4b2525 > .ugb-inner-block > .ugb-block-content > *{justify-content:center !important}@media screen and (min-width:768px){.ugb-e4b2525 > .ugb-inner-block > .ugb-block-content > *{padding-top:20px !important;padding-bottom:20px !important;padding-right:20px !important;padding-left:20px !important}}<\/style><div class=\"ugb-inner-block\"><div class=\"ugb-block-content\"><div class=\"ugb-column__item ugb-e4b2525-column-wrapper\"><div class=\"ugb-column__content-wrapper\">\n<div class=\"wp-block-ugb-heading ugb-heading ugb-e1026e4 ugb-main-block\"><div class=\"ugb-inner-block\"><div class=\"ugb-block-content\"><h2 class=\"ugb-heading__title\">Arvo &amp; Vino  <\/h2><p class=\"ugb-heading__subtitle\">Onnistunut suppilo on kuin hyv\u00e4 viinin seuralainen. Kevyest\u00e4 alusta t\u00e4ytel\u00e4iseen lopputulokseen. K\u00e4yt\u00e4mme t\u00e4t\u00e4 analogiaa ty\u00f6pajassa.    <br\/><br\/>Kehit\u00e4mme yhdess\u00e4 tiimisi kanssa markkinointisuppilon kolmessa tunnissa Marketing Automation Canvas -ohjelman avulla. Jotta teoria ei j\u00e4isi kuivaksi, maistelemme kolmea viini\u00e4, jotka vastaavat suppilon vaiheita.   <\/p><\/div><\/div><\/div>\n\n\n\n<div class=\"aligncenter wp-block-ugb-container ugb-container ugb-f74cc05 ugb-container--v2 ugb-container--design-basic ugb-main-block\"><style>.ugb-f74cc05-wrapper.ugb-container__wrapper{background-color:#283e4c !important}.ugb-f74cc05-wrapper.ugb-container__wrapper:before{background-color:#283e4c !important}.ugb-f74cc05-content-wrapper > h1,.ugb-f74cc05-content-wrapper > h2,.ugb-f74cc05-content-wrapper > h3,.ugb-f74cc05-content-wrapper > h4,.ugb-f74cc05-content-wrapper > h5,.ugb-f74cc05-content-wrapper > h6{color:#ffffff}.ugb-f74cc05-content-wrapper > p,.ugb-f74cc05-content-wrapper > ol li,.ugb-f74cc05-content-wrapper > ul li{color:#ffffff}<\/style><div class=\"ugb-inner-block\"><div class=\"ugb-block-content\"><div class=\"ugb-container__wrapper ugb-f74cc05-wrapper\"><div class=\"ugb-container__side\"><div class=\"ugb-container__content-wrapper ugb-f74cc05-content-wrapper\">\n<div class=\"alignfull wp-block-ugb-icon-list ugb-icon-list ugb-c71e24a ugb-icon-list--v2 ugb-main-block ugb-main-block--inner-center ugb--has-block-background\"><style>.ugb-c71e24a li{color:#ffffff;--icon-size:8px !important}.ugb-c71e24a li::before{width:8px !important;height:8px !important;background-image:url('data:image\/svg+xml;base64,PHN2ZyBkYXRhLXByZWZpeD0iZmFzIiBkYXRhLWljb249ImNpcmNsZSIgY2xhc3M9InN2Zy1pbmxpbmUtLWZhIGZhLWNpcmNsZSBmYS13LTE2IiByb2xlPSJpbWciIHhtbG5zPSJodHRwOi8vd3d3LnczLm9yZy8yMDAwL3N2ZyIgdmlld0JveD0iMCAwIDUxMiA1MTIiIHN0eWxlPSJmaWxsOiAjZTYzMzEyICFpbXBvcnRhbnQ7IGNvbG9yOiAjZTYzMzEyICFpbXBvcnRhbnQiPjxwYXRoIGZpbGw9IiNlNjMzMTIiIGQ9Ik0yNTYgOEMxMTkgOCA4IDExOSA4IDI1NnMxMTEgMjQ4IDI0OCAyNDggMjQ4LTExMSAyNDgtMjQ4UzM5MyA4IDI1NiA4eiIgc3Ryb2tlPSIjZTYzMzEyIiBzdHlsZT0iZmlsbDogcmdiKDIzMCwgNTEsIDE4KTsgc3Ryb2tlOiByZ2IoMjMwLCA1MSwgMTgpOyIvPjwvc3ZnPg==')}.ugb-c71e24a.ugb-icon-list ul{columns:1}.ugb-c71e24a.ugb-icon-list{background-color:#283e4c}.ugb-c71e24a{padding:0 !important}.ugb-c71e24a.ugb-icon-list:before{background-color:#283e4c}.ugb-c71e24a .ugb-block-title{color:#ffffff;text-align:left}<\/style><div class=\"ugb-inner-block ugb-inner-block--center\"><h3 class=\"ugb-block-title\">Mit\u00e4 sin\u00e4 ja tiimisi saatte kokea ty\u00f6pajassa?<\/h3><div class=\"ugb-block-content\"><ul><li>Johdonmukaisen suppilon rakentaminen<\/li><li>oikean viinin kanssa jokaiseen vaiheeseen<\/li><li>ja markkinoinnin automaation kanvaasi<\/li><\/ul><\/div><\/div><\/div>\n<\/div><\/div><\/div><\/div><\/div><\/div>\n<\/div><\/div><\/div><\/div><\/div>\n<\/div><\/div><\/div><\/div>\n\n<div class=\"alignfull wp-block-ugb-columns ugb-columns aiv-col-2 ugb-1c9b479 ugb-columns--design-plain ugb-columns--columns-2 ugb-main-block ugb-main-block--inner-center ugb--has-block-background\"><style>.ugb-1c9b479-content-wrapper{grid-column-gap:60px !important}.ugb-1c9b479.ugb-columns{background-color:#cfe7e1}.ugb-1c9b479.ugb-columns:before{background-color:#cfe7e1}<\/style><div class=\"ugb-inner-block ugb-inner-block--center\"><div class=\"ugb-block-content\"><div class=\"ugb-columns__item ugb-1c9b479-content-wrapper\">\n<div class=\"wp-block-ugb-column ugb-column ugb-20fa9e9 ugb-column--design-plain ugb-main-block\"><div class=\"ugb-inner-block\"><div class=\"ugb-block-content\"><div class=\"ugb-column__item ugb-20fa9e9-column-wrapper\"><div class=\"ugb-column__content-wrapper\">\n<div class=\"wp-block-ugb-heading ugb-heading ugb-6aa6b0d ugb-main-block\"><style>.ugb-6aa6b0d .ugb-heading__title{color:#e63312}<\/style><div class=\"ugb-inner-block\"><div class=\"ugb-block-content\"><h2 class=\"ugb-heading__title\">Voita ilmainen Value &amp; Vino -ty\u00f6paja<\/h2><p class=\"ugb-heading__subtitle\">Palkintoarvonta suoritetaan maanantaina 28. maaliskuuta seuraavasti: osallistuja, jolla on suurin alkuluku, voittaa kaikkien osallistujien kesken. Oikeussuojakeinot on suljettu pois.   <\/p><\/div><\/div><\/div>\n<\/div><\/div><\/div><\/div><\/div>\n\n\n\n<div class=\"wp-block-ugb-column ugb-column ugb-0abfd3f ugb-column--design-plain ugb-main-block\" id=\"join\"><div class=\"ugb-inner-block\"><div class=\"ugb-block-content\"><div class=\"ugb-column__item ugb-0abfd3f-column-wrapper\"><div class=\"ugb-column__content-wrapper\">\n<div class=\"wp-block-ugb-heading ugb-heading ugb-2acaf7e ugb-main-block\"><style>.ugb-2acaf7e .ugb-heading__title{color:#283e4c}<\/style><div class=\"ugb-inner-block\"><div class=\"ugb-block-content\"><h2 class=\"ugb-heading__title\"><span style=\"color: #283e4c;\" class=\"ugb-highlight\">Osallistu arvontaan<\/span><\/h2><\/div><\/div><\/div>\n\n\n<script type=\"text\/javascript\" src=\"https:\/\/m.aivie.ch\/form\/generate.js?id=67\"><\/script>\n<\/div><\/div><\/div><\/div><\/div>\n<\/div><\/div><\/div><\/div>\n","protected":false},"excerpt":{"rendered":"<p>Arvo &amp; Vino Onnistunut suppilo on kuin hyv\u00e4 viinin seuralainen. Kevyest\u00e4 alusta t\u00e4ytel\u00e4iseen lopputulokseen. K\u00e4yt\u00e4mme t\u00e4t\u00e4 analogiaa ty\u00f6pajassa. Kehit\u00e4mme yhdess\u00e4 tiimisi kanssa markkinointisuppilon kolmessa tunnissa Marketing Automation Canvas -ohjelman avulla. Jotta teoria ei j\u00e4isi kuivaksi, maistelemme kolmea viini\u00e4, jotka vastaavat suppilon vaiheita. Mit\u00e4 sin\u00e4 ja tiimisi saatte kokea ty\u00f6pajassa? Johdonmukaisen suppilon rakentaminen oikean viinin kanssa &hellip; <a href=\"https:\/\/aivie.ch\/fi\/voita-tyoepaja-viinin-kanssa\/\" class=\"more-link\">Jatka lukemista <span class=\"screen-reader-text\">Voita ty\u00f6paja viinin kanssa<\/span><\/a><\/p>\n","protected":false},"author":1,"featured_media":0,"parent":0,"menu_order":0,"comment_status":"closed","ping_status":"closed","template":"","meta":{"_acf_changed":false,"footnotes":""},"class_list":["post-26288","page","type-page","status-publish","hentry"],"acf":[],"featured_image_urls_v2":{"full":"","thumbnail":"","medium":"","medium_large":"","large":"","post-thumbnail":"","aiv_480w":"","woocommerce_thumbnail":"","woocommerce_single":"","woocommerce_gallery_thumbnail":""},"post_excerpt_stackable_v2":"<p>Arvo &amp; Vino Onnistunut suppilo on kuin hyv\u00e4 viinin seuralainen. Kevyest\u00e4 alusta t\u00e4ytel\u00e4iseen lopputulokseen. K\u00e4yt\u00e4mme t\u00e4t\u00e4 analogiaa ty\u00f6pajassa. Kehit\u00e4mme yhdess\u00e4 tiimisi kanssa markkinointisuppilon kolmessa tunnissa Marketing Automation Canvas -ohjelman avulla. Jotta teoria ei j\u00e4isi kuivaksi, maistelemme kolmea viini\u00e4, jotka vastaavat suppilon vaiheita. Mit\u00e4 sin\u00e4 ja tiimisi saatte kokea ty\u00f6pajassa?Johdonmukaisen suppilon rakentaminenoikean viinin kanssa jokaiseen vaiheeseenja markkinoinnin automaation kanvaasi Voita ilmainen Value &amp; Vino -ty\u00f6pajaPalkintoarvonta suoritetaan maanantaina 28. maaliskuuta seuraavasti: osallistuja, jolla on suurin alkuluku, voittaa kaikkien osallistujien kesken. Oikeussuojakeinot on suljettu pois. Osallistu arvontaan<\/p>\n","category_list_v2":"","author_info_v2":{"name":"Adrian Schimpf","url":"https:\/\/aivie.ch\/fi\/author\/adrian\/"},"comments_num_v2":"0 comments","_links":{"self":[{"href":"https:\/\/aivie.ch\/fi\/wp-json\/wp\/v2\/pages\/26288","targetHints":{"allow":["GET"]}}],"collection":[{"href":"https:\/\/aivie.ch\/fi\/wp-json\/wp\/v2\/pages"}],"about":[{"href":"https:\/\/aivie.ch\/fi\/wp-json\/wp\/v2\/types\/page"}],"author":[{"embeddable":true,"href":"https:\/\/aivie.ch\/fi\/wp-json\/wp\/v2\/users\/1"}],"replies":[{"embeddable":true,"href":"https:\/\/aivie.ch\/fi\/wp-json\/wp\/v2\/comments?post=26288"}],"version-history":[{"count":1,"href":"https:\/\/aivie.ch\/fi\/wp-json\/wp\/v2\/pages\/26288\/revisions"}],"predecessor-version":[{"id":26295,"href":"https:\/\/aivie.ch\/fi\/wp-json\/wp\/v2\/pages\/26288\/revisions\/26295"}],"wp:attachment":[{"href":"https:\/\/aivie.ch\/fi\/wp-json\/wp\/v2\/media?parent=26288"}],"curies":[{"name":"wp","href":"https:\/\/api.w.org\/{rel}","templated":true}]}}