{"id":26260,"date":"2026-01-11T14:11:59","date_gmt":"2026-01-11T12:11:59","guid":{"rendered":"https:\/\/aivie.ch\/vahvistussaehkoeposti\/"},"modified":"2026-01-11T14:12:21","modified_gmt":"2026-01-11T12:12:21","slug":"vahvistussaehkoeposti","status":"publish","type":"page","link":"https:\/\/aivie.ch\/fi\/vahvistussaehkoeposti\/","title":{"rendered":"Vahvistuss\u00e4hk\u00f6posti"},"content":{"rendered":"\n<div class=\"alignfull wp-block-ugb-container ugb-container ugb-d2af22f ugb-container--v2 ugb-container--design-plain ugb-main-block ugb-main-block--inner-center ugb--has-block-background ugb--has-background-overlay\"><style>.ugb-d2af22f.ugb-container{background-image:url(https:\/\/cdn.aivie.ch\/media\/wp\/2021\/06\/19131703\/pattern-u-960w.png);background-position:bottom right;background-repeat:no-repeat;background-size:40% !important}.ugb-d2af22f.ugb-container:before{opacity:0.5}@media screen and (min-width:768px){.ugb-d2af22f-content-wrapper.ugb-container__content-wrapper{width:90% !important}.ugb-d2af22f.ugb-container{margin-top:0px !important;padding-top:0px !important;padding-right:35px !important;padding-left:35px !important}}<\/style><div class=\"ugb-inner-block ugb-inner-block--center\"><div class=\"ugb-block-content\"><div class=\"ugb-container__wrapper ugb-d2af22f-wrapper\"><div class=\"ugb-container__side\"><div class=\"ugb-container__content-wrapper ugb-d2af22f-content-wrapper\">\n<div class=\"wp-block-ugb-heading ugb-heading ugb-5431ba5 ugb-main-block\"><style>.ugb-5431ba5 .ugb-heading__title{text-align:center}.ugb-5431ba5 .ugb-inner-block{text-align:center}<\/style><div class=\"ugb-inner-block\"><div class=\"ugb-block-content\"><h1 class=\"ugb-heading__title\">Kiitos! Pid\u00e4mme mielell\u00e4mme yhteytt\u00e4 <\/h1><p class=\"ugb-heading__subtitle\">T\u00e4st\u00e4 l\u00e4htien kirjoitamme sinulle aika ajoin sen mukaan, mist\u00e4 olet kiinnostunut.<br\/><br\/><a href=\"https:\/\/aivie.ch\/fi\/ota-yhteyttae\/\">Kirjoita meille aina , kun sinulla on kysymyksi\u00e4 tai huolenaiheita .<\/a><\/p><\/div><\/div><\/div>\n<\/div><\/div><\/div><\/div><\/div><\/div>\n\n<div class=\"aligncenter wp-block-ugb-blog-posts ugb-blog-posts ugb-956f7f2 ugb-blog-posts--v2 ugb-blog-posts--design-list ugb-blog-posts--columns-1 ugb-main-block\"><style>.ugb-956f7f2 .ugb-blog-posts__featured-image{border-radius:0px !important}.ugb-956f7f2 .ugb-block-title{text-align:center}<\/style><div class=\"ugb-inner-block\"><h2 class=\"ugb-block-title\">Lis\u00e4\u00e4 markkinoinnin automaatiosta<\/h2><div class=\"ugb-block-content\"><article class=\"ugb-blog-posts__item\"><figure class=\"ugb-blog-posts__featured-image\"><a href=\"https:\/\/aivie.ch\/fi\/useita-tuhansia-frangeja-liikevaihtoa-nykyisten-hotellivieraiden-kanssa-marketing-automation-case\/\"><img loading=\"lazy\" decoding=\"async\" width=\"990\" height=\"660\" src=\"https:\/\/cdn.aivie.ch\/media\/wp\/2024\/09\/10140056\/balcony-at-hotel-riva-rooms-studios.jpg\" class=\"attachment-large size-large wp-post-image\" alt=\"Parveke hotellissa riva rooms studios\" title=\"\"><\/a><\/figure><div class=\"ugb-blog-posts__content\"><h3 class=\"ugb-blog-posts__title\"><a href=\"https:\/\/aivie.ch\/fi\/useita-tuhansia-frangeja-liikevaihtoa-nykyisten-hotellivieraiden-kanssa-marketing-automation-case\/\">Useita tuhansia frangeja liikevaihtoa nykyisten hotellivieraiden kanssa \u2013 Marketing Automation Case<\/a><\/h3><div class=\"ugb-blog-posts__excerpt\"><p>Asiakkaamme Riva Rooms &amp; Studios on automatisoitu \u00e4lyk\u00e4s hotelli Locarnossa. Aivien avulla he pystyv\u00e4t nyt my\u00f6s houkuttelemaan vieraita ajoissa. Ottamalla onnistuneesti k\u00e4ytt\u00f6\u00f6n automatisoidun uutiskirjekampanjan he ovat jo saaneet useiden tuhansien frangien arvoisia varauksia nykyisilt\u00e4 asiakkailta. T\u00e4m\u00e4 siit\u00e4kin huolimatta, ett\u00e4 vuosi 2024 on Ticinossa hyvin vaikea vuosi. Aivie osoitti arvonsa my\u00f6s silloin, kun myrskyt johtivat moniin&#8230;<\/div><p class=\"ugb-blog-posts__readmore\"><a href=\"https:\/\/aivie.ch\/fi\/useita-tuhansia-frangeja-liikevaihtoa-nykyisten-hotellivieraiden-kanssa-marketing-automation-case\/\">Lue lis\u00e4\u00e4<\/a><\/p><\/div><\/article><article class=\"ugb-blog-posts__item\"><figure class=\"ugb-blog-posts__featured-image\"><a href=\"https:\/\/aivie.ch\/fi\/ferris-labs-on-kaksinkertaistanut-yhteystietonsa-marketing-automation-case\/\"><img loading=\"lazy\" decoding=\"async\" width=\"990\" height=\"660\" src=\"https:\/\/cdn.aivie.ch\/media\/wp\/2023\/09\/08101227\/Customer-Case-Ferris-Labs.png\" class=\"attachment-large size-large wp-post-image\" alt=\"\" title=\"\"><\/a><\/figure><div class=\"ugb-blog-posts__content\"><h3 class=\"ugb-blog-posts__title\"><a href=\"https:\/\/aivie.ch\/fi\/ferris-labs-on-kaksinkertaistanut-yhteystietonsa-marketing-automation-case\/\">Ferris Labs on kaksinkertaistanut yhteystietonsa \u2013 Marketing Automation Case<\/a><\/h3><div class=\"ugb-blog-posts__excerpt\"><p>Asiakkaamme Ferris AI on innovatiivinen ohjelmistosuunnitteluyritys, jonka tavoitteena on mullistaa kehitystiimien ty\u00f6skentelytapa. Aivie on tukenut startup-yritys Ferris AI:ta markkinoinnin automaatioty\u00f6kalulla ja kasvumarkkinointipalveluilla. Sis\u00e4llysluetteloMik\u00e4 on ollut onnistumisen tunne Aivien kanssa?Mit\u00e4 Ferris AI tekee?Millainen oli ensimm\u00e4inen kokemus?Mik\u00e4 yll\u00e4tti sinut?Mit\u00e4 muuta toivot?Kenelle\/miksi suosittelisit Aivieta?P\u00e4\u00e4tit k\u00e4ytt\u00e4\u00e4 Aivien kasvupalveluja kehitt\u00e4\u00e4ksesi liiketoimintaasi jatkuvasti. Miten t\u00e4h\u00e4n p\u00e4\u00e4dyttiin ja millaisia kokemuksia sait? &#8221;Olemme&#8230;<\/div><p class=\"ugb-blog-posts__readmore\"><a href=\"https:\/\/aivie.ch\/fi\/ferris-labs-on-kaksinkertaistanut-yhteystietonsa-marketing-automation-case\/\">Lue lis\u00e4\u00e4<\/a><\/p><\/div><\/article><article class=\"ugb-blog-posts__item\"><figure class=\"ugb-blog-posts__featured-image\"><a href=\"https:\/\/aivie.ch\/fi\/laehetae-automaattisesti-tulostettuja-postituksia-kampanjoista\/\"><img loading=\"lazy\" decoding=\"async\" width=\"990\" height=\"660\" src=\"https:\/\/cdn.aivie.ch\/media\/wp\/2021\/10\/19131500\/AivieDeutschePost_BeitragsBild.jpeg\" class=\"attachment-large size-large wp-post-image\" alt=\"Cover Deutsche Postin tulostuspostitus Aivien avulla\" title=\"\"><\/a><\/figure><div class=\"ugb-blog-posts__content\"><h3 class=\"ugb-blog-posts__title\"><a href=\"https:\/\/aivie.ch\/fi\/laehetae-automaattisesti-tulostettuja-postituksia-kampanjoista\/\">L\u00e4het\u00e4 automaattisesti tulostettuja postituksia kampanjoista<\/a><\/h3><div class=\"ugb-blog-posts__excerpt\"><p>Haluaisitko my\u00f6s sis\u00e4llytt\u00e4\u00e4 painotuotteita kampanjoihisi? Se ei ole ongelma. Deutsche Postin ja Aivien painetun postituksen lis\u00e4osan avulla voit l\u00e4hett\u00e4\u00e4 postikortteja ja painettuja postituksia automaattisesti kampanjoista. Olemme yksinkertaistaneet asennusta ja soveltamista puolestasi. Tulostuspostitusautomatiikka integroi painetun materiaalin suoraan kampanjoihisi. Kampanjasi k\u00e4ynnist\u00e4v\u00e4t sitten automaattisesti yksitt\u00e4iset postitukset yhteystietojesi vastaanottajille. T\u00e4ss\u00e4 kerromme vaihe vaiheelta, miten voit k\u00e4ytt\u00e4\u00e4 Aivieta automatisoitujen ja&#8230;<\/div><p class=\"ugb-blog-posts__readmore\"><a href=\"https:\/\/aivie.ch\/fi\/laehetae-automaattisesti-tulostettuja-postituksia-kampanjoista\/\">Lue lis\u00e4\u00e4<\/a><\/p><\/div><\/article><article class=\"ugb-blog-posts__item\"><figure class=\"ugb-blog-posts__featured-image\"><a href=\"https:\/\/aivie.ch\/fi\/5-syytae-miksi-markkinoinnin-automatisointi-kannattaa-aloittaa\/\"><img loading=\"lazy\" decoding=\"async\" width=\"990\" height=\"660\" src=\"https:\/\/cdn.aivie.ch\/media\/wp\/2020\/12\/19131552\/marketing-automation-builds-trust-in-a-process-1920w.webp\" class=\"attachment-large size-large wp-post-image\" alt=\"markkinoinnin automaatio rakentaa luottamusta on prosessi\" title=\"\"><\/a><\/figure><div class=\"ugb-blog-posts__content\"><h3 class=\"ugb-blog-posts__title\"><a href=\"https:\/\/aivie.ch\/fi\/5-syytae-miksi-markkinoinnin-automatisointi-kannattaa-aloittaa\/\">5 syyt\u00e4, miksi markkinoinnin automatisointi kannattaa aloittaa.<\/a><\/h3><div class=\"ugb-blog-posts__excerpt\"><p>Markkinointip\u00e4\u00e4llik\u00f6n tai CMO:n ty\u00f6 edellytt\u00e4\u00e4 eri kanavien, viestien ja jopa kohderyhmien kanssa jongleeraamista. Ilman tietynasteista automaatiota on vaikea pit\u00e4\u00e4 kokonaiskuvaa kaikesta viestinn\u00e4st\u00e4 ja toiminnasta. Monet yritykset uskaltautuvat nyt markkinoinnin automatisointiin \u2013 eik\u00e4 v\u00e4hiten siksi, ett\u00e4 ty\u00f6kaluja on k\u00e4ytetty menestyksekk\u00e4\u00e4sti jo jonkin aikaa ja ne tuottavat korkean ROI:n. Kun markkinoinnin automatisointi on asetettu oikein, se voi&#8230;<\/div><p class=\"ugb-blog-posts__readmore\"><a href=\"https:\/\/aivie.ch\/fi\/5-syytae-miksi-markkinoinnin-automatisointi-kannattaa-aloittaa\/\">Lue lis\u00e4\u00e4<\/a><\/p><\/div><\/article><article class=\"ugb-blog-posts__item\"><figure class=\"ugb-blog-posts__featured-image\"><a href=\"https:\/\/aivie.ch\/fi\/materiaalin-vaatimustenmukaisuuden-automatisointi-studer-cables-digitalisoi-toimittajaprosessit-tehokkaasti\/\"><img loading=\"lazy\" decoding=\"async\" width=\"990\" height=\"660\" src=\"https:\/\/cdn.aivie.ch\/media\/wp\/2026\/01\/28135655\/mood-form-material-compliance-automation-studer-cables.jpg\" class=\"attachment-large size-large wp-post-image\" alt=\"Lomake Materiaalin vaatimustenmukaisuus Automaatio Studer Cables\" title=\"\"><\/a><\/figure><div class=\"ugb-blog-posts__content\"><h3 class=\"ugb-blog-posts__title\"><a href=\"https:\/\/aivie.ch\/fi\/materiaalin-vaatimustenmukaisuuden-automatisointi-studer-cables-digitalisoi-toimittajaprosessit-tehokkaasti\/\">Materiaalin vaatimustenmukaisuuden automatisointi: Studer Cables digitalisoi toimittajaprosessit tehokkaasti.<\/a><\/h3><div class=\"ugb-blog-posts__excerpt\"><p>Materiaalin vaatimustenmukaisuus on v\u00e4ltt\u00e4m\u00e4t\u00f6nt\u00e4, mutta usein aikaa viev\u00e4\u00e4. Aivien avulla Studer Cables s\u00e4\u00e4st\u00e4\u00e4 vaatimustenmukaisuusprosessissa useita ty\u00f6p\u00e4ivi\u00e4 sykli\u00e4 kohden. Studer Cablesin haasteena oli tarkistaa s\u00e4\u00e4nn\u00f6llisesti ja ymm\u00e4rrett\u00e4v\u00e4sti satojen materiaalien, lukuisten toimittajien ja eri tuotteiden vaatimustenmukaisuus. Olemme optimoineet t\u00e4m\u00e4n onnistuneesti. Yhdess\u00e4 Aivien kanssa koko materiaalien vaatimustenmukaisuusprosessi digitalisoitiin ja automatisoitiin: toimittajakyselyist\u00e4 ja strukturoiduista raporteista kohdennettuun tuotekohtaiseen ja materiaalikohtaiseen&#8230;<\/div><p class=\"ugb-blog-posts__readmore\"><a href=\"https:\/\/aivie.ch\/fi\/materiaalin-vaatimustenmukaisuuden-automatisointi-studer-cables-digitalisoi-toimittajaprosessit-tehokkaasti\/\">Lue lis\u00e4\u00e4<\/a><\/p><\/div><\/article><article class=\"ugb-blog-posts__item\"><figure class=\"ugb-blog-posts__featured-image\"><a href=\"https:\/\/aivie.ch\/fi\/miten-verkkosivustosi-voittaa-automaattisesti-30-asiakasprojektia-aivien-avulla\/\"><img loading=\"lazy\" decoding=\"async\" width=\"990\" height=\"660\" src=\"https:\/\/cdn.aivie.ch\/media\/wp\/2021\/08\/19131550\/Aivie-Case_Falcone-Specialities_Webauftritt-mit-Marketing-Automation_Header.webp\" class=\"attachment-large size-large wp-post-image\" alt=\"Aivie Case_Falcone Specialities_verkkosivut markkinoinnin automaation avulla_otsikko\" title=\"\"><\/a><\/figure><div class=\"ugb-blog-posts__content\"><h3 class=\"ugb-blog-posts__title\"><a href=\"https:\/\/aivie.ch\/fi\/miten-verkkosivustosi-voittaa-automaattisesti-30-asiakasprojektia-aivien-avulla\/\">Miten verkkosivustosi voittaa automaattisesti 30 asiakasprojektia Aivien avulla<\/a><\/h3><div class=\"ugb-blog-posts__excerpt\"><p>Asiakkaamme Falcone Specialities on kansainv\u00e4linen elintarvikkeiden ainesosien ja kemiallisten erikoisvalmisteiden jakelija jalostusteollisuudelle. Yritys on toiminut jo 10 vuotta ja se on saanut mainetta laadukkailla raaka-aineilla. Projektin tuloksena saatiin uusi verkkosivusto markkinoinnin automaatiolla, joka kuvastaa yrityksen korkeita laatuvaatimuksia. Markkinoinnin automaation avulla potentiaali realisoituu digitaalisesti, liidit syntyv\u00e4t ja asiakkaat k\u00e4sitell\u00e4\u00e4n uuden verkkosivuston kautta. Tapaus lukuina MenestysJopa 30&#8230;<\/div><p class=\"ugb-blog-posts__readmore\"><a href=\"https:\/\/aivie.ch\/fi\/miten-verkkosivustosi-voittaa-automaattisesti-30-asiakasprojektia-aivien-avulla\/\">Lue lis\u00e4\u00e4<\/a><\/p><\/div><\/article><\/div><\/div><\/div>\n","protected":false},"excerpt":{"rendered":"<p>Kiitos! Pid\u00e4mme mielell\u00e4mme yhteytt\u00e4 T\u00e4st\u00e4 l\u00e4htien kirjoitamme sinulle aika ajoin sen mukaan, mist\u00e4 olet kiinnostunut. Kirjoita meille aina , kun sinulla on kysymyksi\u00e4 tai huolenaiheita . Lis\u00e4\u00e4 markkinoinnin automaatiosta Markkinoinnin automatisointi sosiaalisen median markkinoinnin avulla Haluaisitko ker\u00e4t\u00e4 onnistuneesti yhteystietoja Googlen ja sosiaalisen median kautta? Ja l\u00e4hesty\u00e4 heit\u00e4 sitten uudelleen, kun kanavasi on k\u00e4ytetty loppuun? Adhookin &hellip; <a href=\"https:\/\/aivie.ch\/fi\/vahvistussaehkoeposti\/\" class=\"more-link\">Jatka lukemista <span class=\"screen-reader-text\">Vahvistuss\u00e4hk\u00f6posti<\/span><\/a><\/p>\n","protected":false},"author":1,"featured_media":0,"parent":0,"menu_order":0,"comment_status":"closed","ping_status":"closed","template":"front-page.php","meta":{"_acf_changed":false,"footnotes":""},"class_list":["post-26260","page","type-page","status-publish","hentry"],"acf":[],"featured_image_urls_v2":{"full":"","thumbnail":"","medium":"","medium_large":"","large":"","post-thumbnail":"","aiv_480w":"","woocommerce_thumbnail":"","woocommerce_single":"","woocommerce_gallery_thumbnail":""},"post_excerpt_stackable_v2":"<p>Kiitos! Pid\u00e4mme mielell\u00e4mme yhteytt\u00e4 T\u00e4st\u00e4 l\u00e4htien kirjoitamme sinulle aika ajoin sen mukaan, mist\u00e4 olet kiinnostunut.Kirjoita meille aina , kun sinulla on kysymyksi\u00e4 tai huolenaiheita . Lis\u00e4\u00e4 markkinoinnin automaatiostaFerris Labs on kaksinkertaistanut yhteystietonsa \u2013 Marketing Automation CaseAsiakkaamme Ferris AI on innovatiivinen ohjelmistosuunnitteluyritys, jonka tavoitteena on mullistaa kehitystiimien ty\u00f6skentelytapa. Aivie on tukenut startup-yritys Ferris AI:ta markkinoinnin automaatioty\u00f6kalulla ja kasvumarkkinointipalveluilla. Sis\u00e4llysluetteloMik\u00e4 on ollut onnistumisen tunne Aivien kanssa?Mit\u00e4 Ferris AI tekee?Millainen oli ensimm\u00e4inen kokemus?Mik\u00e4 yll\u00e4tti sinut?Mit\u00e4 muuta toivot?Kenelle\/miksi suosittelisit Aivieta?P\u00e4\u00e4tit k\u00e4ytt\u00e4\u00e4 Aivien kasvupalveluja kehitt\u00e4\u00e4ksesi liiketoimintaasi jatkuvasti. Miten t\u00e4h\u00e4n p\u00e4\u00e4dyttiin ja millaisia kokemuksia sait? &#8221;Olemme&#8230;Lue lis\u00e4\u00e4Materiaalin vaatimustenmukaisuuden automatisointi: Studer Cables digitalisoi toimittajaprosessit tehokkaasti.Materiaalin vaatimustenmukaisuus on\u2026<\/p>\n","category_list_v2":"","author_info_v2":{"name":"Adrian Schimpf","url":"https:\/\/aivie.ch\/fi\/author\/adrian\/"},"comments_num_v2":"0 comments","_links":{"self":[{"href":"https:\/\/aivie.ch\/fi\/wp-json\/wp\/v2\/pages\/26260","targetHints":{"allow":["GET"]}}],"collection":[{"href":"https:\/\/aivie.ch\/fi\/wp-json\/wp\/v2\/pages"}],"about":[{"href":"https:\/\/aivie.ch\/fi\/wp-json\/wp\/v2\/types\/page"}],"author":[{"embeddable":true,"href":"https:\/\/aivie.ch\/fi\/wp-json\/wp\/v2\/users\/1"}],"replies":[{"embeddable":true,"href":"https:\/\/aivie.ch\/fi\/wp-json\/wp\/v2\/comments?post=26260"}],"version-history":[{"count":1,"href":"https:\/\/aivie.ch\/fi\/wp-json\/wp\/v2\/pages\/26260\/revisions"}],"predecessor-version":[{"id":26272,"href":"https:\/\/aivie.ch\/fi\/wp-json\/wp\/v2\/pages\/26260\/revisions\/26272"}],"wp:attachment":[{"href":"https:\/\/aivie.ch\/fi\/wp-json\/wp\/v2\/media?parent=26260"}],"curies":[{"name":"wp","href":"https:\/\/api.w.org\/{rel}","templated":true}]}}