{"id":26241,"date":"2026-01-11T14:11:56","date_gmt":"2026-01-11T12:11:56","guid":{"rendered":"https:\/\/aivie.ch\/aivie-e-mail-asetus-onnistui\/"},"modified":"2026-01-11T14:12:19","modified_gmt":"2026-01-11T12:12:19","slug":"aivie-e-mail-asetus-onnistui","status":"publish","type":"page","link":"https:\/\/aivie.ch\/fi\/aivie-e-mail-asetus-onnistui\/","title":{"rendered":"Aivie E-Mail-asetus onnistui"},"content":{"rendered":"\n<div class=\"alignfull wp-block-ugb-container ugb-container ugb-d2af22f ugb-container--v2 ugb-container--design-plain ugb-main-block ugb-main-block--inner-center ugb--has-block-background ugb--has-background-overlay\"><style>.ugb-d2af22f.ugb-container{background-image:url(https:\/\/cdn.aivie.ch\/media\/wp\/2021\/06\/19131703\/pattern-u-960w.png);background-position:bottom right;background-repeat:no-repeat;background-size:40% !important}.ugb-d2af22f.ugb-container:before{opacity:0.5}@media screen and (min-width:768px){.ugb-d2af22f-content-wrapper.ugb-container__content-wrapper{width:90% !important}.ugb-d2af22f.ugb-container{margin-top:0px !important;padding-top:0px !important;padding-right:35px !important;padding-left:35px !important}}<\/style><div class=\"ugb-inner-block ugb-inner-block--center\"><div class=\"ugb-block-content\"><div class=\"ugb-container__wrapper ugb-d2af22f-wrapper\"><div class=\"ugb-container__side\"><div class=\"ugb-container__content-wrapper ugb-d2af22f-content-wrapper\">\n<div class=\"wp-block-ugb-heading ugb-heading ugb-5431ba5 ugb-main-block\"><style>.ugb-5431ba5 .ugb-heading__title{text-align:center}.ugb-5431ba5 .ugb-inner-block{text-align:center}<\/style><div class=\"ugb-inner-block\"><div class=\"ugb-block-content\"><h1 class=\"ugb-heading__title\">S\u00e4hk\u00f6postiasetukset ovat toimineet! Viimeiseen vaiheeseen. <\/h1><p class=\"ugb-heading__subtitle\">S\u00e4hk\u00f6postiosoitteesi on vahvistettu onnistuneesti, ja Aivie voi nyt l\u00e4hett\u00e4\u00e4 s\u00e4hk\u00f6posteja l\u00e4hett\u00e4j\u00e4n kanssa. Viimeinen vaihe on henkil\u00f6kohtaisten s\u00e4hk\u00f6postimallien m\u00e4\u00e4ritt\u00e4minen, jotta viestint\u00e4si on aina sinun br\u00e4ndiisi sopivaa. <\/p><\/div><\/div><\/div>\n\n\n\n<div class=\"wp-block-stackable-button-group stk-block-button-group stk-block stk-a95e9e1\" data-block-id=\"a95e9e1\"><div class=\"stk-row stk-inner-blocks has-text-align-center stk-block-content stk-button-group\">\n<div class=\"wp-block-stackable-button stk-block-button has-text-align-center stk-block stk-c376476\" data-block-id=\"c376476\"><a class=\"stk-link stk-button stk--hover-effect-darken\" href=\"https:\/\/aivie.ch\/aivie-template-setup\/\"><span class=\"stk-button__inner-text\">Viimeinen asetusvaihe<\/span><\/a><\/div>\n<\/div><\/div>\n<\/div><\/div><\/div><\/div><\/div><\/div>\n","protected":false},"excerpt":{"rendered":"<p>S\u00e4hk\u00f6postiasetukset ovat toimineet! Viimeiseen vaiheeseen. S\u00e4hk\u00f6postiosoitteesi on vahvistettu onnistuneesti, ja Aivie voi nyt l\u00e4hett\u00e4\u00e4 s\u00e4hk\u00f6posteja l\u00e4hett\u00e4j\u00e4n kanssa. Viimeinen vaihe on henkil\u00f6kohtaisten s\u00e4hk\u00f6postimallien m\u00e4\u00e4ritt\u00e4minen, jotta viestint\u00e4si on aina sinun br\u00e4ndiisi sopivaa. Viimeinen asetusvaihe<\/p>\n","protected":false},"author":1,"featured_media":0,"parent":0,"menu_order":0,"comment_status":"closed","ping_status":"closed","template":"front-page.php","meta":{"_acf_changed":false,"footnotes":""},"class_list":["post-26241","page","type-page","status-publish","hentry"],"acf":[],"featured_image_urls_v2":{"full":"","thumbnail":"","medium":"","medium_large":"","large":"","post-thumbnail":"","aiv_480w":"","woocommerce_thumbnail":"","woocommerce_single":"","woocommerce_gallery_thumbnail":""},"post_excerpt_stackable_v2":"<p>S\u00e4hk\u00f6postiasetukset ovat toimineet! Viimeiseen vaiheeseen. S\u00e4hk\u00f6postiosoitteesi on vahvistettu onnistuneesti, ja Aivie voi nyt l\u00e4hett\u00e4\u00e4 s\u00e4hk\u00f6posteja l\u00e4hett\u00e4j\u00e4n kanssa. Viimeinen vaihe on henkil\u00f6kohtaisten s\u00e4hk\u00f6postimallien m\u00e4\u00e4ritt\u00e4minen, jotta viestint\u00e4si on aina sinun br\u00e4ndiisi sopivaa. Viimeinen asetusvaihe<\/p>\n","category_list_v2":"","author_info_v2":{"name":"Adrian Schimpf","url":"https:\/\/aivie.ch\/fi\/author\/adrian\/"},"comments_num_v2":"0 comments","_links":{"self":[{"href":"https:\/\/aivie.ch\/fi\/wp-json\/wp\/v2\/pages\/26241","targetHints":{"allow":["GET"]}}],"collection":[{"href":"https:\/\/aivie.ch\/fi\/wp-json\/wp\/v2\/pages"}],"about":[{"href":"https:\/\/aivie.ch\/fi\/wp-json\/wp\/v2\/types\/page"}],"author":[{"embeddable":true,"href":"https:\/\/aivie.ch\/fi\/wp-json\/wp\/v2\/users\/1"}],"replies":[{"embeddable":true,"href":"https:\/\/aivie.ch\/fi\/wp-json\/wp\/v2\/comments?post=26241"}],"version-history":[{"count":1,"href":"https:\/\/aivie.ch\/fi\/wp-json\/wp\/v2\/pages\/26241\/revisions"}],"predecessor-version":[{"id":26252,"href":"https:\/\/aivie.ch\/fi\/wp-json\/wp\/v2\/pages\/26241\/revisions\/26252"}],"wp:attachment":[{"href":"https:\/\/aivie.ch\/fi\/wp-json\/wp\/v2\/media?parent=26241"}],"curies":[{"name":"wp","href":"https:\/\/api.w.org\/{rel}","templated":true}]}}