{"id":26211,"date":"2026-01-11T14:11:40","date_gmt":"2026-01-11T12:11:40","guid":{"rendered":"https:\/\/aivie.ch\/webinaarin-tietosuoja\/"},"modified":"2026-01-11T14:11:42","modified_gmt":"2026-01-11T12:11:42","slug":"webinaarin-tietosuoja","status":"publish","type":"page","link":"https:\/\/aivie.ch\/fi\/webinaarin-tietosuoja\/","title":{"rendered":"Webinaarin tietosuoja"},"content":{"rendered":"\n<div class=\"alignfull wp-block-ugb-columns ugb-columns ugb-f174274 ugb-columns--design-plain ugb-columns--columns-2 ugb-main-block ugb-main-block--inner-center ugb--has-block-background ugb--has-background-overlay\"><style>.ugb-f174274 > .ugb-inner-block > .ugb-block-content > .ugb-columns__item{grid-template-columns:0.88fr 1.12fr !important}.ugb-f174274.ugb-columns{background-image:url(https:\/\/cdn.aivie.ch\/media\/wp\/2021\/06\/19131702\/pattern-company-960w.png);background-position:top left;background-repeat:no-repeat;background-size:47% !important}.ugb-f174274.ugb-columns:before{opacity:0.5}<\/style><div class=\"ugb-inner-block ugb-inner-block--center\"><div class=\"ugb-block-content\"><div class=\"ugb-columns__item ugb-f174274-content-wrapper\">\n<div class=\"wp-block-ugb-column ugb-column ugb-3b6a10a ugb-column--design-plain ugb-main-block\"><div class=\"ugb-inner-block\"><div class=\"ugb-block-content\"><div class=\"ugb-column__item ugb-3b6a10a-column-wrapper\"><div class=\"ugb-column__content-wrapper\">\n<figure class=\"wp-block-image size-full\"><img loading=\"lazy\" decoding=\"async\" width=\"1920\" height=\"1080\" src=\"https:\/\/cdn.aivie.ch\/media\/wp\/2023\/03\/07114839\/DatenschutzWebinar-revDSG.png\" alt=\"\" class=\"wp-image-13250\" title=\"\" srcset=\"https:\/\/cdn.aivie.ch\/media\/wp\/2023\/03\/07114839\/DatenschutzWebinar-revDSG.png 1920w, https:\/\/cdn.aivie.ch\/media\/wp\/2023\/03\/07114839\/DatenschutzWebinar-revDSG-960x540.png 960w, https:\/\/cdn.aivie.ch\/media\/wp\/2023\/03\/07114839\/DatenschutzWebinar-revDSG-768x432.png 768w, https:\/\/cdn.aivie.ch\/media\/wp\/2023\/03\/07114839\/DatenschutzWebinar-revDSG-1200x675.png 1200w, https:\/\/cdn.aivie.ch\/media\/wp\/2023\/03\/07114839\/DatenschutzWebinar-revDSG-480x270.png 480w\" sizes=\"auto, (max-width: 1920px) 100vw, 1920px\" \/><\/figure>\n<\/div><\/div><\/div><\/div><\/div>\n\n\n\n<div class=\"wp-block-ugb-column ugb-column ugb-e4b2525 ugb-column--design-plain ugb-main-block\"><style>@media screen and (min-width:768px){.ugb-e4b2525 > .ugb-inner-block > .ugb-block-content > *{justify-content:center}}.ugb-e4b2525 > .ugb-inner-block > .ugb-block-content > *{justify-content:center !important}@media screen and (min-width:768px){.ugb-e4b2525 > .ugb-inner-block > .ugb-block-content > *{padding-top:20px !important;padding-bottom:20px !important;padding-right:20px !important;padding-left:20px !important}}<\/style><div class=\"ugb-inner-block\"><div class=\"ugb-block-content\"><div class=\"ugb-column__item ugb-e4b2525-column-wrapper\"><div class=\"ugb-column__content-wrapper\">\n<div class=\"wp-block-ugb-heading ugb-heading ugb-e1026e4 ugb-main-block\"><div class=\"ugb-inner-block\"><div class=\"ugb-block-content\"><h2 class=\"ugb-heading__title\">Webinaariesitys tietosuojasta digitaalisessa markkinoinnissa<\/h2><p class=\"ugb-heading__subtitle\">Digitaalinen markkinointi ei ole mahdollista ilman tietoja. N\u00e4iden tietojen asianmukainen k\u00e4sittely on edellytys luottamuksellisen suhteen luomiselle asiakkaiden ja yritysten v\u00e4lille. <\/p><\/div><\/div><\/div>\n\n\n\n<div class=\"aligncenter wp-block-ugb-container ugb-container ugb-f74cc05 ugb-container--v2 ugb-container--design-basic ugb-main-block\"><style>.ugb-f74cc05-wrapper.ugb-container__wrapper{background-color:#283e4c !important}.ugb-f74cc05-wrapper.ugb-container__wrapper:before{background-color:#283e4c !important}.ugb-f74cc05-content-wrapper > h1,.ugb-f74cc05-content-wrapper > h2,.ugb-f74cc05-content-wrapper > h3,.ugb-f74cc05-content-wrapper > h4,.ugb-f74cc05-content-wrapper > h5,.ugb-f74cc05-content-wrapper > h6{color:#ffffff}.ugb-f74cc05-content-wrapper > p,.ugb-f74cc05-content-wrapper > ol li,.ugb-f74cc05-content-wrapper > ul li{color:#ffffff}<\/style><div class=\"ugb-inner-block\"><div class=\"ugb-block-content\"><div class=\"ugb-container__wrapper ugb-f74cc05-wrapper\"><div class=\"ugb-container__side\"><div class=\"ugb-container__content-wrapper ugb-f74cc05-content-wrapper\">\n<div class=\"alignfull wp-block-ugb-icon-list ugb-icon-list ugb-c71e24a ugb-icon-list--v2 ugb-main-block ugb-main-block--inner-center ugb--has-block-background\"><style>.ugb-c71e24a li{color:#ffffff;--icon-size:8px !important}.ugb-c71e24a li::before{width:8px !important;height:8px !important;background-image:url('data:image\/svg+xml;base64,PHN2ZyBkYXRhLXByZWZpeD0iZmFzIiBkYXRhLWljb249ImNpcmNsZSIgY2xhc3M9InN2Zy1pbmxpbmUtLWZhIGZhLWNpcmNsZSBmYS13LTE2IiByb2xlPSJpbWciIHhtbG5zPSJodHRwOi8vd3d3LnczLm9yZy8yMDAwL3N2ZyIgdmlld0JveD0iMCAwIDUxMiA1MTIiIHN0eWxlPSJmaWxsOiAjZTYzMzEyICFpbXBvcnRhbnQ7IGNvbG9yOiAjZTYzMzEyICFpbXBvcnRhbnQiPjxwYXRoIGZpbGw9IiNlNjMzMTIiIGQ9Ik0yNTYgOEMxMTkgOCA4IDExOSA4IDI1NnMxMTEgMjQ4IDI0OCAyNDggMjQ4LTExMSAyNDgtMjQ4UzM5MyA4IDI1NiA4eiIgc3Ryb2tlPSIjZTYzMzEyIiBzdHlsZT0iZmlsbDogcmdiKDIzMCwgNTEsIDE4KTsgc3Ryb2tlOiByZ2IoMjMwLCA1MSwgMTgpOyIvPjwvc3ZnPg==')}.ugb-c71e24a.ugb-icon-list ul{columns:1}.ugb-c71e24a.ugb-icon-list{background-color:#283e4c}.ugb-c71e24a{padding:0 !important}.ugb-c71e24a.ugb-icon-list:before{background-color:#283e4c}.ugb-c71e24a .ugb-block-title{color:#ffffff;text-align:left}<\/style><div class=\"ugb-inner-block ugb-inner-block--center\"><h3 class=\"ugb-block-title\">Esityksess\u00e4 vastataan kysymyksiin<\/h3><div class=\"ugb-block-content\"><ul><li>Sveitsin (revDSG) ja EU:n tietosuojalain (GDPR) erot.<\/li><li>Lainmukainen tietojenk\u00e4sittely<\/li><li>Tiedonsiirto ja ty\u00f6kalut kolmansilta osapuolilta kotimaassa ja ulkomailla.<\/li><li>Digitaalisen markkinoinnin sudenkuopat \u2013 ja milt\u00e4 oikea asetelma n\u00e4ytt\u00e4\u00e4?<\/li><\/ul><\/div><\/div><\/div>\n<\/div><\/div><\/div><\/div><\/div><\/div>\n<\/div><\/div><\/div><\/div><\/div>\n<\/div><\/div><\/div><\/div>\n\n<div class=\"alignfull wp-block-ugb-columns ugb-columns aiv-col-2 ugb-08bc8fb ugb-columns--design-plain ugb-columns--columns-2 ugb-main-block ugb-main-block--inner-center ugb--has-block-background\"><style>.ugb-08bc8fb-content-wrapper{grid-column-gap:60px !important}.ugb-08bc8fb.ugb-columns{background-color:#cfe7e1}.ugb-08bc8fb.ugb-columns:before{background-color:#cfe7e1}@media screen and (min-width:768px){.ugb-08bc8fb.ugb-columns{margin-bottom:94px !important}}<\/style><div class=\"ugb-inner-block ugb-inner-block--center\"><div class=\"ugb-block-content\"><div class=\"ugb-columns__item ugb-08bc8fb-content-wrapper\">\n<div class=\"wp-block-ugb-column ugb-column ugb-0bded5c ugb-column--design-plain ugb-main-block\"><div class=\"ugb-inner-block\"><div class=\"ugb-block-content\"><div class=\"ugb-column__item ugb-0bded5c-column-wrapper\"><div class=\"ugb-column__content-wrapper\">\n<div class=\"wp-block-ugb-heading ugb-heading ugb-1d6c276 ugb-main-block\"><style>.ugb-1d6c276 .ugb-heading__title{color:#e63312}<\/style><div class=\"ugb-inner-block\"><div class=\"ugb-block-content\"><h2 class=\"ugb-heading__title\">Tietosuojan webinaarin diat<\/h2><p class=\"ugb-heading__subtitle\">LEXR:n tietosuoja-asiantuntijat selitt\u00e4v\u00e4t, mik\u00e4 on mahdollista ja mik\u00e4 ei \u2013 EU:ssa (GDPR) ja nyt my\u00f6s Sveitsiss\u00e4 (revDSG). Jotta markkinoinnin tietosuojalains\u00e4\u00e4d\u00e4nt\u00f6\u00f6n liittyv\u00e4t kysymykset eiv\u00e4t j\u00e4isi avoimiksi. <\/p><\/div><\/div><\/div>\n<\/div><\/div><\/div><\/div><\/div>\n\n\n\n<div class=\"wp-block-ugb-column ugb-column ugb-1ca8660 ugb-column--design-plain ugb-main-block\" id=\"join\"><div class=\"ugb-inner-block\"><div class=\"ugb-block-content\"><div class=\"ugb-column__item ugb-1ca8660-column-wrapper\"><div class=\"ugb-column__content-wrapper\">\n<div class=\"wp-block-ugb-heading ugb-heading ugb-017aab2 ugb-main-block\"><style>.ugb-017aab2 .ugb-heading__title{color:#283e4c}@media screen and (max-width:768px){.ugb-017aab2 .ugb-heading__title{margin-bottom:-19px !important}.ugb-017aab2.ugb-heading{margin-top:-70px !important}}<\/style><div class=\"ugb-inner-block\"><div class=\"ugb-block-content\"><h3 class=\"ugb-heading__title\">Voit ladata tietosuojawebinaarin diat t\u00e4\u00e4lt\u00e4:<\/h3><\/div><\/div><\/div>\n\n\n<script type=\"text\/javascript\" src=\"https:\/\/m.aivie.ch\/form\/generate.js?id=91\"><\/script>\n<\/div><\/div><\/div><\/div><\/div>\n<\/div><\/div><\/div><\/div>\n\n<h2 class=\"wp-block-heading\" id=\"h-triff-die-experten\">Tapaa asiantuntijat<\/h2>\n\n<div class=\"wp-block-stackable-columns stk-block-columns stk-block stk-de03318\" data-block-id=\"de03318\"><div class=\"stk-row stk-inner-blocks stk-block-content stk-content-align stk-de03318-column\">\n<div class=\"wp-block-stackable-column stk-block-column stk-block-column--v3 stk-column stk-block-column--v2 stk-block stk-896d390\" data-block-id=\"896d390\"><div class=\"stk-column-wrapper stk-block-column__content stk-container stk-896d390-container stk--no-background stk--no-padding\"><div class=\"stk-block-content stk-inner-blocks stk-896d390-inner-blocks\">\n<h3 class=\"wp-block-heading\" id=\"h-sebastian-schneider\">Sebastian Schneider<\/h3>\n\n\n\n<figure class=\"wp-block-image size-full\"><img loading=\"lazy\" decoding=\"async\" width=\"400\" height=\"400\" src=\"https:\/\/cdn.aivie.ch\/media\/wp\/2023\/03\/02121247\/sebastian.jpeg\" alt=\"\" class=\"wp-image-13232\" title=\"\" srcset=\"https:\/\/cdn.aivie.ch\/media\/wp\/2023\/03\/02121247\/sebastian.jpeg 400w, https:\/\/cdn.aivie.ch\/media\/wp\/2023\/03\/02121247\/sebastian-240x240.jpeg 240w\" sizes=\"auto, (max-width: 400px) 100vw, 400px\" \/><\/figure>\n\n\n\n<ul class=\"wp-block-list\">\n<li>Dr. Sebastian Schneider on asianajaja, joka on erikoistunut EU-lains\u00e4\u00e4d\u00e4nt\u00f6\u00f6n ja -s\u00e4\u00e4ntelyyn, uusiin teknologioihin \/ teko\u00e4lyyn ja tietosuojaan (GDPR) ja ty\u00f6skentelee t\u00e4ll\u00e4 hetkell\u00e4 Berliiniss\u00e4 ja Wieniss\u00e4. H\u00e4nell\u00e4 on muun muassa erinomainen tiet\u00e4mys EU-oikeudesta, eurooppalaisesta tietosuoja- ja s\u00e4\u00e4ntelylains\u00e4\u00e4d\u00e4nn\u00f6st\u00e4 (GDPR) ja Brexitist\u00e4.   <\/li>\n<\/ul>\n\n\n\n<ul class=\"wp-block-list\">\n<li>H\u00e4n on my\u00f6s kirjoittanut julkaisuja erilaisista eurooppaoikeudellisista aiheista.<\/li>\n<\/ul>\n\n\n\n<ul class=\"wp-block-list\">\n<li>H\u00e4n k\u00e4sittelee kysymyksi\u00e4, jotka liittyv\u00e4t tulevien teknologioiden s\u00e4\u00e4ntelyyn EU:n tasolla ja maailmanlaajuisesti, standardointiin digitaaliaikakaudella sek\u00e4 kaikkiin tietosuojalains\u00e4\u00e4d\u00e4nt\u00f6\u00f6n liittyviin kysymyksiin keskittyen l\u00e4\u00e4ketieteellisiin tietoihin ja kansainv\u00e4liseen tietojenvaihtoon.<\/li>\n<\/ul>\n<\/div><\/div><\/div>\n\n\n\n<div class=\"wp-block-stackable-column stk-block-column stk-block-column--v3 stk-column stk-block-column--v2 stk-block stk-91c5cf9\" data-block-id=\"91c5cf9\"><div class=\"stk-column-wrapper stk-block-column__content stk-container stk-91c5cf9-container stk--no-background stk--no-padding\"><div class=\"stk-block-content stk-inner-blocks stk-91c5cf9-inner-blocks\">\n<h3 class=\"wp-block-heading\" id=\"h-sarah-seyr\">Sarah Seyr<\/h3>\n\n\n\n<figure class=\"wp-block-image size-full is-resized\"><img loading=\"lazy\" decoding=\"async\" src=\"https:\/\/cdn.aivie.ch\/media\/wp\/2022\/06\/15110416\/aivie-marketing-automatin-lokaler-support-sarah-seyer.webp\" alt=\"aivie marketing automatin paikallinen tuki sarah seyer\" class=\"wp-image-11103\" width=\"400\" height=\"400\" title=\"\" srcset=\"https:\/\/cdn.aivie.ch\/media\/wp\/2022\/06\/15110416\/aivie-marketing-automatin-lokaler-support-sarah-seyer.webp 800w, https:\/\/cdn.aivie.ch\/media\/wp\/2022\/06\/15110416\/aivie-marketing-automatin-lokaler-support-sarah-seyer-300x300.webp 240w, https:\/\/cdn.aivie.ch\/media\/wp\/2022\/06\/15110416\/aivie-marketing-automatin-lokaler-support-sarah-seyer-768x768.webp 768w, https:\/\/cdn.aivie.ch\/media\/wp\/2022\/06\/15110416\/aivie-marketing-automatin-lokaler-support-sarah-seyer-480x480.webp 480w, https:\/\/cdn.aivie.ch\/media\/wp\/2022\/06\/15110416\/aivie-marketing-automatin-lokaler-support-sarah-seyer-600x600.webp 600w\" sizes=\"auto, (max-width: 400px) 100vw, 400px\" \/><\/figure>\n\n\n\n<ul class=\"wp-block-list\">\n<li>Sarah Seyr, Dr. sc. ETH, on psykologi ja digitaalisen asiakaskokemuksen sek\u00e4 ihmisen ja koneen vuorovaikutuksen asiantuntija. <\/li>\n<\/ul>\n\n\n\n<ul class=\"wp-block-list\">\n<li>H\u00e4n jakaa tiet\u00e4myst\u00e4\u00e4n ja kokemustaan henkil\u00f6kohtaistamisesta ja automatisoinnista suurella intohimolla luennoitsijana yliopistoissa ja kouluttajana Linkedin Learningissa.<\/li>\n<\/ul>\n\n\n\n<ul class=\"wp-block-list\">\n<li>Aivien toisena perustajana ja asiakasjohtajana h\u00e4n tekee markkinoinnista ja automaatiosta henkil\u00f6kohtaisempaa ja asiakasvuorovaikutuksesta arvokkaampaa.<\/li>\n<\/ul>\n<\/div><\/div><\/div>\n<\/div><\/div>\n\n<p><\/p>\n","protected":false},"excerpt":{"rendered":"<p>Webinaariesitys tietosuojasta digitaalisessa markkinoinnissa Digitaalinen markkinointi ei ole mahdollista ilman tietoja. N\u00e4iden tietojen asianmukainen k\u00e4sittely on edellytys luottamuksellisen suhteen luomiselle asiakkaiden ja yritysten v\u00e4lille. Esityksess\u00e4 vastataan kysymyksiin Sveitsin (revDSG) ja EU:n tietosuojalain (GDPR) erot. Lainmukainen tietojenk\u00e4sittely Tiedonsiirto ja ty\u00f6kalut kolmansilta osapuolilta kotimaassa ja ulkomailla. Digitaalisen markkinoinnin sudenkuopat \u2013 ja milt\u00e4 oikea asetelma n\u00e4ytt\u00e4\u00e4? Tapaa asiantuntijat &hellip; <a href=\"https:\/\/aivie.ch\/fi\/webinaarin-tietosuoja\/\" class=\"more-link\">Jatka lukemista <span class=\"screen-reader-text\">Webinaarin tietosuoja<\/span><\/a><\/p>\n","protected":false},"author":1,"featured_media":0,"parent":0,"menu_order":0,"comment_status":"closed","ping_status":"closed","template":"front-page.php","meta":{"_acf_changed":false,"footnotes":""},"class_list":["post-26211","page","type-page","status-publish","hentry"],"acf":[],"featured_image_urls_v2":{"full":"","thumbnail":"","medium":"","medium_large":"","large":"","post-thumbnail":"","aiv_480w":"","woocommerce_thumbnail":"","woocommerce_single":"","woocommerce_gallery_thumbnail":""},"post_excerpt_stackable_v2":"<p>Webinaariesitys tietosuojasta digitaalisessa markkinoinnissaDigitaalinen markkinointi ei ole mahdollista ilman tietoja. N\u00e4iden tietojen asianmukainen k\u00e4sittely on edellytys luottamuksellisen suhteen luomiselle asiakkaiden ja yritysten v\u00e4lille. Esityksess\u00e4 vastataan kysymyksiinSveitsin (revDSG) ja EU:n tietosuojalain (GDPR) erot.Lainmukainen tietojenk\u00e4sittelyTiedonsiirto ja ty\u00f6kalut kolmansilta osapuolilta kotimaassa ja ulkomailla.Digitaalisen markkinoinnin sudenkuopat \u2013 ja milt\u00e4 oikea asetelma n\u00e4ytt\u00e4\u00e4? Tietosuojan webinaarin diatLEXR:n tietosuoja-asiantuntijat selitt\u00e4v\u00e4t, mik\u00e4 on mahdollista ja mik\u00e4 ei \u2013 EU:ssa (GDPR) ja nyt my\u00f6s Sveitsiss\u00e4 (revDSG). Jotta markkinoinnin tietosuojalains\u00e4\u00e4d\u00e4nt\u00f6\u00f6n liittyv\u00e4t kysymykset eiv\u00e4t j\u00e4isi avoimiksi. Voit ladata tietosuojawebinaarin diat t\u00e4\u00e4lt\u00e4: Tapaa asiantuntijat Sebastian Schneider Dr. Sebastian Schneider on asianajaja, joka on erikoistunut EU-lains\u00e4\u00e4d\u00e4nt\u00f6\u00f6n ja -s\u00e4\u00e4ntelyyn, uusiin teknologioihin \/ teko\u00e4lyyn ja\u2026<\/p>\n","category_list_v2":"","author_info_v2":{"name":"Adrian Schimpf","url":"https:\/\/aivie.ch\/fi\/author\/adrian\/"},"comments_num_v2":"0 comments","_links":{"self":[{"href":"https:\/\/aivie.ch\/fi\/wp-json\/wp\/v2\/pages\/26211","targetHints":{"allow":["GET"]}}],"collection":[{"href":"https:\/\/aivie.ch\/fi\/wp-json\/wp\/v2\/pages"}],"about":[{"href":"https:\/\/aivie.ch\/fi\/wp-json\/wp\/v2\/types\/page"}],"author":[{"embeddable":true,"href":"https:\/\/aivie.ch\/fi\/wp-json\/wp\/v2\/users\/1"}],"replies":[{"embeddable":true,"href":"https:\/\/aivie.ch\/fi\/wp-json\/wp\/v2\/comments?post=26211"}],"version-history":[{"count":1,"href":"https:\/\/aivie.ch\/fi\/wp-json\/wp\/v2\/pages\/26211\/revisions"}],"predecessor-version":[{"id":26215,"href":"https:\/\/aivie.ch\/fi\/wp-json\/wp\/v2\/pages\/26211\/revisions\/26215"}],"wp:attachment":[{"href":"https:\/\/aivie.ch\/fi\/wp-json\/wp\/v2\/media?parent=26211"}],"curies":[{"name":"wp","href":"https:\/\/api.w.org\/{rel}","templated":true}]}}