{"id":26207,"date":"2026-01-11T14:11:39","date_gmt":"2026-01-11T12:11:39","guid":{"rendered":"https:\/\/aivie.ch\/tietosuojalakia-koskevat-kysymykset\/"},"modified":"2026-01-11T14:11:42","modified_gmt":"2026-01-11T12:11:42","slug":"tietosuojalakia-koskevat-kysymykset","status":"publish","type":"page","link":"https:\/\/aivie.ch\/fi\/tietosuojalakia-koskevat-kysymykset\/","title":{"rendered":"Tietosuojalakia koskevat kysymykset"},"content":{"rendered":"\n<div style=\"height:135px\" aria-hidden=\"true\" class=\"wp-block-spacer\"><\/div>\n\n<h1 class=\"wp-block-heading\" id=\"h-welche-fragen-hast-du-zum-thema-datenschutz\">Mit\u00e4 kysymyksi\u00e4 sinulla on tietosuojasta?<\/h1>\n\n<p>Kirjoita meille, niin tarkastelemme niit\u00e4 oikeudellisten asiantuntijoidemme kanssa. Saat vastaukset seuraavassa webinaarissa. <\/p>\n<script type=\"text\/javascript\" src=\"https:\/\/m.aivie.ch\/form\/generate.js?id=90\"><\/script>\n\n<div style=\"height:58px\" aria-hidden=\"true\" class=\"wp-block-spacer\"><\/div>\n","protected":false},"excerpt":{"rendered":"<p>Mit\u00e4 kysymyksi\u00e4 sinulla on tietosuojasta? Kirjoita meille, niin tarkastelemme niit\u00e4 oikeudellisten asiantuntijoidemme kanssa. Saat vastaukset seuraavassa webinaarissa.<\/p>\n","protected":false},"author":1,"featured_media":0,"parent":0,"menu_order":0,"comment_status":"closed","ping_status":"closed","template":"front-page.php","meta":{"_acf_changed":false,"footnotes":""},"class_list":["post-26207","page","type-page","status-publish","hentry"],"acf":[],"featured_image_urls_v2":{"full":"","thumbnail":"","medium":"","medium_large":"","large":"","post-thumbnail":"","aiv_480w":"","woocommerce_thumbnail":"","woocommerce_single":"","woocommerce_gallery_thumbnail":""},"post_excerpt_stackable_v2":"<p>Mit\u00e4 kysymyksi\u00e4 sinulla on tietosuojasta? Kirjoita meille, niin tarkastelemme niit\u00e4 oikeudellisten asiantuntijoidemme kanssa. Saat vastaukset seuraavassa webinaarissa.<\/p>\n","category_list_v2":"","author_info_v2":{"name":"Adrian Schimpf","url":"https:\/\/aivie.ch\/fi\/author\/adrian\/"},"comments_num_v2":"0 comments","_links":{"self":[{"href":"https:\/\/aivie.ch\/fi\/wp-json\/wp\/v2\/pages\/26207","targetHints":{"allow":["GET"]}}],"collection":[{"href":"https:\/\/aivie.ch\/fi\/wp-json\/wp\/v2\/pages"}],"about":[{"href":"https:\/\/aivie.ch\/fi\/wp-json\/wp\/v2\/types\/page"}],"author":[{"embeddable":true,"href":"https:\/\/aivie.ch\/fi\/wp-json\/wp\/v2\/users\/1"}],"replies":[{"embeddable":true,"href":"https:\/\/aivie.ch\/fi\/wp-json\/wp\/v2\/comments?post=26207"}],"version-history":[{"count":1,"href":"https:\/\/aivie.ch\/fi\/wp-json\/wp\/v2\/pages\/26207\/revisions"}],"predecessor-version":[{"id":26209,"href":"https:\/\/aivie.ch\/fi\/wp-json\/wp\/v2\/pages\/26207\/revisions\/26209"}],"wp:attachment":[{"href":"https:\/\/aivie.ch\/fi\/wp-json\/wp\/v2\/media?parent=26207"}],"curies":[{"name":"wp","href":"https:\/\/api.w.org\/{rel}","templated":true}]}}