{"id":26202,"date":"2026-01-11T14:11:37","date_gmt":"2026-01-11T12:11:37","guid":{"rendered":"https:\/\/aivie.ch\/sanasto\/"},"modified":"2026-01-11T14:11:50","modified_gmt":"2026-01-11T12:11:50","slug":"sanasto","status":"publish","type":"page","link":"https:\/\/aivie.ch\/fi\/sanasto\/","title":{"rendered":"Sanasto"},"content":{"rendered":"\n<div class=\"wp-block-stackable-columns stk-block-columns stk-block stk-2c5daff\" data-block-id=\"2c5daff\"><style>.stk-2c5daff{margin-top:60px !important;margin-right:auto !important;margin-bottom:40px !important;margin-left:auto !important}.stk-2c5daff-column{max-width:90% !important}<\/style><div class=\"stk-row stk-inner-blocks has-text-align-center stk-block-content stk-content-align stk-2c5daff-column\">\n<div class=\"wp-block-stackable-column stk-block-column stk-column stk-block stk-c61e27b\" data-v=\"4\" data-block-id=\"c61e27b\"><style>.stk-c61e27b-container{max-width:600px !important}<\/style><div class=\"stk-column-wrapper stk-block-column__content stk-container stk-c61e27b-container stk--no-background stk--no-padding\"><div class=\"stk-block-content stk-inner-blocks stk-c61e27b-inner-blocks\">\n<h1 class=\"wp-block-heading\" id=\"h-glossar\">Sanasto<\/h1>\n\n\n\n<p>Joitakin yleisi\u00e4 termej\u00e4 markkinoinnin ja markkinoinnin automaation maailmasta selitettyn\u00e4 yksinkertaisesti.<\/p>\n<\/div><\/div><\/div>\n<\/div><\/div>\n\n<div class=\"wp-block-stackable-columns stk-block-columns stk-block stk-2778ad6 stk-block-background stk--has-background-overlay\" data-block-id=\"2778ad6\"><style>.stk-2778ad6{background-color:#ffffff !important;background-image:url(https:\/\/cdn.aivie.ch\/media\/wp\/2021\/06\/19131702\/pattern-company-960w.png) !important;background-position:bottom right !important;background-repeat:no-repeat !important;background-size:41% !important;max-width:900px !important}.stk-2778ad6:before{background-color:#ffffff !important;opacity:0.5 !important}.stk-2778ad6-column{max-width:90% !important}<\/style><div class=\"stk-row stk-inner-blocks stk-block-content stk-content-align stk-2778ad6-column\">\n<div class=\"wp-block-stackable-column stk-block-column stk-column stk-block stk-54272af\" data-v=\"4\" data-block-id=\"54272af\"><div class=\"stk-column-wrapper stk-block-column__content stk-container stk-54272af-container stk--no-background stk--no-padding\"><div class=\"stk-block-content stk-inner-blocks stk-54272af-inner-blocks\">\n<div class=\"wp-block-stackable-posts stk-block-posts stk-block stk-ca8ef9f is-style-default\" data-v=\"2\" data-block-id=\"ca8ef9f\"><style>.stk-ca8ef9f .stk-img-wrapper{width:100% !important}<\/style><div class=\"stk-inner-blocks stk-content-align stk-ca8ef9f-column\"><div class=\"stk-block-posts__items\"><div class=\"stk-block-posts__item\"><div class=\"stk-container stk-ca8ef9f-container stk--no-background stk--no-padding\"><article><h3 class=\"stk-block-posts__title\"><a href=\"https:\/\/aivie.ch\/fi\/glossary\/alkutason-tuote-trip-wire\/\">Alkutason tuote \/ Trip Wire<\/a><\/h3><div class=\"stk-block-posts__excerpt\"><p>Alkutason tuotteella on matala kynnys ostaa. Se voidaan ostaa ilman suurempaa koordinointia. Lompakosta tai osaston budjetista.<\/p>\n<\/div><a class=\"stk-block-posts__readmore\" href=\"https:\/\/aivie.ch\/fi\/glossary\/alkutason-tuote-trip-wire\/\">Details<\/a><\/article><\/div><\/div><div class=\"stk-block-posts__item\"><div class=\"stk-container stk-ca8ef9f-container stk--no-background stk--no-padding\"><article><h3 class=\"stk-block-posts__title\"><a href=\"https:\/\/aivie.ch\/fi\/glossary\/asiakasmatka\/\">Asiakasmatka<\/a><\/h3><div class=\"stk-block-posts__excerpt\"><p>Asiakaspolku kartoittaa yksil\u00f6llisen matkan asiakkaan n\u00e4k\u00f6kulmasta. Asiakaskokemus on keski\u00f6ss\u00e4. Alkaen ensikontaktista tuotemerkin kanssa, tuotteen tai palvelun ostamisen tai k\u00e4yt\u00f6n kautta aina siihen asti, kun asiakas vaihtaa palvelua.<\/p>\n<\/div><a class=\"stk-block-posts__readmore\" href=\"https:\/\/aivie.ch\/fi\/glossary\/asiakasmatka\/\">Details<\/a><\/article><\/div><\/div><div class=\"stk-block-posts__item\"><div class=\"stk-container stk-ca8ef9f-container stk--no-background stk--no-padding\"><article><h3 class=\"stk-block-posts__title\"><a href=\"https:\/\/aivie.ch\/fi\/glossary\/asiakassuhteen-hallinta-crm\/\">Asiakassuhteen hallinta (CRM)<\/a><\/h3><a class=\"stk-block-posts__readmore\" href=\"https:\/\/aivie.ch\/fi\/glossary\/asiakassuhteen-hallinta-crm\/\">Details<\/a><\/article><\/div><\/div><div class=\"stk-block-posts__item\"><div class=\"stk-container stk-ca8ef9f-container stk--no-background stk--no-padding\"><article><h3 class=\"stk-block-posts__title\"><a href=\"https:\/\/aivie.ch\/fi\/glossary\/asiakassuhteiden-hallinta-crm\/\">Asiakassuhteiden hallinta (CRM)<\/a><\/h3><div class=\"stk-block-posts__excerpt\"><p>CRM-j\u00e4rjestelm\u00e4 on ohjelmisto, joka hallinnoi yrityksen ja sen asiakkaiden v\u00e4lisi\u00e4 suhteita. CRM-j\u00e4rjestelm\u00e4n p\u00e4\u00e4teht\u00e4viin kuuluu myynnin lis\u00e4\u00e4minen optimoimalla liiketoimintaprosesseja, parantamalla tavaroiden ja palveluiden laatua ja viestim\u00e4ll\u00e4 tehokkaasti asiakkaiden kanssa. CRM tallentaa ja analysoi liidit, tallentaa tietoja asiakkaista, vastaanottaa tarjouksia n\u00e4ilt\u00e4 asiakkailta ja tarjoaa sinulle kaikki n\u00e4m\u00e4 tiedot, jotta voit tehd\u00e4 tietoon perustuvia p\u00e4\u00e4t\u00f6ksi\u00e4 yrityksesi puolesta. N\u00e4m\u00e4\u2026<\/p>\n<\/div><a class=\"stk-block-posts__readmore\" href=\"https:\/\/aivie.ch\/fi\/glossary\/asiakassuhteiden-hallinta-crm\/\">Details<\/a><\/article><\/div><\/div><div class=\"stk-block-posts__item\"><div class=\"stk-container stk-ca8ef9f-container stk--no-background stk--no-padding\"><article><h3 class=\"stk-block-posts__title\"><a href=\"https:\/\/aivie.ch\/fi\/glossary\/hoitaminen\/\">Hoitaminen<\/a><\/h3><div class=\"stk-block-posts__excerpt\"><p>Nurturing ja lead nurturing k\u00e4sitt\u00e4v\u00e4t kaikki toimenpiteet, joihin yritys ryhtyy osoittaakseen kiinnostuneille osapuolille asianmukaista tietoa oikeaan aikaan sen ostop\u00e4\u00e4t\u00f6ksen vaiheen mukaisesti, jossa kiinnostunut osapuoli on t\u00e4ll\u00e4 hetkell\u00e4. Lead nurturing sis\u00e4lt\u00e4\u00e4 my\u00f6s liidien jatkokarsinnan. Lead nurturing voidaan toteuttaa ostoprosessin jokaisessa vaiheessa.<\/p>\n<\/div><a class=\"stk-block-posts__readmore\" href=\"https:\/\/aivie.ch\/fi\/glossary\/hoitaminen\/\">Details<\/a><\/article><\/div><\/div><div class=\"stk-block-posts__item\"><div class=\"stk-container stk-ca8ef9f-container stk--no-background stk--no-padding\"><article><h3 class=\"stk-block-posts__title\"><a href=\"https:\/\/aivie.ch\/fi\/glossary\/johto\/\">Johto<\/a><\/h3><div class=\"stk-block-posts__excerpt\"><p>Lead on ty\u00f6kalussa tunnistettu yhteyshenkil\u00f6, joka on osoittanut kiinnostusta tarjousta kohtaan.<\/p>\n<\/div><a class=\"stk-block-posts__readmore\" href=\"https:\/\/aivie.ch\/fi\/glossary\/johto\/\">Details<\/a><\/article><\/div><\/div><div class=\"stk-block-posts__item\"><div class=\"stk-container stk-ca8ef9f-container stk--no-background stk--no-padding\"><article><h3 class=\"stk-block-posts__title\"><a href=\"https:\/\/aivie.ch\/fi\/glossary\/katteen-optimoija-korkea-marginaali\/\">Katteen optimoija (korkea marginaali)<\/a><\/h3><div class=\"stk-block-posts__excerpt\"><p>Katteen optimoijille on ominaista pieni m\u00e4\u00e4r\u00e4 myynti\u00e4, jolla on korkea kate.<\/p>\n<\/div><a class=\"stk-block-posts__readmore\" href=\"https:\/\/aivie.ch\/fi\/glossary\/katteen-optimoija-korkea-marginaali\/\">Details<\/a><\/article><\/div><\/div><div class=\"stk-block-posts__item\"><div class=\"stk-container stk-ca8ef9f-container stk--no-background stk--no-padding\"><article><h3 class=\"stk-block-posts__title\"><a href=\"https:\/\/aivie.ch\/fi\/glossary\/laehtevae\/\">L\u00e4htev\u00e4<\/a><\/h3><div class=\"stk-block-posts__excerpt\"><p>Outbound-markkinointi kuvaa klassisen markkinoinnin menetelmi\u00e4.<\/p>\n<\/div><a class=\"stk-block-posts__readmore\" href=\"https:\/\/aivie.ch\/fi\/glossary\/laehtevae\/\">Details<\/a><\/article><\/div><\/div><div class=\"stk-block-posts__item\"><div class=\"stk-container stk-ca8ef9f-container stk--no-background stk--no-padding\"><article><h3 class=\"stk-block-posts__title\"><a href=\"https:\/\/aivie.ch\/fi\/glossary\/lyijymagneetti-engager\/\">Lyijymagneetti \/ Engager<\/a><\/h3><div class=\"stk-block-posts__excerpt\"><p>Liidimagneetti on ilmaista, arvoa tuottavaa sis\u00e4lt\u00f6\u00e4, jota varten k\u00e4vij\u00e4t sy\u00f6tt\u00e4v\u00e4t yhteystietonsa ja mahdolliset lis\u00e4tiedot. Lyijymagneetti muuttaa anonyymit k\u00e4vij\u00e4t liidiksi. Liidimagneettia k\u00e4ytet\u00e4\u00e4n asiakaspolun sitoutumisvaiheessa. Esimerkkej\u00e4 ovat: Tarkistuslistat, aiheet, resurssit (luettelo ty\u00f6kaluista, blogeista, yrityksist\u00e4 jne.), ohjeet ja tapaustutkimukset. Puhumme sitoutujista, vaikka kyseess\u00e4 ei ole myyntisuppilo. Toisin sanoen, kun tavoitteena ei ole myynti vaan muut konversiot.<\/p>\n<\/div><a class=\"stk-block-posts__readmore\" href=\"https:\/\/aivie.ch\/fi\/glossary\/lyijymagneetti-engager\/\">Details<\/a><\/article><\/div><\/div><div class=\"stk-block-posts__item\"><div class=\"stk-container stk-ca8ef9f-container stk--no-background stk--no-padding\"><article><h3 class=\"stk-block-posts__title\"><a href=\"https:\/\/aivie.ch\/fi\/glossary\/markkinoinnin-automaatio\/\">Markkinoinnin automaatio<\/a><\/h3><div class=\"stk-block-posts__excerpt\"><p>Markkinoinnin automatisointi tarjoaa ty\u00f6kalut automaattiseen viestint\u00e4\u00e4n ja vuorovaikutuksen suunnitteluun. Painopisteen\u00e4 on kontaktien kanssa tapahtuvien kosketuspisteiden personointi. Markkinoinnin automaation avulla tarkkailemme br\u00e4ndiimme liittyvien kontaktien k\u00e4ytt\u00e4ytymist\u00e4 ja tulkitsemme sit\u00e4, jotta voimme tunnistaa taustalla olevat tarpeet. Reagoimme yhteydenoton laukaiseviin tekij\u00f6ihin oikealla hetkell\u00e4 ja suunnittelemme ennakoivasti lis\u00e4\u00e4 yksil\u00f6llist\u00e4 vuorovaikutusta.<\/p>\n<\/div><a class=\"stk-block-posts__readmore\" href=\"https:\/\/aivie.ch\/fi\/glossary\/markkinoinnin-automaatio\/\">Details<\/a><\/article><\/div><\/div><div class=\"stk-block-posts__item\"><div class=\"stk-container stk-ca8ef9f-container stk--no-background stk--no-padding\"><article><h3 class=\"stk-block-posts__title\"><a href=\"https:\/\/aivie.ch\/fi\/glossary\/markkinoinnin-automaatiokampanja\/\">Markkinoinnin automaatiokampanja<\/a><\/h3><div class=\"stk-block-posts__excerpt\"><p>Markkinoinnin automaatiokampanjat ovat markkinoinnin automaatioty\u00f6kalun markkinointisuppilon konkreettinen toteutus.<\/p>\n<\/div><a class=\"stk-block-posts__readmore\" href=\"https:\/\/aivie.ch\/fi\/glossary\/markkinoinnin-automaatiokampanja\/\">Details<\/a><\/article><\/div><\/div><div class=\"stk-block-posts__item\"><div class=\"stk-container stk-ca8ef9f-container stk--no-background stk--no-padding\"><article><h3 class=\"stk-block-posts__title\"><a href=\"https:\/\/aivie.ch\/fi\/glossary\/markkinointisuppilo\/\">Markkinointisuppilo<\/a><\/h3><div class=\"stk-block-posts__excerpt\"><p>Markkinointisuppilo on yrityksen n\u00e4k\u00f6kulmasta strategisen p\u00e4\u00e4m\u00e4\u00e4r\u00e4n ja sit\u00e4 vastaavien vaiheiden ja v\u00e4litavoitteiden kartoitus.<\/p>\n<\/div><a class=\"stk-block-posts__readmore\" href=\"https:\/\/aivie.ch\/fi\/glossary\/markkinointisuppilo\/\">Details<\/a><\/article><\/div><\/div><div class=\"stk-block-posts__item\"><div class=\"stk-container stk-ca8ef9f-container stk--no-background stk--no-padding\"><article><h3 class=\"stk-block-posts__title\"><a href=\"https:\/\/aivie.ch\/fi\/glossary\/mikae-on-muuntokurssi\/\">Mik\u00e4 on muuntokurssi?<\/a><\/h3><div class=\"stk-block-posts__excerpt\"><p>Konversioaste, lyhyesti CR, kertoo, kuinka moni ihminen suorittaa m\u00e4\u00e4rittelem\u00e4mme toiminnon. Esimerkiksi kuinka moni ihminen siirtyy vaiheesta toiseen eli konvertoi. Ehk\u00e4 haluaisit tiet\u00e4\u00e4, miten muuntokurssi lasketaan? https:\/\/aivie.ch\/faq\/wie-wird-die-conversion-rate-berechnet\/ L\u00f6yd\u00e4t kaikki yksityiskohdat muuntokurssista blogistamme: https:\/\/aivie.ch\/conversion-rate\/<\/p>\n<\/div><a class=\"stk-block-posts__readmore\" href=\"https:\/\/aivie.ch\/fi\/glossary\/mikae-on-muuntokurssi\/\">Details<\/a><\/article><\/div><\/div><div class=\"stk-block-posts__item\"><div class=\"stk-container stk-ca8ef9f-container stk--no-background stk--no-padding\"><article><h3 class=\"stk-block-posts__title\"><a href=\"https:\/\/aivie.ch\/fi\/glossary\/myyntisuppilo\/\">Myyntisuppilo<\/a><\/h3><div class=\"stk-block-posts__excerpt\"><p>Myyntisuppilo on markkinointisuppiloiden alaryhm\u00e4, jonka tavoitteena on tuottaa p\u00e4tevi\u00e4 johtolankoja ja lis\u00e4t\u00e4 myynti\u00e4.<\/p>\n<\/div><a class=\"stk-block-posts__readmore\" href=\"https:\/\/aivie.ch\/fi\/glossary\/myyntisuppilo\/\">Details<\/a><\/article><\/div><\/div><div class=\"stk-block-posts__item\"><div class=\"stk-container stk-ca8ef9f-container stk--no-background stk--no-padding\"><article><h3 class=\"stk-block-posts__title\"><a href=\"https:\/\/aivie.ch\/fi\/glossary\/paeaetuote-core\/\">P\u00e4\u00e4tuote \/ Core<\/a><\/h3><div class=\"stk-block-posts__excerpt\"><p>P\u00e4\u00e4tuote on se, josta tuotemerkki tunnetaan. Se muodostaa tuotevalikoiman keskipisteen. Saavutamme yleens\u00e4 positiivisen katteen t\u00e4ll\u00e4 tuotteella. N\u00e4in ei kuitenkaan aina tarvitse olla. Voi my\u00f6s olla, ett\u00e4 voitto saavutetaan vain tuotantoketjun loppup\u00e4\u00e4n marginaalioptimoinnilla. Siksi on t\u00e4rke\u00e4\u00e4 tuntea asiakkaan elinik\u00e4inen arvo koko myyntisuppilossa.<\/p>\n<\/div><a class=\"stk-block-posts__readmore\" href=\"https:\/\/aivie.ch\/fi\/glossary\/paeaetuote-core\/\">Details<\/a><\/article><\/div><\/div><div class=\"stk-block-posts__item\"><div class=\"stk-container stk-ca8ef9f-container stk--no-background stk--no-padding\"><article><h3 class=\"stk-block-posts__title\"><a href=\"https:\/\/aivie.ch\/fi\/glossary\/paetevae-johto\/\">P\u00e4tev\u00e4 johto<\/a><\/h3><div class=\"stk-block-posts__excerpt\"><p>Johtaja, jota on l\u00e4mmitetty (hoidettu) useissa vuorovaikutustilanteissa eri viestint\u00e4v\u00e4lineiden avulla.<\/p>\n<\/div><a class=\"stk-block-posts__readmore\" href=\"https:\/\/aivie.ch\/fi\/glossary\/paetevae-johto\/\">Details<\/a><\/article><\/div><\/div><div class=\"stk-block-posts__item\"><div class=\"stk-container stk-ca8ef9f-container stk--no-background stk--no-padding\"><article><h3 class=\"stk-block-posts__title\"><a href=\"https:\/\/aivie.ch\/fi\/glossary\/saapuva\/\">Saapuva<\/a><\/h3><div class=\"stk-block-posts__excerpt\"><p>Inbound-markkinointi kuvaa menetelm\u00e4\u00e4, jolla asiakkaita houkutellaan r\u00e4\u00e4t\u00e4l\u00f6idyn sis\u00e4ll\u00f6n avulla.<\/p>\n<\/div><a class=\"stk-block-posts__readmore\" href=\"https:\/\/aivie.ch\/fi\/glossary\/saapuva\/\">Details<\/a><\/article><\/div><\/div><div class=\"stk-block-posts__item\"><div class=\"stk-container stk-ca8ef9f-container stk--no-background stk--no-padding\"><article><h3 class=\"stk-block-posts__title\"><a href=\"https:\/\/aivie.ch\/fi\/glossary\/segmenti-segmentazione\/\">Segmenti \/ Segmentazione<\/a><\/h3><div class=\"stk-block-posts__excerpt\"><p>La segmentazione aiuta a identificare diversi gruppi per stabilire a quali gruppi target rivolgersi. T\u00e4t\u00e4 varten &#8221;azienda divide l\u201d eterogeneo mercato generale in sotto-segmenti omogenei.<\/p>\n<\/div><a class=\"stk-block-posts__readmore\" href=\"https:\/\/aivie.ch\/fi\/glossary\/segmenti-segmentazione\/\">Details<\/a><\/article><\/div><\/div><div class=\"stk-block-posts__item\"><div class=\"stk-container stk-ca8ef9f-container stk--no-background stk--no-padding\"><article><h3 class=\"stk-block-posts__title\"><a href=\"https:\/\/aivie.ch\/fi\/glossary\/segmentit-segmentointi\/\">Segmentit \/ Segmentointi<\/a><\/h3><div class=\"stk-block-posts__excerpt\"><p>Segmentointi auttaa tunnistamaan erilaisia ryhmi\u00e4, jotta voidaan m\u00e4\u00e4ritt\u00e4\u00e4, mitk\u00e4 kohderyhm\u00e4t olisi otettava huomioon. T\u00e4t\u00e4 varten yritys jakaa heterogeeniset kokonaismarkkinat homogeenisiin alasegmentteihin.<\/p>\n<\/div><a class=\"stk-block-posts__readmore\" href=\"https:\/\/aivie.ch\/fi\/glossary\/segmentit-segmentointi\/\">Details<\/a><\/article><\/div><\/div><div class=\"stk-block-posts__item\"><div class=\"stk-container stk-ca8ef9f-container stk--no-background stk--no-padding\"><article><h3 class=\"stk-block-posts__title\"><a href=\"https:\/\/aivie.ch\/fi\/glossary\/suppilon-keskellae\/\">Suppilon keskell\u00e4<\/a><\/h3><div class=\"stk-block-posts__excerpt\"><p>Suppilon keskivaiheilla suppilon yl\u00e4p\u00e4\u00e4n (tietoisuus) ja alap\u00e4\u00e4n (p\u00e4\u00e4t\u00f6s) v\u00e4linen kuilu sulkeutuu. T\u00e4ss\u00e4 vaiheessa olevat liidit ovat asiakaspolkunsa harkintavaiheessa, miettiv\u00e4t ratkaisuja ongelmaansa ja pit\u00e4v\u00e4t tuotetta tai palvelua mahdollisesti sopivana.<\/p>\n<\/div><a class=\"stk-block-posts__readmore\" href=\"https:\/\/aivie.ch\/fi\/glossary\/suppilon-keskellae\/\">Details<\/a><\/article><\/div><\/div><div class=\"stk-block-posts__item\"><div class=\"stk-container stk-ca8ef9f-container stk--no-background stk--no-padding\"><article><h3 class=\"stk-block-posts__title\"><a href=\"https:\/\/aivie.ch\/fi\/glossary\/suppilon-pohja\/\">Suppilon pohja<\/a><\/h3><div class=\"stk-block-posts__excerpt\"><p>Suppilon alaosa on kohta, jossa liidit tekev\u00e4t lopullisen p\u00e4\u00e4t\u00f6ksen siit\u00e4, ostavatko he sinulta vai kilpailijalta. Suppilon alaosassa muutat liidit asiakkaiksi.<\/p>\n<\/div><a class=\"stk-block-posts__readmore\" href=\"https:\/\/aivie.ch\/fi\/glossary\/suppilon-pohja\/\">Details<\/a><\/article><\/div><\/div><div class=\"stk-block-posts__item\"><div class=\"stk-container stk-ca8ef9f-container stk--no-background stk--no-padding\"><article><h3 class=\"stk-block-posts__title\"><a href=\"https:\/\/aivie.ch\/fi\/glossary\/suppilon-ylaepaeae\/\">Suppilon yl\u00e4p\u00e4\u00e4<\/a><\/h3><div class=\"stk-block-posts__excerpt\"><p>K\u00e4ytt\u00e4j\u00e4t, jotka alkavat tutustua tuotteeseen tai palveluun, ovat myyntisuppilon alussa (suppilon yl\u00e4p\u00e4\u00e4ss\u00e4).<\/p>\n<\/div><a class=\"stk-block-posts__readmore\" href=\"https:\/\/aivie.ch\/fi\/glossary\/suppilon-ylaepaeae\/\">Details<\/a><\/article><\/div><\/div><div class=\"stk-block-posts__item\"><div class=\"stk-container stk-ca8ef9f-container stk--no-background stk--no-padding\"><article><h3 class=\"stk-block-posts__title\"><a href=\"https:\/\/aivie.ch\/fi\/glossary\/vierailijatin\/\">Vierailijat:in<\/a><\/h3><div class=\"stk-block-posts__excerpt\"><p>Verkkosivuston nimet\u00f6n k\u00e4vij\u00e4.<\/p>\n<\/div><a class=\"stk-block-posts__readmore\" href=\"https:\/\/aivie.ch\/fi\/glossary\/vierailijatin\/\">Details<\/a><\/article><\/div><\/div><\/div><div class=\"stk-inner-blocks\"><\/div><\/div><\/div>\n<\/div><\/div><\/div>\n<\/div><\/div>\n","protected":false},"excerpt":{"rendered":"<p>Sanasto Joitakin yleisi\u00e4 termej\u00e4 markkinoinnin ja markkinoinnin automaation maailmasta selitettyn\u00e4 yksinkertaisesti. Alkutason tuote \/ Trip Wire Alkutason tuotteella on matala kynnys ostaa. Se voidaan ostaa ilman suurempaa koordinointia. Lompakosta tai osaston budjetista. Details Asiakasmatka Asiakaspolku kartoittaa yksil\u00f6llisen matkan asiakkaan n\u00e4k\u00f6kulmasta. Asiakaskokemus on keski\u00f6ss\u00e4. Alkaen ensikontaktista tuotemerkin kanssa, tuotteen tai palvelun ostamisen tai k\u00e4yt\u00f6n kautta aina &hellip; <a href=\"https:\/\/aivie.ch\/fi\/sanasto\/\" class=\"more-link\">Jatka lukemista <span class=\"screen-reader-text\">Sanasto<\/span><\/a><\/p>\n","protected":false},"author":1,"featured_media":0,"parent":0,"menu_order":0,"comment_status":"closed","ping_status":"closed","template":"front-page.php","meta":{"_acf_changed":false,"footnotes":""},"class_list":["post-26202","page","type-page","status-publish","hentry"],"acf":[],"featured_image_urls_v2":{"full":"","thumbnail":"","medium":"","medium_large":"","large":"","post-thumbnail":"","aiv_480w":"","woocommerce_thumbnail":"","woocommerce_single":"","woocommerce_gallery_thumbnail":""},"post_excerpt_stackable_v2":"<p>Sanasto Joitakin yleisi\u00e4 termej\u00e4 markkinoinnin ja markkinoinnin automaation maailmasta selitettyn\u00e4 yksinkertaisesti. Alkutason tuote \/ Trip WireAlkutason tuotteella on matala kynnys ostaa. Se voidaan ostaa ilman suurempaa koordinointia. Lompakosta tai osaston budjetista. DetailsAsiakasmatkaAsiakaspolku kartoittaa yksil\u00f6llisen matkan asiakkaan n\u00e4k\u00f6kulmasta. Asiakaskokemus on keski\u00f6ss\u00e4. Alkaen ensikontaktista tuotemerkin kanssa, tuotteen tai palvelun ostamisen tai k\u00e4yt\u00f6n kautta aina siihen asti, kun asiakas vaihtaa palvelua. DetailsAsiakassuhteen hallinta (CRM)DetailsAsiakassuhteiden hallinta (CRM)CRM-j\u00e4rjestelm\u00e4 on ohjelmisto, joka hallinnoi yrityksen ja sen asiakkaiden v\u00e4lisi\u00e4 suhteita. CRM-j\u00e4rjestelm\u00e4n p\u00e4\u00e4teht\u00e4viin kuuluu myynnin lis\u00e4\u00e4minen optimoimalla liiketoimintaprosesseja, parantamalla tavaroiden ja palveluiden laatua ja viestim\u00e4ll\u00e4 tehokkaasti asiakkaiden kanssa. CRM tallentaa ja analysoi liidit, tallentaa tietoja asiakkaista, vastaanottaa tarjouksia\u2026<\/p>\n","category_list_v2":"","author_info_v2":{"name":"Adrian Schimpf","url":"https:\/\/aivie.ch\/fi\/author\/adrian\/"},"comments_num_v2":"0 comments","_links":{"self":[{"href":"https:\/\/aivie.ch\/fi\/wp-json\/wp\/v2\/pages\/26202","targetHints":{"allow":["GET"]}}],"collection":[{"href":"https:\/\/aivie.ch\/fi\/wp-json\/wp\/v2\/pages"}],"about":[{"href":"https:\/\/aivie.ch\/fi\/wp-json\/wp\/v2\/types\/page"}],"author":[{"embeddable":true,"href":"https:\/\/aivie.ch\/fi\/wp-json\/wp\/v2\/users\/1"}],"replies":[{"embeddable":true,"href":"https:\/\/aivie.ch\/fi\/wp-json\/wp\/v2\/comments?post=26202"}],"version-history":[{"count":1,"href":"https:\/\/aivie.ch\/fi\/wp-json\/wp\/v2\/pages\/26202\/revisions"}],"predecessor-version":[{"id":26204,"href":"https:\/\/aivie.ch\/fi\/wp-json\/wp\/v2\/pages\/26202\/revisions\/26204"}],"wp:attachment":[{"href":"https:\/\/aivie.ch\/fi\/wp-json\/wp\/v2\/media?parent=26202"}],"curies":[{"name":"wp","href":"https:\/\/api.w.org\/{rel}","templated":true}]}}