{"id":26196,"date":"2026-01-11T14:11:04","date_gmt":"2026-01-11T12:11:04","guid":{"rendered":"https:\/\/aivie.ch\/kesaen-vedonlyoentipeli\/"},"modified":"2026-01-13T11:07:44","modified_gmt":"2026-01-13T09:07:44","slug":"kesaen-vedonlyoentipeli","status":"publish","type":"page","link":"https:\/\/aivie.ch\/fi\/kesaen-vedonlyoentipeli\/","title":{"rendered":"Kes\u00e4n vedonly\u00f6ntipeli"},"content":{"rendered":"\n<div class=\"alignfull wp-block-ugb-columns ugb-columns aiv-col-2 ugb-0f67373 ugb-columns--design-plain ugb-columns--columns-2 ugb-main-block ugb-main-block--inner-center ugb--has-block-background ugb--has-background-overlay\"><style>.ugb-0f67373.ugb-columns{background-image:url(https:\/\/cdn.aivie.ch\/media\/wp\/2021\/06\/19131703\/pattern-u-960w.png);background-position:bottom left;background-repeat:no-repeat;background-size:40% !important}.ugb-0f67373.ugb-columns:before{opacity:0.5}@media screen and (min-width:768px){.ugb-0f67373.ugb-columns{padding-right:35px !important}}<\/style><div class=\"ugb-inner-block ugb-inner-block--center\"><div class=\"ugb-block-content\"><div class=\"ugb-columns__item ugb-0f67373-content-wrapper\">\n<div class=\"wp-block-ugb-column ugb-column ugb-bec3702 ugb-column--design-plain ugb-main-block\"><style>@media screen and (min-width:768px){.ugb-bec3702 > .ugb-inner-block > .ugb-block-content > *{padding-top:80px !important}}<\/style><div class=\"ugb-inner-block\"><div class=\"ugb-block-content\"><div class=\"ugb-column__item ugb-bec3702-column-wrapper\"><div class=\"ugb-column__content-wrapper\">\n<figure class=\"wp-block-image size-full\"><img loading=\"lazy\" decoding=\"async\" width=\"960\" height=\"640\" src=\"https:\/\/cdn.aivie.ch\/media\/wp\/2021\/06\/19131447\/angela-smile-working-on-aivie-marketing-automation-1920w-960x640-1.jpeg\" alt=\"\" class=\"wp-image-3598\" title=\"\" srcset=\"https:\/\/cdn.aivie.ch\/media\/wp\/2021\/06\/19131447\/angela-smile-working-on-aivie-marketing-automation-1920w-960x640-1.jpeg 960w, https:\/\/cdn.aivie.ch\/media\/wp\/2021\/06\/19131447\/angela-smile-working-on-aivie-marketing-automation-1920w-960x640-1-768x512.jpeg 768w, https:\/\/cdn.aivie.ch\/media\/wp\/2021\/06\/19131447\/angela-smile-working-on-aivie-marketing-automation-1920w-960x640-1-480x320.jpeg 480w, https:\/\/cdn.aivie.ch\/media\/wp\/2021\/06\/19131447\/angela-smile-working-on-aivie-marketing-automation-1920w-960x640-1-600x400.jpeg 600w\" sizes=\"auto, (max-width: 960px) 100vw, 960px\" \/><\/figure>\n\n\n\n<p><\/p>\n<\/div><\/div><\/div><\/div><\/div>\n\n\n\n<div class=\"wp-block-ugb-column ugb-column ugb-51cf674 ugb-column--design-plain ugb-main-block\"><div class=\"ugb-inner-block\"><div class=\"ugb-block-content\"><div class=\"ugb-column__item ugb-51cf674-column-wrapper\"><div class=\"ugb-column__content-wrapper\">\n<div class=\"wp-block-ugb-heading ugb-heading ugb-e6952f9 ugb-main-block\"><div class=\"ugb-inner-block\"><div class=\"ugb-block-content\"><h2 class=\"ugb-heading__title\">Kes\u00e4n vedonly\u00f6ntipeli<\/h2><p class=\"ugb-heading__subtitle\">L\u00f6yd\u00e4 vetoa p\u00e4ivist\u00e4, jolloin l\u00e4mp\u00f6tila nousee yli 30 asteen hein\u00e4kuussa, ja saat 30 prosentin alennuksen Aivie-markkinoinnin automaatioty\u00f6kalusta. Sinulla on my\u00f6s mahdollisuus voittaa 3 kuukautta Aivie Pro -palvelua ilmaiseksi kilpailussamme. T\u00e4yt\u00e4 lomake nyt ja osallistu!  <\/p><\/div><\/div><\/div>\n\n\n\n<div class=\"wp-block-ugb-button ugb-button-wrapper ugb-07975c0 ugb-main-block\"><style>.ugb-07975c0 .ugb-block-content{justify-content:flex-start !important}.ugb-07975c0 .ugb-inner-block{text-align:left}<\/style><div class=\"ugb-inner-block\"><div class=\"ugb-block-content\"><div class=\"ugb-button-container\"><a class=\"ugb-button1 ugb-button ugb-button--size-normal\" href=\"#jetzt-teilnehmen\" rel=\"\" title=\"\"><span class=\"ugb-button--inner\">Osallistu nyt<\/span><\/a><\/div><\/div><\/div><\/div>\n<\/div><\/div><\/div><\/div><\/div>\n<\/div><\/div><\/div><\/div>\n\n<div class=\"alignfull wp-block-ugb-columns ugb-columns aiv-col-2 ugb-1c9b479 ugb-columns--design-plain ugb-columns--columns-2 ugb-main-block ugb-main-block--inner-center ugb--has-block-background\"><style>.ugb-1c9b479-content-wrapper{grid-column-gap:60px !important}.ugb-1c9b479.ugb-columns{background-color:#cfe7e1}.ugb-1c9b479.ugb-columns:before{background-color:#cfe7e1}<\/style><div class=\"ugb-inner-block ugb-inner-block--center\"><div class=\"ugb-block-content\"><div class=\"ugb-columns__item ugb-1c9b479-content-wrapper\">\n<div class=\"wp-block-ugb-column ugb-column ugb-20fa9e9 ugb-column--design-plain ugb-main-block\"><div class=\"ugb-inner-block\"><div class=\"ugb-block-content\"><div class=\"ugb-column__item ugb-20fa9e9-column-wrapper\"><div class=\"ugb-column__content-wrapper\">\n<h2 class=\"wp-block-heading\" id=\"h-aivie-sommer-tippspiel\">Aivie kes\u00e4n vedonly\u00f6ntipeli<br\/><\/h2>\n\n\n\n<p><strong>30% alennus Aivie Pro: Veikkaa oikein <\/strong>ja saat mahdollisuuden ostaa tehokkaan markkinoinnin automaatio-ohjelmistomme alennettuun hintaan.<\/p>\n\n\n\n<p><strong>Kolmen kuukauden tilauksen arvonta:<\/strong> Arvomme kaikkien osallistujien kesken ilmaisen kolmen kuukauden Aivie Pro -tilauksen, joka sis\u00e4lt\u00e4\u00e4 5 000 kontaktia ja jonka arvo on 1 122 CHF.<\/p>\n\n\n\n<p>Osallistumisaika p\u00e4\u00e4ttyy 24. kes\u00e4kuuta.<br\/>S\u00e4\u00e4tiedot osoitteesta openweathermap.org.<br\/>Lunastettavissa 15. elokuuta 2024 asti uusille Aivie-asiakkaille.<\/p>\n\n\n\n<figure class=\"wp-block-image size-full\"><img loading=\"lazy\" decoding=\"async\" width=\"1900\" height=\"1267\" src=\"https:\/\/cdn.aivie.ch\/media\/wp\/2024\/03\/13141633\/michelle-laughing-at-content-laptop.jpg\" alt=\"Michelle nauraa sis&#xE4;lt&#xF6;&#xE4; kannettavalle tietokoneelle\" class=\"wp-image-18056\" title=\"\" srcset=\"https:\/\/cdn.aivie.ch\/media\/wp\/2024\/03\/13141633\/michelle-laughing-at-content-laptop.jpg 1900w, https:\/\/cdn.aivie.ch\/media\/wp\/2024\/03\/13141633\/michelle-laughing-at-content-laptop-960x640.jpg 960w, https:\/\/cdn.aivie.ch\/media\/wp\/2024\/03\/13141633\/michelle-laughing-at-content-laptop-768x512.jpg 768w, https:\/\/cdn.aivie.ch\/media\/wp\/2024\/03\/13141633\/michelle-laughing-at-content-laptop-1200x800.jpg 1200w, https:\/\/cdn.aivie.ch\/media\/wp\/2024\/03\/13141633\/michelle-laughing-at-content-laptop-480x320.jpg 480w\" sizes=\"auto, (max-width: 1900px) 100vw, 1900px\" \/><\/figure>\n<\/div><\/div><\/div><\/div><\/div>\n\n\n\n<div class=\"wp-block-ugb-column ugb-column ugb-0abfd3f ugb-column--design-plain ugb-main-block\" id=\"join\"><div class=\"ugb-inner-block\"><div class=\"ugb-block-content\"><div class=\"ugb-column__item ugb-0abfd3f-column-wrapper\"><div class=\"ugb-column__content-wrapper\">\n<div class=\"wp-block-ugb-heading ugb-heading ugb-2acaf7e ugb-main-block\" id=\"jetzt-teilnehmen\"><style>.ugb-2acaf7e .ugb-heading__title{color:#283e4c}<\/style><div class=\"ugb-inner-block\"><div class=\"ugb-block-content\"><h2 class=\"ugb-heading__title\">Osallistu nyt<\/h2><\/div><\/div><\/div>\n\n\n\n<p><strong>Valitse 5 p\u00e4iv\u00e4\u00e4 hein\u00e4kuussa:<\/strong> Ly\u00f6 vetoa p\u00e4ivist\u00e4, jolloin uskot Z\u00fcrichin l\u00e4mp\u00f6tilan nousevan yli 30 asteen hein\u00e4kuussa. Jos l\u00e4mp\u00f6tila nousee yli 30 asteen yhten\u00e4 valitsemistasi p\u00e4ivist\u00e4, olet voittanut! Onnea!  <\/p>\n\n\n<script type=\"text\/javascript\" src=\"https:\/\/m.aivie.ch\/form\/generate.js?id=104\"><\/script>\n<\/div><\/div><\/div><\/div><\/div>\n<\/div><\/div><\/div><\/div>\n\n<div class=\"alignfull wp-block-ugb-columns ugb-columns ugb-2b40da2 ugb-columns--design-uneven ugb-columns--columns-2 ugb-main-block ugb-main-block--inner-center ugb--has-block-background\"><style>.ugb-2b40da2.ugb-columns{background-color:#EFF0F1}.ugb-2b40da2.ugb-columns:before{background-color:#EFF0F1}<\/style><div class=\"ugb-inner-block ugb-inner-block--center\"><div class=\"ugb-block-content\"><div class=\"ugb-columns__item ugb-2b40da2-content-wrapper\">\n<div class=\"wp-block-ugb-column ugb-column ugb-143edfc ugb-column--design-plain ugb-main-block\"><style>.ugb-143edfc-column-wrapper .ugb-column__content-wrapper{width:350px !important}<\/style><div class=\"ugb-inner-block\"><div class=\"ugb-block-content\"><div class=\"ugb-column__item ugb-143edfc-column-wrapper\"><div class=\"ugb-column__content-wrapper\">\n<div class=\"wp-block-ugb-heading ugb-heading ugb-4fd7f46 ugb-main-block\"><style>.ugb-4fd7f46 .ugb-heading__title{color:#e63312}<\/style><div class=\"ugb-inner-block\"><div class=\"ugb-block-content\"><h2 class=\"ugb-heading__title\">Aivie voi tehd\u00e4 sen<\/h2><p class=\"ugb-heading__subtitle\">Sinulla on haasteet, meill\u00e4 on ratkaisu k\u00e4ytt\u00f6tapauksiisi. Mist\u00e4 haluat aloittaa? <\/p><\/div><\/div><\/div>\n\n\n\n<figure class=\"wp-block-image size-full\"><img loading=\"lazy\" decoding=\"async\" width=\"1920\" height=\"1080\" src=\"https:\/\/cdn.aivie.ch\/media\/wp\/2022\/04\/29151352\/Aivie-Marketing-Automation-Canvas.webp\" alt=\"Aivie Marketing Automation Canvas\" class=\"wp-image-7058\" title=\"\" srcset=\"https:\/\/cdn.aivie.ch\/media\/wp\/2022\/04\/29151352\/Aivie-Marketing-Automation-Canvas.webp 1920w, https:\/\/cdn.aivie.ch\/media\/wp\/2022\/04\/29151352\/Aivie-Marketing-Automation-Canvas-960x540.webp 960w, https:\/\/cdn.aivie.ch\/media\/wp\/2022\/04\/29151352\/Aivie-Marketing-Automation-Canvas-768x432.webp 768w, https:\/\/cdn.aivie.ch\/media\/wp\/2022\/04\/29151352\/Aivie-Marketing-Automation-Canvas-1200x675.webp 1200w, https:\/\/cdn.aivie.ch\/media\/wp\/2022\/04\/29151352\/Aivie-Marketing-Automation-Canvas-480x270.webp 480w, https:\/\/cdn.aivie.ch\/media\/wp\/2022\/04\/29151352\/Aivie-Marketing-Automation-Canvas-600x338.webp 600w\" sizes=\"auto, (max-width: 1920px) 100vw, 1920px\" \/><\/figure>\n<\/div><\/div><\/div><\/div><\/div>\n\n\n\n<div class=\"wp-block-ugb-column ugb-column ugb-01d22ab ugb-column--design-plain ugb-main-block\"><div class=\"ugb-inner-block\"><div class=\"ugb-block-content\"><div class=\"ugb-column__item ugb-01d22ab-column-wrapper\"><div class=\"ugb-column__content-wrapper\">\n<div class=\"wp-block-ugb-icon-list ugb-icon-list ugb-3bfbec6 ugb-icon-list--v2 ugb-main-block\"><style>.ugb-3bfbec6 li{--icon-size:40px !important}.ugb-3bfbec6 li::before{width:40px !important;height:40px !important;background-image:url('data:image\/svg+xml;base64,PHN2ZyB4bWxucz0iaHR0cDovL3d3dy53My5vcmcvMjAwMC9zdmciIHZpZXdCb3g9IjAgMCAxOTAgMTkwIiBzdHlsZT0iZmlsbDogI2U2MzMxMiAhaW1wb3J0YW50OyBjb2xvcjogI2U2MzMxMiAhaW1wb3J0YW50Ij48cG9seWdvbiBwb2ludHM9IjE3My44LDI4LjQgNjAuNCwxNDEuOCAxNS43LDk3LjIgNS4xLDEwNy44IDYwLjQsMTYzIDE4NC40LDM5IDE3My44LDI4LjQiIGZpbGw9IiNlNjMzMTIiIHN0cm9rZT0iI2U2MzMxMiIgc3R5bGU9ImZpbGw6IHJnYigyMzAsIDUxLCAxOCk7IHN0cm9rZTogcmdiKDIzMCwgNTEsIDE4KTsiLz48L3N2Zz4=')}.ugb-3bfbec6.ugb-icon-list ul{columns:1}<\/style><div class=\"ugb-inner-block\"><div class=\"ugb-block-content\"><ul><li><a href=\"https:\/\/aivie.ch\/leadgenerierung-ueber-die-webseite\/\">Liidien luominen verkkosivuston kautta<\/a><\/li><li><a href=\"https:\/\/aivie.ch\/marketingprozesse-optimieren\/\">Automatisoi markkinointiprosessit<\/a><\/li><li><span style=\"text-indent: calc(var(--icon-size, 20px)*-1 - 1em);\"><a href=\"https:\/\/aivie.ch\/personalisierte-e-mails\/\">Henkil\u00f6kohtaiset s\u00e4hk\u00f6postit<\/a><\/span><\/li><li><a href=\"https:\/\/aivie.ch\/lead-management-crm\/\">Lead management CRM<\/a><\/li><li><a href=\"https:\/\/aivie.ch\/marketing-reporting\/\">Markkinointiraportointi<\/a><\/li><\/ul><\/div><\/div><\/div>\n<\/div><\/div><\/div><\/div><\/div>\n<\/div><\/div><\/div><\/div>\n","protected":false},"excerpt":{"rendered":"<p>Kes\u00e4n vedonly\u00f6ntipeli L\u00f6yd\u00e4 vetoa p\u00e4ivist\u00e4, jolloin l\u00e4mp\u00f6tila nousee yli 30 asteen hein\u00e4kuussa, ja saat 30 prosentin alennuksen Aivie-markkinoinnin automaatioty\u00f6kalusta. Sinulla on my\u00f6s mahdollisuus voittaa 3 kuukautta Aivie Pro -palvelua ilmaiseksi kilpailussamme. T\u00e4yt\u00e4 lomake nyt ja osallistu! Osallistu nyt Aivie kes\u00e4n vedonly\u00f6ntipeli 30% alennus Aivie Pro: Veikkaa oikein ja saat mahdollisuuden ostaa tehokkaan markkinoinnin automaatio-ohjelmistomme alennettuun &hellip; <a href=\"https:\/\/aivie.ch\/fi\/kesaen-vedonlyoentipeli\/\" class=\"more-link\">Jatka lukemista <span class=\"screen-reader-text\">Kes\u00e4n vedonly\u00f6ntipeli<\/span><\/a><\/p>\n","protected":false},"author":1,"featured_media":0,"parent":0,"menu_order":0,"comment_status":"closed","ping_status":"closed","template":"front-page.php","meta":{"_acf_changed":false,"footnotes":""},"class_list":["post-26196","page","type-page","status-publish","hentry"],"acf":[],"featured_image_urls_v2":{"full":"","thumbnail":"","medium":"","medium_large":"","large":"","post-thumbnail":"","aiv_480w":"","woocommerce_thumbnail":"","woocommerce_single":"","woocommerce_gallery_thumbnail":""},"post_excerpt_stackable_v2":"<p>Kes\u00e4n vedonly\u00f6ntipeliL\u00f6yd\u00e4 vetoa p\u00e4ivist\u00e4, jolloin l\u00e4mp\u00f6tila nousee yli 30 asteen hein\u00e4kuussa, ja saat 30 prosentin alennuksen Aivie-markkinoinnin automaatioty\u00f6kalusta. Sinulla on my\u00f6s mahdollisuus voittaa 3 kuukautta Aivie Pro -palvelua ilmaiseksi kilpailussamme. T\u00e4yt\u00e4 lomake nyt ja osallistu! Osallistu nyt Aivie kes\u00e4n vedonly\u00f6ntipeli 30% alennus Aivie Pro: Veikkaa oikein ja saat mahdollisuuden ostaa tehokkaan markkinoinnin automaatio-ohjelmistomme alennettuun hintaan. Kolmen kuukauden tilauksen arvonta: Arvomme kaikkien osallistujien kesken ilmaisen kolmen kuukauden Aivie Pro -tilauksen, joka sis\u00e4lt\u00e4\u00e4 5 000 kontaktia ja jonka arvo on 1 122 CHF. Osallistumisaika p\u00e4\u00e4ttyy 24. kes\u00e4kuuta.S\u00e4\u00e4tiedot osoitteesta openweathermap.org.Lunastettavissa 15. elokuuta 2024 asti uusille Aivie-asiakkaille. Osallistu nyt Valitse 5 p\u00e4iv\u00e4\u00e4 hein\u00e4kuussa: Ly\u00f6\u2026<\/p>\n","category_list_v2":"","author_info_v2":{"name":"Adrian Schimpf","url":"https:\/\/aivie.ch\/fi\/author\/adrian\/"},"comments_num_v2":"0 comments","_links":{"self":[{"href":"https:\/\/aivie.ch\/fi\/wp-json\/wp\/v2\/pages\/26196","targetHints":{"allow":["GET"]}}],"collection":[{"href":"https:\/\/aivie.ch\/fi\/wp-json\/wp\/v2\/pages"}],"about":[{"href":"https:\/\/aivie.ch\/fi\/wp-json\/wp\/v2\/types\/page"}],"author":[{"embeddable":true,"href":"https:\/\/aivie.ch\/fi\/wp-json\/wp\/v2\/users\/1"}],"replies":[{"embeddable":true,"href":"https:\/\/aivie.ch\/fi\/wp-json\/wp\/v2\/comments?post=26196"}],"version-history":[{"count":3,"href":"https:\/\/aivie.ch\/fi\/wp-json\/wp\/v2\/pages\/26196\/revisions"}],"predecessor-version":[{"id":27752,"href":"https:\/\/aivie.ch\/fi\/wp-json\/wp\/v2\/pages\/26196\/revisions\/27752"}],"wp:attachment":[{"href":"https:\/\/aivie.ch\/fi\/wp-json\/wp\/v2\/media?parent=26196"}],"curies":[{"name":"wp","href":"https:\/\/api.w.org\/{rel}","templated":true}]}}