{"id":25412,"date":"2026-01-11T11:01:45","date_gmt":"2026-01-11T09:01:45","guid":{"rendered":"https:\/\/aivie.ch\/puhutaanpa-tietosuojasta\/"},"modified":"2026-01-11T11:01:47","modified_gmt":"2026-01-11T09:01:47","slug":"puhutaanpa-tietosuojasta","status":"publish","type":"page","link":"https:\/\/aivie.ch\/fi\/puhutaanpa-tietosuojasta\/","title":{"rendered":"Puhutaanpa tietosuojasta"},"content":{"rendered":"\n<p>Aivie kunnioittaa yksityisyytt\u00e4si.<\/p>\n\n<h2 class=\"wp-block-heading\" id=\"h-geltungsbereich\">Soveltamisala<\/h2>\n\n<p>T\u00e4ss\u00e4 tietosuojak\u00e4yt\u00e4nn\u00f6ss\u00e4 selitet\u00e4\u00e4n, miten tietoja ker\u00e4t\u00e4\u00e4n, k\u00e4ytet\u00e4\u00e4n ja tallennetaan, kun vierailet verkkosivustoillamme, kun k\u00e4yt\u00e4t palveluja verkkosivustojemme kautta ja kun olet yhteydess\u00e4 meihin.<\/p>\n\n<p>Tietosuoja koskee henkil\u00f6tietoja eli kaikkia tunnistettuun tai tunnistettavissa olevaan (luonnolliseen tai oikeushenkil\u00f6\u00f6n) liittyvi\u00e4 tietoja. N\u00e4ihin tietoihin kuuluvat esimerkiksi etu- ja sukunimi, titteli, postiosoite, s\u00e4hk\u00f6postiosoite, puhelinnumero ja vastaavat tiedot, jotka annat, kun olet yhteydess\u00e4 meihin, esimerkiksi tehdess\u00e4si tilauksen tai t\u00e4ytt\u00e4ess\u00e4si kysely\u00e4. N\u00e4ihin kuuluvat my\u00f6s IP-osoitteesi sek\u00e4 sivujen katselu ja reaktiot verkkotarjouksiin.  <\/p>\n\n<p>K\u00e4sittelyn oikeusperusteena ovat oikeutetut etumme, nimitt\u00e4in verkkosivustomme asianmukainen hallinnointi sek\u00e4 liiketoimintamme ja viestint\u00e4mme k\u00e4ytt\u00e4jien kanssa. Henkil\u00f6tietojen k\u00e4sittely tapahtuu Euroopan unionin yleisen tietosuoja-asetuksen (GDPR) puitteissa. <\/p>\n\n<p>K\u00e4ytt\u00e4m\u00e4ll\u00e4 verkkotarjoustamme hyv\u00e4ksyt tietosuojak\u00e4yt\u00e4nt\u00f6mme ja suostut henkil\u00f6tietojesi k\u00e4sittelyyn sovellettavien tietosuojalakien ja seuraavien s\u00e4\u00e4nn\u00f6sten mukaisesti.<\/p>\n\n<h2 class=\"wp-block-heading\" id=\"h-links-und-angebote-von-dritten\">Kolmansien osapuolten linkit ja tarjoukset<\/h2>\n\n<p>Emme ota vastuuta tietosuojas\u00e4\u00e4nn\u00f6sten noudattamisesta kolmansien osapuolten sis\u00e4ll\u00f6n ja tarjousten osalta, jotka on linkitetty verkkosivustoillamme tai julkaistu tiedotusv\u00e4lineiss\u00e4mme.<\/p>\n\n<h2 class=\"wp-block-heading\" id=\"h-kommunikation-mit-uns\">Viestint\u00e4 kanssamme<\/h2>\n\n<p>Verkkosivustomme ovat SSL-salattuja turvallisuussyist\u00e4 ja suojaamaan luottamuksellisen sis\u00e4ll\u00f6n siirtoa, jonka l\u00e4het\u00e4t meille k\u00e4ytt\u00e4j\u00e4n\u00e4. SSL-salattu yhteys n\u00e4kyy siten, ett\u00e4 selaimen osoitepalkki muuttuu &#8221;http:\/\/\u201d -osoitteesta &#8221;https:\/\/\u201d -osoitteeksi ja ett\u00e4 selainpalkkiin ilmestyy lukkosymboli. Jos SSL-salaus on aktivoitu, kolmannet osapuolet eiv\u00e4t voi lukea meille l\u00e4hett\u00e4mi\u00e4si tietoja.  <\/p>\n\n<p>Haluamme huomauttaa, ett\u00e4 Internetin kautta tapahtuvaan tiedonsiirtoon (esim. s\u00e4hk\u00f6postiviestinn\u00e4ss\u00e4) voi liitty\u00e4 tietoturva-aukkoja. Tietoja ei ole mahdollista suojata t\u00e4ysin kolmansien osapuolten p\u00e4\u00e4sylt\u00e4. <\/p>\n\n<h2 class=\"wp-block-heading\" id=\"h-datenverarbeitung\">Tietojen k\u00e4sittely<\/h2>\n\n<p>Ker\u00e4\u00e4mme, s\u00e4ilyt\u00e4mme ja k\u00e4sittelemme henkil\u00f6tietojasi niin kauan kuin se on tarpeen tietojen ker\u00e4\u00e4misen tarkoituksen kannalta tai lain edellytt\u00e4m\u00e4ll\u00e4 tai sallimalla tavalla.<\/p>\n\n<h2 class=\"wp-block-heading\" id=\"h-google-analytics\">Google Analytics<\/h2>\n\n<p>K\u00e4yt\u00e4mme Google Analyticsia, joka on Google Inc:n, 1600 Amphitheater Parkway, Mountain View, CA 94043, USA, tarjoama web-analyysipalvelu. Googlen tietosuojak\u00e4yt\u00e4nt\u00f6 l\u00f6ytyy osoitteesta <a href=\"https:\/\/policies.google.com\/privacy\" target=\"_blank\" rel=\"noopener\">https:\/\/policies.google.com\/privacy.<\/a> <\/p>\n\n<p>Google Analytics k\u00e4ytt\u00e4\u00e4 ev\u00e4steit\u00e4, jotka ovat tekstitiedostoja, jotka tallennetaan selaimeesi ja joiden avulla verkkosivuston k\u00e4ytt\u00f6\u00e4 voidaan analysoida. Ev\u00e4steiden tarkoituksena on erityisesti analysoida n\u00e4iden verkkosivustojen k\u00e4ytt\u00f6\u00e4 tilastollista arviointia varten ja parantaa jatkuvasti tarjontaamme ja viestint\u00e4\u00e4mme. <\/p>\n\n<p>Google Analyticsin ev\u00e4steiden tuottamat tiedot verkkosivuston k\u00e4yt\u00f6st\u00e4si siirret\u00e4\u00e4n Googlen yhdysvaltalaisille palvelimille ja Google tallentaa ne Yhdysvalloissa sijaitseville palvelimille. Google k\u00e4ytt\u00e4\u00e4 n\u00e4it\u00e4 tietoja arvioidakseen verkkosivuston k\u00e4ytt\u00f6\u00e4si, laatiakseen raportteja verkkosivuston toiminnasta verkkosivuston yll\u00e4pit\u00e4jille ja tarjotakseen muita verkkosivuston toimintaan ja internetin k\u00e4ytt\u00f6\u00f6n liittyvi\u00e4 palveluja. Google voi my\u00f6s siirt\u00e4\u00e4 n\u00e4it\u00e4 tietoja kolmansille osapuolille, jos laki niin vaatii tai jos t\u00e4llaiset kolmannet osapuolet k\u00e4sittelev\u00e4t tietoja Googlen puolesta. Google ei kuitenkaan yhdist\u00e4 IP-osoitettasi muihin Googlen hallussa oleviin tietoihin.     <\/p>\n\n<p>Huomaa, ett\u00e4 t\u00e4ll\u00e4 verkkosivustolla Google Analyticsia on laajennettu koodilla &#8221;gat._anonymizeIp ();\u201d IP-osoitteiden anonyymin ker\u00e4\u00e4misen varmistamiseksi (niin sanottu IP-peitt\u00e4minen). Jos anonymisointi on aktivoitu, Google lyhent\u00e4\u00e4 IP-osoitteet Euroopan unionin j\u00e4senvaltioissa tai muissa Euroopan talousalueesta tehdyn sopimuksen sopimusvaltioissa niin, ett\u00e4 henkil\u00f6llisyytt\u00e4si ei voida tunnistaa. Vain poikkeustapauksissa koko IP-osoite siirret\u00e4\u00e4n Googlen palvelimelle Yhdysvaltoihin ja typistet\u00e4\u00e4n siell\u00e4. Google noudattaa Privacy Shield -sopimuksen tietosuojas\u00e4\u00e4nn\u00f6ksi\u00e4 ja on rekister\u00f6itynyt kauppaministeri\u00f6n Privacy Shield -ohjelmaan ja k\u00e4ytt\u00e4\u00e4 ker\u00e4\u00e4mi\u00e4mme tietoja arvioidakseen ja raportoidakseen verkkosivujemme k\u00e4yt\u00f6st\u00e4 sek\u00e4 tarjotakseen meille muita asiaan liittyvi\u00e4 palveluja.     <\/p>\n\n<p>Voit est\u00e4\u00e4 ev\u00e4steiden tallentamisen valitsemalla selaimesi asianmukaiset asetukset. Haluamme kuitenkin huomauttaa, ett\u00e4 t\u00e4ss\u00e4 tapauksessa et ehk\u00e4 pysty k\u00e4ytt\u00e4m\u00e4\u00e4n kaikkia verkkosivustomme toimintoja t\u00e4ysim\u00e4\u00e4r\u00e4isesti.   <\/p>\n\n<h2 class=\"wp-block-heading\" id=\"h-google-recaptcha\">Google reCAPTCHA<\/h2>\n\n<p>Lomakkeidemme kautta l\u00e4hett\u00e4miesi tiedustelujen suojaamiseksi k\u00e4yt\u00e4mme <a href=\"https:\/\/www.google.com\/recaptcha\/about\/\" target=\"_blank\" rel=\"noreferrer noopener\">Googlen reCAPTCHA-palvelua<\/a>. T\u00e4t\u00e4 palvelua k\u00e4ytet\u00e4\u00e4n erottamaan, onko sy\u00f6tt\u00f6 ihmisen vai automaattisen koneellisen k\u00e4sittelyn avulla tehty. Osana t\u00e4t\u00e4 palvelua Googlelle v\u00e4litet\u00e4\u00e4n tietoja, kuten IP-osoite, k\u00e4ytt\u00e4j\u00e4n verkkosivustolla viett\u00e4m\u00e4 aika tai hiiren liikkeet. N\u00e4ihin tietoihin sovelletaan Googlen tietosuojak\u00e4yt\u00e4nt\u00f6\u00e4.   <\/p>\n\n<h2 class=\"wp-block-heading\" id=\"h-facebook-pixel\">Facebook Pixel<\/h2>\n\n<p>K\u00e4yt\u00e4mme Facebook Pixel -palvelua, jonka tarjoaa Facebook Ireland Limited, 4 Grand Canal Square, Dublin 2, Irlanti. L\u00f6yd\u00e4t Facebookin tietosuojak\u00e4yt\u00e4nn\u00f6n osoitteesta <a href=\"https:\/\/www.facebook.com\/about\/privacy\/\" target=\"_blank\" rel=\"noopener\">https:\/\/www.facebook.com\/about\/privacy\/.<\/a> <\/p>\n\n<p>Facebook-pikselien avulla viestint\u00e4toimenpiteemme Facebookissa voidaan r\u00e4\u00e4t\u00e4l\u00f6id\u00e4 paremmin toiveidesi ja kiinnostuksen kohteidesi mukaan. Pikselien avulla Facebook voi yhdist\u00e4\u00e4 verkkosivustomme k\u00e4vij\u00f6iden k\u00e4ytt\u00e4j\u00e4tiedot (asiakastiedot, kuten IP-osoite) Facebook-tileihin. Facebook-palvelimelle ilmoitetaan, mill\u00e4 verkkosivuillamme olet vieraillut.    <\/p>\n\n<p>Huomaa, ett\u00e4 Facebook on liittynyt Euroopan unionin ja Yhdysvaltojen v\u00e4liseen Privacy Shield -sopimukseen, ja se on sertifioitu sen mukaisesti. T\u00e4m\u00e4 tarkoittaa, ett\u00e4 Facebook sitoutuu noudattamaan eurooppalaisen tietosuojalains\u00e4\u00e4d\u00e4nn\u00f6n normeja ja m\u00e4\u00e4r\u00e4yksi\u00e4.   <\/p>\n\n<p>Voit poistaa Mukautetut kohderyhm\u00e4t k\u00e4yt\u00f6st\u00e4 ja siten est\u00e4\u00e4 Facebookia liitt\u00e4m\u00e4st\u00e4 ker\u00e4ttyj\u00e4 tietoja suoraan Facebook-k\u00e4ytt\u00e4j\u00e4tiliisi. T\u00e4t\u00e4 varten sinun on oltava kirjautuneena Facebookiin. <\/p>\n\n<h2 class=\"wp-block-heading\" id=\"h-chatgpt-ai\">ChatGPT AI<\/h2>\n\n<p>Aivie-ty\u00f6kalun ohjatussa s\u00e4hk\u00f6postin luomisessa k\u00e4ytet\u00e4\u00e4n OpenAI:n ChatGPT:t\u00e4. Ker\u00e4\u00e4mme vain palvelumme tarjoamiseen tarvittavat tiedot (ohjatun s\u00e4hk\u00f6postin luominen). ChatGPT voi ker\u00e4t\u00e4 ja k\u00e4sitell\u00e4 henkil\u00f6tietoja, kuten nime\u00e4, osoitetta, puhelinnumeroa tai s\u00e4hk\u00f6postiosoitteita, jos annat ne. Emme ker\u00e4\u00e4 tai tallenna n\u00e4it\u00e4 tietoja.<br\/>K\u00e4ytt\u00e4m\u00e4ll\u00e4 s\u00e4hk\u00f6postiohjattua sovellusta hyv\u00e4ksyt, ett\u00e4 vuorovaikutuksesi teknologian kanssa k\u00e4sitell\u00e4\u00e4n Yhdysvalloista k\u00e4sin ja Yhdysvalloissa.   <\/p>\n\n<p>  OpenAI:n m\u00e4\u00e4r\u00e4yksi\u00e4 sovelletaan osoitteessa: www.openai.com\/policies.<\/p>\n\n<h2 class=\"wp-block-heading\" id=\"h-aivie-marketing-automatisierung\">Aivie markkinoinnin automaatio<\/h2>\n\n<p>T\u00e4m\u00e4 verkkosivusto k\u00e4ytt\u00e4\u00e4 Aivieta, joka on itse is\u00e4nn\u00f6ity avoimen l\u00e4hdekoodin markkinoinnin automaatiopalvelu.  <\/p>\n\n<p>Aivie k\u00e4ytt\u00e4\u00e4 ev\u00e4steit\u00e4, jotka ovat tekstitiedostoja, jotka tallennetaan selaimeesi ja joiden avulla voidaan analysoida verkkosivustojen k\u00e4ytt\u00f6\u00e4si. Ev\u00e4steiden tarkoituksena on erityisesti analysoida n\u00e4iden verkkosivustojen k\u00e4ytt\u00f6\u00e4 tilastollista arviointia varten ja parantaa jatkuvasti tarjontaamme ja viestint\u00e4\u00e4mme. <\/p>\n\n<p>Huomaa, ett\u00e4 Aivie-ev\u00e4steiden tuottamat tiedot t\u00e4m\u00e4n verkkosivuston k\u00e4yt\u00f6st\u00e4si tallennetaan omille palvelimillemme Sveitsiss\u00e4 ja Euroopassa, eik\u00e4 niit\u00e4 luovuteta kolmansille osapuolille.  <\/p>\n\n<p>Voit est\u00e4\u00e4 ev\u00e4steiden tallentamisen valitsemalla selaimesi asianmukaiset asetukset. Haluamme kuitenkin huomauttaa, ett\u00e4 t\u00e4ss\u00e4 tapauksessa et ehk\u00e4 pysty k\u00e4ytt\u00e4m\u00e4\u00e4n kaikkia verkkosivustomme toimintoja t\u00e4ysim\u00e4\u00e4r\u00e4isesti. <\/p>\n\n<h2 class=\"wp-block-heading\" id=\"plugin-bexio-to-google-datastudio-connector\">Bexio-liit\u00e4nn\u00e4inen Google Datastudio Connector -liittimeen<\/h2>\n\n<p>Bexio to Google Data Studio Connector -liit\u00e4nn\u00e4islaajennus, j\u00e4ljemp\u00e4n\u00e4 &#8221;Bexio GDS -liit\u00e4nn\u00e4islaajennus\u201d, siirt\u00e4\u00e4 vain tietoja Bexiosta Google Data Studioon. Bexio GDS -lis\u00e4osa ei tallenna tai k\u00e4yt\u00e4 vastaanotettuja tietoja mill\u00e4\u00e4n muulla tavalla. Kaikki Googlen sovellusrajapinnoista saadut tiedot ovat Google API Services -k\u00e4ytt\u00e4j\u00e4tietok\u00e4yt\u00e4nn\u00f6n mukaisia, mukaan lukien rajoitetun k\u00e4yt\u00f6n vaatimukset.  <br\/><\/p>\n\n<p>Bexio GDS -lis\u00e4osa ei tallenna tai k\u00e4sittele mit\u00e4\u00e4n vastaanotettuja tietoja. Googlen k\u00e4ytt\u00e4j\u00e4tietoja k\u00e4ytet\u00e4\u00e4n vain Google Data Studion vaadittujen toimintojen k\u00e4ytt\u00e4miseen ja sen varmistamiseen, ett\u00e4 k\u00e4ytt\u00e4j\u00e4ll\u00e4 on tarvittavat oikeudet liittimen k\u00e4ytt\u00e4miseen. <\/p>\n\n<h2 class=\"wp-block-heading\" id=\"h-dein-recht-uber-deine-daten\">Sinun oikeutesi tietoihin<\/h2>\n\n<p>Voit milloin tahansa pyyt\u00e4\u00e4 tietoja tallennetuista henkil\u00f6tiedoistasi, niiden alkuper\u00e4st\u00e4 ja vastaanottajista sek\u00e4 tietojen k\u00e4sittelyn tarkoituksesta. Sinulla on oikeus saada n\u00e4m\u00e4 tiedot oikaistuksi, estetyksi tai <a href=\"https:\/\/m.aivie.ch\/kommunikationseinstellungen-aivie-datenloschung\" target=\"_blank\" rel=\"noreferrer noopener\">poistetuksi.<\/a>   <\/p>\n\n<p>Jos sinulla on kysytt\u00e4v\u00e4\u00e4 tai huolenaiheita henkil\u00f6tiedoista, l\u00e4het\u00e4 meille viesti osoitteeseen <a href=\"mailto:legal@aivie.ch\">legal@aivie.ch.<\/a><\/p>\n\n<p><\/p>\n\n<p>Aivie by Idea 2 Collective GmbH<br\/>Wengistrasse 6<br\/>8004 Z\u00fcrich<\/p>\n","protected":false},"excerpt":{"rendered":"<p>Aivie kunnioittaa yksityisyytt\u00e4si. Soveltamisala T\u00e4ss\u00e4 tietosuojak\u00e4yt\u00e4nn\u00f6ss\u00e4 selitet\u00e4\u00e4n, miten tietoja ker\u00e4t\u00e4\u00e4n, k\u00e4ytet\u00e4\u00e4n ja tallennetaan, kun vierailet verkkosivustoillamme, kun k\u00e4yt\u00e4t palveluja verkkosivustojemme kautta ja kun olet yhteydess\u00e4 meihin. Tietosuoja koskee henkil\u00f6tietoja eli kaikkia tunnistettuun tai tunnistettavissa olevaan (luonnolliseen tai oikeushenkil\u00f6\u00f6n) liittyvi\u00e4 tietoja. N\u00e4ihin tietoihin kuuluvat esimerkiksi etu- ja sukunimi, titteli, postiosoite, s\u00e4hk\u00f6postiosoite, puhelinnumero ja vastaavat tiedot, jotka &hellip; <a href=\"https:\/\/aivie.ch\/fi\/puhutaanpa-tietosuojasta\/\" class=\"more-link\">Jatka lukemista <span class=\"screen-reader-text\">Puhutaanpa tietosuojasta<\/span><\/a><\/p>\n","protected":false},"author":1,"featured_media":0,"parent":0,"menu_order":0,"comment_status":"closed","ping_status":"closed","template":"","meta":{"_acf_changed":false,"footnotes":""},"class_list":["post-25412","page","type-page","status-publish","hentry"],"acf":[],"featured_image_urls_v2":{"full":"","thumbnail":"","medium":"","medium_large":"","large":"","post-thumbnail":"","aiv_480w":"","woocommerce_thumbnail":"","woocommerce_single":"","woocommerce_gallery_thumbnail":""},"post_excerpt_stackable_v2":"<p>Aivie kunnioittaa yksityisyytt\u00e4si. Soveltamisala T\u00e4ss\u00e4 tietosuojak\u00e4yt\u00e4nn\u00f6ss\u00e4 selitet\u00e4\u00e4n, miten tietoja ker\u00e4t\u00e4\u00e4n, k\u00e4ytet\u00e4\u00e4n ja tallennetaan, kun vierailet verkkosivustoillamme, kun k\u00e4yt\u00e4t palveluja verkkosivustojemme kautta ja kun olet yhteydess\u00e4 meihin. Tietosuoja koskee henkil\u00f6tietoja eli kaikkia tunnistettuun tai tunnistettavissa olevaan (luonnolliseen tai oikeushenkil\u00f6\u00f6n) liittyvi\u00e4 tietoja. N\u00e4ihin tietoihin kuuluvat esimerkiksi etu- ja sukunimi, titteli, postiosoite, s\u00e4hk\u00f6postiosoite, puhelinnumero ja vastaavat tiedot, jotka annat, kun olet yhteydess\u00e4 meihin, esimerkiksi tehdess\u00e4si tilauksen tai t\u00e4ytt\u00e4ess\u00e4si kysely\u00e4. N\u00e4ihin kuuluvat my\u00f6s IP-osoitteesi sek\u00e4 sivujen katselu ja reaktiot verkkotarjouksiin. K\u00e4sittelyn oikeusperusteena ovat oikeutetut etumme, nimitt\u00e4in verkkosivustomme asianmukainen hallinnointi sek\u00e4 liiketoimintamme ja viestint\u00e4mme k\u00e4ytt\u00e4jien kanssa. Henkil\u00f6tietojen k\u00e4sittely tapahtuu Euroopan unionin yleisen tietosuoja-asetuksen (GDPR) puitteissa.\u2026<\/p>\n","category_list_v2":"","author_info_v2":{"name":"Adrian Schimpf","url":"https:\/\/aivie.ch\/fi\/author\/adrian\/"},"comments_num_v2":"0 comments","_links":{"self":[{"href":"https:\/\/aivie.ch\/fi\/wp-json\/wp\/v2\/pages\/25412","targetHints":{"allow":["GET"]}}],"collection":[{"href":"https:\/\/aivie.ch\/fi\/wp-json\/wp\/v2\/pages"}],"about":[{"href":"https:\/\/aivie.ch\/fi\/wp-json\/wp\/v2\/types\/page"}],"author":[{"embeddable":true,"href":"https:\/\/aivie.ch\/fi\/wp-json\/wp\/v2\/users\/1"}],"replies":[{"embeddable":true,"href":"https:\/\/aivie.ch\/fi\/wp-json\/wp\/v2\/comments?post=25412"}],"version-history":[{"count":1,"href":"https:\/\/aivie.ch\/fi\/wp-json\/wp\/v2\/pages\/25412\/revisions"}],"predecessor-version":[{"id":25414,"href":"https:\/\/aivie.ch\/fi\/wp-json\/wp\/v2\/pages\/25412\/revisions\/25414"}],"wp:attachment":[{"href":"https:\/\/aivie.ch\/fi\/wp-json\/wp\/v2\/media?parent=25412"}],"curies":[{"name":"wp","href":"https:\/\/api.w.org\/{rel}","templated":true}]}}