{"id":25398,"date":"2026-01-11T11:01:19","date_gmt":"2026-01-11T09:01:19","guid":{"rendered":"https:\/\/aivie.ch\/jaelki\/"},"modified":"2026-04-10T10:20:50","modified_gmt":"2026-04-10T08:20:50","slug":"jaelki","status":"publish","type":"page","link":"https:\/\/aivie.ch\/fi\/jaelki\/","title":{"rendered":"J\u00e4lki"},"content":{"rendered":"\n<p>Aivie on tarjous<br\/><strong>Idea<\/strong> 2 Collective GmbH<br\/>Wengistrasse 6<br\/>8004 Z\u00fcrich<br\/>Sveitsi Wengistrasse 6 8004 Z\u00fcrich Sveitsi<br\/><\/p>\n\n<p><strong>UID-numero: CHE-171<\/strong>.489.514.<\/p>\n\n<p><strong>S\u00e4hk\u00f6posti: hello@aivie.ch<\/strong> <\/p>\n\n<p><strong>Puhelin: +41 43<\/strong> 883 06 72<\/p>\n\n<p><strong>Hallinto<\/strong><br\/>Adrian Schimpf<\/p>\n\n<p>Aivie\u00ae on Idea 2 Collective GmbH <a href=\"https:\/\/www.swissreg.ch\/database-client\/register\/detail\/trademark\/1207425355\" target=\"_blank\" rel=\"noreferrer noopener\">:n rekister\u00f6ity tavaramerkki<\/a>.<br\/>(tavaramerkki nro CH 755450).<\/p>\n\n<p><\/p>\n","protected":false},"excerpt":{"rendered":"<p>Aivie on tarjousIdea 2 Collective GmbHWengistrasse 68004 Z\u00fcrichSveitsi Wengistrasse 6 8004 Z\u00fcrich Sveitsi UID-numero: CHE-171.489.514. S\u00e4hk\u00f6posti: hello@aivie.ch Puhelin: +41 43 883 06 72 HallintoAdrian Schimpf Aivie\u00ae on Idea 2 Collective GmbH :n rekister\u00f6ity tavaramerkki.(tavaramerkki nro CH 755450).<\/p>\n","protected":false},"author":1,"featured_media":0,"parent":0,"menu_order":0,"comment_status":"closed","ping_status":"closed","template":"","meta":{"_acf_changed":false,"footnotes":""},"class_list":["post-25398","page","type-page","status-publish","hentry"],"acf":[],"featured_image_urls_v2":{"full":"","thumbnail":"","medium":"","medium_large":"","large":"","post-thumbnail":"","aiv_480w":"","woocommerce_thumbnail":"","woocommerce_single":"","woocommerce_gallery_thumbnail":""},"post_excerpt_stackable_v2":"<p>Aivie on tarjousIdea 2 Collective GmbHWengistrasse 68004 Z\u00fcrichSveitsi Wengistrasse 6 8004 Z\u00fcrich Sveitsi UID-numero: CHE-171.489.514. S\u00e4hk\u00f6posti: hello@aivie.ch Puhelin: +41 43 883 06 72 HallintoAdrian Schimpf Aivie\u00ae on Idea 2 Collective GmbH :n rekister\u00f6ity tavaramerkki.(tavaramerkki nro CH 755450).<\/p>\n","category_list_v2":"","author_info_v2":{"name":"Adrian Schimpf","url":"https:\/\/aivie.ch\/fi\/author\/adrian\/"},"comments_num_v2":"0 comments","_links":{"self":[{"href":"https:\/\/aivie.ch\/fi\/wp-json\/wp\/v2\/pages\/25398","targetHints":{"allow":["GET"]}}],"collection":[{"href":"https:\/\/aivie.ch\/fi\/wp-json\/wp\/v2\/pages"}],"about":[{"href":"https:\/\/aivie.ch\/fi\/wp-json\/wp\/v2\/types\/page"}],"author":[{"embeddable":true,"href":"https:\/\/aivie.ch\/fi\/wp-json\/wp\/v2\/users\/1"}],"replies":[{"embeddable":true,"href":"https:\/\/aivie.ch\/fi\/wp-json\/wp\/v2\/comments?post=25398"}],"version-history":[{"count":2,"href":"https:\/\/aivie.ch\/fi\/wp-json\/wp\/v2\/pages\/25398\/revisions"}],"predecessor-version":[{"id":29633,"href":"https:\/\/aivie.ch\/fi\/wp-json\/wp\/v2\/pages\/25398\/revisions\/29633"}],"wp:attachment":[{"href":"https:\/\/aivie.ch\/fi\/wp-json\/wp\/v2\/media?parent=25398"}],"curies":[{"name":"wp","href":"https:\/\/api.w.org\/{rel}","templated":true}]}}