{"id":25323,"date":"2025-12-24T11:11:41","date_gmt":"2025-12-24T09:11:41","guid":{"rendered":"https:\/\/aivie.ch\/kestaevae-kehitys\/"},"modified":"2026-01-11T11:01:27","modified_gmt":"2026-01-11T09:01:27","slug":"kestaevae-kehitys","status":"publish","type":"page","link":"https:\/\/aivie.ch\/fi\/kestaevae-kehitys\/","title":{"rendered":"Kest\u00e4v\u00e4 kehitys"},"content":{"rendered":"\n<div class=\"alignfull wp-block-ugb-columns ugb-columns aiv-col-2 ugb-b5274d6 ugb-columns--design-plain ugb-columns--columns-2 ugb-main-block ugb-main-block--inner-center ugb--has-block-background ugb--has-background-overlay\">.ugb-b5274d6.ugb-columns{background-image:url(https:\/\/cdn.aivie.ch\/media\/wp\/2021\/06\/19131703\/pattern-u-960w.png);background-position:bottom left;background-repeat:no-repeat;background-size:40% !important}.ugb-b5274d6.ugb-columns:before{opacity:0.5}@media screen and (min-width:768px){.ugb-b5274d6.ugb-columns{padding-right:35px !important}}<div class=\"ugb-inner-block ugb-inner-block--center\"><div class=\"ugb-block-content\"><div class=\"ugb-columns__item ugb-b5274d6-content-wrapper\">\n<div class=\"wp-block-ugb-column ugb-column ugb-2cbff60 ugb-column--design-plain ugb-main-block\">@media screen and (min-width:768px){.ugb-2cbff60 &gt; .ugb-inner-block &gt; .ugb-block-content &gt; *{justify-content:flex-start}}.ugb-2cbff60 &gt; .ugb-inner-block &gt; .ugb-block-content &gt; *{justify-content:flex-start !important}@media screen and (min-width:768px){.ugb-2cbff60 &gt; .ugb-inner-block &gt; .ugb-block-content &gt; *{padding-top:80px !important}}<div class=\"ugb-inner-block\"><div class=\"ugb-block-content\"><div class=\"ugb-column__item ugb-2cbff60-column-wrapper\"><div class=\"ugb-column__content-wrapper\">\n<figure class=\"wp-block-image size-full\"><img loading=\"lazy\" decoding=\"async\" width=\"1920\" height=\"1280\" src=\"https:\/\/cdn.aivie.ch\/media\/wp\/2021\/11\/19131450\/Partnerprogramm_HighFive-2.jpg\" alt=\"\" class=\"wp-image-3461\" title=\"\" srcset=\"https:\/\/cdn.aivie.ch\/media\/wp\/2021\/11\/19131450\/Partnerprogramm_HighFive-2.jpg 1920w, https:\/\/cdn.aivie.ch\/media\/wp\/2021\/11\/19131450\/Partnerprogramm_HighFive-2-960x640.jpg 960w, https:\/\/cdn.aivie.ch\/media\/wp\/2021\/11\/19131450\/Partnerprogramm_HighFive-2-768x512.jpg 768w, https:\/\/cdn.aivie.ch\/media\/wp\/2021\/11\/19131450\/Partnerprogramm_HighFive-2-1200x800.jpg 1200w, https:\/\/cdn.aivie.ch\/media\/wp\/2021\/11\/19131450\/Partnerprogramm_HighFive-2-480x320.jpg 480w, https:\/\/cdn.aivie.ch\/media\/wp\/2021\/11\/19131450\/Partnerprogramm_HighFive-2-600x400.jpg 600w\" sizes=\"auto, (max-width: 1920px) 100vw, 1920px\" \/><\/figure>\n\n\n\n<p><\/p>\n<\/div><\/div><\/div><\/div><\/div>\n\n\n\n<div class=\"wp-block-ugb-column ugb-column ugb-be25487 ugb-column--design-plain ugb-main-block\"><div class=\"ugb-inner-block\"><div class=\"ugb-block-content\"><div class=\"ugb-column__item ugb-be25487-column-wrapper\"><div class=\"ugb-column__content-wrapper\">\n<div class=\"wp-block-ugb-heading ugb-heading ugb-1dd3077 ugb-main-block\"><div class=\"ugb-inner-block\"><div class=\"ugb-block-content\"><h1 class=\"ugb-heading__title\"><br \/><br \/>Aivien kest\u00e4v\u00e4 kehitys<\/h1><p class=\"ugb-heading__subtitle\"><strong>Tietoinen, digitaalinen, vastuullinen.<\/strong><br \/>Digitaalisena yrityksen\u00e4 meill\u00e4 on mahdollisuus \u2013 ja vastuu \u2013 tehd\u00e4 kest\u00e4vi\u00e4 p\u00e4\u00e4t\u00f6ksi\u00e4. Meille kest\u00e4vyys ei tarkoita vain ymp\u00e4rist\u00f6tietoisuutta vaan my\u00f6s vastuullista tietojen, resurssien ja ihmisten k\u00e4sittely\u00e4. Haluamme kehitt\u00e4\u00e4 teknologiaa, jolla on pitk\u00e4aikaisia vaikutuksia ja jota k\u00e4ytet\u00e4\u00e4n tietoisesti.  <\/p><\/div><\/div><\/div>\n<\/div><\/div><\/div><\/div><\/div>\n<\/div><\/div><\/div><\/div>\n\n<div class=\"wp-block-ugb-container ugb-container ugb-4e30a13 ugb-container--v2 ugb-container--design-basic ugb-main-block\">.ugb-4e30a13-wrapper &gt; .ugb-container__side{align-items:center !important}@media screen and (min-width:768px){.ugb-4e30a13-content-wrapper.ugb-container__content-wrapper{width:90% !important}}<div class=\"ugb-inner-block\"><div class=\"ugb-block-content\"><div class=\"ugb-container__wrapper ugb-4e30a13-wrapper\"><div class=\"ugb-container__side\"><div class=\"ugb-container__content-wrapper ugb-4e30a13-content-wrapper\">\n<h2 class=\"wp-block-heading has-text-align-center\"><span style=\"color: #e63312\" class=\"stk-highlight\">Miten el\u00e4mme kest\u00e4vyytt\u00e4<\/span><\/h2>\n\n\n\n<p class=\"has-text-align-center\">Aivie on etupainotteinen, digitaalinen ja riippumaton. T\u00e4m\u00e4 mahdollistaa kevyet prosessit, lyhyet p\u00e4\u00e4t\u00f6ksentekopolut ja ty\u00f6skentelytavan, jolla on pieni ekologinen jalanj\u00e4lki. Samalla uskomme, ett\u00e4 kest\u00e4v\u00e4 teknologia on parempaa teknologiaa: tehokasta, l\u00e4pin\u00e4kyv\u00e4\u00e4, kest\u00e4v\u00e4\u00e4 ja oikeudenmukaista.  <\/p>\n<\/div><\/div><\/div><\/div><\/div><\/div>\n\n<div class=\"alignfull wp-block-ugb-columns ugb-columns ugb-eb3f722 ugb-columns--design-plain ugb-columns--columns-2 ugb-main-block ugb-main-block--inner-wide ugb--has-block-background\" id=\"nachhaltig\">.ugb-eb3f722 &gt; .ugb-inner-block &gt; .ugb-block-content &gt; .ugb-columns__item{grid-template-columns:0.66fr 1.34fr !important}.ugb-eb3f722-content-wrapper{grid-column-gap:60px !important}.ugb-eb3f722.ugb-columns{background-color:#cfe7e1}.ugb-eb3f722.ugb-columns:before{background-color:#cfe7e1}<div class=\"ugb-inner-block ugb-inner-block--wide\"><div class=\"ugb-block-content\"><div class=\"ugb-columns__item ugb-eb3f722-content-wrapper\">\n<div class=\"wp-block-ugb-column ugb-column ugb-865ce1d ugb-column--design-plain ugb-main-block\">@media screen and (min-width:768px){.ugb-865ce1d.ugb-column{margin-top:0px !important}.ugb-865ce1d &gt; .ugb-inner-block &gt; .ugb-block-content &gt; *{justify-content:flex-end}}.ugb-865ce1d &gt; .ugb-inner-block &gt; .ugb-block-content &gt; *{justify-content:flex-end !important}@media screen and (min-width:768px){.ugb-865ce1d &gt; .ugb-inner-block &gt; .ugb-block-content &gt; *{padding-top:0px !important;padding-bottom:0px !important;padding-right:0px !important;padding-left:0px !important}}<div class=\"ugb-inner-block\"><div class=\"ugb-block-content\"><div class=\"ugb-column__item ugb-865ce1d-column-wrapper\"><div class=\"ugb-column__content-wrapper\">\n<figure class=\"wp-block-image aligncenter size-thumbnail is-style-default\"><img loading=\"lazy\" decoding=\"async\" width=\"240\" height=\"240\" src=\"https:\/\/cdn.aivie.ch\/media\/wp\/2022\/05\/03100652\/blattrot-240x240.png\" alt=\"\" class=\"wp-image-7152\" title=\"\" srcset=\"https:\/\/cdn.aivie.ch\/media\/wp\/2022\/05\/03100652\/blattrot-240x240.png 240w, https:\/\/cdn.aivie.ch\/media\/wp\/2022\/05\/03100652\/blattrot-960x960.png 960w, https:\/\/cdn.aivie.ch\/media\/wp\/2022\/05\/03100652\/blattrot-1920x1920.png 1920w, https:\/\/cdn.aivie.ch\/media\/wp\/2022\/05\/03100652\/blattrot-768x768.png 768w, https:\/\/cdn.aivie.ch\/media\/wp\/2022\/05\/03100652\/blattrot-900x900.png 900w, https:\/\/cdn.aivie.ch\/media\/wp\/2022\/05\/03100652\/blattrot-1200x1200.png 1200w, https:\/\/cdn.aivie.ch\/media\/wp\/2022\/05\/03100652\/blattrot-480x480.png 480w, https:\/\/cdn.aivie.ch\/media\/wp\/2022\/05\/03100652\/blattrot-300x300.png 300w, https:\/\/cdn.aivie.ch\/media\/wp\/2022\/05\/03100652\/blattrot-600x600.png 600w, https:\/\/cdn.aivie.ch\/media\/wp\/2022\/05\/03100652\/blattrot-100x100.png 100w\" sizes=\"auto, (max-width: 240px) 100vw, 240px\" \/><\/figure>\n\n\n\n<div class=\"wp-block-ugb-spacer ugb-spacer ugb-5dcaa5c ugb-spacer--v2 ugb-main-block\">@media screen and (min-width:768px){.ugb-5dcaa5c.ugb-spacer{height:40px !important}}<div class=\"ugb-inner-block\"><div class=\"ugb-block-content\"><div class=\"ugb-spacer--inner\"><\/div><\/div><\/div><\/div>\n<\/div><\/div><\/div><\/div><\/div>\n\n\n\n<div class=\"wp-block-ugb-column ugb-column ugb-d195bca ugb-column--design-plain ugb-main-block\"><div class=\"ugb-inner-block\"><div class=\"ugb-block-content\"><div class=\"ugb-column__item ugb-d195bca-column-wrapper\"><div class=\"ugb-column__content-wrapper\">\n<div class=\"wp-block-ugb-heading ugb-heading ugb-959ec87 ugb-main-block\">.ugb-959ec87 .ugb-heading__title{color:#283e4c}<div class=\"ugb-inner-block\"><div class=\"ugb-block-content\"><h2 class=\"ugb-heading__title\"><span style=\"color: #283e4c\" class=\"ugb-highlight\">Ilmastoneutraalius<\/span><\/h2><p class=\"ugb-heading__subtitle\">Olemme matkalla kohti ilmastoneutraaliutta ja valitsemme palvelimemme tietoisesti v\u00e4h\u00e4isten<sub>CO2-p\u00e4\u00e4st\u00f6jen<\/sub> perusteella. Teemme t\u00e4m\u00e4n l\u00e4pin\u00e4kyv\u00e4ksi my\u00f6s tuotteissamme. Valtaosa Aivie-palvelimista sijaitsee t\u00e4ll\u00e4 hetkell\u00e4 Z\u00fcrichiss\u00e4, jossa kest\u00e4vyysaste on 98 prosenttia. Olemme ilmastoneutraaleja vuoteen 2030 menness\u00e4.   <br \/><br \/>Palvelimen sijainnin valinta on aina asiakkaan p\u00e4\u00e4tett\u00e4viss\u00e4.<br \/><br \/>Onko teill\u00e4 kysytt\u00e4v\u00e4\u00e4?<br \/><br \/><a href=\"https:\/\/aivie.ch\/fi\/ota-yhteyttae\/\">Ota sitten yhteytt\u00e4.<\/a><\/p><\/div><\/div><\/div>\n<\/div><\/div><\/div><\/div><\/div>\n<\/div><\/div><\/div><\/div>\n\n<div class=\"wp-block-ugb-container ugb-container ugb-b30131e ugb-container--v2 ugb-container--design-basic ugb-main-block\">@media screen and (min-width:768px){.ugb-b30131e-content-wrapper.ugb-container__content-wrapper{width:90% !important}}<div class=\"ugb-inner-block\"><div class=\"ugb-block-content\"><div class=\"ugb-container__wrapper ugb-b30131e-wrapper\"><div class=\"ugb-container__side\"><div class=\"ugb-container__content-wrapper ugb-b30131e-content-wrapper\">\n<h2 class=\"wp-block-heading has-text-align-center\">Miksi kest\u00e4v\u00e4 kehitys on meille t\u00e4rke\u00e4\u00e4<\/h2>\n\n\n\n<p class=\"has-text-align-center\">Digitaalisen Aivie-teknologian avulla haluamme luoda ihmisille todellista lis\u00e4arvoa \u2013 ja tehd\u00e4 sen tulevaisuudenkest\u00e4v\u00e4ll\u00e4 tavalla. Kest\u00e4v\u00e4 kehitys on meille uskomattoman t\u00e4rke\u00e4\u00e4 kaikilla kolmella alueella \u2013 teknologia, ihmiset ja tulevaisuus. Voimme saavuttaa pitk\u00e4n aikav\u00e4lin tavoitteemme vain, jos keskitymme siihen ihmisin\u00e4 ja yrityksen\u00e4.  <\/p>\n<\/div><\/div><\/div><\/div><\/div><\/div>\n\n<div class=\"alignfull wp-block-ugb-columns ugb-columns aiv-lead-center ugb-2d251c0 ugb-columns--design-plain ugb-columns--columns-4 ugb-main-block ugb-main-block--inner-center ugb--has-block-background ugb--has-background-overlay\">.ugb-2d251c0.ugb-columns{background-color:#EFF0F1;background-image:url(https:\/\/cdn.aivie.ch\/media\/wp\/2021\/06\/19131659\/pattern-mario-480w.png);background-position:bottom left;background-repeat:no-repeat;background-size:523px !important}.ugb-2d251c0.ugb-columns:before{background-color:#EFF0F1;opacity:0.5}<div class=\"ugb-inner-block ugb-inner-block--center\"><h2 class=\"ugb-block-title ugb-block-title--with-subtitle\"><br>Mit\u00e4 me erityisesti teemme<\/h2><p class=\"ugb-block-description\">Kest\u00e4v\u00e4 markkinointi s\u00e4\u00e4st\u00e4\u00e4 resursseja \u2013 ja budjettia.<\/p><div class=\"ugb-block-content\"><div class=\"ugb-columns__item ugb-2d251c0-content-wrapper\">\n<div class=\"wp-block-ugb-column ugb-column ugb-4bb3ddb ugb-column--design-plain ugb-main-block\"><div class=\"ugb-inner-block\"><div class=\"ugb-block-content\"><div class=\"ugb-column__item ugb-4bb3ddb-column-wrapper\"><div class=\"ugb-column__content-wrapper\">\n<h3 class=\"wp-block-heading\" id=\"h-digital-nachhaltig-arbeiten\">Kest\u00e4v\u00e4 digitaalinen ty\u00f6skentely<\/h3>\n\n\n\n<ul class=\"wp-block-list\">\n<li>Me k\u00e4yt\u00e4mme infrastruktuuria, jota k\u00e4ytet\u00e4\u00e4n energiatehokkaasti.<\/li>\n\n\n\n<li>Ohjelmistomme on suunniteltu toimimaan resursseja s\u00e4\u00e4st\u00e4v\u00e4ll\u00e4 tavalla.<\/li>\n\n\n\n<li>K\u00e4yt\u00e4mme tietoja s\u00e4\u00e4st\u00e4vi\u00e4 standardeja ja v\u00e4lt\u00e4mme tarpeetonta tietojenk\u00e4sittely\u00e4.<\/li>\n<\/ul>\n<\/div><\/div><\/div><\/div><\/div>\n\n\n\n<div class=\"wp-block-ugb-column ugb-column ugb-831eadb ugb-column--design-plain ugb-main-block\"><div class=\"ugb-inner-block\"><div class=\"ugb-block-content\"><div class=\"ugb-column__item ugb-831eadb-column-wrapper\"><div class=\"ugb-column__content-wrapper\">\n<h3 class=\"wp-block-heading\" id=\"h-remote-first-reduziert-emissionen\">Remote-First v\u00e4hent\u00e4\u00e4 p\u00e4\u00e4st\u00f6j\u00e4<\/h3>\n\n\n\n<ul class=\"wp-block-list\">\n<li>Ei toimistotilaa \u2192 alhainen CO\u2082-kulutus<\/li>\n\n\n\n<li>Ei p\u00e4ivitt\u00e4ist\u00e4 ty\u00f6matkaa<\/li>\n\n\n\n<li>Digitaaliset kokoukset matkustamisen sijaan aina kun se on j\u00e4rkev\u00e4\u00e4.<\/li>\n<\/ul>\n<\/div><\/div><\/div><\/div><\/div>\n\n\n\n<div class=\"wp-block-ugb-column ugb-column ugb-d213f15 ugb-column--design-plain ugb-main-block\"><div class=\"ugb-inner-block\"><div class=\"ugb-block-content\"><div class=\"ugb-column__item ugb-d213f15-column-wrapper\"><div class=\"ugb-column__content-wrapper\">\n<h3 class=\"wp-block-heading\" id=\"h-papierlose-und-effiziente-prozesse\">Paperittomat ja tehokkaat prosessit<\/h3>\n\n\n\n<ul class=\"wp-block-list\">\n<li>Ty\u00f6skentelemme t\u00e4ysin digitaalisesti: sopimukset, laskut, asiakirjat.<\/li>\n\n\n\n<li>Sis\u00e4isten ty\u00f6kalujen minimointi, tietoinen valinta ja kest\u00e4v\u00e4 k\u00e4ytt\u00f6.<\/li>\n<\/ul>\n<\/div><\/div><\/div><\/div><\/div>\n\n\n\n<div class=\"wp-block-ugb-column ugb-column ugb-ba536ed ugb-column--design-plain ugb-main-block\"><div class=\"ugb-inner-block\"><div class=\"ugb-block-content\"><div class=\"ugb-column__item ugb-ba536ed-column-wrapper\"><div class=\"ugb-column__content-wrapper\">\n<h3 class=\"wp-block-heading\" id=\"h-nachhaltiges-marketing-fur-unsere-kund-innen\">Kest\u00e4v\u00e4\u00e4 markkinointia asiakkaillemme<\/h3>\n\n\n\n<p>Aivie tukee yrityksi\u00e4 <strong>niiden omien itsen\u00e4isten viestint\u00e4kanavien perustamisessa<\/strong>.<\/p>\n\n\n\n<p>T\u00e4m\u00e4 tarkoittaa:<\/p>\n\n\n\n<ul class=\"wp-block-list\">\n<li>Pitk\u00e4n aikav\u00e4lin suhteet lyhyen aikav\u00e4lin kampanjoiden sijaan<\/li>\n\n\n\n<li>V\u00e4hemm\u00e4n riippuvuutta kustannus- ja tietointensiivisist\u00e4 alustoista.<\/li>\n\n\n\n<li>Kohdennettu viestint\u00e4 massapostituksen sijaan<\/li>\n<\/ul>\n<\/div><\/div><\/div><\/div><\/div>\n<\/div><\/div><\/div><\/div>\n\n<div class=\"alignfull wp-block-ugb-columns ugb-columns ugb-091e990 ugb-columns--design-plain ugb-columns--columns-2 ugb-main-block ugb-main-block--inner-center ugb--has-block-background\"><style>.ugb-091e990-content-wrapper{grid-column-gap:60px !important}.ugb-091e990.ugb-columns{background-color:#cfe7e1}.ugb-091e990.ugb-columns:before{background-color:#cfe7e1}<\/style><div class=\"ugb-inner-block ugb-inner-block--center\"><div class=\"ugb-block-content\"><div class=\"ugb-columns__item ugb-091e990-content-wrapper\">\n<div class=\"wp-block-ugb-column ugb-column ugb-d6f33f0 ugb-column--design-plain ugb-main-block\"><style>@media screen and (min-width:768px){.ugb-d6f33f0.ugb-column{margin-top:0px !important}.ugb-d6f33f0 > .ugb-inner-block > .ugb-block-content > *{justify-content:flex-end}}.ugb-d6f33f0 > .ugb-inner-block > .ugb-block-content > *{justify-content:flex-end !important}@media screen and (min-width:768px){.ugb-d6f33f0 > .ugb-inner-block > .ugb-block-content > *{padding-top:0px !important;padding-bottom:0px !important;padding-right:0px !important;padding-left:0px !important}}<\/style><div class=\"ugb-inner-block\"><div class=\"ugb-block-content\"><div class=\"ugb-column__item ugb-d6f33f0-column-wrapper\"><div class=\"ugb-column__content-wrapper\">\n<div class=\"wp-block-ugb-heading ugb-heading ugb-48550e9 ugb-main-block\"><div class=\"ugb-inner-block\"><div class=\"ugb-block-content\"><h2 class=\"ugb-heading__title\"><span style=\"color: #e63312;\" class=\"stk-highlight\">\u00c4l\u00e4 anna yhteystietojesi odottaa.<\/span><\/h2><\/div><\/div><\/div>\n\n\n\n<figure class=\"wp-block-image size-full is-style-default\"><img decoding=\"async\" src=\"https:\/\/cdn.aivie.ch\/media\/wp\/2022\/09\/06100554\/Aivie-Free.webp\" alt=\"Markkinoinnin automaatio Aivie-Free\" class=\"wp-image-11417\" title=\"\"><\/figure>\n<\/div><\/div><\/div><\/div><\/div>\n\n\n\n<div class=\"wp-block-ugb-column ugb-column ugb-6da6590 ugb-column--design-plain ugb-main-block\"><div class=\"ugb-inner-block\"><div class=\"ugb-block-content\"><div class=\"ugb-column__item ugb-6da6590-column-wrapper\"><div class=\"ugb-column__content-wrapper\">\n<div class=\"wp-block-ugb-heading ugb-heading ugb-dab8255 ugb-main-block\"><style>.ugb-dab8255 .ugb-heading__title{color:#283e4c}<\/style><div class=\"ugb-inner-block\"><div class=\"ugb-block-content\"><h2 class=\"ugb-heading__title\"><span style=\"color: #283e4c;\" class=\"ugb-highlight\">Aloita Aivien kanssa ilmaiseksi.<\/span><\/h2><p class=\"ugb-heading__subtitle\">K\u00e4yt\u00e4 Aivieta ilmaiseksi 30 p\u00e4iv\u00e4n ajan ja ota selv\u00e4\u00e4, miten voit tavoittaa kontaktisi kohdennetusti Aivien avulla. Aivie tarjoaa sinulle jo kokeiluversiossa kaikki t\u00e4ysversion mahdollisuudet. <br\/><br\/>Kokeile sit\u00e4 nyt.<\/p><\/div><\/div><\/div>\n\n\n\n<div class=\"wp-block-ugb-button ugb-button-wrapper ugb-f7ceaee ugb-main-block\"><style>.ugb-f7ceaee .ugb-block-content{justify-content:flex-start !important}.ugb-f7ceaee .ugb-inner-block{text-align:left}<\/style><div class=\"ugb-inner-block\"><div class=\"ugb-block-content\"><div class=\"ugb-button-container\"><a class=\"ugb-button1 ugb-button ugb-button--size-normal\" href=\"https:\/\/aivie.ch\/fi\/hinnat-ja-paketit\/#price\" rel=\"\" title=\"\"><span class=\"ugb-button--inner\">Aloita ilmaiseksi<\/span><\/a><\/div><div class=\"ugb-button-container\"><a class=\"ugb-button2 ugb-button ugb-button--size-normal ugb-button--design-plain\" href=\"https:\/\/aivie.ch\/author\/martin\/\" rel=\"\" title=\"\"><span class=\"ugb-button--inner\">J\u00e4rjest\u00e4 esittely<\/span><\/a><\/div><\/div><\/div><\/div>\n<\/div><\/div><\/div><\/div><\/div>\n<\/div><\/div><\/div><\/div>\n","protected":false},"excerpt":{"rendered":"<p>Aivien kest\u00e4v\u00e4 kehitys Tietoinen, digitaalinen, vastuullinen.Digitaalisena yrityksen\u00e4 meill\u00e4 on mahdollisuus \u2013 ja vastuu \u2013 tehd\u00e4 kest\u00e4vi\u00e4 p\u00e4\u00e4t\u00f6ksi\u00e4. Meille kest\u00e4vyys ei tarkoita vain ymp\u00e4rist\u00f6tietoisuutta vaan my\u00f6s vastuullista tietojen, resurssien ja ihmisten k\u00e4sittely\u00e4. Haluamme kehitt\u00e4\u00e4 teknologiaa, jolla on pitk\u00e4aikaisia vaikutuksia ja jota k\u00e4ytet\u00e4\u00e4n tietoisesti. Miten el\u00e4mme kest\u00e4vyytt\u00e4 Aivie on etupainotteinen, digitaalinen ja riippumaton. T\u00e4m\u00e4 mahdollistaa kevyet prosessit, &hellip; <a href=\"https:\/\/aivie.ch\/fi\/kestaevae-kehitys\/\" class=\"more-link\">Jatka lukemista <span class=\"screen-reader-text\">Kest\u00e4v\u00e4 kehitys<\/span><\/a><\/p>\n","protected":false},"author":322,"featured_media":25318,"parent":0,"menu_order":0,"comment_status":"closed","ping_status":"closed","template":"front-page.php","meta":{"_acf_changed":false,"footnotes":""},"class_list":["post-25323","page","type-page","status-publish","has-post-thumbnail","hentry"],"acf":[],"featured_image_urls_v2":{"full":["https:\/\/cdn.aivie.ch\/media\/wp\/2025\/11\/24152516\/hqdefault.jpg",480,360,false],"thumbnail":["https:\/\/cdn.aivie.ch\/media\/wp\/2025\/11\/24152516\/hqdefault-240x240.jpg",240,240,true],"medium":["https:\/\/cdn.aivie.ch\/media\/wp\/2025\/11\/24152516\/hqdefault.jpg",480,360,false],"medium_large":["https:\/\/cdn.aivie.ch\/media\/wp\/2025\/11\/24152516\/hqdefault.jpg",480,360,false],"large":["https:\/\/cdn.aivie.ch\/media\/wp\/2025\/11\/24152516\/hqdefault.jpg",480,360,false],"post-thumbnail":["https:\/\/cdn.aivie.ch\/media\/wp\/2025\/11\/24152516\/hqdefault.jpg",480,360,false],"aiv_480w":["https:\/\/cdn.aivie.ch\/media\/wp\/2025\/11\/24152516\/hqdefault.jpg",480,360,false],"woocommerce_thumbnail":["https:\/\/cdn.aivie.ch\/media\/wp\/2025\/11\/24152516\/hqdefault-240x240.jpg",240,240,true],"woocommerce_single":["https:\/\/cdn.aivie.ch\/media\/wp\/2025\/11\/24152516\/hqdefault.jpg",480,360,false],"woocommerce_gallery_thumbnail":["https:\/\/cdn.aivie.ch\/media\/wp\/2025\/11\/24152516\/hqdefault-240x240.jpg",240,240,true]},"post_excerpt_stackable_v2":"<p>.ugb-b5274d6.ugb-columns{background-image:url(https:\/\/cdn.aivie.ch\/media\/wp\/2021\/06\/19131703\/pattern-u-960w.png);background-position:bottom left;background-repeat:no-repeat;background-size:40% !important}.ugb-b5274d6.ugb-columns:before{opacity:0.5}@media screen and (min-width:768px){.ugb-b5274d6.ugb-columns{padding-right:35px !important}} @media screen and (min-width:768px){.ugb-2cbff60 &gt; .ugb-inner-block &gt; .ugb-block-content &gt; *{justify-content:flex-start}}.ugb-2cbff60 &gt; .ugb-inner-block &gt; .ugb-block-content &gt; *{justify-content:flex-start !important}@media screen and (min-width:768px){.ugb-2cbff60 &gt; .ugb-inner-block &gt; .ugb-block-content &gt; *{padding-top:80px !important}} Aivien kest\u00e4v\u00e4 kehitysTietoinen, digitaalinen, vastuullinen.Digitaalisena yrityksen\u00e4 meill\u00e4 on mahdollisuus \u2013 ja vastuu \u2013 tehd\u00e4 kest\u00e4vi\u00e4 p\u00e4\u00e4t\u00f6ksi\u00e4. Meille kest\u00e4vyys ei tarkoita vain ymp\u00e4rist\u00f6tietoisuutta vaan my\u00f6s vastuullista tietojen, resurssien ja ihmisten k\u00e4sittely\u00e4. Haluamme kehitt\u00e4\u00e4 teknologiaa, jolla on pitk\u00e4aikaisia vaikutuksia ja jota k\u00e4ytet\u00e4\u00e4n tietoisesti. .ugb-4e30a13-wrapper &gt; .ugb-container__side{align-items:center !important}@media screen and (min-width:768px){.ugb-4e30a13-content-wrapper.ugb-container__content-wrapper{width:90% !important}} Miten el\u00e4mme kest\u00e4vyytt\u00e4 Aivie on etupainotteinen, digitaalinen ja riippumaton. T\u00e4m\u00e4 mahdollistaa kevyet prosessit, lyhyet p\u00e4\u00e4t\u00f6ksentekopolut ja ty\u00f6skentelytavan,\u2026<\/p>\n","category_list_v2":"","author_info_v2":{"name":"Anja Bienz","url":"https:\/\/aivie.ch\/fi\/author\/anja\/"},"comments_num_v2":"0 comments","_links":{"self":[{"href":"https:\/\/aivie.ch\/fi\/wp-json\/wp\/v2\/pages\/25323","targetHints":{"allow":["GET"]}}],"collection":[{"href":"https:\/\/aivie.ch\/fi\/wp-json\/wp\/v2\/pages"}],"about":[{"href":"https:\/\/aivie.ch\/fi\/wp-json\/wp\/v2\/types\/page"}],"author":[{"embeddable":true,"href":"https:\/\/aivie.ch\/fi\/wp-json\/wp\/v2\/users\/322"}],"replies":[{"embeddable":true,"href":"https:\/\/aivie.ch\/fi\/wp-json\/wp\/v2\/comments?post=25323"}],"version-history":[{"count":2,"href":"https:\/\/aivie.ch\/fi\/wp-json\/wp\/v2\/pages\/25323\/revisions"}],"predecessor-version":[{"id":25408,"href":"https:\/\/aivie.ch\/fi\/wp-json\/wp\/v2\/pages\/25323\/revisions\/25408"}],"wp:featuredmedia":[{"embeddable":true,"href":"https:\/\/aivie.ch\/fi\/wp-json\/wp\/v2\/media\/25318"}],"wp:attachment":[{"href":"https:\/\/aivie.ch\/fi\/wp-json\/wp\/v2\/media?parent=25323"}],"curies":[{"name":"wp","href":"https:\/\/api.w.org\/{rel}","templated":true}]}}