{"id":16076,"date":"2023-10-16T13:35:41","date_gmt":"2023-10-16T11:35:41","guid":{"rendered":"https:\/\/aivie.ch\/?page_id=16076"},"modified":"2023-10-16T14:13:36","modified_gmt":"2023-10-16T12:13:36","slug":"ask-adrian","status":"publish","type":"page","link":"https:\/\/aivie.ch\/en\/ask-adrian\/","title":{"rendered":"Mautic Support Live Q&#038;A"},"content":{"rendered":"\n<div class=\"alignfull wp-block-ugb-columns ugb-columns ugb-f174274 ugb-columns--design-plain ugb-columns--columns-2 ugb-main-block ugb-main-block--inner-center ugb--has-block-background ugb--has-background-overlay\"><style>.ugb-f174274 > .ugb-inner-block > .ugb-block-content > .ugb-columns__item{grid-template-columns:0.88fr 1.12fr !important}.ugb-f174274.ugb-columns{background-image:url(https:\/\/cdn.aivie.ch\/media\/wp\/2021\/06\/19131702\/pattern-company-960w.png);background-position:top left;background-repeat:no-repeat;background-size:47% !important}.ugb-f174274.ugb-columns:before{opacity:0.5}<\/style><div class=\"ugb-inner-block ugb-inner-block--center\"><div class=\"ugb-block-content\"><div class=\"ugb-columns__item ugb-f174274-content-wrapper\">\n<div class=\"wp-block-ugb-column ugb-column ugb-3b6a10a ugb-column--design-plain ugb-main-block\"><div class=\"ugb-inner-block\"><div class=\"ugb-block-content\"><div class=\"ugb-column__item ugb-3b6a10a-column-wrapper\"><div class=\"ugb-column__content-wrapper\">\n<figure class=\"wp-block-image size-full\"><img loading=\"lazy\" decoding=\"async\" width=\"1200\" height=\"800\" src=\"https:\/\/cdn.aivie.ch\/media\/wp\/2023\/09\/08101227\/Customer-Case-Ferris-Labs.png\" alt=\"\" class=\"wp-image-15187\" title=\"\" srcset=\"https:\/\/cdn.aivie.ch\/media\/wp\/2023\/09\/08101227\/Customer-Case-Ferris-Labs.png 1200w, https:\/\/cdn.aivie.ch\/media\/wp\/2023\/09\/08101227\/Customer-Case-Ferris-Labs-960x640.png 960w, https:\/\/cdn.aivie.ch\/media\/wp\/2023\/09\/08101227\/Customer-Case-Ferris-Labs-768x512.png 768w, https:\/\/cdn.aivie.ch\/media\/wp\/2023\/09\/08101227\/Customer-Case-Ferris-Labs-480x320.png 480w\" sizes=\"auto, (max-width: 1200px) 100vw, 1200px\" \/><\/figure>\n<\/div><\/div><\/div><\/div><\/div>\n\n\n\n<div class=\"wp-block-ugb-column ugb-column ugb-e4b2525 ugb-column--design-plain ugb-main-block\"><style>@media screen and (min-width:768px){.ugb-e4b2525 > .ugb-inner-block > .ugb-block-content > *{justify-content:center}}.ugb-e4b2525 > .ugb-inner-block > .ugb-block-content > *{justify-content:center !important}@media screen and (min-width:768px){.ugb-e4b2525 > .ugb-inner-block > .ugb-block-content > *{padding-top:20px !important;padding-bottom:20px !important;padding-right:20px !important;padding-left:20px !important}}<\/style><div class=\"ugb-inner-block\"><div class=\"ugb-block-content\"><div class=\"ugb-column__item ugb-e4b2525-column-wrapper\"><div class=\"ugb-column__content-wrapper\">\n<div class=\"wp-block-ugb-heading ugb-heading ugb-e1026e4 ugb-main-block\"><div class=\"ugb-inner-block\"><div class=\"ugb-block-content\"><h2 class=\"ugb-heading__title\">Mautic Support Live Q&amp;A: Antworten auf deine Marketingfragen<\/h2><p class=\"ugb-heading__subtitle\">Alle zwei Wochen findet eine 30-min\u00fctige Live Q&amp;A Mautic Support mit Adrian statt. Kostenlos f\u00fcr Aivie Kunden und eine erste Session kostenlos f\u00fcr alle Mautic User.<\/p><\/div><\/div><\/div>\n\n\n\n<div class=\"aligncenter wp-block-ugb-container ugb-container ugb-f74cc05 ugb-container--v2 ugb-container--design-basic ugb-main-block\"><style>.ugb-f74cc05-wrapper.ugb-container__wrapper{background-color:#283e4c !important}.ugb-f74cc05-wrapper.ugb-container__wrapper:before{background-color:#283e4c !important}.ugb-f74cc05-content-wrapper > h1,.ugb-f74cc05-content-wrapper > h2,.ugb-f74cc05-content-wrapper > h3,.ugb-f74cc05-content-wrapper > h4,.ugb-f74cc05-content-wrapper > h5,.ugb-f74cc05-content-wrapper > h6{color:#ffffff}.ugb-f74cc05-content-wrapper > p,.ugb-f74cc05-content-wrapper > ol li,.ugb-f74cc05-content-wrapper > ul li{color:#ffffff}<\/style><div class=\"ugb-inner-block\"><div class=\"ugb-block-content\"><div class=\"ugb-container__wrapper ugb-f74cc05-wrapper\"><div class=\"ugb-container__side\"><div class=\"ugb-container__content-wrapper ugb-f74cc05-content-wrapper\">\n<div class=\"alignfull wp-block-ugb-icon-list ugb-icon-list ugb-c71e24a ugb-icon-list--v2 ugb-main-block ugb-main-block--inner-center ugb--has-block-background\"><style>.ugb-c71e24a li{color:#ffffff;--icon-size:8px !important}.ugb-c71e24a li::before{width:8px !important;height:8px !important;background-image:url('data:image\/svg+xml;base64,PHN2ZyBkYXRhLXByZWZpeD0iZmFzIiBkYXRhLWljb249ImNpcmNsZSIgY2xhc3M9InN2Zy1pbmxpbmUtLWZhIGZhLWNpcmNsZSBmYS13LTE2IiByb2xlPSJpbWciIHhtbG5zPSJodHRwOi8vd3d3LnczLm9yZy8yMDAwL3N2ZyIgdmlld0JveD0iMCAwIDUxMiA1MTIiIHN0eWxlPSJmaWxsOiAjZTYzMzEyICFpbXBvcnRhbnQ7IGNvbG9yOiAjZTYzMzEyICFpbXBvcnRhbnQiPjxwYXRoIGZpbGw9IiNlNjMzMTIiIGQ9Ik0yNTYgOEMxMTkgOCA4IDExOSA4IDI1NnMxMTEgMjQ4IDI0OCAyNDggMjQ4LTExMSAyNDgtMjQ4UzM5MyA4IDI1NiA4eiIgc3Ryb2tlPSIjZTYzMzEyIiBzdHlsZT0iZmlsbDogcmdiKDIzMCwgNTEsIDE4KTsgc3Ryb2tlOiByZ2IoMjMwLCA1MSwgMTgpOyIvPjwvc3ZnPg==')}.ugb-c71e24a.ugb-icon-list ul{columns:1}.ugb-c71e24a.ugb-icon-list{background-color:#283e4c}.ugb-c71e24a{padding:0 !important}.ugb-c71e24a.ugb-icon-list:before{background-color:#283e4c}.ugb-c71e24a .ugb-block-title{color:#ffffff;text-align:left}<\/style><div class=\"ugb-inner-block ugb-inner-block--center\"><h3 class=\"ugb-block-title\">Das machen wir im Live Q&amp;A<\/h3><div class=\"ugb-block-content\"><ul><li>Fragen &amp; Antworten zu euren Fragen<\/li><li>Dos &amp; Don\u2019ts in Aivie und Mautic<\/li><li>praxisnahe Tipps<\/li><\/ul><\/div><\/div><\/div>\n<\/div><\/div><\/div><\/div><\/div><\/div>\n<\/div><\/div><\/div><\/div><\/div>\n<\/div><\/div><\/div><\/div>\n\n\n\n<div class=\"alignfull wp-block-ugb-columns ugb-columns ugb-7f87984 ugb-columns--design-plain ugb-columns--columns-3 ugb-main-block ugb-main-block--inner-center ugb--has-block-background\" id=\"webinar-details\"><style>.ugb-7f87984 > .ugb-inner-block > .ugb-block-content > .ugb-columns__item{grid-template-columns:0.75fr 1.50fr 0.75fr !important}.ugb-7f87984 .ugb-inner-block{text-align:center}.ugb-7f87984.ugb-columns{background-color:#EFF0F1}.ugb-7f87984.ugb-columns:before{background-color:#EFF0F1}.ugb-7f87984 .ugb-block-title{color:#e63312}<\/style><div class=\"ugb-inner-block ugb-inner-block--center\"><h2 class=\"ugb-block-title ugb-block-title--with-subtitle\">Mautic Support Live Call: Expertenrat f\u00fcr deine Marketingstrategie mit Aivie und Mautic<\/h2><p class=\"ugb-block-description\">Wir freuen uns, euch alle zu unserem regelm\u00e4ssigen Live Call begr\u00fcssen zu d\u00fcrfen, bei dem ihr die M\u00f6glichkeit habt, Adrian, unseren Experten f\u00fcr Aivie und Mautic, alles zu fragen, was ihr wissen m\u00f6chtet. In diesen Live Calls werden wir gemeinsam in die Welt von Aivie und Mautic und all eure Fragen beantworten.<\/p><div class=\"ugb-block-content\"><div class=\"ugb-columns__item ugb-7f87984-content-wrapper\">\n<div class=\"wp-block-ugb-column ugb-column ugb-d7384a9 ugb-column--design-plain ugb-main-block\"><div class=\"ugb-inner-block\"><div class=\"ugb-block-content\"><div class=\"ugb-column__item ugb-d7384a9-column-wrapper\"><div class=\"ugb-column__content-wrapper\"><\/div><\/div><\/div><\/div><\/div>\n\n\n\n<div class=\"wp-block-ugb-column ugb-column ugb-ac37aab ugb-column--design-plain ugb-main-block\"><div class=\"ugb-inner-block\"><div class=\"ugb-block-content\"><div class=\"ugb-column__item ugb-ac37aab-column-wrapper\"><div class=\"ugb-column__content-wrapper\"><\/div><\/div><\/div><\/div><\/div>\n\n\n\n<div class=\"wp-block-ugb-column ugb-column ugb-b08c25b ugb-column--design-plain ugb-main-block\"><div class=\"ugb-inner-block\"><div class=\"ugb-block-content\"><div class=\"ugb-column__item ugb-b08c25b-column-wrapper\"><div class=\"ugb-column__content-wrapper\"><\/div><\/div><\/div><\/div><\/div>\n<\/div><\/div><\/div><\/div>\n\n\n\n<div class=\"alignfull wp-block-ugb-testimonial ugb-testimonial ugb-606c172 ugb-testimonial--v3 ugb-testimonial--columns-3 ugb-testimonial--design-basic ugb-main-block ugb-main-block--inner-center ugb--has-block-background\"><style>.ugb-606c172 .ugb-testimonial__item{border-radius:0px !important}.ugb-606c172 .ugb-block-title{text-align:left;max-width:460px !important;margin-left:0 !important;margin-right:auto !important}<\/style><div class=\"ugb-inner-block ugb-inner-block--center\"><h2 class=\"ugb-block-title\">What our attendees say<\/h2><div class=\"ugb-block-content\"><div class=\"ugb-testimonial__item ugb-testimonial__item1 ugb--shadow-0\"><div class=\"ugb-testimonial__body-wrapper\"><p class=\"ugb-testimonial__body\">I liked that: short (30min), focussing on the important.<\/p><\/div><div class=\"ugb-testimonial__person\"><h4 class=\"ugb-testimonial__name\">Christian B.<\/h4><p class=\"ugb-testimonial__position\">Head of Sales &amp; Marketing<\/p><\/div><\/div><div class=\"ugb-testimonial__item ugb-testimonial__item2 ugb--shadow-0\"><div class=\"ugb-testimonial__body-wrapper\"><p class=\"ugb-testimonial__body\">We could see directly in the tool where we can find which features. Ad-hoc questions were also answered.<\/p><\/div><div class=\"ugb-testimonial__person\"><h4 class=\"ugb-testimonial__name\">Katarina R.<\/h4><p class=\"ugb-testimonial__position\">Marketing Manager<\/p><\/div><\/div><div class=\"ugb-testimonial__item ugb-testimonial__item3 ugb--shadow-0\"><div class=\"ugb-testimonial__body-wrapper\"><p class=\"ugb-testimonial__body\">I gained a first overview of the possibilities with Aivie.<\/p><\/div><div class=\"ugb-testimonial__person\"><h4 class=\"ugb-testimonial__name\">Patrick K.<\/h4><p class=\"ugb-testimonial__position\">Founder, Owner<\/p><\/div><\/div><\/div><\/div><\/div>\n\n\n\n<div class=\"alignfull wp-block-ugb-columns ugb-columns aiv-col-2 ugb-0059fdb ugb-columns--design-plain ugb-columns--columns-2 ugb-main-block ugb-main-block--inner-center ugb--has-block-background ugb--has-background-overlay\" id=\"join\"><style>.ugb-0059fdb.ugb-columns{background-color:#EFF0F1;background-image:url(https:\/\/cdn.aivie.ch\/media\/wp\/2021\/06\/19131703\/pattern-u-960w.png);background-position:top right;background-repeat:no-repeat;background-size:40% !important}.ugb-0059fdb.ugb-columns:before{background-color:#EFF0F1;opacity:0.5}@media screen and (min-width:768px){.ugb-0059fdb.ugb-columns{padding-right:35px !important}}<\/style><div class=\"ugb-inner-block ugb-inner-block--center\"><div class=\"ugb-block-content\"><div class=\"ugb-columns__item ugb-0059fdb-content-wrapper\">\n<div class=\"wp-block-ugb-column ugb-column ugb-7123f02 ugb-column--design-plain ugb-main-block\"><div class=\"ugb-inner-block\"><div class=\"ugb-block-content\"><div class=\"ugb-column__item ugb-7123f02-column-wrapper\"><div class=\"ugb-column__content-wrapper\">\n<div class=\"wp-block-ugb-heading ugb-heading ugb-e4c7aec ugb-main-block\"><div class=\"ugb-inner-block\"><div class=\"ugb-block-content\"><h2 class=\"ugb-heading__title\">Meet Adrian<\/h2><p class=\"ugb-heading__subtitle\">Since 2003, I have been passionately dedicated to designing digital touchpoints with a clear focus on the customer experience. Since 2019, I have been busy designing effective marketing automation campaigns on a daily basis. I am also actively involved in the Mautic open source community. This passion and expertise flows equally into the projects of our valued clients and into my company Aivie.<\/p><\/div><\/div><\/div>\n\n\n\n<div class=\"wp-block-ugb-button ugb-button-wrapper ugb-6967a16 ugb-main-block\"><style>.ugb-6967a16 .ugb-block-content{justify-content:flex-start !important}.ugb-6967a16 .ugb-inner-block{text-align:left}<\/style><div class=\"ugb-inner-block\"><div class=\"ugb-block-content\"><div class=\"ugb-button-container\"><a class=\"ugb-button1 ugb-button ugb-button--size-normal\" href=\"https:\/\/aivie.ch\/en\/author\/adrian\/\" rel=\"\" title=\"\"><span class=\"ugb-button--inner\">Show profile<\/span><\/a><\/div><\/div><\/div><\/div>\n<\/div><\/div><\/div><\/div><\/div>\n\n\n\n<div class=\"wp-block-ugb-column ugb-column ugb-e5e1294 ugb-column--design-plain ugb-main-block\"><div class=\"ugb-inner-block\"><div class=\"ugb-block-content\"><div class=\"ugb-column__item ugb-e5e1294-column-wrapper\"><div class=\"ugb-column__content-wrapper\">\n<figure class=\"wp-block-image alignleft size-full\"><img loading=\"lazy\" decoding=\"async\" width=\"800\" height=\"800\" src=\"https:\/\/cdn.aivie.ch\/media\/wp\/2022\/11\/16122426\/6.webp\" alt=\"aivie marketing automatin lokaler support adrian schimpf\" class=\"wp-image-12369\" title=\"\" srcset=\"https:\/\/cdn.aivie.ch\/media\/wp\/2022\/11\/16122426\/6.webp 800w, https:\/\/cdn.aivie.ch\/media\/wp\/2022\/11\/16122426\/6.webp 240w, https:\/\/cdn.aivie.ch\/media\/wp\/2022\/11\/16122426\/6-768x768.webp 768w, https:\/\/cdn.aivie.ch\/media\/wp\/2022\/11\/16122426\/6-480x480.webp 480w\" sizes=\"auto, (max-width: 800px) 100vw, 800px\" \/><\/figure>\n<\/div><\/div><\/div><\/div><\/div>\n<\/div><\/div><\/div><\/div>\n\n\n\n<div class=\"alignfull wp-block-ugb-columns ugb-columns aiv-col-2 ugb-1c9b479 ugb-columns--design-plain ugb-columns--columns-2 ugb-main-block ugb-main-block--inner-center ugb--has-block-background\"><style>.ugb-1c9b479-content-wrapper{grid-column-gap:60px !important}.ugb-1c9b479.ugb-columns{background-color:#cfe7e1}.ugb-1c9b479.ugb-columns:before{background-color:#cfe7e1}<\/style><div class=\"ugb-inner-block ugb-inner-block--center\"><div class=\"ugb-block-content\"><div class=\"ugb-columns__item ugb-1c9b479-content-wrapper\">\n<div class=\"wp-block-ugb-column ugb-column ugb-20fa9e9 ugb-column--design-plain ugb-main-block\"><div class=\"ugb-inner-block\"><div class=\"ugb-block-content\"><div class=\"ugb-column__item ugb-20fa9e9-column-wrapper\"><div class=\"ugb-column__content-wrapper\">\n<h2 class=\"wp-block-heading\" id=\"h-aivie-und-mautic-insights-live-q-a-mit-adrian\">Aivie und Mautic Insights. Live Q&amp;A mit Adrian.<\/h2>\n\n\n\n<p>Freut euch auf eine neue Runde voller Wissen und Inspiration! Unser Aivie und Mautic Experte Adrian steht bereit, um all eure Fragen zu beantworten. Egal, ob du gerade erst anf\u00e4ngst oder bereits Profi bist \u2013 hier findest du wertvolle Einblicke und praxisnahe Tipps f\u00fcr deine Marketingstrategie.<\/p>\n\n\n\n<figure class=\"wp-block-image size-full\"><img loading=\"lazy\" decoding=\"async\" width=\"800\" height=\"800\" src=\"https:\/\/cdn.aivie.ch\/media\/wp\/2022\/08\/23092936\/Adrian-support.webp\" alt=\"aivie marketing automatin lokaler support adrian schimpf\" class=\"wp-image-11276\" title=\"\" srcset=\"https:\/\/cdn.aivie.ch\/media\/wp\/2022\/08\/23092936\/Adrian-support.webp 800w, https:\/\/cdn.aivie.ch\/media\/wp\/2022\/08\/23092936\/Adrian-support-300x300.webp 240w, https:\/\/cdn.aivie.ch\/media\/wp\/2022\/08\/23092936\/Adrian-support-768x768.webp 768w, https:\/\/cdn.aivie.ch\/media\/wp\/2022\/08\/23092936\/Adrian-support-480x480.webp 480w, https:\/\/cdn.aivie.ch\/media\/wp\/2022\/08\/23092936\/Adrian-support-600x600.webp 600w\" sizes=\"auto, (max-width: 800px) 100vw, 800px\" \/><\/figure>\n<\/div><\/div><\/div><\/div><\/div>\n\n\n\n<div class=\"wp-block-ugb-column ugb-column ugb-0abfd3f ugb-column--design-plain ugb-main-block\" id=\"join\"><div class=\"ugb-inner-block\"><div class=\"ugb-block-content\"><div class=\"ugb-column__item ugb-0abfd3f-column-wrapper\"><div class=\"ugb-column__content-wrapper\">\n<div class=\"wp-block-ugb-heading ugb-heading ugb-2acaf7e ugb-main-block\"><style>.ugb-2acaf7e .ugb-heading__title{color:#283e4c}<\/style><div class=\"ugb-inner-block\"><div class=\"ugb-block-content\"><h2 class=\"ugb-heading__title\"> <span style=\"color: #283e4c;\" class=\"ugb-highlight\">Melde dich jetzt <\/span>an<\/h2><\/div><\/div><\/div>\n\n\n\n<p>Alle zwei Wochen findet eine 30-min\u00fctige Live Q&amp;A Aivie und Mautic Support mit Adrian statt. Kostenlos f\u00fcr Aivie Kunden und eine erste Session konstenlos f\u00fcr alle Mautic User.<\/p>\n\n\n<script type=\"text\/javascript\" src=\"https:\/\/m.aivie.ch\/form\/generate.js?id=101\"><\/script>\n<\/div><\/div><\/div><\/div><\/div>\n<\/div><\/div><\/div><\/div>\n","protected":false},"excerpt":{"rendered":"<p>Mautic Support Live Q&amp;A: Antworten auf deine Marketingfragen Alle zwei Wochen findet eine 30-min\u00fctige Live Q&amp;A Mautic Support mit Adrian statt. Kostenlos f\u00fcr Aivie Kunden und eine erste Session kostenlos f\u00fcr alle Mautic User. Das machen wir im Live Q&amp;A Fragen &amp; Antworten zu euren Fragen Dos &amp; Don\u2019ts in Aivie und Mautic praxisnahe Tipps &hellip; <a href=\"https:\/\/aivie.ch\/en\/ask-adrian\/\" class=\"more-link\">Continue reading <span class=\"screen-reader-text\">Mautic Support Live Q&#038;A<\/span><\/a><\/p>\n","protected":false},"author":1,"featured_media":15187,"parent":0,"menu_order":0,"comment_status":"closed","ping_status":"closed","template":"front-page.php","meta":{"_acf_changed":false,"footnotes":""},"class_list":["post-16076","page","type-page","status-publish","has-post-thumbnail","hentry"],"acf":[],"featured_image_urls_v2":{"full":["https:\/\/cdn.aivie.ch\/media\/wp\/2023\/09\/08101227\/Customer-Case-Ferris-Labs.png",1200,800,false],"thumbnail":["https:\/\/cdn.aivie.ch\/media\/wp\/2023\/09\/08101227\/Customer-Case-Ferris-Labs-240x240.png",240,240,true],"medium":["https:\/\/cdn.aivie.ch\/media\/wp\/2023\/09\/08101227\/Customer-Case-Ferris-Labs-960x640.png",960,640,true],"medium_large":["https:\/\/cdn.aivie.ch\/media\/wp\/2023\/09\/08101227\/Customer-Case-Ferris-Labs-768x512.png",768,512,true],"large":["https:\/\/cdn.aivie.ch\/media\/wp\/2023\/09\/08101227\/Customer-Case-Ferris-Labs.png",990,660,false],"post-thumbnail":["https:\/\/cdn.aivie.ch\/media\/wp\/2023\/09\/08101227\/Customer-Case-Ferris-Labs.png",1200,800,false],"aiv_480w":["https:\/\/cdn.aivie.ch\/media\/wp\/2023\/09\/08101227\/Customer-Case-Ferris-Labs-480x320.png",480,320,true],"woocommerce_thumbnail":["https:\/\/cdn.aivie.ch\/media\/wp\/2023\/09\/08101227\/Customer-Case-Ferris-Labs-240x240.png",240,240,true],"woocommerce_single":["https:\/\/cdn.aivie.ch\/media\/wp\/2023\/09\/08101227\/Customer-Case-Ferris-Labs-960x640.png",960,640,true],"woocommerce_gallery_thumbnail":["https:\/\/cdn.aivie.ch\/media\/wp\/2023\/09\/08101227\/Customer-Case-Ferris-Labs-240x240.png",240,240,true]},"post_excerpt_stackable_v2":"<p>Mautic Support Live Q&amp;A: Antworten auf deine MarketingfragenAlle zwei Wochen findet eine 30-min\u00fctige Live Q&amp;A Mautic Support mit Adrian statt. Kostenlos f\u00fcr Aivie Kunden und eine erste Session kostenlos f\u00fcr alle Mautic User. Das machen wir im Live Q&amp;AFragen &amp; Antworten zu euren FragenDos &amp; Don\u2019ts in Aivie und Mauticpraxisnahe Tipps Mautic Support Live Call: Expertenrat f\u00fcr deine Marketingstrategie mit Aivie und MauticWir freuen uns, euch alle zu unserem regelm\u00e4ssigen Live Call begr\u00fcssen zu d\u00fcrfen, bei dem ihr die M\u00f6glichkeit habt, Adrian, unseren Experten f\u00fcr Aivie und Mautic, alles zu fragen, was ihr wissen m\u00f6chtet. In diesen Live Calls werden&hellip;<\/p>\n","category_list_v2":"","author_info_v2":{"name":"Adrian Schimpf","url":"https:\/\/aivie.ch\/en\/author\/adrian\/"},"comments_num_v2":"0 comments","_links":{"self":[{"href":"https:\/\/aivie.ch\/en\/wp-json\/wp\/v2\/pages\/16076","targetHints":{"allow":["GET"]}}],"collection":[{"href":"https:\/\/aivie.ch\/en\/wp-json\/wp\/v2\/pages"}],"about":[{"href":"https:\/\/aivie.ch\/en\/wp-json\/wp\/v2\/types\/page"}],"author":[{"embeddable":true,"href":"https:\/\/aivie.ch\/en\/wp-json\/wp\/v2\/users\/1"}],"replies":[{"embeddable":true,"href":"https:\/\/aivie.ch\/en\/wp-json\/wp\/v2\/comments?post=16076"}],"version-history":[{"count":7,"href":"https:\/\/aivie.ch\/en\/wp-json\/wp\/v2\/pages\/16076\/revisions"}],"predecessor-version":[{"id":16088,"href":"https:\/\/aivie.ch\/en\/wp-json\/wp\/v2\/pages\/16076\/revisions\/16088"}],"wp:featuredmedia":[{"embeddable":true,"href":"https:\/\/aivie.ch\/en\/wp-json\/wp\/v2\/media\/15187"}],"wp:attachment":[{"href":"https:\/\/aivie.ch\/en\/wp-json\/wp\/v2\/media?parent=16076"}],"curies":[{"name":"wp","href":"https:\/\/api.w.org\/{rel}","templated":true}]}}